{"id":7570,"date":"2025-06-09T01:55:09","date_gmt":"2025-06-09T01:55:09","guid":{"rendered":"https:\/\/sinoextrud.com\/product\/sliver-anodized-aluminum-extrusions-kitchen-cabinets-profiles-frame\/"},"modified":"2025-06-24T06:13:08","modified_gmt":"2025-06-24T06:13:08","slug":"sliver-anodisoitu-alumiini-puristeet-keittiokaapit-profiilit-runko","status":"publish","type":"product","link":"https:\/\/sinoextrud.com\/fi\/product\/sliver-anodized-aluminum-extrusions-kitchen-cabinets-profiles-frame\/","title":{"rendered":"Sliver anodisoitu alumiini ekstruusiot keitti\u00f6kaapit profiilit runko"},"content":{"rendered":"<h2>Tuotteiden tiedot<\/h2>\n<table class=\"custom-table\">\n<tr>\n<td class=\"label\">Tuotemerkki<\/td>\n<td>Sliver anodisoitu alumiini ekstruusiot keitti\u00f6kaapit profiilit runko<\/td>\n<\/tr>\n<tr>\n<td class=\"label\">Materiaali<\/td>\n<td>Seos 6063 T5<\/td>\n<\/tr>\n<tr>\n<td class=\"label\">Hakemus<\/td>\n<td>Suuren halkaisijan alumiiniputki<\/td>\n<\/tr>\n<tr>\n<td class=\"label\">Todistus<\/td>\n<td>ISO9001, ISO14001<\/td>\n<\/tr>\n<tr>\n<td class=\"label\">Toimintakyky<\/td>\n<td>Vuotuinen tuotanto yli 200 000 tonnia<\/td>\n<\/tr>\n<tr>\n<td class=\"label\">V\u00e4ri<\/td>\n<td>R\u00e4\u00e4t\u00e4l\u00f6ity saatavilla<\/td>\n<\/tr>\n<tr>\n<td class=\"label\">Pituus<\/td>\n<td>1-9 metri\u00e4 tai r\u00e4\u00e4t\u00e4l\u00f6ity<\/td>\n<\/tr>\n<tr>\n<td class=\"label\">Paksuus<\/td>\n<td>R\u00e4\u00e4t\u00e4l\u00f6ity<\/td>\n<\/tr>\n<tr>\n<td class=\"label\">Pinnan viimeistely<\/td>\n<td>myllyn viimeistely, anodisointi, jauhemaalaus, puun rakeinen siirto, pinnoite jne.<\/td>\n<\/tr>\n<tr>\n<td class=\"label\">Hakemus<\/td>\n<td>ikkuna- ja oviosa,kaide,verhosein\u00e4<br \/>\nLastaus , Foshanin satama<\/td>\n<\/tr>\n<tr>\n<td class=\"label\">Maksu<\/td>\n<td>T \/ T, 30% ennakkomaksu, kun taas saldo on maksettava ennen toimitusta.<\/td>\n<\/tr>\n<tr>\n<td class=\"label\">Paketti<\/td>\n<td>1.Inside: pakattu muovisella suojakalvolla jokaisen profiilin suojaamiseksi.<\/td>\n<\/tr>\n<tr>\n<td class=\"label\"><\/td>\n<td>2.Outside: pakattu vedenpit\u00e4v\u00e4\u00e4n k\u00e4sity\u00f6paperiin<\/td>\n<\/tr>\n<tr>\n<td class=\"label\">Toimitus<\/td>\n<td>25-30 p\u00e4iv\u00e4\u00e4 k\u00e4sirahan maksamisesta<\/td>\n<\/tr>\n<tr>\n<td class=\"label\">J\u00e4rjestysj\u00e4rjestys<\/td>\n<td>1. Vahvista piirustukset, pintak\u00e4sittely ja hinta;<\/td>\n<\/tr>\n<tr>\n<td class=\"label\"><\/td>\n<td>2. Maksa muottimaksu ja aloitamme muottien valmistuksen;<\/td>\n<\/tr>\n<tr>\n<td class=\"label\"><\/td>\n<td>3. L\u00e4het\u00e4mme n\u00e4ytteit\u00e4 sinulle vahvistusta varten;<\/td>\n<\/tr>\n<tr>\n<td class=\"label\"><\/td>\n<td>4. Tee 30%-talletuksen maksu, aloita tuotanto;<\/td>\n<\/tr>\n<\/table>\n<h2>Tuotantopohjamme<\/h2>\n<h3>Tehtaan panoraama<\/h3>\n<p><img decoding=\"async\" src=\"\/wp-content\/uploads\/factory-01.webp\"\/><\/p>\n<h3>Alumiini Bar Manufacturing Workshop<\/h3>\n<p><img decoding=\"async\" src=\"\/wp-content\/uploads\/factory-02.webp\"\/><\/p>\n<\/p>\n<p><img decoding=\"async\" src=\"\/wp-content\/uploads\/factory-03.webp\"\/><\/p>\n<h3>Muotin varastointi Varasto<\/h3>\n<p><img decoding=\"async\" src=\"\/wp-content\/uploads\/factory-04.webp\"\/><\/p>\n<h3>43 alumiinin ekstruusiolinjat (500-5500 tonnia)<\/h3>\n<p><img decoding=\"async\" src=\"\/wp-content\/uploads\/factory-05.webp\"\/><\/p>\n<p><img decoding=\"async\" src=\"\/wp-content\/uploads\/factory-06.webp\"\/><\/p>\n<p><img decoding=\"async\" src=\"\/wp-content\/uploads\/factory-07.webp\"\/><\/p>\n<h3>Jauhemaalaus ty\u00f6paja<\/h3>\n<p><img decoding=\"async\" src=\"\/wp-content\/uploads\/factory-09.webp\"\/><\/p>\n<h3>Anodisointi ty\u00f6paja<\/h3>\n<p><img decoding=\"async\" src=\"\/wp-content\/uploads\/factory-10.webp\"\/><\/p>\n<h3>Syv\u00e4k\u00e4sittelyn ty\u00f6paja<\/h3>\n<p><img decoding=\"async\" src=\"\/wp-content\/uploads\/factory-11.webp\"\/><\/p>\n<h3>CNC-tarkkuuskoneistus ty\u00f6paja<\/h3>\n<p><img decoding=\"async\" src=\"\/wp-content\/uploads\/factory-11.5.webp\"\/><\/p>\n<h3>Valmiiden tuotteiden ja vientivarasto<\/h3>\n<p><img decoding=\"async\" src=\"\/wp-content\/uploads\/factory-12.webp\"\/><\/p>\n<p><img decoding=\"async\" src=\"\/wp-content\/uploads\/factory-13.webp\"\/><\/p>\n<p><img decoding=\"async\" src=\"\/wp-content\/uploads\/factory-14.webp\"\/><\/p>\n<h2>FAQ<\/h2>\n<p><b>1.What ovat hopea anodisoitu alumiini ekstruusiot keitti\u00f6kaapin kehykset?<\/b><\/p>\n<p>N\u00e4m\u00e4 ovat alumiiniprofiileja, joissa on hopea-anodisoitu pinta ja joita k\u00e4ytet\u00e4\u00e4n rakenteellisina ja koristeellisina kehyksin\u00e4 keitti\u00f6kaappij\u00e4rjestelmiss\u00e4.\n<\/p>\n<p><\/p>\n<p><b>2.Miksi valita hopea anodisoitu alumiini profiilit keitti\u00f6kaapit?<\/b><\/p>\n<p>Hopeaksi anodisoidut profiilit tarjoavat modernin ulkon\u00e4\u00f6n, korroosionkest\u00e4vyyden ja pitk\u00e4aikaisen suorituskyvyn - ihanteellinen keitti\u00f6ymp\u00e4rist\u00f6ihin.\n<\/p>\n<p><\/p>\n<p><b>3.Ovatko n\u00e4m\u00e4 alumiinikaappiprofiilit kest\u00e4vi\u00e4?<\/b><\/p>\n<p>Kyll\u00e4, anodisoitu pinta suojaa naarmuilta, kosteudelta ja kulumiselta, mik\u00e4 takaa pitk\u00e4aikaisen k\u00e4yt\u00f6n vilkkaasti liikenn\u00f6idyiss\u00e4 keitti\u00f6tiloissa.\n<\/p>\n<p><\/p>\n<p><b>4.Can alumiini suulakepuristusprofiilit voidaan r\u00e4\u00e4t\u00e4l\u00f6id\u00e4 keitti\u00f6projekteja varten?<\/b><\/p>\n<p>Profiilien kokoa, poikkileikkausta ja viimeistely\u00e4 voidaan r\u00e4\u00e4t\u00e4l\u00f6id\u00e4 eri kaappityyleihin ja asetteluvaatimuksiin sopiviksi.\n<\/p>\n<p><\/p>\n<p><b>5.Mitk\u00e4 materiaalit ovat yhteensopivia n\u00e4iden alumiinikaappien runkojen kanssa?<\/b><\/p>\n<p>N\u00e4m\u00e4 kehykset sopivat hyvin lasin, puun, akryylin ja komposiittipaneelien kanssa ja tarjoavat joustavuutta kaappien suunnitteluun.\n<\/p>\n<p><\/p>\n<p><b>6.Onko anodisoitu pinta helppo puhdistaa ja yll\u00e4pit\u00e4\u00e4?<\/b><\/p>\n<p>Kyll\u00e4, sile\u00e4 anodisoitu pinta on helppo pyyhki\u00e4 puhtaaksi ja vaatii vain v\u00e4h\u00e4n huoltoa - ihanteellinen kiireisess\u00e4 keitti\u00f6ss\u00e4.\n<\/p>\n<p><\/p>\n<p><b>7.Soveltuvatko hopeaksi anodisoidut profiilit sek\u00e4 asuin- ett\u00e4 ammattikeitti\u00f6ihin?<\/b><\/p>\n<p>Kyll\u00e4, niiden tyylik\u00e4s muotoilu ja kest\u00e4vyys tekev\u00e4t niist\u00e4 t\u00e4ydellisi\u00e4 sek\u00e4 koti- ett\u00e4 ammattikeitti\u00f6sovelluksiin.\n<\/p>\n<p><\/p>","protected":false},"featured_media":7569,"template":"","categories":[67],"class_list":["post-7570","product","type-product","status-publish","has-post-thumbnail","hentry","category-architectural-aluminium-profile"],"meta_box":{"hilight_text_group":{"product_hilight_text":"<li>Silver anodized finish provides a sleek, modern appearance<\/li>\r\r\n<li>Corrosion-resistant surface ideal for humid kitchen environments<\/li>\r\r\n<li>Lightweight yet durable aluminum for long-term cabinet structure<\/li>\r\r\n<li>Precision extrusions ensure tight fit and easy assembly<\/li>\r\r\n<li>Compatible with various panel materials like glass and wood<\/li>\r\r\n<li>Customizable profiles to match different kitchen design needs<\/li>","product_chanpin_blog":"<ul>\r\r\n<li><a href=\"https:\/\/sinoextrud.com\/t-slot-v-slot-differences\/\" target=\"_blank\">t slot vs v slot<\/a><\/li>\r\r\n<li><a href=\"https:\/\/sinoextrud.com\/what-is-4040-aluminium-extrud\/\" target=\"_blank\">4040 aluminium extrusion<\/a><\/li>\r\r\n<li><a href=\"https:\/\/sinoextrud.com\/what-is-4040-aluminium-extrud\/\" target=\"_blank\">aluminum extrusions for industrial racks<\/a><\/li>\r\r\n<li><a href=\"https:\/\/sinoextrud.com\/powder-coating-aluminium-process\/\" target=\"_blank\">powder coating aluminium<\/a><\/li>\r\r\n<li><a href=\"https:\/\/sinoextrud.com\/what-is-an-aluminium-strip-ceiling\/\" target=\"_blank\">aluminium strip ceiling<\/a><\/li>\r\r\n<li><a href=\"https:\/\/sinoextrud.com\/what-is-a-heat-sink\/\" target=\"_blank\">what is a heat sink<\/a><\/li>\r\r\n<\/ul>","product_chanpin_chanpin":"<li><a href=\"https:\/\/sinoextrud.com\/product\/aluminum-section-window\/\" target=\"_blank\">Aluminum Section Window<\/a><\/li>\r\n<li><a href=\"https:\/\/sinoextrud.com\/product\/aluminum-u-profile-glass-railing\/\" target=\"_blank\">Aluminum U profile Glass Railing<\/a><\/li>\r\n<li><a href=\"https:\/\/sinoextrud.com\/product\/aluminium-screen-door-extrusions\/\" target=\"_blank\">Aluminium Screen Door Extrusions<\/a><\/li>\r\n<li><a href=\"https:\/\/sinoextrud.com\/product\/anodized-colorful-oem-aluminium-profile-for-decoration-furniture-accessory-price\/\" target=\"_blank\">Anodized Colorful OEM Aluminium Profile For Decoration Furniture Accessory price<\/a><\/li>\r\n<li><a href=\"https:\/\/sinoextrud.com\/product\/sliver-anodized-aluminum-extrusions-kitchen-cabinets-profiles-frame\/\" target=\"_blank\">Sliver Anodized Aluminum Extrusions Kitchen Cabinets Profiles Frame<\/a><\/li>\r\n<li><a href=\"https:\/\/sinoextrud.com\/product\/oem-aluminum-manufacturing-processes-cnc-machining\/\" target=\"_blank\">OEM Aluminum Manufacturing Processes CNC Machining<\/a><\/li>\r\n<li><a href=\"https:\/\/sinoextrud.com\/product\/extruded-aluminum-louver-blade-profile\/\" target=\"_blank\">Extruded Aluminum Louver Blade Profile<\/a><\/li>\r\n<li><a href=\"https:\/\/sinoextrud.com\/product\/aluminum-curtain-wall-extrusion\/\" target=\"_blank\">Aluminum Curtain Wall Extrusion<\/a><\/li>\r\n<li><a href=\"https:\/\/sinoextrud.com\/product\/aluminium-v-slot-extrusion\/\" target=\"_blank\">Aluminium V Slot Extrusion<\/a><\/li>\r\n<li><a href=\"https:\/\/sinoextrud.com\/product\/40x40-aluminium-profile\/\" target=\"_blank\">40\u00c3\u201440 Aluminium Profile<\/a><\/li>\r\n<li><a href=\"https:\/\/sinoextrud.com\/product\/indoor-and-outdoor-aluminium-louver-profile\/\" target=\"_blank\">Indoor and Outdoor Aluminium Louver Profile<\/a><\/li>"},"feature_list":[]},"_links":{"self":[{"href":"https:\/\/sinoextrud.com\/fi\/wp-json\/wp\/v2\/product\/7570","targetHints":{"allow":["GET"]}}],"collection":[{"href":"https:\/\/sinoextrud.com\/fi\/wp-json\/wp\/v2\/product"}],"about":[{"href":"https:\/\/sinoextrud.com\/fi\/wp-json\/wp\/v2\/types\/product"}],"wp:featuredmedia":[{"embeddable":true,"href":"https:\/\/sinoextrud.com\/fi\/wp-json\/wp\/v2\/media\/7569"}],"wp:attachment":[{"href":"https:\/\/sinoextrud.com\/fi\/wp-json\/wp\/v2\/media?parent=7570"}],"wp:term":[{"taxonomy":"category","embeddable":true,"href":"https:\/\/sinoextrud.com\/fi\/wp-json\/wp\/v2\/categories?post=7570"}],"curies":[{"name":"wp","href":"https:\/\/api.w.org\/{rel}","templated":true}]}}