{"id":7560,"date":"2025-06-09T01:44:34","date_gmt":"2025-06-09T01:44:34","guid":{"rendered":"https:\/\/sinoextrud.com\/product\/extruded-aluminium-skirting-aluminium-skirting-board\/"},"modified":"2025-06-24T06:13:06","modified_gmt":"2025-06-24T06:13:06","slug":"suulakepuristettu-alumiinijalkalista-alumiinijalkalista","status":"publish","type":"product","link":"https:\/\/sinoextrud.com\/fi\/product\/extruded-aluminium-skirting-aluminium-skirting-board\/","title":{"rendered":"Suulakepuristettu alumiinijalkalista Alumiinijalkalista Board"},"content":{"rendered":"<h2>Tuotteiden tiedot<\/h2>\n<table class=\"custom-table\">\n<tbody>\n<tr>\n<td> Kohde:<\/td>\n<td> Suulakepuristettu alumiinijalkalista Alumiinijalkalista Board<\/td>\n<\/tr>\n<tr>\n<td> Muoto:<\/td>\n<td> r\u00e4\u00e4t\u00e4l\u00f6ity<\/td>\n<\/tr>\n<tr>\n<td> Luokka:<\/td>\n<td> 6000-sarja<\/td>\n<\/tr>\n<tr>\n<td> Temperamentti:<\/td>\n<td> T3-T8<\/td>\n<\/tr>\n<tr>\n<td> Seos:<\/td>\n<td> Metalliseos<\/td>\n<\/tr>\n<tr>\n<td> Tuotantoaika:<\/td>\n<td> 20-25 p\u00e4iv\u00e4\u00e4<\/td>\n<\/tr>\n<tr>\n<td> Kuljetuspaketti:<\/td>\n<td> Vakiovientipakkaus<\/td>\n<\/tr>\n<tr>\n<td> Alkuper\u00e4:<\/td>\n<td> Foshan, Kiina<\/td>\n<\/tr>\n<tr>\n<td> Lis\u00e4palvelu:<\/td>\n<td> OEM<\/td>\n<\/tr>\n<tr>\n<td> Materiaali:<\/td>\n<td> 6063-T5, 6061-T6, 6463-T5, 7075-T6, 6082<\/td>\n<\/tr>\n<tr>\n<td> Pintak\u00e4sittely:<\/td>\n<td> vaatimuksena<\/td>\n<\/tr>\n<tr>\n<td> Sertifiointi:<\/td>\n<td> CE, ISO, TUV<\/td>\n<\/tr>\n<tr>\n<td> Legnth:<\/td>\n<td> 1~9 metri\u00e4 (vakio kuten vaaditaan)<\/td>\n<\/tr>\n<tr>\n<td> K\u00e4sittely:<\/td>\n<td> Laadukas alumiinin suulakepuristusprosessi<\/td>\n<\/tr>\n<tr>\n<td> Fob Port:<\/td>\n<td> Shenzhen, Foshan, Guangzhou<\/td>\n<\/tr>\n<tr>\n<td> Tavaramerkki:<\/td>\n<td> Sinoextrud (Sinoextrud) \/ OEM<\/td>\n<\/tr>\n<\/tbody>\n<\/table>\n<h2>Tuotantopohjamme<\/h2>\n<h3>Tehtaan panoraama<\/h3>\n<p><img decoding=\"async\" src=\"\/wp-content\/uploads\/factory-01.webp\"\/><\/p>\n<h3>Alumiini Bar Manufacturing Workshop<\/h3>\n<p><img decoding=\"async\" src=\"\/wp-content\/uploads\/factory-02.webp\"\/><\/p>\n<p><img decoding=\"async\" src=\"\/wp-content\/uploads\/factory-03.webp\"\/><\/p>\n<h3>Muotin varastointi Varasto<\/h3>\n<p><img decoding=\"async\" src=\"\/wp-content\/uploads\/factory-04.webp\"\/><\/p>\n<h3>43 alumiinin ekstruusiolinjat (500-5500 tonnia)<\/h3>\n<p><img decoding=\"async\" src=\"\/wp-content\/uploads\/factory-05.webp\"\/><\/p>\n<p><img decoding=\"async\" src=\"\/wp-content\/uploads\/factory-06.webp\"\/><\/p>\n<p><img decoding=\"async\" src=\"\/wp-content\/uploads\/factory-07.webp\"\/><\/p>\n<h3>Jauhemaalaus ty\u00f6paja<\/h3>\n<p><img decoding=\"async\" src=\"\/wp-content\/uploads\/factory-09.webp\"\/><\/p>\n<h3>Anodisointi ty\u00f6paja<\/h3>\n<p><img decoding=\"async\" src=\"\/wp-content\/uploads\/factory-10.webp\"\/><\/p>\n<h3>Syv\u00e4k\u00e4sittelyn ty\u00f6paja<\/h3>\n<p><img decoding=\"async\" src=\"\/wp-content\/uploads\/factory-11.webp\"\/><\/p>\n<h3>CNC-tarkkuuskoneistus ty\u00f6paja<\/h3>\n<p><img decoding=\"async\" src=\"\/wp-content\/uploads\/factory-11.5.webp\"\/><\/p>\n<h3>Valmiiden tuotteiden ja vientivarasto<\/h3>\n<p><img decoding=\"async\" src=\"\/wp-content\/uploads\/factory-12.webp\"\/><\/p>\n<p><img decoding=\"async\" src=\"\/wp-content\/uploads\/factory-13.webp\"\/><\/p>\n<p><img decoding=\"async\" src=\"\/wp-content\/uploads\/factory-14.webp\"\/><\/p>\n<h2>FAQ<\/h2>\n<p><p><b>1.Mik\u00e4 on suulakepuristettu alumiininen jalkalista?<\/b><\/p>\n<p>Se on suulakepuristetusta alumiinista valmistettu sein\u00e4pohja, jota k\u00e4ytet\u00e4\u00e4n lattian ja sein\u00e4n v\u00e4listen siirtymien peitt\u00e4miseen ja joka antaa samalla modernin viimeistelyn.<br \/>\n<\/p><br \/>\n<br \/>\n<p><b>2.Miksi valita alumiiniset jalkalistat perinteisten materiaalien sijaan?<\/b><\/p>\n<p>Alumiiniset jalkalistat ovat kest\u00e4v\u00e4mpi\u00e4, kest\u00e4v\u00e4t kosteutta ja iskuja ja tarjoavat puuhun tai muoviin verrattuna siistimm\u00e4n ja modernimman ilmeen.<br \/>\n<\/p><br \/>\n<br \/>\n<p><b>3.Is alumiini jalkalista sopii kaupalliseen k\u00e4ytt\u00f6\u00f6n?<\/b><\/p>\n<p>Kyll\u00e4, sen kest\u00e4vyys ja kulutuskest\u00e4vyys tekev\u00e4t siit\u00e4 ihanteellisen kaupallisiin ja vilkkaasti liikenn\u00f6ityihin ymp\u00e4rist\u00f6ihin.<br \/>\n<\/p><br \/>\n<br \/>\n<p><b>4.Voidaanko alumiiniset jalkalistat maalata tai pinnoittaa?<\/b><\/p>\n<p>Kyll\u00e4, sit\u00e4 on saatavana erilaisina anodisoituina, pulverimaalattuina ja harjattuina pinnoitteina, ja sen v\u00e4ri voidaan mukauttaa.<br \/>\n<\/p><br \/>\n<br \/>\n<p><b>5.Onko alumiiniset jalkalistat helppo asentaa?<\/b><\/p>\n<p>Kyll\u00e4, useimmissa j\u00e4rjestelmiss\u00e4 on piilokiinnikkeet tai liimapohja, jotka mahdollistavat nopean ja siistin asennuksen.<br \/>\n<\/p><br \/>\n<br \/>\n<p><b>6.Mink\u00e4 tyyppisten lattianp\u00e4\u00e4llysteiden kanssa alumiiniset jalkalistat sopivat yhteen?<\/b><\/p>\n<p>Se sopii hyvin laatta-, kovapuu-, laminaatti-, vinyyli- ja jopa mattolattiaj\u00e4rjestelmiin.<br \/>\n<\/p><br \/>\n<br \/>\n<p><b>7.Vaatiiko alumiininen jalkalista huoltoa?<\/b><\/p>\n<p>Huoltotarve on minimaalinen - vain satunnainen puhdistus ulkon\u00e4\u00f6n s\u00e4ilytt\u00e4miseksi.<br \/>\n<\/p><br \/>\n<br \/>\n<p><b>8.Onko suulakepuristettu alumiinijalkalista ymp\u00e4rist\u00f6yst\u00e4v\u00e4llinen?<\/b><\/p>\n<p>Kyll\u00e4, se on t\u00e4ysin kierr\u00e4tett\u00e4viss\u00e4 ja edist\u00e4\u00e4 kest\u00e4vi\u00e4 rakennusk\u00e4yt\u00e4nt\u00f6j\u00e4.<br \/>\n<\/p><br \/><\/p>","protected":false},"featured_media":7559,"template":"","categories":[67],"class_list":["post-7560","product","type-product","status-publish","has-post-thumbnail","hentry","category-architectural-aluminium-profile"],"meta_box":{"hilight_text_group":{"product_hilight_text":"<li>Modern extruded aluminum skirting offers sleek architectural appeal<\/li>\r\r\n<li>Durable and impact-resistant, ideal for high-traffic areas<\/li>\r\r\n<li>Corrosion-resistant finish ensures long-lasting performance<\/li>\r\r\n<li>Easy to install with concealed fixing systems<\/li>\r\r\n<li>Low maintenance and easy to clean surface<\/li>\r\r\n<li>Available in various heights, finishes, and profiles<\/li>\r\r\n<li>Compatible with wood, tile, and vinyl flooring<\/li>","product_chanpin_blog":"<ul>\r\r\n<li><a href=\"https:\/\/sinoextrud.com\/t-slot-v-slot-differences\/\" target=\"_blank\">t slot vs v slot<\/a><\/li>\r\r\n<li><a href=\"https:\/\/sinoextrud.com\/what-is-4040-aluminium-extrud\/\" target=\"_blank\">4040 aluminium extrusion<\/a><\/li>\r\r\n<li><a href=\"https:\/\/sinoextrud.com\/what-is-4040-aluminium-extrud\/\" target=\"_blank\">aluminum extrusions for industrial racks<\/a><\/li>\r\r\n<li><a href=\"https:\/\/sinoextrud.com\/powder-coating-aluminium-process\/\" target=\"_blank\">powder coating aluminium<\/a><\/li>\r\r\n<li><a href=\"https:\/\/sinoextrud.com\/what-is-an-aluminium-strip-ceiling\/\" target=\"_blank\">aluminium strip ceiling<\/a><\/li>\r\r\n<li><a href=\"https:\/\/sinoextrud.com\/what-is-a-heat-sink\/\" target=\"_blank\">what is a heat sink<\/a><\/li>\r\r\n<\/ul>","product_chanpin_chanpin":"<li><a href=\"https:\/\/sinoextrud.com\/product\/aluminium-profile-bracket\/\" target=\"_blank\">Aluminium Profile Bracket<\/a><\/li>\r\n<li><a href=\"https:\/\/sinoextrud.com\/product\/aluminum-u-shape-channel-profile\/\" target=\"_blank\">Aluminum U Shape Channel Profile<\/a><\/li>\r\n<li><a href=\"https:\/\/sinoextrud.com\/product\/aluminium-profile-glass-curtain-wall-system\/\" target=\"_blank\">Aluminium Profile Glass Curtain Wall System<\/a><\/li>\r\n<li><a href=\"https:\/\/sinoextrud.com\/product\/office-partition-aluminum-profile\/\" target=\"_blank\">Office Partition Aluminum Profile<\/a><\/li>\r\n<li><a href=\"https:\/\/sinoextrud.com\/product\/extruded-aluminium-skirting-aluminium-skirting-board\/\" target=\"_blank\">Extruded Aluminium Skirting Aluminium Skirting Board<\/a><\/li>\r\n<li><a href=\"https:\/\/sinoextrud.com\/product\/aluminum-section-window\/\" target=\"_blank\">Aluminum Section Window<\/a><\/li>\r\n<li><a href=\"https:\/\/sinoextrud.com\/product\/aluminum-u-profile-glass-railing\/\" target=\"_blank\">Aluminum U profile Glass Railing<\/a><\/li>\r\n<li><a href=\"https:\/\/sinoextrud.com\/product\/aluminium-screen-door-extrusions\/\" target=\"_blank\">Aluminium Screen Door Extrusions<\/a><\/li>\r\n<li><a href=\"https:\/\/sinoextrud.com\/product\/anodized-colorful-oem-aluminium-profile-for-decoration-furniture-accessory-price\/\" target=\"_blank\">Anodized Colorful OEM Aluminium Profile For Decoration Furniture Accessory price<\/a><\/li>\r\n<li><a href=\"https:\/\/sinoextrud.com\/product\/aluminium-extrusion-connectors\/\" target=\"_blank\">Aluminium Extrusion Connectors<\/a><\/li>\r\n<li><a href=\"https:\/\/sinoextrud.com\/product\/slotted-aluminum-profile-export-to-maylsia\/\" target=\"_blank\">Slotted Aluminum Profile Export To Maylsia<\/a><\/li>"},"feature_list":[]},"_links":{"self":[{"href":"https:\/\/sinoextrud.com\/fi\/wp-json\/wp\/v2\/product\/7560","targetHints":{"allow":["GET"]}}],"collection":[{"href":"https:\/\/sinoextrud.com\/fi\/wp-json\/wp\/v2\/product"}],"about":[{"href":"https:\/\/sinoextrud.com\/fi\/wp-json\/wp\/v2\/types\/product"}],"wp:featuredmedia":[{"embeddable":true,"href":"https:\/\/sinoextrud.com\/fi\/wp-json\/wp\/v2\/media\/7559"}],"wp:attachment":[{"href":"https:\/\/sinoextrud.com\/fi\/wp-json\/wp\/v2\/media?parent=7560"}],"wp:term":[{"taxonomy":"category","embeddable":true,"href":"https:\/\/sinoextrud.com\/fi\/wp-json\/wp\/v2\/categories?post=7560"}],"curies":[{"name":"wp","href":"https:\/\/api.w.org\/{rel}","templated":true}]}}