{"id":7558,"date":"2025-06-09T01:39:03","date_gmt":"2025-06-09T01:39:03","guid":{"rendered":"https:\/\/sinoextrud.com\/product\/office-partition-aluminum-profile\/"},"modified":"2025-06-24T06:13:05","modified_gmt":"2025-06-24T06:13:05","slug":"toimiston-valiseina-alumiiniprofiili","status":"publish","type":"product","link":"https:\/\/sinoextrud.com\/fi\/product\/office-partition-aluminum-profile\/","title":{"rendered":"Toimiston v\u00e4lisein\u00e4 alumiiniprofiili"},"content":{"rendered":"<h2>Tuotteiden tiedot<\/h2>\n<table class=\"custom-table\">\n<tr>\n<td class=\"label\">Kohde<\/td>\n<td>Toimiston v\u00e4lisein\u00e4 alumiiniprofiili<\/td>\n<\/tr>\n<tr>\n<td class=\"label\">Materiaali<\/td>\n<td>6000-sarjan alumiini<\/td>\n<\/tr>\n<tr>\n<td class=\"label\">Temper<\/td>\n<td>T4, T5, T6<\/td>\n<\/tr>\n<tr>\n<td class=\"label\">Koko \/ paksuus<\/td>\n<td>Yleiset profiilit paksuus 0.8-5.0mm, pituus 1m-9m tai r\u00e4\u00e4t\u00e4l\u00f6ity saatavilla; Anodisoida suojakalvon paksuus 8 ~ 25 um, jauhemaalaus 40 ~ 120 um.<\/td>\n<\/tr>\n<tr>\n<td class=\"label\">Muoto<\/td>\n<td>R\u00e4\u00e4t\u00e4l\u00f6ity<\/td>\n<\/tr>\n<tr>\n<td class=\"label\">Hakemus<\/td>\n<td>Ikkunoissa ja ovissa, koristeissa, teollisuudessa, rakentamisessa ja niin edelleen.<\/td>\n<\/tr>\n<tr>\n<td class=\"label\">Pintak\u00e4sittely<\/td>\n<td>jauhemaalaus, elektroforeesi, puunjyv\u00e4, anodisoitu ja niin edelleen<\/td>\n<\/tr>\n<tr>\n<td class=\"label\">V\u00e4rit<\/td>\n<td>Ref jauhemaalaus v\u00e4ri arkki ja r\u00e4\u00e4t\u00e4l\u00f6ity v\u00e4ri saatavilla<\/td>\n<\/tr>\n<tr>\n<td class=\"label\">Syv\u00e4 prosessi<\/td>\n<td>CNC, poraus, jyrsint\u00e4, leikkaus, hitsaus, taivutus, kokoonpano<\/td>\n<\/tr>\n<tr>\n<td class=\"label\">MOQ<\/td>\n<td>200 kg kutakin tuotetta kohti<\/td>\n<\/tr>\n<tr>\n<td class=\"label\">Pakkaustiedot<\/td>\n<td>(1) Sis\u00e4ll\u00e4: pakattu muovisella suojakalvolla jokaisen kappaleen suojaamiseksi.<\/td>\n<\/tr>\n<tr>\n<td class=\"label\"><\/td>\n<td>(2) Ulkopuolella: Vedenpit\u00e4v\u00e4 k\u00e4sity\u00f6paperi<\/td>\n<\/tr>\n<tr>\n<td class=\"label\">Toimitusaika<\/td>\n<td>(1) Die Kehitt\u00e4minen ja n\u00e4ytteen testaus: 12-18 p\u00e4iv\u00e4\u00e4.<\/td>\n<\/tr>\n<tr>\n<td class=\"label\"><\/td>\n<td>(2) Massatuotanto valmis: 20-30 p\u00e4iv\u00e4\u00e4 sen j\u00e4lkeen, kun ostaja on vahvistanut n\u00e4ytteen.<\/td>\n<\/tr>\n<tr>\n<td class=\"label\">FOB-satama<\/td>\n<td>SHENZHEN \/ GUANGZHOU \/ FOSHAN<\/td>\n<\/tr>\n<tr>\n<td class=\"label\">maksuehdot<\/td>\n<td>T\/T 30% talletus, saldo ennen toimitusta.<\/td>\n<\/tr>\n<tr>\n<td class=\"label\">selvitysk\u00e4site<\/td>\n<td>Veloitetaan lopullisen todellisen painon tai teoreettisen painon mukaan.<\/td>\n<\/tr>\n<tr>\n<td class=\"label\">tuotantokapasiteetti<\/td>\n<td>5000 tonnia kuukaudessa, 60000 tonnia vuodessa.<\/td>\n<\/tr>\n<tr>\n<td class=\"label\">Todistus ja standardi<\/td>\n<td>CQM, SGS, CE, BV, SONCAP \/ GB, ISO, JIS, AS, NZS, QUALICOAT, QUOLANOD saatavana.<\/td>\n<\/tr>\n<tr>\n<td class=\"label\">Takuu<\/td>\n<td>Pinnan v\u00e4ri voi olla vakaa 10~20 vuotta sis\u00e4k\u00e4yt\u00f6ss\u00e4.<\/td>\n<\/tr>\n<\/table>\n<h2>Tuotantopohjamme<\/h2>\n<h3>Tehtaan panoraama<\/h3>\n<p><img decoding=\"async\" src=\"\/wp-content\/uploads\/factory-01.webp\"\/><\/p>\n<h3>Alumiini Bar Manufacturing Workshop<\/h3>\n<p><img decoding=\"async\" src=\"\/wp-content\/uploads\/factory-02.webp\"\/><\/p>\n<p><img decoding=\"async\" src=\"\/wp-content\/uploads\/factory-03.webp\"\/><\/p>\n<h3>Muotin varastointi Varasto<\/h3>\n<p><img decoding=\"async\" src=\"\/wp-content\/uploads\/factory-04.webp\"\/><\/p>\n<h3>43 Alumiini ekstruusiolinjat (500\u00e2 5500 tonnia)<\/h3>\n<p><img decoding=\"async\" src=\"\/wp-content\/uploads\/factory-05.webp\"\/><\/p>\n<p><img decoding=\"async\" src=\"\/wp-content\/uploads\/factory-06.webp\"\/><\/p>\n<p><img decoding=\"async\" src=\"\/wp-content\/uploads\/factory-07.webp\"\/><\/p>\n<h3>Jauhemaalaus ty\u00f6paja<\/h3>\n<p><img decoding=\"async\" src=\"\/wp-content\/uploads\/factory-09.webp\"\/><\/p>\n<h3>Anodisointi ty\u00f6paja<\/h3>\n<p><img decoding=\"async\" src=\"\/wp-content\/uploads\/factory-10.webp\"\/><\/p>\n<h3>Syv\u00e4k\u00e4sittelyn ty\u00f6paja<\/h3>\n<p><img decoding=\"async\" src=\"\/wp-content\/uploads\/factory-11.webp\"\/><\/p>\n<h3>CNC-tarkkuuskoneistus ty\u00f6paja<\/h3>\n<p><img decoding=\"async\" src=\"\/wp-content\/uploads\/factory-11.5.webp\"\/><\/p>\n<h3>Valmiiden tuotteiden ja vientivarasto<\/h3>\n<p><img decoding=\"async\" src=\"\/wp-content\/uploads\/factory-12.webp\"\/><\/p>\n<p><img decoding=\"async\" src=\"\/wp-content\/uploads\/factory-13.webp\"\/><\/p>\n<p><img decoding=\"async\" src=\"\/wp-content\/uploads\/factory-14.webp\"\/><\/p>\n<h2>FAQ<\/h2>\n<p><p><b>1.Mik\u00e4 on toimiston v\u00e4lisein\u00e4n alumiiniprofiili?<\/b><\/p>\n<p>Se on suulakepuristettu alumiinirunko, jota k\u00e4ytet\u00e4\u00e4n modulaaristen toimistoseinien rakentamiseen ja joka tarjoaa rakennetta ja tyyli\u00e4.<br \/>\n<\/p><br \/>\n<br \/>\n<p><b>2.Miksi valita alumiiniprofiilit toimiston v\u00e4liseiniin?<\/b><\/p>\n<p>Ne ovat kevyit\u00e4, kest\u00e4vi\u00e4 ja korroosionkest\u00e4vi\u00e4 ja tarjoavat sek\u00e4 toiminnallisia ett\u00e4 esteettisi\u00e4 etuja.<br \/>\n<\/p><br \/>\n<br \/>\n<p><b>3.Soveltuvatko alumiiniprofiilit lasisiin toimistoseiniin?<\/b><\/p>\n<p>Kyll\u00e4, ne on suunniteltu pit\u00e4m\u00e4\u00e4n lasipaneeleita ja muita materiaaleja, kuten puuta tai PVC:t\u00e4, tukevasti.<br \/>\n<\/p><br \/>\n<br \/>\n<p><b>4.Voiko n\u00e4it\u00e4 profiileja mukauttaa?<\/b><\/p>\n<p>Niit\u00e4 voidaan ehdottomasti valmistaa eri muotoisina, kokoisina, viimeisteltyin\u00e4 ja erilaisiin toimistomalleihin sopivina kokoonpanoina.<br \/>\n<\/p><br \/>\n<br \/>\n<p><b>5.Ovatko toimiston osioprofiilit helppoja asentaa?<\/b><\/p>\n<p>Kyll\u00e4, niiss\u00e4 on modulaariset kokoonpanovaihtoehdot, jotka mahdollistavat nopean ja joustavan asennuksen.<br \/>\n<\/p><br \/>\n<br \/>\n<p><b>6.Tukevatko alumiiniset v\u00e4lisein\u00e4profiilit \u00e4\u00e4nieristyst\u00e4?<\/b><\/p>\n<p>Kyll\u00e4, kun ne yhdistet\u00e4\u00e4n asianmukaisiin lasi- tai paneelit\u00e4ytteisiin, ne voivat parantaa toimistotilojen akustista suorituskyky\u00e4.<br \/>\n<\/p><br \/>\n<br \/>\n<p><b>7.Mit\u00e4 pintak\u00e4sittelyj\u00e4 on saatavana toimiston v\u00e4lisein\u00e4profiileihin?<\/b><\/p>\n<p>Yleisi\u00e4 pintak\u00e4sittelyj\u00e4 ovat anodisointi, jauhemaalaus ja harjattu alumiini ammattimaisen ulkon\u00e4\u00f6n aikaansaamiseksi.<br \/>\n<\/p><br \/>\n<br \/>\n<p><b>8.Onko alumiini kest\u00e4v\u00e4 materiaali toimistoj\u00e4rjestelmi\u00e4 varten?<\/b><\/p>\n<p>Kyll\u00e4, alumiini on 100% kierr\u00e4tett\u00e4v\u00e4\u00e4 ja tukee ymp\u00e4rist\u00f6yst\u00e4v\u00e4llisi\u00e4 rakennusk\u00e4yt\u00e4nt\u00f6j\u00e4.<br \/>\n<\/p><br \/><\/p>","protected":false},"featured_media":7557,"template":"","categories":[67],"class_list":["post-7558","product","type-product","status-publish","has-post-thumbnail","hentry","category-architectural-aluminium-profile"],"meta_box":{"hilight_text_group":{"product_hilight_text":"<li>Sleek and modern aluminum profiles enhance office aesthetics<\/li>\r\r\n<li>Lightweight yet strong for stable partition framing<\/li>\r\r\n<li>Corrosion-resistant surface ideal for long-term indoor use<\/li>\r\r\n<li>Supports glass, wood, or composite panel integration<\/li>\r\r\n<li>Easy installation with modular connection systems<\/li>\r\r\n<li>Customizable sizes, finishes, and configurations available<\/li>\r\r\n<li>Eco-friendly and fully recyclable aluminum material<\/li>","product_chanpin_blog":"<ul>\r\r\n<li><a href=\"https:\/\/sinoextrud.com\/t-slot-v-slot-differences\/\" target=\"_blank\">t slot vs v slot<\/a><\/li>\r\r\n<li><a href=\"https:\/\/sinoextrud.com\/what-is-4040-aluminium-extrud\/\" target=\"_blank\">4040 aluminium extrusion<\/a><\/li>\r\r\n<li><a href=\"https:\/\/sinoextrud.com\/what-is-4040-aluminium-extrud\/\" target=\"_blank\">aluminum extrusions for industrial racks<\/a><\/li>\r\r\n<li><a href=\"https:\/\/sinoextrud.com\/powder-coating-aluminium-process\/\" target=\"_blank\">powder coating aluminium<\/a><\/li>\r\r\n<li><a href=\"https:\/\/sinoextrud.com\/what-is-an-aluminium-strip-ceiling\/\" target=\"_blank\">aluminium strip ceiling<\/a><\/li>\r\r\n<li><a href=\"https:\/\/sinoextrud.com\/what-is-a-heat-sink\/\" target=\"_blank\">what is a heat sink<\/a><\/li>\r\r\n<\/ul>","product_chanpin_chanpin":"<li><a href=\"https:\/\/sinoextrud.com\/product\/greenhouse-aluminum-profile-customized-aluminum-profile-beam-powder-coated\/\" target=\"_blank\">greenhouse aluminum profile customized aluminum profile beam powder coated<\/a><\/li>\r\n<li><a href=\"https:\/\/sinoextrud.com\/product\/aluminium-profile-bracket\/\" target=\"_blank\">Aluminium Profile Bracket<\/a><\/li>\r\n<li><a href=\"https:\/\/sinoextrud.com\/product\/aluminum-u-shape-channel-profile\/\" target=\"_blank\">Aluminum U Shape Channel Profile<\/a><\/li>\r\n<li><a href=\"https:\/\/sinoextrud.com\/product\/aluminium-profile-glass-curtain-wall-system\/\" target=\"_blank\">Aluminium Profile Glass Curtain Wall System<\/a><\/li>\r\n<li><a href=\"https:\/\/sinoextrud.com\/product\/office-partition-aluminum-profile\/\" target=\"_blank\">Office Partition Aluminum Profile<\/a><\/li>\r\n<li><a href=\"https:\/\/sinoextrud.com\/product\/extruded-aluminium-skirting-aluminium-skirting-board\/\" target=\"_blank\">Extruded Aluminium Skirting Aluminium Skirting Board<\/a><\/li>\r\n<li><a href=\"https:\/\/sinoextrud.com\/product\/aluminum-section-window\/\" target=\"_blank\">Aluminum Section Window<\/a><\/li>\r\n<li><a href=\"https:\/\/sinoextrud.com\/product\/aluminum-u-profile-glass-railing\/\" target=\"_blank\">Aluminum U profile Glass Railing<\/a><\/li>\r\n<li><a href=\"https:\/\/sinoextrud.com\/product\/aluminium-screen-door-extrusions\/\" target=\"_blank\">Aluminium Screen Door Extrusions<\/a><\/li>\r\n<li><a href=\"https:\/\/sinoextrud.com\/product\/lay-in-tile-ceiling-system\/\" target=\"_blank\">Lay-in Tile Ceiling System<\/a><\/li>\r\n<li><a href=\"https:\/\/sinoextrud.com\/product\/aluminium-profile-for-window\/\" target=\"_blank\">Aluminium Profile For Window<\/a><\/li>"},"feature_list":[]},"_links":{"self":[{"href":"https:\/\/sinoextrud.com\/fi\/wp-json\/wp\/v2\/product\/7558","targetHints":{"allow":["GET"]}}],"collection":[{"href":"https:\/\/sinoextrud.com\/fi\/wp-json\/wp\/v2\/product"}],"about":[{"href":"https:\/\/sinoextrud.com\/fi\/wp-json\/wp\/v2\/types\/product"}],"wp:featuredmedia":[{"embeddable":true,"href":"https:\/\/sinoextrud.com\/fi\/wp-json\/wp\/v2\/media\/7557"}],"wp:attachment":[{"href":"https:\/\/sinoextrud.com\/fi\/wp-json\/wp\/v2\/media?parent=7558"}],"wp:term":[{"taxonomy":"category","embeddable":true,"href":"https:\/\/sinoextrud.com\/fi\/wp-json\/wp\/v2\/categories?post=7558"}],"curies":[{"name":"wp","href":"https:\/\/api.w.org\/{rel}","templated":true}]}}