{"id":7556,"date":"2025-06-09T01:37:15","date_gmt":"2025-06-09T01:37:15","guid":{"rendered":"https:\/\/sinoextrud.com\/product\/aluminium-profile-glass-curtain-wall-system\/"},"modified":"2025-06-24T06:13:05","modified_gmt":"2025-06-24T06:13:05","slug":"alumiiniprofiililasi-verhoseinajarjestelma-2","status":"publish","type":"product","link":"https:\/\/sinoextrud.com\/fi\/product\/aluminium-profile-glass-curtain-wall-system\/","title":{"rendered":"Alumiiniprofiililasi-verhosein\u00e4j\u00e4rjestelm\u00e4"},"content":{"rendered":"<h2>Tuotteiden tiedot<\/h2>\n<table class=\"custom-table\">\n<tr>\n<td class=\"label\">Sovellus:<\/td>\n<td>Alumiiniprofiililasi-verhosein\u00e4j\u00e4rjestelm\u00e4<\/td>\n<\/tr>\n<tr>\n<td class=\"label\">Luokka:<\/td>\n<td> 6000-sarja<\/td>\n<\/tr>\n<tr>\n<td class=\"label\">Temperamentti:<\/td>\n<td> T3-T8<\/td>\n<\/tr>\n<tr>\n<td class=\"label\">Laadunvalvonta:<\/td>\n<td> 100% tarkastus ennen l\u00e4hetyst\u00e4<\/td>\n<\/tr>\n<tr>\n<td class=\"label\">(1) Sis\u00e4ll\u00e4:<\/td>\n<td> pakkaus muovisella suojakalvolla jokaisen profiilin suojaamiseksi<\/td>\n<\/tr>\n<tr>\n<td class=\"label\">(2) Ulkopuolella:<\/td>\n<td> pakkaus vedenpit\u00e4v\u00e4ll\u00e4 askartelupaperilla<\/td>\n<\/tr>\n<tr>\n<td class=\"label\">Seos:<\/td>\n<td> seos<\/td>\n<\/tr>\n<tr>\n<td class=\"label\">Koko:<\/td>\n<td> r\u00e4\u00e4t\u00e4l\u00f6ity<\/td>\n<\/tr>\n<\/table>\n<h2>Tuotantopohjamme<\/h2>\n<h3>Tehtaan panoraama<\/h3>\n<p><img decoding=\"async\" src=\"\/wp-content\/uploads\/factory-01.webp\"\/><\/p>\n<h3>Alumiini Bar Manufacturing Workshop<\/h3>\n<p><img decoding=\"async\" src=\"\/wp-content\/uploads\/factory-02.webp\"\/><\/p>\n<p><img decoding=\"async\" src=\"\/wp-content\/uploads\/factory-03.webp\"\/><\/p>\n<h3>Muotin varastointi Varasto<\/h3>\n<p><img decoding=\"async\" src=\"\/wp-content\/uploads\/factory-04.webp\"\/><\/p>\n<h3>43 Alumiini ekstruusiolinjat (500\u00e2 5500 tonnia)<\/h3>\n<p><img decoding=\"async\" src=\"\/wp-content\/uploads\/factory-05.webp\"\/><\/p>\n<p><img decoding=\"async\" src=\"\/wp-content\/uploads\/factory-06.webp\"\/><\/p>\n<p><img decoding=\"async\" src=\"\/wp-content\/uploads\/factory-07.webp\"\/><\/p>\n<h3>Jauhemaalaus ty\u00f6paja<\/h3>\n<p><img decoding=\"async\" src=\"\/wp-content\/uploads\/factory-09.webp\"\/><\/p>\n<h3>Anodisointi ty\u00f6paja<\/h3>\n<p><img decoding=\"async\" src=\"\/wp-content\/uploads\/factory-10.webp\"\/><\/p>\n<h3>Syv\u00e4k\u00e4sittelyn ty\u00f6paja<\/h3>\n<p><img decoding=\"async\" src=\"\/wp-content\/uploads\/factory-11.webp\"\/><\/p>\n<h3>CNC-tarkkuuskoneistus ty\u00f6paja<\/h3>\n<p><img decoding=\"async\" src=\"\/wp-content\/uploads\/factory-11.5.webp\"\/><\/p>\n<h3>Valmiiden tuotteiden ja vientivarasto<\/h3>\n<p><img decoding=\"async\" src=\"\/wp-content\/uploads\/factory-12.webp\"\/><\/p>\n<p><img decoding=\"async\" src=\"\/wp-content\/uploads\/factory-13.webp\"\/><\/p>\n<p><img decoding=\"async\" src=\"\/wp-content\/uploads\/factory-14.webp\"\/><\/p>\n<h2>FAQ<\/h2>\n<p><p><b>1.Mik\u00e4 on alumiiniprofiilinen lasiverhosein\u00e4j\u00e4rjestelm\u00e4?<\/b><\/p>\n<p>Se on rakenteellinen julkisivuj\u00e4rjestelm\u00e4, jossa alumiiniprofiileja k\u00e4ytet\u00e4\u00e4n tukemaan suuria lasipaneeleita, joita k\u00e4ytet\u00e4\u00e4n yleisesti kaupallisissa ja korkeissa rakennuksissa.<br \/>\n<\/p><br \/>\n<br \/>\n<p><b>2.Miksi valita alumiiniprofiilit verhosein\u00e4j\u00e4rjestelmiin?<\/b><\/p>\n<p>Alumiiniprofiilit ovat eritt\u00e4in lujia, korroosionkest\u00e4vi\u00e4 ja muotoilun kannalta joustavia, joten ne sopivat erinomaisesti nykyaikaisiin julkisivuihin.<br \/>\n<\/p><br \/>\n<br \/>\n<p><b>3.Ovatko lasiset verhosein\u00e4j\u00e4rjestelm\u00e4t energiatehokkaita?<\/b><\/p>\n<p>Kyll\u00e4, kun ne yhdistet\u00e4\u00e4n l\u00e4mp\u00f6katkoprofiileihin ja eristettyyn lasiin, ne tarjoavat erinomaisen l\u00e4mm\u00f6neristyksen ja energians\u00e4\u00e4st\u00f6n.<br \/>\n<\/p><br \/>\n<br \/>\n<p><b>4.Voiko alumiininen verhosein\u00e4j\u00e4rjestelm\u00e4 olla r\u00e4\u00e4t\u00e4l\u00f6ity?<\/b><\/p>\n<p>Profiilien muotoa, kokoa, viimeistely\u00e4 ja v\u00e4ri\u00e4 voidaan r\u00e4\u00e4t\u00e4l\u00f6id\u00e4 vastaamaan arkkitehtonisia suunnitelmia ja suorituskykyvaatimuksia.<br \/>\n<\/p><br \/>\n<br \/>\n<p><b>5.Mitk\u00e4 lasityypit sopivat yhteen alumiiniprofiiliverhoseinien kanssa?<\/b><\/p>\n<p>N\u00e4m\u00e4 j\u00e4rjestelm\u00e4t ovat yhteensopivia karkaistun, laminoidun, kaksinkertaisen lasin ja low-E-lasin kanssa lujuuden, turvallisuuden ja l\u00e4mp\u00f6tehokkuuden varmistamiseksi.<br \/>\n<\/p><br \/>\n<br \/>\n<p><b>6.Soveltuuko j\u00e4rjestelm\u00e4 korkeisiin rakennuksiin?<\/b><\/p>\n<p>Kyll\u00e4, alumiiniset verhosein\u00e4j\u00e4rjestelm\u00e4t on suunniteltu kest\u00e4m\u00e4\u00e4n tuulikuormia ja seismisi\u00e4 liikkeit\u00e4, joten ne sopivat erinomaisesti korkeisiin rakenteisiin.<br \/>\n<\/p><br \/>\n<br \/>\n<p><b>7.Mit\u00e4 pintak\u00e4sittelyj\u00e4 alumiinisiin verhosein\u00e4profiileihin on saatavana?<\/b><\/p>\n<p>Yleisi\u00e4 pintak\u00e4sittelyj\u00e4 ovat anodisointi, jauhemaalaus ja PVDF-pinnoite, jotka takaavat kest\u00e4vyyden ja paremman visuaalisen ilmeen.<br \/>\n<\/p><br \/><\/p>","protected":false},"featured_media":0,"template":"","categories":[67],"class_list":["post-7556","product","type-product","status-publish","hentry","category-architectural-aluminium-profile"],"meta_box":{"hilight_text_group":{"product_hilight_text":"<li>High-strength aluminium profiles ensure structural integrity of glass curtain walls<\/li>\r\r\n<li>Sleek design allows for large glass panels and maximum natural light<\/li>\r\r\n<li>Excellent thermal insulation and weather resistance for energy efficiency<\/li>\r\r\n<li>Lightweight material reduces construction load and simplifies installation<\/li>\r\r\n<li>Customizable shapes, sizes, and finishes to match architectural requirements<\/li>\r\r\n<li>Compatible with double-glazed and laminated glass for enhanced safety<\/li>","product_chanpin_blog":"<ul>\r\r\n<li><a href=\"https:\/\/sinoextrud.com\/t-slot-v-slot-differences\/\" target=\"_blank\">t slot vs v slot<\/a><\/li>\r\r\n<li><a href=\"https:\/\/sinoextrud.com\/what-is-4040-aluminium-extrud\/\" target=\"_blank\">4040 aluminium extrusion<\/a><\/li>\r\r\n<li><a href=\"https:\/\/sinoextrud.com\/what-is-4040-aluminium-extrud\/\" target=\"_blank\">aluminum extrusions for industrial racks<\/a><\/li>\r\r\n<li><a href=\"https:\/\/sinoextrud.com\/powder-coating-aluminium-process\/\" target=\"_blank\">powder coating aluminium<\/a><\/li>\r\r\n<li><a href=\"https:\/\/sinoextrud.com\/what-is-an-aluminium-strip-ceiling\/\" target=\"_blank\">aluminium strip ceiling<\/a><\/li>\r\r\n<li><a href=\"https:\/\/sinoextrud.com\/what-is-a-heat-sink\/\" target=\"_blank\">what is a heat sink<\/a><\/li>\r\r\n<\/ul>","product_chanpin_chanpin":"<li><a href=\"https:\/\/sinoextrud.com\/product\/aluminium-powder-coating\/\" target=\"_blank\">Aluminium Powder Coating<\/a><\/li>\r\n<li><a href=\"https:\/\/sinoextrud.com\/product\/greenhouse-aluminum-profile-customized-aluminum-profile-beam-powder-coated\/\" target=\"_blank\">greenhouse aluminum profile customized aluminum profile beam powder coated<\/a><\/li>\r\n<li><a href=\"https:\/\/sinoextrud.com\/product\/aluminium-profile-bracket\/\" target=\"_blank\">Aluminium Profile Bracket<\/a><\/li>\r\n<li><a href=\"https:\/\/sinoextrud.com\/product\/aluminum-u-shape-channel-profile\/\" target=\"_blank\">Aluminum U Shape Channel Profile<\/a><\/li>\r\n<li><a href=\"https:\/\/sinoextrud.com\/product\/aluminium-profile-glass-curtain-wall-system\/\" target=\"_blank\">Aluminium Profile Glass Curtain Wall System<\/a><\/li>\r\n<li><a href=\"https:\/\/sinoextrud.com\/product\/office-partition-aluminum-profile\/\" target=\"_blank\">Office Partition Aluminum Profile<\/a><\/li>\r\n<li><a href=\"https:\/\/sinoextrud.com\/product\/extruded-aluminium-skirting-aluminium-skirting-board\/\" target=\"_blank\">Extruded Aluminium Skirting Aluminium Skirting Board<\/a><\/li>\r\n<li><a href=\"https:\/\/sinoextrud.com\/product\/aluminum-section-window\/\" target=\"_blank\">Aluminum Section Window<\/a><\/li>\r\n<li><a href=\"https:\/\/sinoextrud.com\/product\/aluminum-u-profile-glass-railing\/\" target=\"_blank\">Aluminum U profile Glass Railing<\/a><\/li>\r\n<li><a href=\"https:\/\/sinoextrud.com\/product\/30mm-aluminum-extrusion\/\" target=\"_blank\">30mm Aluminum Extrusion<\/a><\/li>\r\n<li><a href=\"https:\/\/sinoextrud.com\/product\/custom-high-quality-aluminum-shower-room-mirror-frame-aluminum-profile\/\" target=\"_blank\">Custom High-quality Aluminum Shower Room Mirror Frame Aluminum Profile<\/a><\/li>"},"feature_list":[]},"_links":{"self":[{"href":"https:\/\/sinoextrud.com\/fi\/wp-json\/wp\/v2\/product\/7556","targetHints":{"allow":["GET"]}}],"collection":[{"href":"https:\/\/sinoextrud.com\/fi\/wp-json\/wp\/v2\/product"}],"about":[{"href":"https:\/\/sinoextrud.com\/fi\/wp-json\/wp\/v2\/types\/product"}],"wp:attachment":[{"href":"https:\/\/sinoextrud.com\/fi\/wp-json\/wp\/v2\/media?parent=7556"}],"wp:term":[{"taxonomy":"category","embeddable":true,"href":"https:\/\/sinoextrud.com\/fi\/wp-json\/wp\/v2\/categories?post=7556"}],"curies":[{"name":"wp","href":"https:\/\/api.w.org\/{rel}","templated":true}]}}