{"id":7506,"date":"2025-06-07T09:33:55","date_gmt":"2025-06-07T09:33:55","guid":{"rendered":"https:\/\/sinoextrud.com\/product\/aluminium-structural-framing\/"},"modified":"2025-06-24T06:13:00","modified_gmt":"2025-06-24T06:13:00","slug":"alumiinirakenteinen-runko","status":"publish","type":"product","link":"https:\/\/sinoextrud.com\/fi\/product\/aluminium-structural-framing\/","title":{"rendered":"Alumiininen rakennekehys"},"content":{"rendered":"<h2>Tuotteiden tiedot<\/h2>\n<table class=\"custom-table\">\n<tr>\n<td class=\"label\">Malli NO.:<\/td>\n<td> alumiinirakenteinen runko<\/td>\n<\/tr>\n<tr>\n<td class=\"label\">Tyyppi:<\/td>\n<td> ikkunaprofiili<\/td>\n<\/tr>\n<tr>\n<td class=\"label\">Alkuper\u00e4paikka:<\/td>\n<td> Guangdong, Kiina (Manner)<\/td>\n<\/tr>\n<tr>\n<td class=\"label\">Tavaramerkki:<\/td>\n<td> Sinoextrud<\/td>\n<\/tr>\n<tr>\n<td class=\"label\">Alkuper\u00e4:<\/td>\n<td> Kiina<\/td>\n<\/tr>\n<tr>\n<td class=\"label\">K\u00e4ytt\u00f6:<\/td>\n<td> Rakennuksen alumiiniprofiili<\/td>\n<\/tr>\n<tr>\n<td class=\"label\">Materiaali:<\/td>\n<td> alumiiniseos<\/td>\n<\/tr>\n<tr>\n<td class=\"label\">MOQ:<\/td>\n<td> 200 kg<\/td>\n<\/tr>\n<tr>\n<td class=\"label\">Tekniset tiedot:<\/td>\n<td> paksuus 1.0-3.5 (mm)<\/td>\n<\/tr>\n<\/table>\n<h2>Tuotantopohjamme<\/h2>\n<h3>Tehtaan panoraama<\/h3>\n<p><img decoding=\"async\" src=\"\/wp-content\/uploads\/factory-01.webp\"\/><\/p>\n<h3>Alumiini Bar Manufacturing Workshop<\/h3>\n<p><img decoding=\"async\" src=\"\/wp-content\/uploads\/factory-02.webp\"\/><\/p>\n<\/p>\n<p><img decoding=\"async\" src=\"\/wp-content\/uploads\/factory-03.webp\"\/><\/p>\n<h3>Muotin varastointi Varasto<\/h3>\n<p><img decoding=\"async\" src=\"\/wp-content\/uploads\/factory-04.webp\"\/><\/p>\n<h3>43 alumiinin ekstruusiolinjat (500-5500 tonnia)<\/h3>\n<p><img decoding=\"async\" src=\"\/wp-content\/uploads\/factory-05.webp\"\/><\/p>\n<p><img decoding=\"async\" src=\"\/wp-content\/uploads\/factory-06.webp\"\/><\/p>\n<p><img decoding=\"async\" src=\"\/wp-content\/uploads\/factory-07.webp\"\/><\/p>\n<h3>Jauhemaalaus ty\u00f6paja<\/h3>\n<p><img decoding=\"async\" src=\"\/wp-content\/uploads\/factory-09.webp\"\/><\/p>\n<h3>Anodisointi ty\u00f6paja<\/h3>\n<p><img decoding=\"async\" src=\"\/wp-content\/uploads\/factory-10.webp\"\/><\/p>\n<h3>Syv\u00e4k\u00e4sittelyn ty\u00f6paja<\/h3>\n<p><img decoding=\"async\" src=\"\/wp-content\/uploads\/factory-11.webp\"\/><\/p>\n<h3>CNC-tarkkuuskoneistus ty\u00f6paja<\/h3>\n<p><img decoding=\"async\" src=\"\/wp-content\/uploads\/factory-11.5.webp\"\/><\/p>\n<h3>Valmiiden tuotteiden ja vientivarasto<\/h3>\n<p><img decoding=\"async\" src=\"\/wp-content\/uploads\/factory-12.webp\"\/><\/p>\n<p><img decoding=\"async\" src=\"\/wp-content\/uploads\/factory-13.webp\"\/><\/p>\n<p><img decoding=\"async\" src=\"\/wp-content\/uploads\/factory-14.webp\"\/><\/p>\n<h2>FAQ<\/h2>\n<p><b>1.Mik\u00e4 on alumiininen rakennekehys?<\/b><\/p>\n<p>Alumiinirakenteiden runko tarkoittaa lujia alumiiniprofiileja, joita k\u00e4ytet\u00e4\u00e4n modulaaristen runkojen rakentamiseen teollisiin ja kaupallisiin rakenteisiin.\n<\/p>\n<p><\/p>\n<p><b>2.Miksi k\u00e4ytt\u00e4\u00e4 alumiinirakenteisia runkoja rakentamisessa?<\/b><\/p>\n<p>Alumiinirakenteinen runko on kevyt, kest\u00e4v\u00e4 ja korroosionkest\u00e4v\u00e4 ratkaisu, joka sopii nopeaan ja joustavaan rakentamiseen.\n<\/p>\n<p><\/p>\n<p><b>3.Onko alumiinirakenteinen runko riitt\u00e4v\u00e4n vahva teollisuusk\u00e4ytt\u00f6\u00f6n?<\/b><\/p>\n<p>Kyll\u00e4, rakenteelliset alumiiniseokset tarjoavat erinomaisen kantavuuden teollisiin sovelluksiin.\n<\/p>\n<p><\/p>\n<p><b>4.Can Alumiinirakenteinen kehys voidaan r\u00e4\u00e4t\u00e4l\u00f6id\u00e4?<\/b><\/p>\n<p>Alumiinirunkoj\u00e4rjestelm\u00e4t ovat modulaarisia ja muokattavissa kooltaan, muodoltaan ja kokoonpanoltaan erityistarpeiden mukaan.\n<\/p>\n<p><\/p>\n<p><b>5.Mitk\u00e4 teollisuudenalat k\u00e4ytt\u00e4v\u00e4t alumiinirakenteisia kehyksi\u00e4?<\/b><\/p>\n<p>Automaatio-, valmistus-, puhdastila- ja logistiikka-aloilla k\u00e4ytet\u00e4\u00e4n yleisesti alumiinirunkoa koneissa, koteloissa ja ty\u00f6pisteiss\u00e4.\n<\/p>\n<p><\/p>\n<p><b>6.Kest\u00e4v\u00e4tk\u00f6 alumiiniset rakennekehykset korroosiota?<\/b><\/p>\n<p>Kyll\u00e4, alumiinin luonnollinen korroosionkest\u00e4vyys tekee siit\u00e4 ihanteellisen ankarissa tai kosteissa ymp\u00e4rist\u00f6iss\u00e4.\n<\/p>\n<p><\/p>\n<p><b>7.Onko alumiininen rakennekehys ymp\u00e4rist\u00f6yst\u00e4v\u00e4llinen?<\/b><\/p>\n<p>Kyll\u00e4, alumiini on 100% kierr\u00e4tett\u00e4v\u00e4\u00e4 ja tukee kest\u00e4vi\u00e4 rakennusk\u00e4yt\u00e4nt\u00f6j\u00e4.\n<\/p>\n<p><\/p>\n<p><b>8.Kuinka helppoa alumiinirakenteisen kehyksen kokoaminen on?<\/b><\/p>\n<p>Se on eritt\u00e4in helppo - modulaariset komponentit mahdollistavat nopean kokoonpanon minimaalisilla ty\u00f6kaluilla ja ty\u00f6m\u00e4\u00e4r\u00e4ll\u00e4.\n<\/p>\n<p><\/p>","protected":false},"featured_media":7505,"template":"","categories":[67],"class_list":["post-7506","product","type-product","status-publish","has-post-thumbnail","hentry","category-architectural-aluminium-profile"],"meta_box":{"hilight_text_group":{"product_hilight_text":"<li>High-strength aluminum alloy ensures robust structural support<\/li>\r\r\n<li>Lightweight framing reduces installation time and transportation costs<\/li>\r\r\n<li>Corrosion-resistant for long-term indoor and outdoor use<\/li>\r\r\n<li>Modular design enables flexible customization and scalability<\/li>\r\r\n<li>Compatible with a wide range of industrial connectors and accessories<\/li>\r\r\n<li>Clean, professional appearance suitable for various environments<\/li>\r\r\n<li>Environmentally friendly and fully recyclable material<\/li>","product_chanpin_blog":"<ul>\r\r\n<li><a href=\"https:\/\/sinoextrud.com\/t-slot-v-slot-differences\/\" target=\"_blank\">t slot vs v slot<\/a><\/li>\r\r\n<li><a href=\"https:\/\/sinoextrud.com\/what-is-4040-aluminium-extrud\/\" target=\"_blank\">4040 aluminium extrusion<\/a><\/li>\r\r\n<li><a href=\"https:\/\/sinoextrud.com\/what-is-4040-aluminium-extrud\/\" target=\"_blank\">aluminum extrusions for industrial racks<\/a><\/li>\r\r\n<li><a href=\"https:\/\/sinoextrud.com\/powder-coating-aluminium-process\/\" target=\"_blank\">powder coating aluminium<\/a><\/li>\r\r\n<li><a href=\"https:\/\/sinoextrud.com\/what-is-an-aluminium-strip-ceiling\/\" target=\"_blank\">aluminium strip ceiling<\/a><\/li>\r\r\n<li><a href=\"https:\/\/sinoextrud.com\/what-is-a-heat-sink\/\" target=\"_blank\">what is a heat sink<\/a><\/li>\r\r\n<\/ul>","product_chanpin_chanpin":"<li><a href=\"https:\/\/sinoextrud.com\/product\/aluminium-railings\/\" target=\"_blank\">Aluminium Railings<\/a><\/li>\r\n<li><a href=\"https:\/\/sinoextrud.com\/product\/alloy-extrusion-profiles\/\" target=\"_blank\">Alloy Extrusion Profiles<\/a><\/li>\r\n<li><a href=\"https:\/\/sinoextrud.com\/product\/aluminum-frame\/\" target=\"_blank\">Aluminum Frame<\/a><\/li>\r\n<li><a href=\"https:\/\/sinoextrud.com\/product\/standard-aluminium-extrusions\/\" target=\"_blank\">Standard Aluminium Extrusions<\/a><\/li>\r\n<li><a href=\"https:\/\/sinoextrud.com\/product\/aluminium-structural-framing\/\" target=\"_blank\">Aluminium Structural Framing<\/a><\/li>\r\n<li><a href=\"https:\/\/sinoextrud.com\/product\/aluminium-u-channels\/\" target=\"_blank\">Aluminium U Channels<\/a><\/li>\r\n<li><a href=\"https:\/\/sinoextrud.com\/product\/aluminium-extruded-sections\/\" target=\"_blank\">Aluminium Extruded Sections<\/a><\/li>\r\n<li><a href=\"https:\/\/sinoextrud.com\/product\/wholesale-electrophoresis-aluminium-profile-price\/\" target=\"_blank\">Wholesale Electrophoresis Aluminium Profile Price<\/a><\/li>\r\n<li><a href=\"https:\/\/sinoextrud.com\/product\/aluminium-sections-for-sliding-doors\/\" target=\"_blank\">Aluminium Sections For Sliding Doors<\/a><\/li>\r\n<li><a href=\"https:\/\/sinoextrud.com\/product\/modular-aluminium-extrusions\/\" target=\"_blank\">Modular Aluminium Extrusions<\/a><\/li>\r\n<li><a href=\"https:\/\/sinoextrud.com\/product\/aluminium-powder-coating\/\" target=\"_blank\">Aluminium Powder Coating<\/a><\/li>"},"feature_list":[]},"_links":{"self":[{"href":"https:\/\/sinoextrud.com\/fi\/wp-json\/wp\/v2\/product\/7506","targetHints":{"allow":["GET"]}}],"collection":[{"href":"https:\/\/sinoextrud.com\/fi\/wp-json\/wp\/v2\/product"}],"about":[{"href":"https:\/\/sinoextrud.com\/fi\/wp-json\/wp\/v2\/types\/product"}],"wp:featuredmedia":[{"embeddable":true,"href":"https:\/\/sinoextrud.com\/fi\/wp-json\/wp\/v2\/media\/7505"}],"wp:attachment":[{"href":"https:\/\/sinoextrud.com\/fi\/wp-json\/wp\/v2\/media?parent=7506"}],"wp:term":[{"taxonomy":"category","embeddable":true,"href":"https:\/\/sinoextrud.com\/fi\/wp-json\/wp\/v2\/categories?post=7506"}],"curies":[{"name":"wp","href":"https:\/\/api.w.org\/{rel}","templated":true}]}}