{"id":7480,"date":"2025-06-07T08:28:34","date_gmt":"2025-06-07T08:28:34","guid":{"rendered":"https:\/\/sinoextrud.com\/product\/66-mm-aluminum-glass-railing-for-balcony-led-strip-u-channel-stair-railings\/"},"modified":"2025-06-24T06:12:55","modified_gmt":"2025-06-24T06:12:55","slug":"66-mm-alumiini-lasi-kaide-parvekkeelle-johti-nauhat-u-kanavan-portaiden-kaiteet","status":"publish","type":"product","link":"https:\/\/sinoextrud.com\/fi\/product\/66-mm-aluminum-glass-railing-for-balcony-led-strip-u-channel-stair-railings\/","title":{"rendered":"6 + 6 MM alumiini lasi kaiteet parvekkeelle LED Strip U-kanava portaiden kaiteet"},"content":{"rendered":"<h2>Tuotteiden tiedot<\/h2>\n<table class=\"custom-table\">\n<tr>\n<td class=\"label\">Kohde:<\/td>\n<td>U-kanava LED nauhat lasi kaide<\/td>\n<\/tr>\n<tr>\n<td class=\"label\">Temperamentti:<\/td>\n<td>T3-T8<\/td>\n<\/tr>\n<tr>\n<td class=\"label\">Lasi:<\/td>\n<td>Karkaistu lasi<\/td>\n<\/tr>\n<tr>\n<td class=\"label\">Materiaali:<\/td>\n<td>6063 alumiini<\/td>\n<\/tr>\n<tr>\n<td class=\"label\">K\u00e4ytt\u00f6:<\/td>\n<td>Sis\u00e4tilojen ja ulkotilojen koristelu<\/td>\n<\/tr>\n<tr>\n<td class=\"label\">Koko:<\/td>\n<td>R\u00e4\u00e4t\u00e4l\u00f6ity<\/td>\n<\/tr>\n<tr>\n<td class=\"label\">Maksuehto:<\/td>\n<td>30% talletus, 70% saldo ennen toimitusta<\/td>\n<\/tr>\n<tr>\n<td class=\"label\">Satama:<\/td>\n<td>Guangzhou, Shenzhen, Foshan<\/td>\n<\/tr>\n<tr>\n<td class=\"label\">MOQ:<\/td>\n<td>200 kg kutakin profiilia kohti<\/td>\n<\/tr>\n<tr>\n<td class=\"label\">Luokka:<\/td>\n<td>6000-sarja 6063<\/td>\n<\/tr>\n<tr>\n<td class=\"label\">Alkuper\u00e4paikka:<\/td>\n<td>Foshan, Guangdong<\/td>\n<\/tr>\n<tr>\n<td class=\"label\">Seos tai ei:<\/td>\n<td>Onko seos<\/td>\n<\/tr>\n<tr>\n<td class=\"label\">Tuotemerkki:<\/td>\n<td>Sinoextrud, Sinoextrud<\/td>\n<\/tr>\n<tr>\n<td class=\"label\">Sovellus:<\/td>\n<td>Hotelli\/asunto\/koulu<\/td>\n<\/tr>\n<tr>\n<td class=\"label\">Tyyli:<\/td>\n<td>Moderndesign<\/td>\n<\/tr>\n<tr>\n<td class=\"label\">Asennus:<\/td>\n<td>Helppo asennus<\/td>\n<\/tr>\n<tr>\n<td class=\"label\">K\u00e4sittelypalvelu:<\/td>\n<td>Taivutus, purku, hitsaus, l\u00e4vistys, leikkaus<\/td>\n<\/tr>\n<tr>\n<td class=\"label\">Takuu:<\/td>\n<td>asiakastodistus, kuten BV, Soncap, ISO<\/td>\n<\/tr>\n<tr>\n<td class=\"label\">Pakkaus:<\/td>\n<td>suojaava vaneripussi<\/td>\n<\/tr>\n<\/table>\n<h2>Tuotantopohjamme<\/h2>\n<h3>Tehtaan panoraama<\/h3>\n<p><img decoding=\"async\" src=\"\/wp-content\/uploads\/factory-01.webp\"\/><\/p>\n<h3>Alumiini Bar Manufacturing Workshop<\/h3>\n<p><img decoding=\"async\" src=\"\/wp-content\/uploads\/factory-02.webp\"\/><\/p>\n<\/p>\n<p><img decoding=\"async\" src=\"\/wp-content\/uploads\/factory-03.webp\"\/><\/p>\n<h3>Muotin varastointi Varasto<\/h3>\n<p><img decoding=\"async\" src=\"\/wp-content\/uploads\/factory-04.webp\"\/><\/p>\n<h3>43 alumiinin ekstruusiolinjat (500-5500 tonnia)<\/h3>\n<p><img decoding=\"async\" src=\"\/wp-content\/uploads\/factory-05.webp\"\/><\/p>\n<p><img decoding=\"async\" src=\"\/wp-content\/uploads\/factory-06.webp\"\/><\/p>\n<p><img decoding=\"async\" src=\"\/wp-content\/uploads\/factory-07.webp\"\/><\/p>\n<h3>Jauhemaalaus ty\u00f6paja<\/h3>\n<p><img decoding=\"async\" src=\"\/wp-content\/uploads\/factory-09.webp\"\/><\/p>\n<h3>Anodisointi ty\u00f6paja<\/h3>\n<p><img decoding=\"async\" src=\"\/wp-content\/uploads\/factory-10.webp\"\/><\/p>\n<h3>Syv\u00e4k\u00e4sittelyn ty\u00f6paja<\/h3>\n<p><img decoding=\"async\" src=\"\/wp-content\/uploads\/factory-11.webp\"\/><\/p>\n<h3>CNC-tarkkuuskoneistus ty\u00f6paja<\/h3>\n<p><img decoding=\"async\" src=\"\/wp-content\/uploads\/factory-11.5.webp\"\/><\/p>\n<h3>Valmiiden tuotteiden ja vientivarasto<\/h3>\n<p><img decoding=\"async\" src=\"\/wp-content\/uploads\/factory-12.webp\"\/><\/p>\n<p><img decoding=\"async\" src=\"\/wp-content\/uploads\/factory-13.webp\"\/><\/p>\n<p><img decoding=\"async\" src=\"\/wp-content\/uploads\/factory-14.webp\"\/><\/p>\n<h2>FAQ<\/h2>\n<p><b>1.Mik\u00e4 on 6 + 6 MM alumiininen lasikaide parvekkeelle?<\/b><\/p>\n<p>Se on kaidej\u00e4rjestelm\u00e4, jossa k\u00e4ytet\u00e4\u00e4n 6+6 mm:n laminoitua turvalasia, joka on kiinnitetty alumiinisilla U-kanavaprofiileilla turvalliseen ja tyylikk\u00e4\u00e4seen parveke- tai portaikkosovellukseen.\n<\/p>\n<p><\/p>\n<p><b>2.Miksi k\u00e4ytt\u00e4\u00e4 6+6 mm:n laminoitua lasia kaiteissa?<\/b><\/p>\n<p>Laminoitu lasi on iskunkest\u00e4vyydelt\u00e4\u00e4n ja turvallisuudeltaan erinomainen, joten se sopii erinomaisesti parvekkeille, terasseille ja portaisiin.\n<\/p>\n<p><\/p>\n<p><b>3.Mitk\u00e4 ovat alumiinisten U-kanavaprofiilien edut?<\/b><\/p>\n<p>Ne ovat kevytrakenteisia ja korroosionkest\u00e4vi\u00e4, ja ne on helppo asentaa sek\u00e4 sis\u00e4- ett\u00e4 ulkok\u00e4ytt\u00f6\u00f6n.\n<\/p>\n<p><\/p>\n<p><b>4.Can t\u00e4m\u00e4 kaide sis\u00e4lt\u00e4\u00e4 LED-valaistuksen?<\/b><\/p>\n<p>Kyll\u00e4, profiili tukee integroituja LED-nauhoja, jotka parantavat n\u00e4kyvyytt\u00e4 y\u00f6ll\u00e4 ja lis\u00e4\u00e4v\u00e4t modernia koristeellisuutta.\n<\/p>\n<p><\/p>\n<p><b>5.Miss\u00e4 t\u00e4t\u00e4 lasikaidej\u00e4rjestelm\u00e4\u00e4 voidaan k\u00e4ytt\u00e4\u00e4?<\/b><\/p>\n<p>Se sopii parvekkeille, portaille, katoille, terasseille ja uima-altaiden koteloihin asuin- ja liiketiloissa.\n<\/p>\n<p><\/p>\n<p><b>6.Onko j\u00e4rjestelm\u00e4 s\u00e4\u00e4nkest\u00e4v\u00e4?<\/b><\/p>\n<p>Kyll\u00e4, alumiiniprofiili on anodisoitu tai pulverimaalattu korroosion, UV-s\u00e4teilyn ja sateen kest\u00e4vyyden varmistamiseksi pitk\u00e4ll\u00e4 aikav\u00e4lill\u00e4.\n<\/p>\n<p><\/p>\n<p><b>7.Ovatko r\u00e4\u00e4t\u00e4l\u00f6idyt viimeistelyt ja LED-vaihtoehdot saatavilla?<\/b><\/p>\n<p>Kyll\u00e4, tarjoamme erilaisia pintak\u00e4sittelyj\u00e4 ja LED-v\u00e4rej\u00e4 arkkitehtuurin ja muotoilun tarpeisiin.\n<\/p>\n<p><\/p>\n<p><b>8.Miten t\u00e4m\u00e4 lasikaide asennetaan?<\/b><\/p>\n<p>J\u00e4rjestelm\u00e4 sis\u00e4lt\u00e4\u00e4 esivalmistettuja U-kanavia ja asennussarjoja, mik\u00e4 tekee asennuksesta nopeaa ja tehokasta urakoitsijoille tai rakentajille.\n<\/p>\n<p><\/p>","protected":false},"featured_media":7479,"template":"","categories":[67],"class_list":["post-7480","product","type-product","status-publish","has-post-thumbnail","hentry","category-architectural-aluminium-profile"],"meta_box":{"hilight_text_group":{"product_hilight_text":"<li>Designed for 6+6 mm laminated glass, offering high safety and strength<\/li>\r\r\n<li>Durable aluminum U channel provides structural support for balconies and stairs<\/li>\r\r\n<li>Integrated LED strip option enhances modern aesthetics and visibility<\/li>\r\r\n<li>Corrosion-resistant surface ideal for outdoor environments<\/li>\r\r\n<li>Easy installation with pre-drilled profiles and mounting accessories<\/li>\r\r\n<li>Suitable for residential and commercial balcony and stair applications<\/li>\r\r\n<li>Custom lengths, finishes, and LED color options available<\/li>","product_chanpin_blog":"<ul>\r\r\n<li><a href=\"https:\/\/sinoextrud.com\/t-slot-v-slot-differences\/\" target=\"_blank\">t slot vs v slot<\/a><\/li>\r\r\n<li><a href=\"https:\/\/sinoextrud.com\/what-is-4040-aluminium-extrud\/\" target=\"_blank\">4040 aluminium extrusion<\/a><\/li>\r\r\n<li><a href=\"https:\/\/sinoextrud.com\/what-is-4040-aluminium-extrud\/\" target=\"_blank\">aluminum extrusions for industrial racks<\/a><\/li>\r\r\n<li><a href=\"https:\/\/sinoextrud.com\/powder-coating-aluminium-process\/\" target=\"_blank\">powder coating aluminium<\/a><\/li>\r\r\n<li><a href=\"https:\/\/sinoextrud.com\/what-is-an-aluminium-strip-ceiling\/\" target=\"_blank\">aluminium strip ceiling<\/a><\/li>\r\r\n<li><a href=\"https:\/\/sinoextrud.com\/what-is-a-heat-sink\/\" target=\"_blank\">what is a heat sink<\/a><\/li>\r\r\n<\/ul>","product_chanpin_chanpin":"<li><a href=\"https:\/\/sinoextrud.com\/product\/aluminum-sliding-door-track\/\" target=\"_blank\">Aluminum Sliding Door Track<\/a><\/li>\r\n<li><a href=\"https:\/\/sinoextrud.com\/product\/aluminum-handrail-extrusions\/\" target=\"_blank\">Aluminum Handrail Extrusions<\/a><\/li>\r\n<li><a href=\"https:\/\/sinoextrud.com\/product\/aluminium-window-frame-section\/\" target=\"_blank\">Aluminium Window Frame Section<\/a><\/li>\r\n<li><a href=\"https:\/\/sinoextrud.com\/product\/aluminum-cabinet-frame-extrusions\/\" target=\"_blank\">Aluminum Cabinet Frame Extrusions<\/a><\/li>\r\n<li><a href=\"https:\/\/sinoextrud.com\/product\/66-mm-aluminum-glass-railing-for-balcony-led-strip-u-channel-stair-railings\/\" target=\"_blank\">6+6 MM Aluminum Glass Railing For Balcony LED Strip U Channel Stair Railings<\/a><\/li>\r\n<li><a href=\"https:\/\/sinoextrud.com\/product\/aluminum-channel-for-plexiglass\/\" target=\"_blank\">Aluminum Channel For Plexiglass<\/a><\/li>\r\n<li><a href=\"https:\/\/sinoextrud.com\/product\/aluminium-handrail-profiles\/\" target=\"_blank\">Aluminium Handrail Profiles<\/a><\/li>\r\n<li><a href=\"https:\/\/sinoextrud.com\/product\/6063-slotted-aluminum-bar-extrusion-profiles\/\" target=\"_blank\">6063 Slotted Aluminum Bar Extrusion Profiles<\/a><\/li>\r\n<li><a href=\"https:\/\/sinoextrud.com\/product\/6063-t5-aluminum-extrusion-profile-for-windows-and-doors-and-curtain-walls\/\" target=\"_blank\">6063 T5 Aluminum Extrusion Profile for Windows and Doors and Curtain Walls<\/a><\/li>\r\n<li><a href=\"https:\/\/sinoextrud.com\/product\/c-section-aluminium-extrusion\/\" target=\"_blank\">C Section Aluminium Extrusion<\/a><\/li>\r\n<li><a href=\"https:\/\/sinoextrud.com\/product\/customized-extruded-shaped-aluminum-profiles-6063-anodized-industrial-aluminum-profile\/\" target=\"_blank\">Customized Extruded Shaped Aluminum Profiles 6063 Anodized Industrial Aluminum Profile<\/a><\/li>"},"feature_list":[]},"_links":{"self":[{"href":"https:\/\/sinoextrud.com\/fi\/wp-json\/wp\/v2\/product\/7480","targetHints":{"allow":["GET"]}}],"collection":[{"href":"https:\/\/sinoextrud.com\/fi\/wp-json\/wp\/v2\/product"}],"about":[{"href":"https:\/\/sinoextrud.com\/fi\/wp-json\/wp\/v2\/types\/product"}],"wp:featuredmedia":[{"embeddable":true,"href":"https:\/\/sinoextrud.com\/fi\/wp-json\/wp\/v2\/media\/7479"}],"wp:attachment":[{"href":"https:\/\/sinoextrud.com\/fi\/wp-json\/wp\/v2\/media?parent=7480"}],"wp:term":[{"taxonomy":"category","embeddable":true,"href":"https:\/\/sinoextrud.com\/fi\/wp-json\/wp\/v2\/categories?post=7480"}],"curies":[{"name":"wp","href":"https:\/\/api.w.org\/{rel}","templated":true}]}}