{"id":7474,"date":"2025-06-07T08:21:30","date_gmt":"2025-06-07T08:21:30","guid":{"rendered":"https:\/\/sinoextrud.com\/product\/aluminum-handrail-extrusions\/"},"modified":"2025-06-24T06:12:55","modified_gmt":"2025-06-24T06:12:55","slug":"alumiinikaiteen-profiilit","status":"publish","type":"product","link":"https:\/\/sinoextrud.com\/fi\/product\/aluminum-handrail-extrusions\/","title":{"rendered":"Alumiini kaideprofiilit"},"content":{"rendered":"<h2>Tuotteiden tiedot<\/h2>\n<table class=\"custom-table\">\n<tr>\n<td class=\"label\">Tuotteen nimi<\/td>\n<td>Alumiini kaideprofiilit<\/td>\n<\/tr>\n<tr>\n<td class=\"label\">Materiaali<\/td>\n<td>Alumiiniseos 6063 tai 6061<\/td>\n<\/tr>\n<tr>\n<td class=\"label\">Pintak\u00e4sittely<\/td>\n<td>Wood Grain, anodisoitu, jauhemaalaus, elektroforeesi, PVDF, hiekkapuhallettu jne.<\/td>\n<\/tr>\n<tr>\n<td class=\"label\">Pituus<\/td>\n<td>S\u00e4\u00e4nn\u00f6llinen pituus 1-9M, muut r\u00e4\u00e4t\u00e4l\u00f6idyt pituudet saatavilla.<\/td>\n<\/tr>\n<tr>\n<td class=\"label\">K\u00e4ytt\u00f6<\/td>\n<td>Portaiden kaiteet, parvekekaiteet, pihakaiteet.<\/td>\n<\/tr>\n<tr>\n<td class=\"label\">Laadunvalvonta<\/td>\n<td>Tehtaan QC-tarkastus yksi kerrallaan.Asiakas voi tulla tehtaalle tarkastettavaksi ennen l\u00e4hetyst\u00e4.<\/td>\n<\/tr>\n<tr>\n<td class=\"label\">Sertifiointi<\/td>\n<td>ISO9001, ISO4001, CQM, SGS, CE, BV, JIS, AS, NZS, KVALICOAT, QUOLANOD<\/td>\n<\/tr>\n<tr>\n<td class=\"label\">MOQ<\/td>\n<td>200 kg kutakin tuotetta kohti<\/td>\n<\/tr>\n<tr>\n<td class=\"label\">L\u00e4pimenoaika<\/td>\n<td>Die-open ja n\u00e4ytteen testaus: 12-18 p\u00e4iv\u00e4\u00e4<br \/>\nMassatuotanto: 25-30 p\u00e4iv\u00e4\u00e4<\/td>\n<\/tr>\n<tr>\n<td class=\"label\">Pakkaustiedot<\/td>\n<td>(1) Sis\u00e4ll\u00e4: pakattu muovisella suojakalvolla hyv\u00e4n pinnan varmistamiseksi.<br \/>\n(2) Ulkopuolella: Pakkaus: Vedenpit\u00e4v\u00e4ll\u00e4 askartelupaperilla pakattu kukin nippu.<\/td>\n<\/tr>\n<tr>\n<td class=\"label\">Palvelu<\/td>\n<td>OEM &amp; ODM-palvelu hyv\u00e4ksytty<\/td>\n<\/tr>\n<tr>\n<td class=\"label\">Maksuehto<\/td>\n<td>L \/ C T \/ T (30%-talletus), saldo ennen lastausta.<\/td>\n<\/tr>\n<tr>\n<td class=\"label\">Toimitusaika<\/td>\n<td>FOB, EXW tai muut neuvoteltavat ehdot<\/td>\n<\/tr>\n<tr>\n<td class=\"label\">Alkuper\u00e4<\/td>\n<td>Guangdong,Kiina<\/td>\n<\/tr>\n<tr>\n<td class=\"label\">Lastaussatama<\/td>\n<td>Foshan\/Guangzhou\/Shenzhen<\/td>\n<\/tr>\n<\/table>\n<h2>Tuotantopohjamme<\/h2>\n<h3>Tehtaan panoraama<\/h3>\n<p><img decoding=\"async\" src=\"\/wp-content\/uploads\/factory-01.webp\"\/><\/p>\n<h3>Alumiini Bar Manufacturing Workshop<\/h3>\n<p><img decoding=\"async\" src=\"\/wp-content\/uploads\/factory-02.webp\"\/><\/p>\n<\/p>\n<p><img decoding=\"async\" src=\"\/wp-content\/uploads\/factory-03.webp\"\/><\/p>\n<h3>Muotin varastointi Varasto<\/h3>\n<p><img decoding=\"async\" src=\"\/wp-content\/uploads\/factory-04.webp\"\/><\/p>\n<h3>43 Alumiini ekstruusiolinjat (500\u00e2 5500 tonnia)<\/h3>\n<p><img decoding=\"async\" src=\"\/wp-content\/uploads\/factory-05.webp\"\/><\/p>\n<p><img decoding=\"async\" src=\"\/wp-content\/uploads\/factory-06.webp\"\/><\/p>\n<p><img decoding=\"async\" src=\"\/wp-content\/uploads\/factory-07.webp\"\/><\/p>\n<h3>Jauhemaalaus ty\u00f6paja<\/h3>\n<p><img decoding=\"async\" src=\"\/wp-content\/uploads\/factory-09.webp\"\/><\/p>\n<h3>Anodisointi ty\u00f6paja<\/h3>\n<p><img decoding=\"async\" src=\"\/wp-content\/uploads\/factory-10.webp\"\/><\/p>\n<h3>Syv\u00e4k\u00e4sittelyn ty\u00f6paja<\/h3>\n<p><img decoding=\"async\" src=\"\/wp-content\/uploads\/factory-11.webp\"\/><\/p>\n<h3>CNC-tarkkuuskoneistus ty\u00f6paja<\/h3>\n<p><img decoding=\"async\" src=\"\/wp-content\/uploads\/factory-11.5.webp\"\/><\/p>\n<h3>Valmiiden tuotteiden ja vientivarasto<\/h3>\n<p><img decoding=\"async\" src=\"\/wp-content\/uploads\/factory-12.webp\"\/><\/p>\n<p><img decoding=\"async\" src=\"\/wp-content\/uploads\/factory-13.webp\"\/><\/p>\n<p><img decoding=\"async\" src=\"\/wp-content\/uploads\/factory-14.webp\"\/><\/p>\n<h2>FAQ<\/h2>\n<p><b>1.What ovat suulakepuristetut alumiinikaiteet? <\/b><\/p>\n<p> Suulakepuristetut alumiinikaiteet ovat rakennekomponentteja, jotka on muodostettu ty\u00f6nt\u00e4m\u00e4ll\u00e4 alumiinia muotin l\u00e4pi, jotta saadaan aikaan tiettyj\u00e4 poikkileikkausprofiileja, joita k\u00e4ytet\u00e4\u00e4n yleisesti turvallisuuteen ja tukemiseen erilaisissa rakennussovelluksissa.\n<\/p>\n<p><\/p>\n<p><b>2.Miksi valita suulakepuristettua alumiinia kaiteisiin? <\/b><\/p>\n<p> Suulakepuristettu alumiini tarjoaa yhdistelm\u00e4n lujuutta, keveytt\u00e4, korroosionkest\u00e4vyytt\u00e4 ja suunnittelun monipuolisuutta, joten se sopii erinomaisesti kaiteisiin sek\u00e4 asuin- ett\u00e4 kaupallisiin kohteisiin.\n<\/p>\n<p><\/p>\n<p><b>3.Kuinka kest\u00e4v\u00e4t ovat suulakepuristetut alumiinikaiteet? <\/b><\/p>\n<p> N\u00e4m\u00e4 kaiteet ovat eritt\u00e4in kest\u00e4vi\u00e4 ja kest\u00e4v\u00e4t ruostetta, korroosiota ja ymp\u00e4rist\u00f6n aiheuttamaa kulutusta, mik\u00e4 takaa pitk\u00e4aikaisen suorituskyvyn ja minimaalisen huollon.\n<\/p>\n<p><\/p>\n<p><b>4.Can suulakepuristettua alumiinia kaiteet voidaan r\u00e4\u00e4t\u00e4l\u00f6id\u00e4? <\/b><\/p>\n<p> Kyll\u00e4, ne voidaan r\u00e4\u00e4t\u00e4l\u00f6id\u00e4 muodon, koon ja viimeistelyn osalta, mukaan lukien vaihtoehdot, kuten anodisointi ja jauhemaalaus, vastaamaan erityisi\u00e4 suunnittelu- ja toiminnallisia vaatimuksia.\n<\/p>\n<p><\/p>\n<p><b>5.Soveltuvatko suulakepuristetut alumiinikaiteet ulkok\u00e4ytt\u00f6\u00f6n? <\/b><\/p>\n<p> Niiden korroosionkest\u00e4vyys tekee niist\u00e4 ihanteellisia ulkok\u00e4ytt\u00f6\u00f6n, sill\u00e4 ne kest\u00e4v\u00e4t erilaisia s\u00e4\u00e4olosuhteita ilman, ett\u00e4 ne heikkenev\u00e4t.\n<\/p>\n<p><\/p>\n<p><b>6.Mit\u00e4 huoltoa vaaditaan suulakepuristetun alumiinin kaiteisiin? <\/b><\/p>\n<p> Huolto on v\u00e4h\u00e4ist\u00e4; s\u00e4\u00e4nn\u00f6llinen puhdistus miedolla saippualla ja vedell\u00e4 riitt\u00e4\u00e4 yleens\u00e4 pit\u00e4m\u00e4\u00e4n ne hyv\u00e4nn\u00e4k\u00f6isin\u00e4 ja toimivina.\n<\/p>\n<p><\/p>\n<p><b>7.Miten suulakepuristetut alumiinikaiteet edist\u00e4v\u00e4t kest\u00e4vyytt\u00e4? <\/b><\/p>\n<p> Koska alumiinikaiteet ovat t\u00e4ysin kierr\u00e4tett\u00e4vi\u00e4, ne tukevat ymp\u00e4rist\u00f6yst\u00e4v\u00e4llisi\u00e4 rakennusk\u00e4yt\u00e4nt\u00f6j\u00e4 v\u00e4hent\u00e4m\u00e4ll\u00e4 j\u00e4tteiden m\u00e4\u00e4r\u00e4\u00e4 ja neitseellisten materiaalien tarvetta.\n<\/p>\n<p><\/p>\n<p><b>8.Are suulakepuristettua alumiinia kaiteet kustannustehokas? <\/b><\/p>\n<p> Kyll\u00e4, niiden kest\u00e4vyys ja v\u00e4h\u00e4iset huoltovaatimukset johtavat pitk\u00e4n aikav\u00e4lin kustannuss\u00e4\u00e4st\u00f6ihin verrattuna muihin materiaaleihin, jotka saattavat vaatia usein korjauksia tai uusimista.<\/p>\n<p><\/p>","protected":false},"featured_media":7473,"template":"","categories":[67],"class_list":["post-7474","product","type-product","status-publish","has-post-thumbnail","hentry","category-architectural-aluminium-profile"],"meta_box":{"hilight_text_group":{"product_hilight_text":"<li>Extruded aluminum handrails offer exceptional durability, resisting rust, corrosion, and warping, ensuring long-term structural integrity in various environments.<\/li>\r\r\n<li>Lightweight design facilitates easy handling and installation, reducing labor costs and construction time.<\/li>\r\r\n<li>High strength-to-weight ratio provides robust support without adding excessive weight to structures.<\/li>\r\r\n<li>Design flexibility allows for customization in shapes, sizes, and finishes to meet specific architectural requirements.<\/li>\r\r\n<li>Low maintenance requirements, needing only occasional cleaning to maintain appearance and functionality.<\/li>\r\r\n<li>Eco-friendly material, being 100% recyclable, contributing to sustainable building practices.<\/li>\r\r\n<li>Cost-effective solution due to longevity and minimal upkeep, offering long-term savings over alternative materials.<\/li>","product_chanpin_blog":"<ul>\r\r\n<li><a href=\"https:\/\/sinoextrud.com\/t-slot-v-slot-differences\/\" target=\"_blank\">t slot vs v slot<\/a><\/li>\r\r\n<li><a href=\"https:\/\/sinoextrud.com\/what-is-4040-aluminium-extrud\/\" target=\"_blank\">4040 aluminium extrusion<\/a><\/li>\r\r\n<li><a href=\"https:\/\/sinoextrud.com\/what-is-4040-aluminium-extrud\/\" target=\"_blank\">aluminum extrusions for industrial racks<\/a><\/li>\r\r\n<li><a href=\"https:\/\/sinoextrud.com\/powder-coating-aluminium-process\/\" target=\"_blank\">powder coating aluminium<\/a><\/li>\r\r\n<li><a href=\"https:\/\/sinoextrud.com\/what-is-an-aluminium-strip-ceiling\/\" target=\"_blank\">aluminium strip ceiling<\/a><\/li>\r\r\n<li><a href=\"https:\/\/sinoextrud.com\/what-is-a-heat-sink\/\" target=\"_blank\">what is a heat sink<\/a><\/li>\r\r\n<\/ul>","product_chanpin_chanpin":"<li><a href=\"https:\/\/sinoextrud.com\/product\/l-shaped-aluminum-trim\/\" target=\"_blank\">L Shaped Aluminum Trim<\/a><\/li>\r\n<li><a href=\"https:\/\/sinoextrud.com\/product\/standard-aluminium-sections-for-partition\/\" target=\"_blank\">Standard Aluminium Sections For Partition<\/a><\/li>\r\n<li><a href=\"https:\/\/sinoextrud.com\/product\/c-section-aluminium-extrusion\/\" target=\"_blank\">C Section Aluminium Extrusion<\/a><\/li>\r\n<li><a href=\"https:\/\/sinoextrud.com\/product\/aluminum-sliding-door-track\/\" target=\"_blank\">Aluminum Sliding Door Track<\/a><\/li>\r\n<li><a href=\"https:\/\/sinoextrud.com\/product\/aluminum-handrail-extrusions\/\" target=\"_blank\">Aluminum Handrail Extrusions<\/a><\/li>\r\n<li><a href=\"https:\/\/sinoextrud.com\/product\/aluminium-window-frame-section\/\" target=\"_blank\">Aluminium Window Frame Section<\/a><\/li>\r\n<li><a href=\"https:\/\/sinoextrud.com\/product\/aluminum-cabinet-frame-extrusions\/\" target=\"_blank\">Aluminum Cabinet Frame Extrusions<\/a><\/li>\r\n<li><a href=\"https:\/\/sinoextrud.com\/product\/66-mm-aluminum-glass-railing-for-balcony-led-strip-u-channel-stair-railings\/\" target=\"_blank\">6+6 MM Aluminum Glass Railing For Balcony LED Strip U Channel Stair Railings<\/a><\/li>\r\n<li><a href=\"https:\/\/sinoextrud.com\/product\/aluminum-channel-for-plexiglass\/\" target=\"_blank\">Aluminum Channel For Plexiglass<\/a><\/li>\r\n<li><a href=\"https:\/\/sinoextrud.com\/product\/linear-rail-aluminium-extrusion\/\" target=\"_blank\">Linear Rail Aluminium Extrusion<\/a><\/li>\r\n<li><a href=\"https:\/\/sinoextrud.com\/product\/aluminum-profile-for-tent\/\" target=\"_blank\">Aluminum profile for tent<\/a><\/li>"},"feature_list":[]},"_links":{"self":[{"href":"https:\/\/sinoextrud.com\/fi\/wp-json\/wp\/v2\/product\/7474","targetHints":{"allow":["GET"]}}],"collection":[{"href":"https:\/\/sinoextrud.com\/fi\/wp-json\/wp\/v2\/product"}],"about":[{"href":"https:\/\/sinoextrud.com\/fi\/wp-json\/wp\/v2\/types\/product"}],"wp:featuredmedia":[{"embeddable":true,"href":"https:\/\/sinoextrud.com\/fi\/wp-json\/wp\/v2\/media\/7473"}],"wp:attachment":[{"href":"https:\/\/sinoextrud.com\/fi\/wp-json\/wp\/v2\/media?parent=7474"}],"wp:term":[{"taxonomy":"category","embeddable":true,"href":"https:\/\/sinoextrud.com\/fi\/wp-json\/wp\/v2\/categories?post=7474"}],"curies":[{"name":"wp","href":"https:\/\/api.w.org\/{rel}","templated":true}]}}