{"id":7450,"date":"2025-06-07T07:41:56","date_gmt":"2025-06-07T07:41:56","guid":{"rendered":"https:\/\/sinoextrud.com\/product\/customize-extruded-aluminum-channel-profiles\/"},"modified":"2025-06-24T06:12:51","modified_gmt":"2025-06-24T06:12:51","slug":"mukauttaa-suulakepuristettua-alumiinia-kanavaprofiilit","status":"publish","type":"product","link":"https:\/\/sinoextrud.com\/fi\/product\/customize-extruded-aluminum-channel-profiles\/","title":{"rendered":"Mukauta suulakepuristettua alumiinia kanavaprofiilit"},"content":{"rendered":"<h2>Tuotteiden tiedot<\/h2>\n<table class=\"custom-table\">\n<tbody>\n<tr>\n<td> Luokka:<\/td>\n<td> 6063 -t5<\/td>\n<\/tr>\n<tr>\n<td> Tekniikka:<\/td>\n<td> Mukauta suulakepuristettua alumiinia kanavaprofiilit<\/td>\n<\/tr>\n<tr>\n<td> Temperamentti:<\/td>\n<td> T3 - T8<\/td>\n<\/tr>\n<tr>\n<td> Koneistuspalvelut:<\/td>\n<td> Poraus, kierteitys, niittaus, kokoonpano jne.<\/td>\n<\/tr>\n<tr>\n<td> Tavaramerkki:<\/td>\n<td> Sinoextrud Sinoextrud Sinoextrud <\/td>\n<\/tr>\n<tr>\n<td> Tyyppi:<\/td>\n<td> Mukauta suulakepuristettua alumiinia kanavaprofiilit\n<\/td>\n<\/tr>\n<tr>\n<td> Muoto:<\/td>\n<td> Valmistettu asiakkaiden suunnittelemana<\/td>\n<\/tr>\n<tr>\n<td> Pintak\u00e4sittely:<\/td>\n<td> Mill Finish Anodisoitu Harjattu<\/td>\n<\/tr>\n<tr>\n<td> Pituus:<\/td>\n<td> 1m - 9m per pituus<\/td>\n<\/tr>\n<tr>\n<td> V\u00e4rit:<\/td>\n<td> Hopea Musta<\/td>\n<\/tr>\n<tr>\n<td> HS-koodi:<\/td>\n<td> 76042990<\/td>\n<\/tr>\n<\/tbody>\n<\/table>\n<h2>Tuotantopohjamme<\/h2>\n<h3>Tehtaan panoraama<\/h3>\n<p><img decoding=\"async\" src=\"\/wp-content\/uploads\/factory-01.webp\"\/><\/p>\n<h3>Alumiini Bar Manufacturing Workshop<\/h3>\n<p><img decoding=\"async\" src=\"\/wp-content\/uploads\/factory-02.webp\"\/><\/p>\n<p><img decoding=\"async\" src=\"\/wp-content\/uploads\/factory-03.webp\"\/><\/p>\n<h3>Muotin varastointi Varasto<\/h3>\n<p><img decoding=\"async\" src=\"\/wp-content\/uploads\/factory-04.webp\"\/><\/p>\n<h3>43 Alumiini ekstruusiolinjat (500\u00e2 5500 tonnia)<\/h3>\n<p><img decoding=\"async\" src=\"\/wp-content\/uploads\/factory-05.webp\"\/><\/p>\n<p><img decoding=\"async\" src=\"\/wp-content\/uploads\/factory-06.webp\"\/><\/p>\n<p><img decoding=\"async\" src=\"\/wp-content\/uploads\/factory-07.webp\"\/><\/p>\n<h3>Jauhemaalaus ty\u00f6paja<\/h3>\n<p><img decoding=\"async\" src=\"\/wp-content\/uploads\/factory-09.webp\"\/><\/p>\n<h3>Anodisointi ty\u00f6paja<\/h3>\n<p><img decoding=\"async\" src=\"\/wp-content\/uploads\/factory-10.webp\"\/><\/p>\n<h3>Syv\u00e4k\u00e4sittelyn ty\u00f6paja<\/h3>\n<p><img decoding=\"async\" src=\"\/wp-content\/uploads\/factory-11.webp\"\/><\/p>\n<h3>CNC-tarkkuuskoneistus ty\u00f6paja<\/h3>\n<p><img decoding=\"async\" src=\"\/wp-content\/uploads\/factory-11.5.webp\"\/><\/p>\n<h3>Valmiiden tuotteiden ja vientivarasto<\/h3>\n<p><img decoding=\"async\" src=\"\/wp-content\/uploads\/factory-12.webp\"\/><\/p>\n<p><img decoding=\"async\" src=\"\/wp-content\/uploads\/factory-13.webp\"\/><\/p>\n<p><img decoding=\"async\" src=\"\/wp-content\/uploads\/factory-14.webp\"\/><\/p>\n<h2>FAQ<\/h2>\n<p><p><b>1.What ovat Customize suulakepuristettua alumiinia kanavaprofiilit? <\/b><\/p>\n<p> N\u00e4m\u00e4 ovat mittatilausty\u00f6n\u00e4 suunniteltuja alumiinikanavia, jotka puristetaan tiettyihin mittoihin, muotoihin ja pintoihin, jotka soveltuvat erilaisiin teollisiin ja rakenteellisiin k\u00e4ytt\u00f6tarkoituksiin.<br \/>\n<\/p><br \/>\n<br \/>\n<p><b>2.Miksi valita alumiini r\u00e4\u00e4t\u00e4l\u00f6ityihin kanavaprofiileihin? <\/b><\/p>\n<p> Alumiini tarjoaa lujuutta, keveytt\u00e4, korroosionkest\u00e4vyytt\u00e4 ja monik\u00e4ytt\u00f6isyytt\u00e4, joten se sopii monenlaisiin sovelluksiin.<br \/>\n<\/p><br \/>\n<br \/>\n<p><b>3.Voiko n\u00e4it\u00e4 kanavia mukauttaa? <\/b><\/p>\n<p> Kyll\u00e4, ne voidaan r\u00e4\u00e4t\u00e4l\u00f6id\u00e4 mittojen, profiilin muodon, viimeistelyn ja metalliseoksen osalta t\u00e4sm\u00e4llisten projektieritelmien mukaisesti.<br \/>\n<\/p><br \/>\n<br \/>\n<p><b>4.Mit\u00e4 pintak\u00e4sittelyj\u00e4 alumiinikanaviin on saatavana? <\/b><\/p>\n<p> Yleisi\u00e4 pintak\u00e4sittelyj\u00e4 ovat anodisointi, jauhemaalaus ja jyrsint\u00e4k\u00e4sittely, jotka tarjoavat sek\u00e4 esteettist\u00e4 vetovoimaa ett\u00e4 korroosionkest\u00e4vyytt\u00e4.<br \/>\n<\/p><br \/>\n<br \/>\n<p><b>5.Mitk\u00e4 teollisuudenalat k\u00e4ytt\u00e4v\u00e4t r\u00e4\u00e4t\u00e4l\u00f6ityj\u00e4 alumiinikanavia? <\/b><\/p>\n<p> R\u00e4\u00e4t\u00e4l\u00f6ityj\u00e4 alumiinikanavia k\u00e4ytet\u00e4\u00e4n esimerkiksi rakennus-, auto-, elektroniikka- ja valmistusteollisuudessa kehyst\u00e4miseen, kokoonpanoon ja tukij\u00e4rjestelmiin.<br \/>\n<\/p><br \/>\n<br \/>\n<p><b>6.Ovatko alumiinikanavat korroosionkest\u00e4vi\u00e4? <\/b><\/p>\n<p> Alumiini on luonnostaan korroosionkest\u00e4v\u00e4\u00e4, ja pintak\u00e4sittelyt, kuten anodisointi tai jauhemaalaus, parantavat sen kest\u00e4vyytt\u00e4.<br \/>\n<\/p><br \/>\n<br \/>\n<p><b>7.Kuinka helppoa n\u00e4iden kanavien asentaminen on? <\/b><\/p>\n<p> R\u00e4\u00e4t\u00e4l\u00f6idyt alumiinikanavat ovat kevyit\u00e4 ja helppoja ty\u00f6st\u00e4\u00e4, mik\u00e4 nopeuttaa asennusta tavallisilla ty\u00f6kaluilla.<br \/>\n<\/p><br \/>\n<br \/>\n<p><b>8.Mitk\u00e4 sovellukset soveltuvat n\u00e4ille kanaville? <\/b><\/p>\n<p> N\u00e4m\u00e4 kanavat sopivat erinomaisesti kaapelinhallintaan, kehysj\u00e4rjestelmiin, koneiden tuentoihin ja kaikkiin sovelluksiin, joissa tarvitaan tukevaa, mukautettavaa ratkaisua.<br \/>\n<\/p><br \/><\/p>","protected":false},"featured_media":7449,"template":"","categories":[67],"class_list":["post-7450","product","type-product","status-publish","has-post-thumbnail","hentry","category-architectural-aluminium-profile"],"meta_box":{"hilight_text_group":{"product_hilight_text":"<li>Customizable aluminum channels designed to fit specific project dimensions and needs.<\/li>\r\r\n<li>Strong, durable construction ideal for industrial, architectural, and structural applications.<\/li>\r\r\n<li>Corrosion-resistant finishes provide long-lasting performance in harsh environments.<\/li>\r\r\n<li>Lightweight and easy to fabricate, reducing installation time and cost.<\/li>\r\r\n<li>Available in various profiles, including U-channel, T-channel, and more.<\/li>\r\r\n<li>Perfect for cable management, framing systems, and assembly applications.<\/li>","product_chanpin_blog":"<ul>\r\r\n<li><a href=\"https:\/\/sinoextrud.com\/t-slot-v-slot-differences\/\" target=\"_blank\">t slot vs v slot<\/a><\/li>\r\r\n<li><a href=\"https:\/\/sinoextrud.com\/what-is-4040-aluminium-extrud\/\" target=\"_blank\">4040 aluminium extrusion<\/a><\/li>\r\r\n<li><a href=\"https:\/\/sinoextrud.com\/what-is-4040-aluminium-extrud\/\" target=\"_blank\">aluminum extrusions for industrial racks<\/a><\/li>\r\r\n<li><a href=\"https:\/\/sinoextrud.com\/powder-coating-aluminium-process\/\" target=\"_blank\">powder coating aluminium<\/a><\/li>\r\r\n<li><a href=\"https:\/\/sinoextrud.com\/what-is-an-aluminium-strip-ceiling\/\" target=\"_blank\">aluminium strip ceiling<\/a><\/li>\r\r\n<li><a href=\"https:\/\/sinoextrud.com\/what-is-a-heat-sink\/\" target=\"_blank\">what is a heat sink<\/a><\/li>\r\r\n<\/ul>","product_chanpin_chanpin":"<li><a href=\"https:\/\/sinoextrud.com\/product\/architectural-aluminium-profiles\/\" target=\"_blank\">Architectural Aluminium Profiles<\/a><\/li>\r\n<li><a href=\"https:\/\/sinoextrud.com\/product\/anodized-aluminum-handrail\/\" target=\"_blank\">Anodized Aluminum Handrail<\/a><\/li>\r\n<li><a href=\"https:\/\/sinoextrud.com\/product\/anodized-aluminum-railing-systems\/\" target=\"_blank\">Anodized Aluminum Railing Systems<\/a><\/li>\r\n<li><a href=\"https:\/\/sinoextrud.com\/product\/customize-extruded-aluminium-shower-profiles\/\" target=\"_blank\">Customize Extruded Aluminium Shower Profiles<\/a><\/li>\r\n<li><a href=\"https:\/\/sinoextrud.com\/product\/customize-extruded-aluminum-channel-profiles\/\" target=\"_blank\">Customize Extruded Aluminum Channel Profiles<\/a><\/li>\r\n<li><a href=\"https:\/\/sinoextrud.com\/product\/extruded-aluminum-enclosure-case\/\" target=\"_blank\">Extruded Aluminum Enclosure Case<\/a><\/li>\r\n<li><a href=\"https:\/\/sinoextrud.com\/product\/flat-aluminum-extrusions\/\" target=\"_blank\">Flat Aluminum Extrusions<\/a><\/li>\r\n<li><a href=\"https:\/\/sinoextrud.com\/product\/factory-offer-6061-aluminum-railing-profiles\/\" target=\"_blank\">Factory Offer 6061 Aluminum Railing Profiles<\/a><\/li>\r\n<li><a href=\"https:\/\/sinoextrud.com\/product\/coated-treatment-aluminium-extrusion\/\" target=\"_blank\">Coated Treatment Aluminium Extrusion<\/a><\/li>\r\n<li><a href=\"https:\/\/sinoextrud.com\/product\/3003-round-aluminum-tube-extrusion-in-stock\/\" target=\"_blank\">3003 Round Aluminum Tube Extrusion In Stock<\/a><\/li>\r\n<li><a href=\"https:\/\/sinoextrud.com\/product\/aluminum-panel-outlet-socket\/\" target=\"_blank\">Aluminum Panel Outlet Socket<\/a><\/li>"},"feature_list":[]},"_links":{"self":[{"href":"https:\/\/sinoextrud.com\/fi\/wp-json\/wp\/v2\/product\/7450","targetHints":{"allow":["GET"]}}],"collection":[{"href":"https:\/\/sinoextrud.com\/fi\/wp-json\/wp\/v2\/product"}],"about":[{"href":"https:\/\/sinoextrud.com\/fi\/wp-json\/wp\/v2\/types\/product"}],"wp:featuredmedia":[{"embeddable":true,"href":"https:\/\/sinoextrud.com\/fi\/wp-json\/wp\/v2\/media\/7449"}],"wp:attachment":[{"href":"https:\/\/sinoextrud.com\/fi\/wp-json\/wp\/v2\/media?parent=7450"}],"wp:term":[{"taxonomy":"category","embeddable":true,"href":"https:\/\/sinoextrud.com\/fi\/wp-json\/wp\/v2\/categories?post=7450"}],"curies":[{"name":"wp","href":"https:\/\/api.w.org\/{rel}","templated":true}]}}