{"id":7442,"date":"2025-06-07T07:25:57","date_gmt":"2025-06-07T07:25:57","guid":{"rendered":"https:\/\/sinoextrud.com\/product\/architectural-aluminium-profiles\/"},"modified":"2025-06-24T06:12:49","modified_gmt":"2025-06-24T06:12:49","slug":"arkkitehtoniset-alumiiniprofiilit","status":"publish","type":"product","link":"https:\/\/sinoextrud.com\/fi\/product\/architectural-aluminium-profiles\/","title":{"rendered":"Arkkitehtoniset alumiiniprofiilit"},"content":{"rendered":"<h2>Tuotteiden tiedot<\/h2>\n<table class=\"custom-table\">\n<tbody>\n<tr>\n<td> Malli NO.:<\/td>\n<td> TL 800 (arkkitehtoniset alumiiniprofiilit)<\/td>\n<\/tr>\n<tr>\n<td> Sovellus:<\/td>\n<td> alumiini-ikkunoiden osien nimet<\/td>\n<\/tr>\n<tr>\n<td> Luokka:<\/td>\n<td> 6000-sarja<\/td>\n<\/tr>\n<tr>\n<td> Tekniikka:<\/td>\n<td> Puristetut alumiiniprofiilit ja tarvikkeet<\/td>\n<\/tr>\n<tr>\n<td> Temperamentti:<\/td>\n<td> T3 - T8<\/td>\n<\/tr>\n<tr>\n<td> Koot:<\/td>\n<td> Se voisi mukauttaa kuin tarjotaan Design<\/td>\n<\/tr>\n<tr>\n<td> Koneistuspalvelut:<\/td>\n<td> Poraus, kierteitys, niittaus, kokoonpano jne.<\/td>\n<\/tr>\n<tr>\n<td> Tavaramerkki:<\/td>\n<td> N\/A.<\/td>\n<\/tr>\n<tr>\n<td> Alkuper\u00e4:<\/td>\n<td> Guangdong<\/td>\n<\/tr>\n<tr>\n<td> Tyyppi:<\/td>\n<td> Alumiiniprofiilit rakastaja<\/td>\n<\/tr>\n<tr>\n<td> Muoto:<\/td>\n<td> Valmistettu asiakkaiden suunnittelemana<\/td>\n<\/tr>\n<tr>\n<td> Pintak\u00e4sittely:<\/td>\n<td> puunjyv\u00e4<\/td>\n<\/tr>\n<tr>\n<td> Seos:<\/td>\n<td> Metalliseos<\/td>\n<\/tr>\n<tr>\n<td> Sertifiointi:<\/td>\n<td> ISO, RoHS<\/td>\n<\/tr>\n<tr>\n<td> Pituus:<\/td>\n<td> Se voi leikata erityistarpeita<\/td>\n<\/tr>\n<tr>\n<td> V\u00e4rit:<\/td>\n<td> Valmistettu kuten toimitettu V\u00e4ri Numero<\/td>\n<\/tr>\n<tr>\n<td> Tekniset tiedot:<\/td>\n<td> SGS, Rohs, ISO<\/td>\n<\/tr>\n<tr>\n<td> HS-koodi:<\/td>\n<td> 76042990<\/td>\n<\/tr>\n<\/tbody>\n<\/table>\n<h2>Tuotantopohjamme<\/h2>\n<h3>Tehtaan panoraama<\/h3>\n<p><img decoding=\"async\" src=\"\/wp-content\/uploads\/factory-01.webp\"\/><\/p>\n<h3>Alumiini Bar Manufacturing Workshop<\/h3>\n<p><img decoding=\"async\" src=\"\/wp-content\/uploads\/factory-02.webp\"\/><\/p>\n<p><img decoding=\"async\" src=\"\/wp-content\/uploads\/factory-03.webp\"\/><\/p>\n<h3>Muotin varastointi Varasto<\/h3>\n<p><img decoding=\"async\" src=\"\/wp-content\/uploads\/factory-04.webp\"\/><\/p>\n<h3>43 Alumiini ekstruusiolinjat (500\u00e2 5500 tonnia)<\/h3>\n<p><img decoding=\"async\" src=\"\/wp-content\/uploads\/factory-05.webp\"\/><\/p>\n<p><img decoding=\"async\" src=\"\/wp-content\/uploads\/factory-06.webp\"\/><\/p>\n<p><img decoding=\"async\" src=\"\/wp-content\/uploads\/factory-07.webp\"\/><\/p>\n<h3>Jauhemaalaus ty\u00f6paja<\/h3>\n<p><img decoding=\"async\" src=\"\/wp-content\/uploads\/factory-09.webp\"\/><\/p>\n<h3>Anodisointi ty\u00f6paja<\/h3>\n<p><img decoding=\"async\" src=\"\/wp-content\/uploads\/factory-10.webp\"\/><\/p>\n<h3>Syv\u00e4k\u00e4sittelyn ty\u00f6paja<\/h3>\n<p><img decoding=\"async\" src=\"\/wp-content\/uploads\/factory-11.webp\"\/><\/p>\n<h3>CNC-tarkkuuskoneistus ty\u00f6paja<\/h3>\n<p><img decoding=\"async\" src=\"\/wp-content\/uploads\/factory-11.5.webp\"\/><\/p>\n<h3>Valmiiden tuotteiden ja vientivarasto<\/h3>\n<p><img decoding=\"async\" src=\"\/wp-content\/uploads\/factory-12.webp\"\/><\/p>\n<p><img decoding=\"async\" src=\"\/wp-content\/uploads\/factory-13.webp\"\/><\/p>\n<p><img decoding=\"async\" src=\"\/wp-content\/uploads\/factory-14.webp\"\/><\/p>\n<h2>FAQ<\/h2>\n<p><p><b>1.What ovat arkkitehtoniset alumiiniprofiilit? <\/b><\/p>\n<p> Arkkitehtoniset alumiiniprofiilit ovat tarkkuuspuristettuja alumiinikomponentteja, jotka on suunniteltu k\u00e4ytett\u00e4v\u00e4ksi rakennusten julkisivuissa, verhoseiniss\u00e4, ikkunoissa ja koristej\u00e4rjestelmiss\u00e4.<br \/>\n<\/p><br \/>\n<br \/>\n<p><b>2.Why k\u00e4ytt\u00e4\u00e4 alumiinia arkkitehtonisessa suunnittelussa? <\/b><\/p>\n<p> Alumiini on kevytt\u00e4, vahvaa, korroosionkest\u00e4v\u00e4\u00e4 ja tukee erilaisia pintak\u00e4sittelyj\u00e4, joten se sopii erinomaisesti nykyaikaisiin arkkitehtonisiin sovelluksiin.<br \/>\n<\/p><br \/>\n<br \/>\n<p><b>3.Voiko profiileja mukauttaa? <\/b><\/p>\n<p> Kyll\u00e4, arkkitehtoniset alumiiniprofiilit voidaan r\u00e4\u00e4t\u00e4l\u00f6id\u00e4 muodon, koon, pintak\u00e4sittelyn ja paksuuden osalta projektikohtaisten suunnittelu- ja rakennevaatimusten mukaisesti.<br \/>\n<\/p><br \/>\n<br \/>\n<p><b>4.Mit\u00e4 pintak\u00e4sittelyj\u00e4 on saatavilla? <\/b><\/p>\n<p> Vaihtoehtoina ovat anodisointi, jauhemaalaus, PVDF ja puunsuikaleet, jotka sopivat sek\u00e4 toiminnallisiin ett\u00e4 esteettisiin tavoitteisiin.<br \/>\n<\/p><br \/>\n<br \/>\n<p><b>5.Ovatko alumiiniprofiilit s\u00e4\u00e4nkest\u00e4vi\u00e4? <\/b><\/p>\n<p> Alumiiniprofiilit, joissa on asianmukainen pintak\u00e4sittely, kest\u00e4v\u00e4t eritt\u00e4in hyvin UV-s\u00e4teily\u00e4, kosteutta ja saastumista, ja ne soveltuvat kaikkiin ilmasto-olosuhteisiin.<br \/>\n<\/p><br \/>\n<br \/>\n<p><b>6.Is alumiini ymp\u00e4rist\u00f6yst\u00e4v\u00e4llinen? <\/b><\/p>\n<p> Kyll\u00e4, alumiini on 100%-kierr\u00e4tett\u00e4v\u00e4\u00e4, ja se edist\u00e4\u00e4 vihreiden rakennusten, kuten LEED- ja BREEAM-sertifiointeja.<br \/>\n<\/p><br \/>\n<br \/>\n<p><b>7.Miten n\u00e4m\u00e4 profiilit asennetaan? <\/b><\/p>\n<p> Arkkitehtoniset alumiiniprofiilit ovat yhteensopivia erilaisten runkoj\u00e4rjestelmien kanssa, ja ne voidaan asentaa helposti k\u00e4ytt\u00e4m\u00e4ll\u00e4 kiinnikkeit\u00e4, klipsej\u00e4 tai piilokiinnikkeit\u00e4.<br \/>\n<\/p><br \/>\n<br \/>\n<p><b>8.Mitk\u00e4 ovat arkkitehtonisten alumiiniprofiilien tyypillisi\u00e4 k\u00e4ytt\u00f6kohteita? <\/b><\/p>\n<p> Yleisi\u00e4 k\u00e4ytt\u00f6kohteita ovat julkisivuverhoukset, ikkunankehykset, kaiteet, s\u00e4leik\u00f6t, aurinkovarjot ja v\u00e4lisein\u00e4j\u00e4rjestelm\u00e4t liike- ja asuinrakennuksissa.<br \/>\n<\/p><br \/><\/p>","protected":false},"featured_media":7441,"template":"","categories":[67],"class_list":["post-7442","product","type-product","status-publish","has-post-thumbnail","hentry","category-architectural-aluminium-profile"],"meta_box":{"hilight_text_group":{"product_hilight_text":"<li>High-strength aluminum provides structural stability for architectural applications.<\/li>\r\r\n<li>Corrosion-resistant finishes ensure long-lasting performance in outdoor environments.<\/li>\r\r\n<li>Customizable profiles to fit modern and complex architectural designs.<\/li>\r\r\n<li>Lightweight material reduces construction load and simplifies installation.<\/li>\r\r\n<li>Supports anodizing, powder coating, and wood grain finishes for aesthetic flexibility.<\/li>\r\r\n<li>Suitable for facades, curtain walls, partitions, windows, and decorative systems.<\/li>","product_chanpin_blog":"<ul>\r\r\n<li><a href=\"https:\/\/sinoextrud.com\/t-slot-v-slot-differences\/\" target=\"_blank\">t slot vs v slot<\/a><\/li>\r\r\n<li><a href=\"https:\/\/sinoextrud.com\/what-is-4040-aluminium-extrud\/\" target=\"_blank\">4040 aluminium extrusion<\/a><\/li>\r\r\n<li><a href=\"https:\/\/sinoextrud.com\/what-is-4040-aluminium-extrud\/\" target=\"_blank\">aluminum extrusions for industrial racks<\/a><\/li>\r\r\n<li><a href=\"https:\/\/sinoextrud.com\/powder-coating-aluminium-process\/\" target=\"_blank\">powder coating aluminium<\/a><\/li>\r\r\n<li><a href=\"https:\/\/sinoextrud.com\/what-is-an-aluminium-strip-ceiling\/\" target=\"_blank\">aluminium strip ceiling<\/a><\/li>\r\r\n<li><a href=\"https:\/\/sinoextrud.com\/what-is-a-heat-sink\/\" target=\"_blank\">what is a heat sink<\/a><\/li>\r\r\n<\/ul>","product_chanpin_chanpin":"<li><a href=\"https:\/\/sinoextrud.com\/product\/customized-aluminum-alloy-housing-grow-light\/\" target=\"_blank\">Customized Aluminum Alloy Housing Grow Light<\/a><\/li>\r\n<li><a href=\"https:\/\/sinoextrud.com\/product\/extruded-aluminum-interlocking-plank-floor\/\" target=\"_blank\">Extruded Aluminum Interlocking Plank Floor<\/a><\/li>\r\n<li><a href=\"https:\/\/sinoextrud.com\/product\/anodized-brushed-black-extruded-frame-profile\/\" target=\"_blank\">Anodized Brushed Black Extruded Frame Profile<\/a><\/li>\r\n<li><a href=\"https:\/\/sinoextrud.com\/product\/precision-cnc-machining-industrial-profile\/\" target=\"_blank\">Precision CNC Machining Industrial Profile<\/a><\/li>\r\n<li><a href=\"https:\/\/sinoextrud.com\/product\/architectural-aluminium-profiles\/\" target=\"_blank\">Architectural Aluminium Profiles<\/a><\/li>\r\n<li><a href=\"https:\/\/sinoextrud.com\/product\/anodized-aluminum-handrail\/\" target=\"_blank\">Anodized Aluminum Handrail<\/a><\/li>\r\n<li><a href=\"https:\/\/sinoextrud.com\/product\/anodized-aluminum-railing-systems\/\" target=\"_blank\">Anodized Aluminum Railing Systems<\/a><\/li>\r\n<li><a href=\"https:\/\/sinoextrud.com\/product\/customize-extruded-aluminium-shower-profiles\/\" target=\"_blank\">Customize Extruded Aluminium Shower Profiles<\/a><\/li>\r\n<li><a href=\"https:\/\/sinoextrud.com\/product\/customize-extruded-aluminum-channel-profiles\/\" target=\"_blank\">Customize Extruded Aluminum Channel Profiles<\/a><\/li>\r\n<li><a href=\"https:\/\/sinoextrud.com\/product\/extruded-aluminum-bar\/\" target=\"_blank\">Extruded Aluminum Bar<\/a><\/li>\r\n<li><a href=\"https:\/\/sinoextrud.com\/product\/g-shaped-linear-ceiling-system\/\" target=\"_blank\">G-Shaped Linear Ceiling System<\/a><\/li>"},"feature_list":[]},"_links":{"self":[{"href":"https:\/\/sinoextrud.com\/fi\/wp-json\/wp\/v2\/product\/7442","targetHints":{"allow":["GET"]}}],"collection":[{"href":"https:\/\/sinoextrud.com\/fi\/wp-json\/wp\/v2\/product"}],"about":[{"href":"https:\/\/sinoextrud.com\/fi\/wp-json\/wp\/v2\/types\/product"}],"wp:featuredmedia":[{"embeddable":true,"href":"https:\/\/sinoextrud.com\/fi\/wp-json\/wp\/v2\/media\/7441"}],"wp:attachment":[{"href":"https:\/\/sinoextrud.com\/fi\/wp-json\/wp\/v2\/media?parent=7442"}],"wp:term":[{"taxonomy":"category","embeddable":true,"href":"https:\/\/sinoextrud.com\/fi\/wp-json\/wp\/v2\/categories?post=7442"}],"curies":[{"name":"wp","href":"https:\/\/api.w.org\/{rel}","templated":true}]}}