{"id":7430,"date":"2025-06-07T07:17:35","date_gmt":"2025-06-07T07:17:35","guid":{"rendered":"https:\/\/sinoextrud.com\/product\/l-aluminum-profile-for-glass-railing\/"},"modified":"2025-06-24T06:12:48","modified_gmt":"2025-06-24T06:12:48","slug":"l-alumiiniprofiili-lasikaiteeseen","status":"publish","type":"product","link":"https:\/\/sinoextrud.com\/fi\/product\/l-aluminum-profile-for-glass-railing\/","title":{"rendered":"L Alumiiniprofiili lasi kaide"},"content":{"rendered":"<h2>Tuotteiden tiedot<\/h2>\n<table class=\"custom-table\">\n<tbody>\n<tr>\n<td> Tuotteen nimi<\/td>\n<td> L Alumiiniprofiili lasi kaide<\/td>\n<\/tr>\n<tr>\n<td> Materiaali<\/td>\n<td> 6063-T5, muu mukautettu materiaali hyv\u00e4ksytty<\/td>\n<\/tr>\n<tr>\n<td> Muoto&amp;Koko<\/td>\n<td> Asiakkaiden vaatimusten mukaisesti<\/td>\n<\/tr>\n<tr>\n<td> Paksuus<\/td>\n<td> Yli 0,7 mm<\/td>\n<\/tr>\n<tr>\n<td> Pituus<\/td>\n<td> Normaalisti 1-9M, erikoispituus saatavilla<\/td>\n<\/tr>\n<tr>\n<td> Tyypilliset sovellukset<\/td>\n<td> N\u00e4yttelytila, aita, suojapalkki jne.<\/td>\n<\/tr>\n<tr>\n<td> Mukautettu tyyppi<\/td>\n<td> Asiakkaan toimittama piirustus tai n\u00e4yte<\/td>\n<\/tr>\n<tr>\n<td> Syv\u00e4 prosessi<\/td>\n<td> CNC-jyrsint\u00e4, poraus, l\u00e4vistys, poraus, napauttaminen, taivutus, hitsaus jne.<\/td>\n<\/tr>\n<tr>\n<td> Merkki<\/td>\n<td> Sinoextrud, Sinoextrud,, r\u00e4\u00e4t\u00e4l\u00f6ity tavaramerkki avalaibleble.<\/td>\n<\/tr>\n<tr>\n<td> Pintak\u00e4sittely<\/td>\n<td> Mill viimeistelty, puunjyv\u00e4, anodisoitu, jauhemaalattu jne.<\/td>\n<\/tr>\n<tr>\n<td> V\u00e4ri<\/td>\n<td> Hopea, musta, samppanja jne.<\/td>\n<\/tr>\n<tr>\n<td> MOQ<\/td>\n<td> 200KGs riippuu erilaisesta pintak\u00e4sittelyst\u00e4<\/td>\n<\/tr>\n<tr>\n<td> Laatustandardi<\/td>\n<td> Korkea laatutaso<\/td>\n<\/tr>\n<tr>\n<td> Todistukset<\/td>\n<td> ISO9001, ISO4001, CQM, SGS, CE, BV jne.<\/td>\n<\/tr>\n<tr>\n<td> Kapasiteetti<\/td>\n<td> 3000 tonnia kuukaudessa<\/td>\n<\/tr>\n<tr>\n<td> Alkuper\u00e4paikka<\/td>\n<td> Guangdong,Kiina<\/td>\n<\/tr>\n<tr>\n<td> Yrityksen historia<\/td>\n<td> Vuodesta 1993<\/td>\n<\/tr>\n<\/tbody>\n<\/table>\n<h2>Tuotantopohjamme<\/h2>\n<h3>Tehtaan panoraama<\/h3>\n<p><img decoding=\"async\" src=\"\/wp-content\/uploads\/factory-01.webp\"\/><\/p>\n<h3>Alumiini Bar Manufacturing Workshop<\/h3>\n<p><img decoding=\"async\" src=\"\/wp-content\/uploads\/factory-02.webp\"\/><\/p>\n<p><img decoding=\"async\" src=\"\/wp-content\/uploads\/factory-03.webp\"\/><\/p>\n<h3>Muotin varastointi Varasto<\/h3>\n<p><img decoding=\"async\" src=\"\/wp-content\/uploads\/factory-04.webp\"\/><\/p>\n<h3>43 alumiinin ekstruusiolinjat (500-5500 tonnia)<\/h3>\n<p><img decoding=\"async\" src=\"\/wp-content\/uploads\/factory-05.webp\"\/><\/p>\n<p><img decoding=\"async\" src=\"\/wp-content\/uploads\/factory-06.webp\"\/><\/p>\n<p><img decoding=\"async\" src=\"\/wp-content\/uploads\/factory-07.webp\"\/><\/p>\n<h3>Jauhemaalaus ty\u00f6paja<\/h3>\n<p><img decoding=\"async\" src=\"\/wp-content\/uploads\/factory-09.webp\"\/><\/p>\n<h3>Anodisointi ty\u00f6paja<\/h3>\n<p><img decoding=\"async\" src=\"\/wp-content\/uploads\/factory-10.webp\"\/><\/p>\n<h3>Syv\u00e4k\u00e4sittelyn ty\u00f6paja<\/h3>\n<p><img decoding=\"async\" src=\"\/wp-content\/uploads\/factory-11.webp\"\/><\/p>\n<h3>CNC-tarkkuuskoneistus ty\u00f6paja<\/h3>\n<p><img decoding=\"async\" src=\"\/wp-content\/uploads\/factory-11.5.webp\"\/><\/p>\n<h3>Valmiiden tuotteiden ja vientivarasto<\/h3>\n<p><img decoding=\"async\" src=\"\/wp-content\/uploads\/factory-12.webp\"\/><\/p>\n<p><img decoding=\"async\" src=\"\/wp-content\/uploads\/factory-13.webp\"\/><\/p>\n<p><img decoding=\"async\" src=\"\/wp-content\/uploads\/factory-14.webp\"\/><\/p>\n<h2>FAQ<\/h2>\n<p><p><b>1.Mik\u00e4 on L-alumiiniprofiili lasikaiteelle?<\/b><\/p>\n<p>Se on L-muotoinen suulakepuristettu alumiiniprofiili, jota k\u00e4ytet\u00e4\u00e4n kaidej\u00e4rjestelmien lasipaneelien tukemiseen turvallisesti.<br \/>\n<\/p><br \/>\n<br \/>\n<p><b>2.Miksi valita L-muotoinen profiili lasikaiteeseen?<\/b><\/p>\n<p>L-muoto tarjoaa vakaan rakenteellisen tuen, helpon asennuksen ja selke\u00e4n modernin ulkon\u00e4\u00f6n kaidesovelluksiin.<br \/>\n<\/p><br \/>\n<br \/>\n<p><b>3.Onko alumiiniprofiili ruostumaton?<\/b><\/p>\n<p>Kyll\u00e4, profiili on anodisoitu tai pulverimaalattu, mik\u00e4 takaa erinomaisen korroosionkest\u00e4vyyden sis\u00e4- ja ulkoymp\u00e4rist\u00f6iss\u00e4.<br \/>\n<\/p><br \/>\n<br \/>\n<p><b>4.Can se mahtuu eri lasin paksuudet?<\/b><\/p>\n<p>Kyll\u00e4, L-alumiiniprofiili on yhteensopiva useiden lasipaksuuksien kanssa joustavien suunnitteluvaihtoehtojen ansiosta.<br \/>\n<\/p><br \/>\n<br \/>\n<p><b>5.Miss\u00e4 t\u00e4t\u00e4 profiilia tyypillisesti k\u00e4ytet\u00e4\u00e4n?<\/b><\/p>\n<p>Sit\u00e4 k\u00e4ytet\u00e4\u00e4n yleisesti parvekkeilla, portaikoissa, terasseilla, liikerakennuksissa ja korkeatasoisissa asuinrakennuksissa.<br \/>\n<\/p><br \/>\n<br \/>\n<p><b>6.Onko tuote muokattavissa?<\/b><\/p>\n<p>Kyll\u00e4, voimme mukauttaa mittoja, kulmia, v\u00e4rej\u00e4 ja pintak\u00e4sittelyj\u00e4 projektin tarpeiden mukaan.<br \/>\n<\/p><br \/>\n<br \/>\n<p><b>7.Kuinka vahva L-alumiiniprofiili on?<\/b><\/p>\n<p>Se on suunniteltu kantavuutta ja iskunkest\u00e4vyytt\u00e4 varten, ja se t\u00e4ytt\u00e4\u00e4 lasikaidej\u00e4rjestelmien turvallisuusstandardit.<br \/>\n<\/p><br \/>\n<br \/>\n<p><b>8.Does se tukee kehykset\u00f6n lasi malleja?<\/b><\/p>\n<p>Kyll\u00e4, L-profiili voidaan integroida puoli- tai t\u00e4ysin kehyksett\u00f6miin lasikaidej\u00e4rjestelmiin minimalistisen ulkon\u00e4\u00f6n aikaansaamiseksi.<br \/>\n<\/p><br \/><\/p>","protected":false},"featured_media":0,"template":"","categories":[67],"class_list":["post-7430","product","type-product","status-publish","hentry","category-architectural-aluminium-profile"],"meta_box":{"hilight_text_group":{"product_hilight_text":"<li>L-shaped aluminum profile provides strong edge support for glass railing systems<\/li>\r\r\n<li>Corrosion-resistant surface for long-term outdoor and indoor applications<\/li>\r\r\n<li>Lightweight yet durable structure simplifies installation and reduces labor costs<\/li>\r\r\n<li>Modern and sleek design enhances architectural aesthetics<\/li>\r\r\n<li>Compatible with various glass thicknesses and safety standards<\/li>\r\r\n<li>Custom lengths, finishes, and angles available for tailored applications<\/li>\r\r\n<li>Ideal for balconies, staircases, and commercial railing systems<\/li>","product_chanpin_blog":"<ul>\r\r\n<li><a href=\"https:\/\/sinoextrud.com\/t-slot-v-slot-differences\/\" target=\"_blank\">t slot vs v slot<\/a><\/li>\r\r\n<li><a href=\"https:\/\/sinoextrud.com\/what-is-4040-aluminium-extrud\/\" target=\"_blank\">4040 aluminium extrusion<\/a><\/li>\r\r\n<li><a href=\"https:\/\/sinoextrud.com\/what-is-4040-aluminium-extrud\/\" target=\"_blank\">aluminum extrusions for industrial racks<\/a><\/li>\r\r\n<li><a href=\"https:\/\/sinoextrud.com\/powder-coating-aluminium-process\/\" target=\"_blank\">powder coating aluminium<\/a><\/li>\r\r\n<li><a href=\"https:\/\/sinoextrud.com\/what-is-an-aluminium-strip-ceiling\/\" target=\"_blank\">aluminium strip ceiling<\/a><\/li>\r\r\n<li><a href=\"https:\/\/sinoextrud.com\/what-is-a-heat-sink\/\" target=\"_blank\">what is a heat sink<\/a><\/li>\r\r\n<\/ul>","product_chanpin_chanpin":"<li><a href=\"https:\/\/sinoextrud.com\/product\/sound-proof-aluminum-glass-casement-windows-sliding-windows-and-doors-aluminum-profile-for-buildings-louver-system\/\" target=\"_blank\">Sound-proof Aluminum Glass Casement Windows Sliding Windows And Doors Aluminum Profile For Buildings Louver System<\/a><\/li>\r\n<li><a href=\"https:\/\/sinoextrud.com\/product\/shutter-aluminum-profile-for-window-louver-frame\/\" target=\"_blank\">Shutter Aluminum Profile For Window Louver Frame<\/a><\/li>\r\n<li><a href=\"https:\/\/sinoextrud.com\/product\/extrusion-aluminum-shutter-profile-free-mould\/\" target=\"_blank\">Extrusion Aluminum Shutter Profile Free Mould<\/a><\/li>\r\n<li><a href=\"https:\/\/sinoextrud.com\/product\/pvdf-aluminum-extrusion-curtain-wall-profile\/\" target=\"_blank\">PVDF Aluminum Extrusion Curtain Wall Profile<\/a><\/li>\r\n<li><a href=\"https:\/\/sinoextrud.com\/product\/l-aluminum-profile-for-glass-railing\/\" target=\"_blank\">L Aluminum Profile For Glass Railing<\/a><\/li>\r\n<li><a href=\"https:\/\/sinoextrud.com\/product\/bright-anodize-brushed-black-window-profile\/\" target=\"_blank\">Bright Anodize Brushed Black Window Profile<\/a><\/li>\r\n<li><a href=\"https:\/\/sinoextrud.com\/product\/customized-aluminum-alloy-housing-grow-light\/\" target=\"_blank\">Customized Aluminum Alloy Housing Grow Light<\/a><\/li>\r\n<li><a href=\"https:\/\/sinoextrud.com\/product\/extruded-aluminum-interlocking-plank-floor\/\" target=\"_blank\">Extruded Aluminum Interlocking Plank Floor<\/a><\/li>\r\n<li><a href=\"https:\/\/sinoextrud.com\/product\/anodized-brushed-black-extruded-frame-profile\/\" target=\"_blank\">Anodized Brushed Black Extruded Frame Profile<\/a><\/li>\r\n<li><a href=\"https:\/\/sinoextrud.com\/product\/large-aluminium-pipe-aluminium-pole\/\" target=\"_blank\">Large Aluminium Pipe Aluminium Pole<\/a><\/li>\r\n<li><a href=\"https:\/\/sinoextrud.com\/product\/construction-aluminum-profile\/\" target=\"_blank\">Construction Aluminum Profile<\/a><\/li>"},"feature_list":[]},"_links":{"self":[{"href":"https:\/\/sinoextrud.com\/fi\/wp-json\/wp\/v2\/product\/7430","targetHints":{"allow":["GET"]}}],"collection":[{"href":"https:\/\/sinoextrud.com\/fi\/wp-json\/wp\/v2\/product"}],"about":[{"href":"https:\/\/sinoextrud.com\/fi\/wp-json\/wp\/v2\/types\/product"}],"wp:attachment":[{"href":"https:\/\/sinoextrud.com\/fi\/wp-json\/wp\/v2\/media?parent=7430"}],"wp:term":[{"taxonomy":"category","embeddable":true,"href":"https:\/\/sinoextrud.com\/fi\/wp-json\/wp\/v2\/categories?post=7430"}],"curies":[{"name":"wp","href":"https:\/\/api.w.org\/{rel}","templated":true}]}}