{"id":7428,"date":"2025-06-07T07:10:33","date_gmt":"2025-06-07T07:10:33","guid":{"rendered":"https:\/\/sinoextrud.com\/product\/pvdf-aluminum-extrusion-curtain-wall-profile\/"},"modified":"2025-06-24T06:12:47","modified_gmt":"2025-06-24T06:12:47","slug":"pvdf-alumiini-suulakepuristus-verho-seinaprofiili","status":"publish","type":"product","link":"https:\/\/sinoextrud.com\/fi\/product\/pvdf-aluminum-extrusion-curtain-wall-profile\/","title":{"rendered":"PVDF alumiini suulakepuristus Curtain Wall Profile"},"content":{"rendered":"<h2>Tuotteiden tiedot<\/h2>\n<table class=\"custom-table\">\n<tbody>\n<tr>\n<td> Otsikko<\/td>\n<td> pvdf alumiini suulakepuristus verho sein\u00e4profiili<\/td>\n<\/tr>\n<tr>\n<td> Materiaali<\/td>\n<td> Alumiiniseos (6063, 6061, 6463, 6005, 6082)<\/td>\n<\/tr>\n<tr>\n<td> Temper<\/td>\n<td> T5<\/td>\n<\/tr>\n<tr>\n<td> Koko<\/td>\n<td> Ratatyyppi, piirustuksen mukaan<\/td>\n<\/tr>\n<tr>\n<td> Pintak\u00e4sittely<\/td>\n<td> Anodisoitu, hiekkapuhallettu, kiillotus, elektroforeesi, tehopinnoiteVoimapinnoite ja PVDF ovat yleisi\u00e4 alumiinipuristemuovissa k\u00e4ytettyj\u00e4 verhosein\u00e4profiileja.<\/td>\n<\/tr>\n<tr>\n<td> V\u00e4ri<\/td>\n<td> R\u00e4\u00e4t\u00e4l\u00f6ity on saatavilla<\/td>\n<\/tr>\n<tr>\n<td> Todistus<\/td>\n<td> TUV, ASTM, GB<\/td>\n<\/tr>\n<tr>\n<td> Osoitteesta<\/td>\n<td> Guangdong, Kiina<\/td>\n<\/tr>\n<\/tbody>\n<\/table>\n<h2>Tuotantopohjamme<\/h2>\n<h3>Tehtaan panoraama<\/h3>\n<p><img decoding=\"async\" src=\"\/wp-content\/uploads\/factory-01.webp\"\/><\/p>\n<h3>Alumiini Bar Manufacturing Workshop<\/h3>\n<p><img decoding=\"async\" src=\"\/wp-content\/uploads\/factory-02.webp\"\/><\/p>\n<p><img decoding=\"async\" src=\"\/wp-content\/uploads\/factory-03.webp\"\/><\/p>\n<h3>Muotin varastointi Varasto<\/h3>\n<p><img decoding=\"async\" src=\"\/wp-content\/uploads\/factory-04.webp\"\/><\/p>\n<h3>43 alumiinin ekstruusiolinjat (500-5500 tonnia)<\/h3>\n<p><img decoding=\"async\" src=\"\/wp-content\/uploads\/factory-05.webp\"\/><\/p>\n<p><img decoding=\"async\" src=\"\/wp-content\/uploads\/factory-06.webp\"\/><\/p>\n<p><img decoding=\"async\" src=\"\/wp-content\/uploads\/factory-07.webp\"\/><\/p>\n<h3>Jauhemaalaus ty\u00f6paja<\/h3>\n<p><img decoding=\"async\" src=\"\/wp-content\/uploads\/factory-09.webp\"\/><\/p>\n<h3>Anodisointi ty\u00f6paja<\/h3>\n<p><img decoding=\"async\" src=\"\/wp-content\/uploads\/factory-10.webp\"\/><\/p>\n<h3>Syv\u00e4k\u00e4sittelyn ty\u00f6paja<\/h3>\n<p><img decoding=\"async\" src=\"\/wp-content\/uploads\/factory-11.webp\"\/><\/p>\n<h3>CNC-tarkkuuskoneistus ty\u00f6paja<\/h3>\n<p><img decoding=\"async\" src=\"\/wp-content\/uploads\/factory-11.5.webp\"\/><\/p>\n<h3>Valmiiden tuotteiden ja vientivarasto<\/h3>\n<p><img decoding=\"async\" src=\"\/wp-content\/uploads\/factory-12.webp\"\/><\/p>\n<p><img decoding=\"async\" src=\"\/wp-content\/uploads\/factory-13.webp\"\/><\/p>\n<p><img decoding=\"async\" src=\"\/wp-content\/uploads\/factory-14.webp\"\/><\/p>\n<h2>FAQ<\/h2>\n<p><p><b>1.Mik\u00e4 on PVDF-alumiiniextruusion verhosein\u00e4profiili?<\/b><\/p>\n<p>Se on PVDF:ll\u00e4 (polyvinyylideenifluoridilla) p\u00e4\u00e4llystetty alumiiniprofiili, joka on tarkoitettu k\u00e4ytett\u00e4v\u00e4ksi verhosein\u00e4j\u00e4rjestelmiss\u00e4 ja joka on eritt\u00e4in kest\u00e4v\u00e4 ja s\u00e4\u00e4nkest\u00e4v\u00e4.<br \/>\n<\/p><br \/>\n<br \/>\n<p><b>2.Miksi valita PVDF-pinnoitettu alumiini verhoseiniin?<\/b><\/p>\n<p>PVDF-pinnoite kest\u00e4\u00e4 erinomaisesti UV-s\u00e4teit\u00e4, korroosiota ja \u00e4\u00e4rimm\u00e4isi\u00e4 s\u00e4\u00e4olosuhteita, joten se on ihanteellinen pitk\u00e4aikaisiin ulkok\u00e4ytt\u00f6ihin.<br \/>\n<\/p><br \/>\n<br \/>\n<p><b>3.Kuinka kauan PVDF-pinnoite kest\u00e4\u00e4 alumiinisilla verhoseinill\u00e4?<\/b><\/p>\n<p>PVDF-pinnoitteet voivat kest\u00e4\u00e4 20-30 vuotta ilman merkitt\u00e4v\u00e4\u00e4 haalistumista, liituuntumista tai kuoriutumista jopa ankarissa ilmasto-olosuhteissa.<br \/>\n<\/p><br \/>\n<br \/>\n<p><b>4.Soveltuvatko PVDF-alumiiniprofiilit korkeisiin rakennuksiin?<\/b><\/p>\n<p>Kyll\u00e4, ne ovat vahvoja, kevyit\u00e4 ja t\u00e4ytt\u00e4v\u00e4t nykyaikaisilta korkeiden rakennusten julkisivuj\u00e4rjestelmilt\u00e4 vaadittavat suorituskykyvaatimukset.<br \/>\n<\/p><br \/>\n<br \/>\n<p><b>5.Can alumiini verho sein\u00e4profiili voidaan r\u00e4\u00e4t\u00e4l\u00f6id\u00e4?<\/b><\/p>\n<p>Kyll\u00e4, tarjoamme r\u00e4\u00e4t\u00e4l\u00f6inti\u00e4 profiilin muodon, koon, viimeistelyn ja v\u00e4rin osalta, jotta se sopii tiettyihin arkkitehtonisiin malleihin.<br \/>\n<\/p><br \/>\n<br \/>\n<p><b>6.Is PVDF alumiini ymp\u00e4rist\u00f6yst\u00e4v\u00e4llinen?<\/b><\/p>\n<p>Kyll\u00e4, sek\u00e4 alumiini- ett\u00e4 PVDF-pinnoitteet ovat kierr\u00e4tett\u00e4vi\u00e4 ja vihre\u00e4n rakentamisen standardien mukaisia.<br \/>\n<\/p><br \/>\n<br \/>\n<p><b>7.Millaista huoltoa tarvitaan?<\/b><\/p>\n<p>Huoltotarve on minimaalinen - vain satunnainen puhdistus miedolla pesuaineella pit\u00e4\u00e4 pinnan uuden n\u00e4k\u00f6isen\u00e4.<br \/>\n<\/p><br \/>\n<br \/>\n<p><b>8.Ovatko n\u00e4m\u00e4 profiilit kansainv\u00e4listen rakennusm\u00e4\u00e4r\u00e4ysten mukaisia?<\/b><\/p>\n<p>Kyll\u00e4, PVDF-alumiiniprofiilimme t\u00e4ytt\u00e4v\u00e4t ASTM-, EN- ja muut maailmanlaajuiset laatu- ja turvallisuusstandardit.<br \/>\n<\/p><br \/><\/p>","protected":false},"featured_media":7427,"template":"","categories":[67],"class_list":["post-7428","product","type-product","status-publish","has-post-thumbnail","hentry","category-architectural-aluminium-profile"],"meta_box":{"hilight_text_group":{"product_hilight_text":"<li>PVDF coating offers superior weather and UV resistance for long-term durability<\/li>\r\r\n<li>High-strength aluminum extrusion ensures structural integrity for curtain walls<\/li>\r\r\n<li>Excellent corrosion resistance, ideal for coastal and industrial environments<\/li>\r\r\n<li>Customizable shapes, sizes, and finishes to suit architectural designs<\/li>\r\r\n<li>Lightweight profile reduces building load and simplifies installation<\/li>\r\r\n<li>Fire-resistant and environmentally friendly material meets global standards<\/li>\r\r\n<li>Maintains color and gloss over decades, ensuring lasting aesthetic appeal<\/li>","product_chanpin_blog":"<ul>\r\r\n<li><a href=\"https:\/\/sinoextrud.com\/t-slot-v-slot-differences\/\" target=\"_blank\">t slot vs v slot<\/a><\/li>\r\r\n<li><a href=\"https:\/\/sinoextrud.com\/what-is-4040-aluminium-extrud\/\" target=\"_blank\">4040 aluminium extrusion<\/a><\/li>\r\r\n<li><a href=\"https:\/\/sinoextrud.com\/what-is-4040-aluminium-extrud\/\" target=\"_blank\">aluminum extrusions for industrial racks<\/a><\/li>\r\r\n<li><a href=\"https:\/\/sinoextrud.com\/powder-coating-aluminium-process\/\" target=\"_blank\">powder coating aluminium<\/a><\/li>\r\r\n<li><a href=\"https:\/\/sinoextrud.com\/what-is-an-aluminium-strip-ceiling\/\" target=\"_blank\">aluminium strip ceiling<\/a><\/li>\r\r\n<li><a href=\"https:\/\/sinoextrud.com\/what-is-a-heat-sink\/\" target=\"_blank\">what is a heat sink<\/a><\/li>\r\r\n<\/ul>","product_chanpin_chanpin":"<li><a href=\"https:\/\/sinoextrud.com\/product\/cabinet-furniture-aluminium-extrusions-aluminum-handle-profile-for-kitchen-cabinet-horizontal-g-handle-system\/\" target=\"_blank\">Cabinet Furniture Aluminium Extrusions Aluminum Handle Profile For Kitchen Cabinet Horizontal G Handle System<\/a><\/li>\r\n<li><a href=\"https:\/\/sinoextrud.com\/product\/sound-proof-aluminum-glass-casement-windows-sliding-windows-and-doors-aluminum-profile-for-buildings-louver-system\/\" target=\"_blank\">Sound-proof Aluminum Glass Casement Windows Sliding Windows And Doors Aluminum Profile For Buildings Louver System<\/a><\/li>\r\n<li><a href=\"https:\/\/sinoextrud.com\/product\/shutter-aluminum-profile-for-window-louver-frame\/\" target=\"_blank\">Shutter Aluminum Profile For Window Louver Frame<\/a><\/li>\r\n<li><a href=\"https:\/\/sinoextrud.com\/product\/extrusion-aluminum-shutter-profile-free-mould\/\" target=\"_blank\">Extrusion Aluminum Shutter Profile Free Mould<\/a><\/li>\r\n<li><a href=\"https:\/\/sinoextrud.com\/product\/pvdf-aluminum-extrusion-curtain-wall-profile\/\" target=\"_blank\">PVDF Aluminum Extrusion Curtain Wall Profile<\/a><\/li>\r\n<li><a href=\"https:\/\/sinoextrud.com\/product\/l-aluminum-profile-for-glass-railing\/\" target=\"_blank\">L Aluminum Profile For Glass Railing<\/a><\/li>\r\n<li><a href=\"https:\/\/sinoextrud.com\/product\/bright-anodize-brushed-black-window-profile\/\" target=\"_blank\">Bright Anodize Brushed Black Window Profile<\/a><\/li>\r\n<li><a href=\"https:\/\/sinoextrud.com\/product\/customized-aluminum-alloy-housing-grow-light\/\" target=\"_blank\">Customized Aluminum Alloy Housing Grow Light<\/a><\/li>\r\n<li><a href=\"https:\/\/sinoextrud.com\/product\/extruded-aluminum-interlocking-plank-floor\/\" target=\"_blank\">Extruded Aluminum Interlocking Plank Floor<\/a><\/li>\r\n<li><a href=\"https:\/\/sinoextrud.com\/product\/cnc-machined-6063-aluminium-extrusion-product\/\" target=\"_blank\">CNC Machined 6063 Aluminium Extrusion Product<\/a><\/li>\r\n<li><a href=\"https:\/\/sinoextrud.com\/product\/aluminum-louver-blades\/\" target=\"_blank\">Aluminum Louver Blades<\/a><\/li>"},"feature_list":[]},"_links":{"self":[{"href":"https:\/\/sinoextrud.com\/fi\/wp-json\/wp\/v2\/product\/7428","targetHints":{"allow":["GET"]}}],"collection":[{"href":"https:\/\/sinoextrud.com\/fi\/wp-json\/wp\/v2\/product"}],"about":[{"href":"https:\/\/sinoextrud.com\/fi\/wp-json\/wp\/v2\/types\/product"}],"wp:featuredmedia":[{"embeddable":true,"href":"https:\/\/sinoextrud.com\/fi\/wp-json\/wp\/v2\/media\/7427"}],"wp:attachment":[{"href":"https:\/\/sinoextrud.com\/fi\/wp-json\/wp\/v2\/media?parent=7428"}],"wp:term":[{"taxonomy":"category","embeddable":true,"href":"https:\/\/sinoextrud.com\/fi\/wp-json\/wp\/v2\/categories?post=7428"}],"curies":[{"name":"wp","href":"https:\/\/api.w.org\/{rel}","templated":true}]}}