{"id":7424,"date":"2025-06-07T07:07:21","date_gmt":"2025-06-07T07:07:21","guid":{"rendered":"https:\/\/sinoextrud.com\/product\/shutter-aluminum-profile-for-window-louver-frame\/"},"modified":"2025-06-24T06:12:47","modified_gmt":"2025-06-24T06:12:47","slug":"ikkunaluukun-alumiiniprofiili-ikkunan-saleikon-kehykseen","status":"publish","type":"product","link":"https:\/\/sinoextrud.com\/fi\/product\/shutter-aluminum-profile-for-window-louver-frame\/","title":{"rendered":"Shutter alumiiniprofiili ikkunan Louver kehys"},"content":{"rendered":"<h2>Tuotteiden tiedot<\/h2>\n<table class=\"custom-table\">\n<tr>\n<td class=\"label\">Otsikko<\/td>\n<td>Shutter alumiiniprofiili ikkunan Louver kehys<\/td>\n<\/tr>\n<\/table>\n<h2>Tuotantopohjamme<\/h2>\n<h3>Tehtaan panoraama<\/h3>\n<p><img decoding=\"async\" src=\"\/wp-content\/uploads\/factory-01.webp\"\/><\/p>\n<h3>Alumiini Bar Manufacturing Workshop<\/h3>\n<p><img decoding=\"async\" src=\"\/wp-content\/uploads\/factory-02.webp\"\/><\/p>\n<p><img decoding=\"async\" src=\"\/wp-content\/uploads\/factory-03.webp\"\/><\/p>\n<h3>Muotin varastointi Varasto<\/h3>\n<p><img decoding=\"async\" src=\"\/wp-content\/uploads\/factory-04.webp\"\/><\/p>\n<h3>43 alumiinin ekstruusiolinjat (500-5500 tonnia)<\/h3>\n<p><img decoding=\"async\" src=\"\/wp-content\/uploads\/factory-05.webp\"\/><\/p>\n<p><img decoding=\"async\" src=\"\/wp-content\/uploads\/factory-06.webp\"\/><\/p>\n<p><img decoding=\"async\" src=\"\/wp-content\/uploads\/factory-07.webp\"\/><\/p>\n<h3>Jauhemaalaus ty\u00f6paja<\/h3>\n<p><img decoding=\"async\" src=\"\/wp-content\/uploads\/factory-09.webp\"\/><\/p>\n<h3>Anodisointi ty\u00f6paja<\/h3>\n<p><img decoding=\"async\" src=\"\/wp-content\/uploads\/factory-10.webp\"\/><\/p>\n<h3>Syv\u00e4k\u00e4sittelyn ty\u00f6paja<\/h3>\n<p><img decoding=\"async\" src=\"\/wp-content\/uploads\/factory-11.webp\"\/><\/p>\n<h3>CNC-tarkkuuskoneistus ty\u00f6paja<\/h3>\n<p><img decoding=\"async\" src=\"\/wp-content\/uploads\/factory-11.5.webp\"\/><\/p>\n<h3>Valmiiden tuotteiden ja vientivarasto<\/h3>\n<p><img decoding=\"async\" src=\"\/wp-content\/uploads\/factory-12.webp\"\/><\/p>\n<p><img decoding=\"async\" src=\"\/wp-content\/uploads\/factory-13.webp\"\/><\/p>\n<p><img decoding=\"async\" src=\"\/wp-content\/uploads\/factory-14.webp\"\/><\/p>\n<h2>FAQ<\/h2>\n<p><p><b>1.What on Shutter Alumiiniprofiili ikkunan Louver Frame?<\/b><\/p>\n<p>Se on alumiiniprofiili, joka on suunniteltu muodostamaan ikkunaluukkujen kehys, jossa on tuuletusta ja yksityisyytt\u00e4 edist\u00e4v\u00e4t s\u00e4leikk\u00e4\u00e4t.<br \/>\n<\/p><br \/>\n<br \/>\n<p><b>2.Mitk\u00e4 ovat alumiinin k\u00e4yt\u00f6n edut sulkimen kehyksiss\u00e4?<\/b><\/p>\n<p>Alumiini on kevytt\u00e4, vahvaa, korroosionkest\u00e4v\u00e4\u00e4 ja v\u00e4h\u00e4n huoltoa vaativaa, joten se soveltuu erinomaisesti sek\u00e4 sis\u00e4- ett\u00e4 ulkotilojen ikkunankehyksiin.<br \/>\n<\/p><br \/>\n<br \/>\n<p><b>3.Onko t\u00e4m\u00e4 profiili yhteensopiva s\u00e4\u00e4dett\u00e4vien s\u00e4lekaihtimien kanssa?<\/b><\/p>\n<p>Kyll\u00e4, rakenne tukee sek\u00e4 kiinteit\u00e4 ett\u00e4 s\u00e4\u00e4dett\u00e4vi\u00e4 s\u00e4leikk\u00f6j\u00e4rjestelmi\u00e4 ilmavirran ja valon joustavaa hallintaa varten.<br \/>\n<\/p><br \/>\n<br \/>\n<p><b>4.Voidaanko profiilia k\u00e4ytt\u00e4\u00e4 rannikko- tai kosteissa ymp\u00e4rist\u00f6iss\u00e4?<\/b><\/p>\n<p>Kyll\u00e4, anodisoidut tai jauhemaalatut pinnoitteet takaavat erinomaisen korroosionkest\u00e4vyyden my\u00f6s ankarissa s\u00e4\u00e4olosuhteissa.<br \/>\n<\/p><br \/>\n<br \/>\n<p><b>5.Mit\u00e4 r\u00e4\u00e4t\u00e4l\u00f6intivaihtoehtoja on saatavilla?<\/b><\/p>\n<p>Tarjoamme r\u00e4\u00e4t\u00e4l\u00f6ityj\u00e4 pituuksia, v\u00e4rej\u00e4, ter\u00e4kulmia ja pintak\u00e4sittelyj\u00e4 projektisi suunnitteluvaatimusten mukaan.<br \/>\n<\/p><br \/>\n<br \/>\n<p><b>6.Onko alumiinisten ikkunaluukkujen asennus helppoa?<\/b><\/p>\n<p>Kyll\u00e4, profiilit on suunniteltu asennettaviksi helposti tavallisilla kiinnikkeill\u00e4 ja kiinnikkeill\u00e4.<br \/>\n<\/p><br \/>\n<br \/>\n<p><b>7.Miss\u00e4 suljin alumiiniprofiileja k\u00e4ytet\u00e4\u00e4n yleisesti?<\/b><\/p>\n<p>Niit\u00e4 k\u00e4ytet\u00e4\u00e4n laajalti asuinrakennuksissa, toimistorakennuksissa, kouluissa ja teollisuuslaitoksissa ilmanvaihtoon ja varjostukseen.<br \/>\n<\/p><br \/>\n<br \/>\n<p><b>8.Miten alumiiniset s\u00e4lekaihtimet parantavat rakennuksen tehokkuutta?<\/b><\/p>\n<p>Ne s\u00e4\u00e4telev\u00e4t ilmavirtaa ja auringonvaloa, parantavat l\u00e4mp\u00f6viihtyvyytt\u00e4 ja v\u00e4hent\u00e4v\u00e4t samalla riippuvuutta LVI-j\u00e4rjestelmist\u00e4.<br \/>\n<\/p><br \/><\/p>","protected":false},"featured_media":7423,"template":"","categories":[67],"class_list":["post-7424","product","type-product","status-publish","has-post-thumbnail","hentry","category-architectural-aluminium-profile"],"meta_box":{"hilight_text_group":{"product_hilight_text":"<li>High-quality aluminum profile provides structural integrity and longevity<\/li>\r\r\n<li>Corrosion-resistant surface ideal for exterior window applications<\/li>\r\r\n<li>Lightweight design ensures easy installation and reduced frame load<\/li>\r\r\n<li>Customizable dimensions and finishes to match architectural styles<\/li>\r\r\n<li>Compatible with fixed or adjustable louver blades for ventilation control<\/li>\r\r\n<li>Low maintenance and weather-resistant for long-term performance<\/li>\r\r\n<li>Suitable for residential, commercial, and industrial building windows<\/li>","product_chanpin_blog":"<ul>\r\r\n<li><a href=\"https:\/\/sinoextrud.com\/t-slot-v-slot-differences\/\" target=\"_blank\">t slot vs v slot<\/a><\/li>\r\r\n<li><a href=\"https:\/\/sinoextrud.com\/what-is-4040-aluminium-extrud\/\" target=\"_blank\">4040 aluminium extrusion<\/a><\/li>\r\r\n<li><a href=\"https:\/\/sinoextrud.com\/what-is-4040-aluminium-extrud\/\" target=\"_blank\">aluminum extrusions for industrial racks<\/a><\/li>\r\r\n<li><a href=\"https:\/\/sinoextrud.com\/powder-coating-aluminium-process\/\" target=\"_blank\">powder coating aluminium<\/a><\/li>\r\r\n<li><a href=\"https:\/\/sinoextrud.com\/what-is-an-aluminium-strip-ceiling\/\" target=\"_blank\">aluminium strip ceiling<\/a><\/li>\r\r\n<li><a href=\"https:\/\/sinoextrud.com\/what-is-a-heat-sink\/\" target=\"_blank\">what is a heat sink<\/a><\/li>\r\r\n<\/ul>","product_chanpin_chanpin":"<li><a href=\"https:\/\/sinoextrud.com\/product\/aluminum-tube-profile-processing-with-6060-material\/\" target=\"_blank\">Aluminum Tube Profile Processing with 6060 material<\/a><\/li>\r\n<li><a href=\"https:\/\/sinoextrud.com\/product\/shining-polishing-aluminum-profile-anodizing-silver\/\" target=\"_blank\">Shining Polishing Aluminum Profile Anodizing Silver<\/a><\/li>\r\n<li><a href=\"https:\/\/sinoextrud.com\/product\/cabinet-furniture-aluminium-extrusions-aluminum-handle-profile-for-kitchen-cabinet-horizontal-g-handle-system\/\" target=\"_blank\">Cabinet Furniture Aluminium Extrusions Aluminum Handle Profile For Kitchen Cabinet Horizontal G Handle System<\/a><\/li>\r\n<li><a href=\"https:\/\/sinoextrud.com\/product\/sound-proof-aluminum-glass-casement-windows-sliding-windows-and-doors-aluminum-profile-for-buildings-louver-system\/\" target=\"_blank\">Sound-proof Aluminum Glass Casement Windows Sliding Windows And Doors Aluminum Profile For Buildings Louver System<\/a><\/li>\r\n<li><a href=\"https:\/\/sinoextrud.com\/product\/shutter-aluminum-profile-for-window-louver-frame\/\" target=\"_blank\">Shutter Aluminum Profile For Window Louver Frame<\/a><\/li>\r\n<li><a href=\"https:\/\/sinoextrud.com\/product\/extrusion-aluminum-shutter-profile-free-mould\/\" target=\"_blank\">Extrusion Aluminum Shutter Profile Free Mould<\/a><\/li>\r\n<li><a href=\"https:\/\/sinoextrud.com\/product\/pvdf-aluminum-extrusion-curtain-wall-profile\/\" target=\"_blank\">PVDF Aluminum Extrusion Curtain Wall Profile<\/a><\/li>\r\n<li><a href=\"https:\/\/sinoextrud.com\/product\/l-aluminum-profile-for-glass-railing\/\" target=\"_blank\">L Aluminum Profile For Glass Railing<\/a><\/li>\r\n<li><a href=\"https:\/\/sinoextrud.com\/product\/bright-anodize-brushed-black-window-profile\/\" target=\"_blank\">Bright Anodize Brushed Black Window Profile<\/a><\/li>\r\n<li><a href=\"https:\/\/sinoextrud.com\/product\/standard-aluminium-extrusion-profiles-windows-and-doors\/\" target=\"_blank\">Standard Aluminium Extrusion Profiles Windows And Doors<\/a><\/li>\r\n<li><a href=\"https:\/\/sinoextrud.com\/product\/customized-new-energy-conservation-anodized-aluminum-profile-frame-for-solar-panel-frame\/\" target=\"_blank\">Customized New Energy Conservation Anodized Aluminum Profile Frame For Solar Panel Frame<\/a><\/li>"},"feature_list":[]},"_links":{"self":[{"href":"https:\/\/sinoextrud.com\/fi\/wp-json\/wp\/v2\/product\/7424","targetHints":{"allow":["GET"]}}],"collection":[{"href":"https:\/\/sinoextrud.com\/fi\/wp-json\/wp\/v2\/product"}],"about":[{"href":"https:\/\/sinoextrud.com\/fi\/wp-json\/wp\/v2\/types\/product"}],"wp:featuredmedia":[{"embeddable":true,"href":"https:\/\/sinoextrud.com\/fi\/wp-json\/wp\/v2\/media\/7423"}],"wp:attachment":[{"href":"https:\/\/sinoextrud.com\/fi\/wp-json\/wp\/v2\/media?parent=7424"}],"wp:term":[{"taxonomy":"category","embeddable":true,"href":"https:\/\/sinoextrud.com\/fi\/wp-json\/wp\/v2\/categories?post=7424"}],"curies":[{"name":"wp","href":"https:\/\/api.w.org\/{rel}","templated":true}]}}