{"id":7422,"date":"2025-06-07T07:06:01","date_gmt":"2025-06-07T07:06:01","guid":{"rendered":"https:\/\/sinoextrud.com\/product\/sound-proof-aluminum-glass-casement-windows-sliding-windows-and-doors-aluminum-profile-for-buildings-louver-system\/"},"modified":"2025-06-24T06:12:47","modified_gmt":"2025-06-24T06:12:47","slug":"aanieristetty-alumiini-lasi-lasi-ikkunat-liukuikkunat-ja-ovet-alumiiniprofiili-rakennusten-saleikkojarjestelma","status":"publish","type":"product","link":"https:\/\/sinoextrud.com\/fi\/product\/sound-proof-aluminum-glass-casement-windows-sliding-windows-and-doors-aluminum-profile-for-buildings-louver-system\/","title":{"rendered":"\u00c4\u00e4nieristetty alumiini lasi Casement ikkunat liukuikkunat ja ovet alumiini profiili rakennusten Louver j\u00e4rjestelm\u00e4"},"content":{"rendered":"<h2>Tuotteiden tiedot<\/h2>\n<table class=\"custom-table\">\n<tr>\n<td class=\"label\">Otsikko<\/td>\n<td>\u00c4\u00e4nieristetty alumiini lasi Casement ikkunat liukuikkunat ja ovet alumiini profiili rakennusten Louver j\u00e4rjestelm\u00e4<\/td>\n<\/tr>\n<\/table>\n<h2>Tuotantopohjamme<\/h2>\n<h3>Tehtaan panoraama<\/h3>\n<p><img decoding=\"async\" src=\"\/wp-content\/uploads\/factory-01.webp\"\/><\/p>\n<h3>Alumiini Bar Manufacturing Workshop<\/h3>\n<p><img decoding=\"async\" src=\"\/wp-content\/uploads\/factory-02.webp\"\/><\/p>\n<p><img decoding=\"async\" src=\"\/wp-content\/uploads\/factory-03.webp\"\/><\/p>\n<h3>Muotin varastointi Varasto<\/h3>\n<p><img decoding=\"async\" src=\"\/wp-content\/uploads\/factory-04.webp\"\/><\/p>\n<h3>43 Alumiini ekstruusiolinjat (500\u00e2 5500 tonnia)<\/h3>\n<p><img decoding=\"async\" src=\"\/wp-content\/uploads\/factory-05.webp\"\/><\/p>\n<p><img decoding=\"async\" src=\"\/wp-content\/uploads\/factory-06.webp\"\/><\/p>\n<p><img decoding=\"async\" src=\"\/wp-content\/uploads\/factory-07.webp\"\/><\/p>\n<h3>Jauhemaalaus ty\u00f6paja<\/h3>\n<p><img decoding=\"async\" src=\"\/wp-content\/uploads\/factory-09.webp\"\/><\/p>\n<h3>Anodisointi ty\u00f6paja<\/h3>\n<p><img decoding=\"async\" src=\"\/wp-content\/uploads\/factory-10.webp\"\/><\/p>\n<h3>Syv\u00e4k\u00e4sittelyn ty\u00f6paja<\/h3>\n<p><img decoding=\"async\" src=\"\/wp-content\/uploads\/factory-11.webp\"\/><\/p>\n<h3>CNC-tarkkuuskoneistus ty\u00f6paja<\/h3>\n<p><img decoding=\"async\" src=\"\/wp-content\/uploads\/factory-11.5.webp\"\/><\/p>\n<h3>Valmiiden tuotteiden ja vientivarasto<\/h3>\n<p><img decoding=\"async\" src=\"\/wp-content\/uploads\/factory-12.webp\"\/><\/p>\n<p><img decoding=\"async\" src=\"\/wp-content\/uploads\/factory-13.webp\"\/><\/p>\n<p><img decoding=\"async\" src=\"\/wp-content\/uploads\/factory-14.webp\"\/><\/p>\n<h2>FAQ<\/h2>\n<p><p><b>1.Mik\u00e4 on \u00e4\u00e4nieristetty alumiinilasi-ikkuna- ja oviprofiili?<\/b><\/p>\n<p>Se on erityisesti suunniteltu alumiiniprofiili, joka on suunniteltu ikkunoiden ja ovien rakentamiseen \u00e4\u00e4nieristyksen ja l\u00e4mm\u00f6neristyksen avulla.<br \/>\n<\/p><br \/>\n<br \/>\n<p><b>2.Mitk\u00e4 ovat alumiiniprofiilien k\u00e4yt\u00f6n edut liuku- ja karmi-ikkunoissa?<\/b><\/p>\n<p>Alumiini tarjoaa kevytt\u00e4 kest\u00e4vyytt\u00e4, korroosionkest\u00e4vyytt\u00e4 ja suunnittelun joustavuutta erilaisille ikkuna- ja ovityypeille.<br \/>\n<\/p><br \/>\n<br \/>\n<p><b>3.Onko t\u00e4m\u00e4 profiilij\u00e4rjestelm\u00e4 yhteensopiva s\u00e4lekaihtimien kanssa?<\/b><\/p>\n<p>Kyll\u00e4, se voidaan integroida alumiinisiin s\u00e4leikk\u00f6j\u00e4rjestelmiin ilmanvaihdon, varjostuksen ja estetiikan lis\u00e4\u00e4miseksi.<br \/>\n<\/p><br \/>\n<br \/>\n<p><b>4.Voidaanko n\u00e4it\u00e4 profiileja k\u00e4ytt\u00e4\u00e4 liikerakennuksissa?<\/b><\/p>\n<p>Kyll\u00e4, ne sopivat erinomaisesti sek\u00e4 asuin- ett\u00e4 kaupallisiin rakenteisiin, jotka vaativat tehokkaita ikkuna- ja ovij\u00e4rjestelmi\u00e4.<br \/>\n<\/p><br \/>\n<br \/>\n<p><b>5.Ovatko \u00e4\u00e4nieristetyt ominaisuudet vakiovaruste?<\/b><\/p>\n<p>Kyll\u00e4, profiilit on suunniteltu tukemaan kaksois- tai kolminkertaisia ikkunoita, jotka takaavat erinomaisen \u00e4\u00e4nieristyksen.<br \/>\n<\/p><br \/>\n<br \/>\n<p><b>6.Tarjoatteko l\u00e4mp\u00f6katkovaihtoehtoja?<\/b><\/p>\n<p>Kyll\u00e4, saatavilla on l\u00e4mp\u00f6eristettyj\u00e4 alumiiniprofiileja, jotka parantavat energiatehokkuutta ja sis\u00e4ilman mukavuutta.<br \/>\n<\/p><br \/>\n<br \/>\n<p><b>7.Mit\u00e4 pintak\u00e4sittelyj\u00e4 on saatavilla?<\/b><\/p>\n<p>Pinnoitteita ovat anodisoitu, pulverimaalattu ja puunsuikale, jotka sopivat erilaisiin muotoilutyyleihin ja s\u00e4\u00e4olosuhteisiin.<br \/>\n<\/p><br \/>\n<br \/>\n<p><b>8.Are mukautettuja kokoja ja v\u00e4rej\u00e4 tuetaan?<\/b><\/p>\n<p>Ehdottomasti, tarjoamme t\u00e4ydellisen r\u00e4\u00e4t\u00e4l\u00f6innin ainutlaatuisten arkkitehtonisten vaatimusten ja v\u00e4riteemojen mukaan.<br \/>\n<\/p><br \/><\/p>","protected":false},"featured_media":7421,"template":"","categories":[67],"class_list":["post-7422","product","type-product","status-publish","has-post-thumbnail","hentry","category-architectural-aluminium-profile"],"meta_box":{"hilight_text_group":{"product_hilight_text":"<li>Designed for sound-proof performance in modern residential and commercial buildings<\/li>\r\r\n<li>High-quality aluminum profiles ensure structural strength and long-term durability<\/li>\r\r\n<li>Compatible with casement windows, sliding windows, and door systems<\/li>\r\r\n<li>Supports integrated louver systems for ventilation and privacy<\/li>\r\r\n<li>Corrosion-resistant finishes ideal for harsh weather conditions<\/li>\r\r\n<li>Customizable sizes, colors, and profiles to match architectural designs<\/li>\r\r\n<li>Energy-efficient thermal break options available to reduce heat transfer<\/li>","product_chanpin_blog":"<ul>\r\r\n<li><a href=\"https:\/\/sinoextrud.com\/t-slot-v-slot-differences\/\" target=\"_blank\">t slot vs v slot<\/a><\/li>\r\r\n<li><a href=\"https:\/\/sinoextrud.com\/what-is-4040-aluminium-extrud\/\" target=\"_blank\">4040 aluminium extrusion<\/a><\/li>\r\r\n<li><a href=\"https:\/\/sinoextrud.com\/what-is-4040-aluminium-extrud\/\" target=\"_blank\">aluminum extrusions for industrial racks<\/a><\/li>\r\r\n<li><a href=\"https:\/\/sinoextrud.com\/powder-coating-aluminium-process\/\" target=\"_blank\">powder coating aluminium<\/a><\/li>\r\r\n<li><a href=\"https:\/\/sinoextrud.com\/what-is-an-aluminium-strip-ceiling\/\" target=\"_blank\">aluminium strip ceiling<\/a><\/li>\r\r\n<li><a href=\"https:\/\/sinoextrud.com\/what-is-a-heat-sink\/\" target=\"_blank\">what is a heat sink<\/a><\/li>\r\r\n<\/ul>","product_chanpin_chanpin":"<li><a href=\"https:\/\/sinoextrud.com\/product\/new-design-kitchen-handle-aluminum-profile\/\" target=\"_blank\">New Design Kitchen Handle Aluminum Profile<\/a><\/li>\r\n<li><a href=\"https:\/\/sinoextrud.com\/product\/aluminum-tube-profile-processing-with-6060-material\/\" target=\"_blank\">Aluminum Tube Profile Processing with 6060 material<\/a><\/li>\r\n<li><a href=\"https:\/\/sinoextrud.com\/product\/shining-polishing-aluminum-profile-anodizing-silver\/\" target=\"_blank\">Shining Polishing Aluminum Profile Anodizing Silver<\/a><\/li>\r\n<li><a href=\"https:\/\/sinoextrud.com\/product\/cabinet-furniture-aluminium-extrusions-aluminum-handle-profile-for-kitchen-cabinet-horizontal-g-handle-system\/\" target=\"_blank\">Cabinet Furniture Aluminium Extrusions Aluminum Handle Profile For Kitchen Cabinet Horizontal G Handle System<\/a><\/li>\r\n<li><a href=\"https:\/\/sinoextrud.com\/product\/sound-proof-aluminum-glass-casement-windows-sliding-windows-and-doors-aluminum-profile-for-buildings-louver-system\/\" target=\"_blank\">Sound-proof Aluminum Glass Casement Windows Sliding Windows And Doors Aluminum Profile For Buildings Louver System<\/a><\/li>\r\n<li><a href=\"https:\/\/sinoextrud.com\/product\/shutter-aluminum-profile-for-window-louver-frame\/\" target=\"_blank\">Shutter Aluminum Profile For Window Louver Frame<\/a><\/li>\r\n<li><a href=\"https:\/\/sinoextrud.com\/product\/extrusion-aluminum-shutter-profile-free-mould\/\" target=\"_blank\">Extrusion Aluminum Shutter Profile Free Mould<\/a><\/li>\r\n<li><a href=\"https:\/\/sinoextrud.com\/product\/pvdf-aluminum-extrusion-curtain-wall-profile\/\" target=\"_blank\">PVDF Aluminum Extrusion Curtain Wall Profile<\/a><\/li>\r\n<li><a href=\"https:\/\/sinoextrud.com\/product\/l-aluminum-profile-for-glass-railing\/\" target=\"_blank\">L Aluminum Profile For Glass Railing<\/a><\/li>\r\n<li><a href=\"https:\/\/sinoextrud.com\/product\/aluminum-outdoor-enclose-heat-sinks\/\" target=\"_blank\">Aluminum outdoor enclose heat sinks<\/a><\/li>\r\n<li><a href=\"https:\/\/sinoextrud.com\/product\/commercial-handrail-systems\/\" target=\"_blank\">Commercial Handrail Systems<\/a><\/li>"},"feature_list":[]},"_links":{"self":[{"href":"https:\/\/sinoextrud.com\/fi\/wp-json\/wp\/v2\/product\/7422","targetHints":{"allow":["GET"]}}],"collection":[{"href":"https:\/\/sinoextrud.com\/fi\/wp-json\/wp\/v2\/product"}],"about":[{"href":"https:\/\/sinoextrud.com\/fi\/wp-json\/wp\/v2\/types\/product"}],"wp:featuredmedia":[{"embeddable":true,"href":"https:\/\/sinoextrud.com\/fi\/wp-json\/wp\/v2\/media\/7421"}],"wp:attachment":[{"href":"https:\/\/sinoextrud.com\/fi\/wp-json\/wp\/v2\/media?parent=7422"}],"wp:term":[{"taxonomy":"category","embeddable":true,"href":"https:\/\/sinoextrud.com\/fi\/wp-json\/wp\/v2\/categories?post=7422"}],"curies":[{"name":"wp","href":"https:\/\/api.w.org\/{rel}","templated":true}]}}