{"id":7388,"date":"2025-06-07T06:30:48","date_gmt":"2025-06-07T06:30:48","guid":{"rendered":"https:\/\/sinoextrud.com\/product\/extruded-h-beam-aluminum-profile\/"},"modified":"2025-06-24T06:12:42","modified_gmt":"2025-06-24T06:12:42","slug":"suulakepuristettu-h-palkki-alumiiniprofiili","status":"publish","type":"product","link":"https:\/\/sinoextrud.com\/fi\/product\/extruded-h-beam-aluminum-profile\/","title":{"rendered":"Suulakepuristettu H-palkki alumiiniprofiili"},"content":{"rendered":"<h2>Tuotteiden tiedot<\/h2>\n<table class=\"custom-table\">\n<tbody>\n<tr>\n<td> Tuotteen nimi<\/td>\n<td> Suulakepuristettu H-palkki alumiiniprofiili<\/td>\n<\/tr>\n<tr>\n<td> Materiaali<\/td>\n<td> 6063,6061,6463,6005,6082 jne.<\/td>\n<\/tr>\n<tr>\n<td> Muoto<\/td>\n<td> H,I tai muut mukautetut muodot<\/td>\n<\/tr>\n<tr>\n<td> Paksuus<\/td>\n<td> 0.7mm-10mm<\/td>\n<\/tr>\n<tr>\n<td> Koko<\/td>\n<td> 122 * 85,5 mm ja muu koko asiakkaan vaatimuksia kohti<\/td>\n<\/tr>\n<tr>\n<td> Pituus<\/td>\n<td> Vakiopituus 1-9M, muu pituus saatavilla<\/td>\n<\/tr>\n<tr>\n<td> Tyypilliset sovellukset<\/td>\n<td> rakennustelineet tai muu arkkitehtoninen ja teollinen k\u00e4ytt\u00f6 jne.<\/td>\n<\/tr>\n<tr>\n<td> Syv\u00e4 prosessi<\/td>\n<td> CNC-jyrsint\u00e4, poraus, l\u00e4vistys, poraus, napauttaminen, taivutus<\/td>\n<\/tr>\n<tr>\n<td> Merkki<\/td>\n<td> Sinoextrud, Sinoextrud tai OEM-tavaramerkki.<\/td>\n<\/tr>\n<tr>\n<td> Pintak\u00e4sittely<\/td>\n<td> Mill viimeistelty, anodisoitu, jauhemaalattu, puun jyv\u00e4 jne.<\/td>\n<\/tr>\n<tr>\n<td> MOQ<\/td>\n<td> 200KG<\/td>\n<\/tr>\n<tr>\n<td> Laatutakuu<\/td>\n<td> 100&amp; tarkastus korkean laadun varmistamiseksi<\/td>\n<\/tr>\n<tr>\n<td> Todistukset<\/td>\n<td> ISO9001, ISO4001, CQM, SGS, CE, BV jne.<\/td>\n<\/tr>\n<tr>\n<td> Alkuper\u00e4paikka<\/td>\n<td> Guangdong,Kiina<\/td>\n<\/tr>\n<\/tbody>\n<\/table>\n<h2>Tuotantopohjamme<\/h2>\n<h3>Tehtaan panoraama<\/h3>\n<p><img decoding=\"async\" src=\"\/wp-content\/uploads\/factory-01.webp\"\/><\/p>\n<h3>Alumiini Bar Manufacturing Workshop<\/h3>\n<p><img decoding=\"async\" src=\"\/wp-content\/uploads\/factory-02.webp\"\/><\/p>\n<p><img decoding=\"async\" src=\"\/wp-content\/uploads\/factory-03.webp\"\/><\/p>\n<h3>Muotin varastointi Varasto<\/h3>\n<p><img decoding=\"async\" src=\"\/wp-content\/uploads\/factory-04.webp\"\/><\/p>\n<h3>43 Alumiini ekstruusiolinjat (500\u00e2 5500 tonnia)<\/h3>\n<p><img decoding=\"async\" src=\"\/wp-content\/uploads\/factory-05.webp\"\/><\/p>\n<p><img decoding=\"async\" src=\"\/wp-content\/uploads\/factory-06.webp\"\/><\/p>\n<p><img decoding=\"async\" src=\"\/wp-content\/uploads\/factory-07.webp\"\/><\/p>\n<h3>Jauhemaalaus ty\u00f6paja<\/h3>\n<p><img decoding=\"async\" src=\"\/wp-content\/uploads\/factory-09.webp\"\/><\/p>\n<h3>Anodisointi ty\u00f6paja<\/h3>\n<p><img decoding=\"async\" src=\"\/wp-content\/uploads\/factory-10.webp\"\/><\/p>\n<h3>Syv\u00e4k\u00e4sittelyn ty\u00f6paja<\/h3>\n<p><img decoding=\"async\" src=\"\/wp-content\/uploads\/factory-11.webp\"\/><\/p>\n<h3>CNC-tarkkuuskoneistus ty\u00f6paja<\/h3>\n<p><img decoding=\"async\" src=\"\/wp-content\/uploads\/factory-11.5.webp\"\/><\/p>\n<h3>Valmiiden tuotteiden ja vientivarasto<\/h3>\n<p><img decoding=\"async\" src=\"\/wp-content\/uploads\/factory-12.webp\"\/><\/p>\n<p><img decoding=\"async\" src=\"\/wp-content\/uploads\/factory-13.webp\"\/><\/p>\n<p><img decoding=\"async\" src=\"\/wp-content\/uploads\/factory-14.webp\"\/><\/p>\n<h2>FAQ<\/h2>\n<p><p><b>1.Mik\u00e4 on suulakepuristettu H-palkki alumiiniprofiili?<\/b><\/p>\n<p>Suulakepuristettu H-palkki-alumiiniprofiili on \"H\" -muotoinen luja rakennekomponentti, joka on suunniteltu kantaviin sovelluksiin teollisuudessa ja rakentamisymp\u00e4rist\u00f6iss\u00e4.<br \/>\n<\/p><br \/>\n<br \/>\n<p><b>2.Mitk\u00e4 ovat alumiinisten H-palkkien k\u00e4yt\u00f6n edut?<\/b><\/p>\n<p>Alumiiniset H-palkit tarjoavat erinomaisen lujuus-painosuhteen, korroosionkest\u00e4vyyden ja ovat helpompia kuljettaa ja asentaa kuin ter\u00e4ksest\u00e4 valmistetut.<br \/>\n<\/p><br \/>\n<br \/>\n<p><b>3.Voiko alumiinisia H-palkkeja k\u00e4ytt\u00e4\u00e4 ulkona?<\/b><\/p>\n<p>Kyll\u00e4, suulakepuristetut alumiiniset H-palkit ovat korroosionkest\u00e4vi\u00e4 ja soveltuvat ulkorakenteisiin ja vaativiin ymp\u00e4rist\u00f6ihin.<br \/>\n<\/p><br \/>\n<br \/>\n<p><b>4.Onko H-palkin alumiiniprofiileille saatavana r\u00e4\u00e4t\u00e4l\u00f6inti\u00e4?<\/b><\/p>\n<p>Kyll\u00e4, valmistajat tarjoavat OEM-palveluja, mukaan lukien mukautetut mitat, pintak\u00e4sittelyt ja seoksen valinta.<br \/>\n<\/p><br \/>\n<br \/>\n<p><b>5.Mitk\u00e4 teollisuudenalat k\u00e4ytt\u00e4v\u00e4t suulakepuristettuja H-palkin alumiiniprofiileja?<\/b><\/p>\n<p>Niit\u00e4 k\u00e4ytet\u00e4\u00e4n yleisesti rakentamisessa, koneiden kehikoissa, kuljetuksessa, ilmailu- ja avaruusalalla sek\u00e4 rakennealustoilla.<br \/>\n<\/p><br \/>\n<br \/>\n<p><b>6.Ovatko alumiiniset H-palkit tarpeeksi vahvoja teollisuusk\u00e4ytt\u00f6\u00f6n?<\/b><\/p>\n<p>Ne soveltuvat rakenteensa ja materiaalin lujuuden ansiosta erinomaisesti raskaisiin teollisuus- ja rakennesovelluksiin.<br \/>\n<\/p><br \/>\n<br \/>\n<p><b>7.Vaaditaanko alumiiniset H-profiilit pintak\u00e4sittely\u00e4?<\/b><\/p>\n<p>Alumiini on luonnostaan korroosionkest\u00e4v\u00e4\u00e4, mutta anodisointi tai jauhemaalaus voi parantaa kest\u00e4vyytt\u00e4 ja esteettist\u00e4 ulkon\u00e4k\u00f6\u00e4.<br \/>\n<\/p><br \/><\/p>","protected":false},"featured_media":7387,"template":"","categories":[67],"class_list":["post-7388","product","type-product","status-publish","has-post-thumbnail","hentry","category-architectural-aluminium-profile"],"meta_box":{"hilight_text_group":{"product_hilight_text":"<li>High-strength H beam design supports heavy structural loads<\/li>\r\r\n<li>Lightweight aluminum reduces overall structure weight<\/li>\r\r\n<li>Excellent corrosion resistance for indoor and outdoor environments<\/li>\r\r\n<li>Precision extruded for consistent shape and dimensional accuracy<\/li>\r\r\n<li>Ideal for industrial frames, platforms, and construction frameworks<\/li>\r\r\n<li>Custom lengths, alloys, and finishes available for OEM applications<\/li>","product_chanpin_blog":"<ul>\r\r\n<li><a href=\"https:\/\/sinoextrud.com\/t-slot-v-slot-differences\/\" target=\"_blank\">t slot vs v slot<\/a><\/li>\r\r\n<li><a href=\"https:\/\/sinoextrud.com\/what-is-4040-aluminium-extrud\/\" target=\"_blank\">4040 aluminium extrusion<\/a><\/li>\r\r\n<li><a href=\"https:\/\/sinoextrud.com\/what-is-4040-aluminium-extrud\/\" target=\"_blank\">aluminum extrusions for industrial racks<\/a><\/li>\r\r\n<li><a href=\"https:\/\/sinoextrud.com\/powder-coating-aluminium-process\/\" target=\"_blank\">powder coating aluminium<\/a><\/li>\r\r\n<li><a href=\"https:\/\/sinoextrud.com\/what-is-an-aluminium-strip-ceiling\/\" target=\"_blank\">aluminium strip ceiling<\/a><\/li>\r\r\n<li><a href=\"https:\/\/sinoextrud.com\/what-is-a-heat-sink\/\" target=\"_blank\">what is a heat sink<\/a><\/li>\r\r\n<\/ul>","product_chanpin_chanpin":"<li><a href=\"https:\/\/sinoextrud.com\/product\/powder-coating-golden-10mm-aluminum-extrusion\/\" target=\"_blank\">Powder Coating Golden 10mm Aluminum Extrusion<\/a><\/li>\r\n<li><a href=\"https:\/\/sinoextrud.com\/product\/curved-extruded-aluminum-6063-alloy-anodizing\/\" target=\"_blank\">Curved Extruded Aluminum 6063 Alloy Anodizing<\/a><\/li>\r\n<li><a href=\"https:\/\/sinoextrud.com\/product\/oem-building-interlocking-aluminum-extrusions\/\" target=\"_blank\">OEM Building Interlocking Aluminum Extrusions<\/a><\/li>\r\n<li><a href=\"https:\/\/sinoextrud.com\/product\/extruded-aluminum-tubing-round-in-stock\/\" target=\"_blank\">Extruded Aluminum Tubing Round In Stock<\/a><\/li>\r\n<li><a href=\"https:\/\/sinoextrud.com\/product\/extruded-h-beam-aluminum-profile\/\" target=\"_blank\">Extruded H Beam Aluminum Profile<\/a><\/li>\r\n<li><a href=\"https:\/\/sinoextrud.com\/product\/anodized-extruded-aluminum-j-channel\/\" target=\"_blank\">Anodized Extruded Aluminum J Channel<\/a><\/li>\r\n<li><a href=\"https:\/\/sinoextrud.com\/product\/aluminum-handrail-profiles\/\" target=\"_blank\">Aluminum Handrail Profiles<\/a><\/li>\r\n<li><a href=\"https:\/\/sinoextrud.com\/product\/square-aluminium-extrusion\/\" target=\"_blank\">Square Aluminium Extrusion<\/a><\/li>\r\n<li><a href=\"https:\/\/sinoextrud.com\/product\/u-shape-extruded-aluminum-wall-panels\/\" target=\"_blank\">U Shape Extruded Aluminum Wall Panels<\/a><\/li>\r\n<li><a href=\"https:\/\/sinoextrud.com\/product\/h-section-aluminium-extrusion-foshan-factory\/\" target=\"_blank\">H Section Aluminium Extrusion Foshan Factory<\/a><\/li>\r\n<li><a href=\"https:\/\/sinoextrud.com\/product\/custom-3003-aluminum-tube-bending-coolant-tubes\/\" target=\"_blank\">Custom 3003 Aluminum Tube Bending Coolant Tubes<\/a><\/li>"},"feature_list":[]},"_links":{"self":[{"href":"https:\/\/sinoextrud.com\/fi\/wp-json\/wp\/v2\/product\/7388","targetHints":{"allow":["GET"]}}],"collection":[{"href":"https:\/\/sinoextrud.com\/fi\/wp-json\/wp\/v2\/product"}],"about":[{"href":"https:\/\/sinoextrud.com\/fi\/wp-json\/wp\/v2\/types\/product"}],"wp:featuredmedia":[{"embeddable":true,"href":"https:\/\/sinoextrud.com\/fi\/wp-json\/wp\/v2\/media\/7387"}],"wp:attachment":[{"href":"https:\/\/sinoextrud.com\/fi\/wp-json\/wp\/v2\/media?parent=7388"}],"wp:term":[{"taxonomy":"category","embeddable":true,"href":"https:\/\/sinoextrud.com\/fi\/wp-json\/wp\/v2\/categories?post=7388"}],"curies":[{"name":"wp","href":"https:\/\/api.w.org\/{rel}","templated":true}]}}