{"id":7380,"date":"2025-06-07T06:25:28","date_gmt":"2025-06-07T06:25:28","guid":{"rendered":"https:\/\/sinoextrud.com\/product\/powder-coating-golden-10mm-aluminum-extrusion\/"},"modified":"2025-06-24T06:12:40","modified_gmt":"2025-06-24T06:12:40","slug":"jauhemaalaus-kultainen-10mm-alumiini-suulakepuristus","status":"publish","type":"product","link":"https:\/\/sinoextrud.com\/fi\/product\/powder-coating-golden-10mm-aluminum-extrusion\/","title":{"rendered":"Jauhepinnoite Golden 10mm alumiini suulakepuristamalla"},"content":{"rendered":"<h2>Tuotteiden tiedot<\/h2>\n<table class=\"custom-table\">\n<tbody>\n<tr>\n<td> Luokka:<\/td>\n<td> 6063 -t5<\/td>\n<\/tr>\n<tr>\n<td> Tekniikka:<\/td>\n<td> Jauhepinnoite Golden 10mm alumiini suulakepuristamalla<\/td>\n<\/tr>\n<tr>\n<td> Temperamentti:<\/td>\n<td> T3 - T8<\/td>\n<\/tr>\n<tr>\n<td> Koneistuspalvelut:<\/td>\n<td> Poraus, kierteitys, niittaus, kokoonpano jne.<\/td>\n<\/tr>\n<tr>\n<td> Tavaramerkki:<\/td>\n<td> Sinoextrud Sinoextrud Sinoextrud <\/td>\n<\/tr>\n<tr>\n<td> Tyyppi:<\/td>\n<td> Jauhepinnoite Golden 10mm alumiini suulakepuristamalla<\/td>\n<\/tr>\n<tr>\n<td> Muoto:<\/td>\n<td> Valmistettu asiakkaiden suunnittelemana<\/td>\n<\/tr>\n<tr>\n<td> Pintak\u00e4sittely:<\/td>\n<td> Mill Finish Anodisoitu Harjattu<\/td>\n<\/tr>\n<tr>\n<td> Pituus:<\/td>\n<td> 1m - 9m per pituus<\/td>\n<\/tr>\n<tr>\n<td> V\u00e4rit:<\/td>\n<td> Hopea Musta<\/td>\n<\/tr>\n<tr>\n<td> HS-koodi:<\/td>\n<td> 76042990<\/td>\n<\/tr>\n<\/tbody>\n<\/table>\n<h2>Tuotantopohjamme<\/h2>\n<h3>Tehtaan panoraama<\/h3>\n<p><img decoding=\"async\" src=\"\/wp-content\/uploads\/factory-01.webp\"\/><\/p>\n<h3>Alumiini Bar Manufacturing Workshop<\/h3>\n<p><img decoding=\"async\" src=\"\/wp-content\/uploads\/factory-02.webp\"\/><\/p>\n<p><img decoding=\"async\" src=\"\/wp-content\/uploads\/factory-03.webp\"\/><\/p>\n<h3>Muotin varastointi Varasto<\/h3>\n<p><img decoding=\"async\" src=\"\/wp-content\/uploads\/factory-04.webp\"\/><\/p>\n<h3>43 Alumiini ekstruusiolinjat (500\u00e2 5500 tonnia)<\/h3>\n<p><img decoding=\"async\" src=\"\/wp-content\/uploads\/factory-05.webp\"\/><\/p>\n<p><img decoding=\"async\" src=\"\/wp-content\/uploads\/factory-06.webp\"\/><\/p>\n<p><img decoding=\"async\" src=\"\/wp-content\/uploads\/factory-07.webp\"\/><\/p>\n<h3>Jauhemaalaus ty\u00f6paja<\/h3>\n<p><img decoding=\"async\" src=\"\/wp-content\/uploads\/factory-09.webp\"\/><\/p>\n<h3>Anodisointi ty\u00f6paja<\/h3>\n<p><img decoding=\"async\" src=\"\/wp-content\/uploads\/factory-10.webp\"\/><\/p>\n<h3>Syv\u00e4k\u00e4sittelyn ty\u00f6paja<\/h3>\n<p><img decoding=\"async\" src=\"\/wp-content\/uploads\/factory-11.webp\"\/><\/p>\n<h3>CNC-tarkkuuskoneistus ty\u00f6paja<\/h3>\n<p><img decoding=\"async\" src=\"\/wp-content\/uploads\/factory-11.5.webp\"\/><\/p>\n<h3>Valmiiden tuotteiden ja vientivarasto<\/h3>\n<p><img decoding=\"async\" src=\"\/wp-content\/uploads\/factory-12.webp\"\/><\/p>\n<p><img decoding=\"async\" src=\"\/wp-content\/uploads\/factory-13.webp\"\/><\/p>\n<p><img decoding=\"async\" src=\"\/wp-content\/uploads\/factory-14.webp\"\/><\/p>\n<h2>FAQ<\/h2>\n<p><p><b>1.Mik\u00e4 on jauhemaalaus Golden 10mm alumiini suulakepuristus?<\/b><\/p>\n<p>Se on 10 mm:n alumiiniprofiili, joka on viimeistelty kultaisella jauhemaalilla, joka tarjoaa sek\u00e4 esteettist\u00e4 ulkon\u00e4k\u00f6\u00e4 ett\u00e4 suojaavia pintaominaisuuksia.<br \/>\n<\/p><br \/>\n<br \/>\n<p><b>2.Miksi valita kultainen jauhemaalattu alumiinipursotus?<\/b><\/p>\n<p>Kultainen jauhemaalaus antaa ylellisen ulkon\u00e4\u00f6n ja parantaa samalla kest\u00e4vyytt\u00e4, korroosionkest\u00e4vyytt\u00e4 ja v\u00e4rin s\u00e4ilymist\u00e4.<br \/>\n<\/p><br \/>\n<br \/>\n<p><b>3.Mitk\u00e4 ovat 10mm kultaisten alumiiniprofiilien sovellukset?<\/b><\/p>\n<p>Yleisi\u00e4 k\u00e4ytt\u00f6kohteita ovat sis\u00e4tilojen koristelu, ikkunoiden ja ovien koristeet, huonekalujen kehykset, koristeelliset paneelit ja esittelyj\u00e4rjestelm\u00e4t.<br \/>\n<\/p><br \/>\n<br \/>\n<p><b>4.Onko jauhemaalaus s\u00e4\u00e4nkest\u00e4v\u00e4?<\/b><\/p>\n<p>Kyll\u00e4, jauhemaalatut alumiiniprofiilit kest\u00e4v\u00e4t UV-s\u00e4teit\u00e4, kosteutta ja l\u00e4mp\u00f6tilan muutoksia, joten ne soveltuvat ulkok\u00e4ytt\u00f6\u00f6n.<br \/>\n<\/p><br \/>\n<br \/>\n<p><b>5.Voiko n\u00e4it\u00e4 profiileja r\u00e4\u00e4t\u00e4l\u00f6id\u00e4 v\u00e4rin ja koon mukaan?<\/b><\/p>\n<p>OEM-kustomointi sis\u00e4lt\u00e4\u00e4 ehdottomasti v\u00e4rin, profiilin mitat, seoslaadun ja pintakuvion.<br \/>\n<\/p><br \/>\n<br \/>\n<p><b>6.Onko 10 mm:n alumiiniprofiili tarpeeksi vahva rakenteelliseen k\u00e4ytt\u00f6\u00f6n?<\/b><\/p>\n<p>Vaikka 10 mm:n profiilit ovat kevyit\u00e4, ne tarjoavat riitt\u00e4v\u00e4n lujuuden kevyisiin rakenne-, kehys- ja koristesovelluksiin.<br \/>\n<\/p><br \/>\n<br \/>\n<p><b>7.Ovatko jauhemaalatut alumiiniprofiilit ymp\u00e4rist\u00f6yst\u00e4v\u00e4llisi\u00e4?<\/b><\/p>\n<p>Jauhemaalaus tuottaa vain v\u00e4h\u00e4n j\u00e4tett\u00e4, ja alumiini on t\u00e4ysin kierr\u00e4tett\u00e4viss\u00e4, joten se on ymp\u00e4rist\u00f6yst\u00e4v\u00e4llinen materiaalivalinta.<br \/>\n<\/p><br \/><\/p>","protected":false},"featured_media":7379,"template":"","categories":[67],"class_list":["post-7380","product","type-product","status-publish","has-post-thumbnail","hentry","category-architectural-aluminium-profile"],"meta_box":{"hilight_text_group":{"product_hilight_text":"<li>Golden powder coating provides a premium, decorative finish<\/li>\r\r\n<li>10mm aluminum profile is lightweight yet structurally strong<\/li>\r\r\n<li>Excellent corrosion resistance for indoor and outdoor use<\/li>\r\r\n<li>Durable surface resists scratching, fading, and wear<\/li>\r\r\n<li>Customizable dimensions, shapes, and finishes for OEM production<\/li>\r\r\n<li>Ideal for trim, framing, decorative panels, and light-duty construction<\/li>","product_chanpin_blog":"<ul>\r\r\n<li><a href=\"https:\/\/sinoextrud.com\/t-slot-v-slot-differences\/\" target=\"_blank\">t slot vs v slot<\/a><\/li>\r\r\n<li><a href=\"https:\/\/sinoextrud.com\/what-is-4040-aluminium-extrud\/\" target=\"_blank\">4040 aluminium extrusion<\/a><\/li>\r\r\n<li><a href=\"https:\/\/sinoextrud.com\/what-is-4040-aluminium-extrud\/\" target=\"_blank\">aluminum extrusions for industrial racks<\/a><\/li>\r\r\n<li><a href=\"https:\/\/sinoextrud.com\/powder-coating-aluminium-process\/\" target=\"_blank\">powder coating aluminium<\/a><\/li>\r\r\n<li><a href=\"https:\/\/sinoextrud.com\/what-is-an-aluminium-strip-ceiling\/\" target=\"_blank\">aluminium strip ceiling<\/a><\/li>\r\r\n<li><a href=\"https:\/\/sinoextrud.com\/what-is-a-heat-sink\/\" target=\"_blank\">what is a heat sink<\/a><\/li>\r\r\n<\/ul>","product_chanpin_chanpin":"<li><a href=\"https:\/\/sinoextrud.com\/product\/aluminum-extrusion-brackets\/\" target=\"_blank\">Aluminum Extrusion Brackets<\/a><\/li>\r\n<li><a href=\"https:\/\/sinoextrud.com\/product\/custom-aluminum-tongue-and-groove-extrusion\/\" target=\"_blank\">Custom Aluminum Tongue And Groove Extrusion<\/a><\/li>\r\n<li><a href=\"https:\/\/sinoextrud.com\/product\/aluminum-extrusion-connectors-for-window-door-aluminum\/\" target=\"_blank\">Aluminum Extrusion Connectors For Window Door Aluminum<\/a><\/li>\r\n<li><a href=\"https:\/\/sinoextrud.com\/product\/wooden-grain-40mm-aluminum-extrusion-profiles\/\" target=\"_blank\">Wooden Grain 40mm Aluminum Extrusion Profiles<\/a><\/li>\r\n<li><a href=\"https:\/\/sinoextrud.com\/product\/powder-coating-golden-10mm-aluminum-extrusion\/\" target=\"_blank\">Powder Coating Golden 10mm Aluminum Extrusion<\/a><\/li>\r\n<li><a href=\"https:\/\/sinoextrud.com\/product\/curved-extruded-aluminum-6063-alloy-anodizing\/\" target=\"_blank\">Curved Extruded Aluminum 6063 Alloy Anodizing<\/a><\/li>\r\n<li><a href=\"https:\/\/sinoextrud.com\/product\/oem-building-interlocking-aluminum-extrusions\/\" target=\"_blank\">OEM Building Interlocking Aluminum Extrusions<\/a><\/li>\r\n<li><a href=\"https:\/\/sinoextrud.com\/product\/extruded-aluminum-tubing-round-in-stock\/\" target=\"_blank\">Extruded Aluminum Tubing Round In Stock<\/a><\/li>\r\n<li><a href=\"https:\/\/sinoextrud.com\/product\/extruded-h-beam-aluminum-profile\/\" target=\"_blank\">Extruded H Beam Aluminum Profile<\/a><\/li>\r\n<li><a href=\"https:\/\/sinoextrud.com\/product\/aluminium-frame\/\" target=\"_blank\">Aluminium Frame<\/a><\/li>\r\n<li><a href=\"https:\/\/sinoextrud.com\/product\/c-beam-v-slot-aluminium-profile\/\" target=\"_blank\">C Beam V Slot Aluminium Profile<\/a><\/li>"},"feature_list":[]},"_links":{"self":[{"href":"https:\/\/sinoextrud.com\/fi\/wp-json\/wp\/v2\/product\/7380","targetHints":{"allow":["GET"]}}],"collection":[{"href":"https:\/\/sinoextrud.com\/fi\/wp-json\/wp\/v2\/product"}],"about":[{"href":"https:\/\/sinoextrud.com\/fi\/wp-json\/wp\/v2\/types\/product"}],"wp:featuredmedia":[{"embeddable":true,"href":"https:\/\/sinoextrud.com\/fi\/wp-json\/wp\/v2\/media\/7379"}],"wp:attachment":[{"href":"https:\/\/sinoextrud.com\/fi\/wp-json\/wp\/v2\/media?parent=7380"}],"wp:term":[{"taxonomy":"category","embeddable":true,"href":"https:\/\/sinoextrud.com\/fi\/wp-json\/wp\/v2\/categories?post=7380"}],"curies":[{"name":"wp","href":"https:\/\/api.w.org\/{rel}","templated":true}]}}