{"id":7374,"date":"2025-06-07T06:20:15","date_gmt":"2025-06-07T06:20:15","guid":{"rendered":"https:\/\/sinoextrud.com\/product\/custom-aluminum-tongue-and-groove-extrusion\/"},"modified":"2025-06-24T06:12:39","modified_gmt":"2025-06-24T06:12:39","slug":"custom-alumiini-kieli-ja-ura-suulakepuristus","status":"publish","type":"product","link":"https:\/\/sinoextrud.com\/fi\/product\/custom-aluminum-tongue-and-groove-extrusion\/","title":{"rendered":"Custom alumiini kielen ja uran puristamiseen ekstruusio"},"content":{"rendered":"<h2>Tuotteiden tiedot<\/h2>\n<table class=\"custom-table\">\n<tbody>\n<tr>\n<td> Luokka:<\/td>\n<td> 6063 -t5<\/td>\n<\/tr>\n<tr>\n<td> Kohde:<\/td>\n<td> Custom alumiini kielen ja uran puristamiseen ekstruusio<\/td>\n<\/tr>\n<tr>\n<td> Temperamentti:<\/td>\n<td> T3 - T8<\/td>\n<\/tr>\n<tr>\n<td> Koneistuspalvelut:<\/td>\n<td> Poraus, kierteitys, niittaus, kokoonpano jne.<\/td>\n<\/tr>\n<tr>\n<td> Tavaramerkki:<\/td>\n<td> Sinoextrud Sinoextrud Sinoextrud <\/td>\n<\/tr>\n<tr>\n<td> Tyyppi:<\/td>\n<td> R\u00e4\u00e4t\u00e4l\u00f6ity<\/td>\n<\/tr>\n<tr>\n<td> Muoto:<\/td>\n<td> Valmistettu asiakkaiden suunnittelemana<\/td>\n<\/tr>\n<tr>\n<td> Pintak\u00e4sittely:<\/td>\n<td> Mill Finish Anodisoitu Harjattu<\/td>\n<\/tr>\n<tr>\n<td> Pituus:<\/td>\n<td> 1m - 9m per pituus<\/td>\n<\/tr>\n<tr>\n<td> V\u00e4rit:<\/td>\n<td> Hopea Musta<\/td>\n<\/tr>\n<tr>\n<td> HS-koodi:<\/td>\n<td> 76042990<\/td>\n<\/tr>\n<\/tbody>\n<\/table>\n<h2>Tuotantopohjamme<\/h2>\n<h3>Tehtaan panoraama<\/h3>\n<p><img decoding=\"async\" src=\"\/wp-content\/uploads\/factory-01.webp\"\/><\/p>\n<h3>Alumiini Bar Manufacturing Workshop<\/h3>\n<p><img decoding=\"async\" src=\"\/wp-content\/uploads\/factory-02.webp\"\/><\/p>\n<p><img decoding=\"async\" src=\"\/wp-content\/uploads\/factory-03.webp\"\/><\/p>\n<h3>Muotin varastointi Varasto<\/h3>\n<p><img decoding=\"async\" src=\"\/wp-content\/uploads\/factory-04.webp\"\/><\/p>\n<h3>43 Alumiini ekstruusiolinjat (500\u00e2 5500 tonnia)<\/h3>\n<p><img decoding=\"async\" src=\"\/wp-content\/uploads\/factory-05.webp\"\/><\/p>\n<p><img decoding=\"async\" src=\"\/wp-content\/uploads\/factory-06.webp\"\/><\/p>\n<p><img decoding=\"async\" src=\"\/wp-content\/uploads\/factory-07.webp\"\/><\/p>\n<h3>Jauhemaalaus ty\u00f6paja<\/h3>\n<p><img decoding=\"async\" src=\"\/wp-content\/uploads\/factory-09.webp\"\/><\/p>\n<h3>Anodisointi ty\u00f6paja<\/h3>\n<p><img decoding=\"async\" src=\"\/wp-content\/uploads\/factory-10.webp\"\/><\/p>\n<h3>Syv\u00e4k\u00e4sittelyn ty\u00f6paja<\/h3>\n<p><img decoding=\"async\" src=\"\/wp-content\/uploads\/factory-11.webp\"\/><\/p>\n<h3>CNC-tarkkuuskoneistus ty\u00f6paja<\/h3>\n<p><img decoding=\"async\" src=\"\/wp-content\/uploads\/factory-11.5.webp\"\/><\/p>\n<h3>Valmiiden tuotteiden ja vientivarasto<\/h3>\n<p><img decoding=\"async\" src=\"\/wp-content\/uploads\/factory-12.webp\"\/><\/p>\n<p><img decoding=\"async\" src=\"\/wp-content\/uploads\/factory-13.webp\"\/><\/p>\n<p><img decoding=\"async\" src=\"\/wp-content\/uploads\/factory-14.webp\"\/><\/p>\n<h2>FAQ<\/h2>\n<p><p><b>1.What on Custom alumiini kieli ja ura ekstruusio?<\/b><\/p>\n<p>Se on lukittava alumiiniprofiili, joka on suunniteltu turvalliseen, aukottomaan kokoonpanoon ja jota k\u00e4ytet\u00e4\u00e4n paneeleissa, koteloissa ja rakennej\u00e4rjestelmiss\u00e4.<br \/>\n<\/p><br \/>\n<br \/>\n<p><b>2.Miksi valita kieli ja ura alumiiniprofiilit?<\/b><\/p>\n<p>Lukitusrakenne parantaa lujuutta, tasausta ja ulkon\u00e4k\u00f6\u00e4 samalla kun asennusaika ja materiaaliv\u00e4lykset minimoidaan.<br \/>\n<\/p><br \/>\n<br \/>\n<p><b>3.Can alumiini kieli ja ura profiilit voidaan r\u00e4\u00e4t\u00e4l\u00f6id\u00e4?<\/b><\/p>\n<p>Kyll\u00e4, ne voidaan r\u00e4\u00e4t\u00e4l\u00f6id\u00e4 koon, muodon, metalliseoksen, viimeistelyn ja ty\u00f6st\u00f6n suhteen OEM- tai projektikohtaisia sovelluksia varten.<br \/>\n<\/p><br \/>\n<br \/>\n<p><b>4.Mitk\u00e4 ovat tyypilliset kieli- ja urapuristekappaleiden k\u00e4ytt\u00f6kohteet?<\/b><\/p>\n<p>Niit\u00e4 k\u00e4ytet\u00e4\u00e4n yleisesti puhdastiloissa, arkkitehtonisissa sein\u00e4verhouksissa, kuorma-autojen korissa, modulaarisissa rakennuksissa ja varastointij\u00e4rjestelmiss\u00e4.<br \/>\n<\/p><br \/>\n<br \/>\n<p><b>5.Onko materiaali s\u00e4\u00e4nkest\u00e4v\u00e4?<\/b><\/p>\n<p>Alumiini on luonnostaan korroosionkest\u00e4v\u00e4\u00e4, ja lis\u00e4suojaus, kuten anodisointi tai pulverimaalaus, parantaa kest\u00e4vyytt\u00e4 ulkona.<br \/>\n<\/p><br \/>\n<br \/>\n<p><b>6.Mit\u00e4 pintak\u00e4sittelyj\u00e4 on saatavilla?<\/b><\/p>\n<p>Vaihtoehtoina ovat anodisointi, jauhemaalaus, hiekkapuhallus tai harjaus esteettisyyden ja suorituskyvyn parantamiseksi.<br \/>\n<\/p><br \/>\n<br \/>\n<p><b>7.Do valmistajat tukevat irtotavarana ja OEM-tilauksia?<\/b><\/p>\n<p>Ehdottomasti valmistajat tarjoavat OEM-palveluja, ty\u00f6kaluja ja massatuotantokapasiteettia tasaisen laadun ja toimitusten varmistamiseksi.<br \/>\n<\/p><br \/><\/p>","protected":false},"featured_media":7373,"template":"","categories":[67],"class_list":["post-7374","product","type-product","status-publish","has-post-thumbnail","hentry","category-architectural-aluminium-profile"],"meta_box":{"hilight_text_group":{"product_hilight_text":"<li>Interlocking tongue and groove design ensures secure, seamless assembly<\/li>\r\r\n<li>Made from high-strength aluminum for long-lasting structural performance<\/li>\r\r\n<li>Lightweight and corrosion-resistant for indoor and outdoor applications<\/li>\r\r\n<li>Custom profiles available to match specific OEM project requirements<\/li>\r\r\n<li>Reduces installation time and enhances aesthetic appearance<\/li>\r\r\n<li>Ideal for enclosures, wall panels, cleanrooms, and modular systems<\/li>","product_chanpin_blog":"<ul>\r\r\n<li><a href=\"https:\/\/sinoextrud.com\/t-slot-v-slot-differences\/\" target=\"_blank\">t slot vs v slot<\/a><\/li>\r\r\n<li><a href=\"https:\/\/sinoextrud.com\/what-is-4040-aluminium-extrud\/\" target=\"_blank\">4040 aluminium extrusion<\/a><\/li>\r\r\n<li><a href=\"https:\/\/sinoextrud.com\/what-is-4040-aluminium-extrud\/\" target=\"_blank\">aluminum extrusions for industrial racks<\/a><\/li>\r\r\n<li><a href=\"https:\/\/sinoextrud.com\/powder-coating-aluminium-process\/\" target=\"_blank\">powder coating aluminium<\/a><\/li>\r\r\n<li><a href=\"https:\/\/sinoextrud.com\/what-is-an-aluminium-strip-ceiling\/\" target=\"_blank\">aluminium strip ceiling<\/a><\/li>\r\r\n<li><a href=\"https:\/\/sinoextrud.com\/what-is-a-heat-sink\/\" target=\"_blank\">what is a heat sink<\/a><\/li>\r\r\n<\/ul>","product_chanpin_chanpin":"<li><a href=\"https:\/\/sinoextrud.com\/product\/bulk-extruded-aluminum\/\" target=\"_blank\">Bulk Extruded Aluminum<\/a><\/li>\r\n<li><a href=\"https:\/\/sinoextrud.com\/product\/sliding-door-extrusions\/\" target=\"_blank\">Sliding Door Extrusions<\/a><\/li>\r\n<li><a href=\"https:\/\/sinoextrud.com\/product\/extruded-aluminum-hex-tube\/\" target=\"_blank\">Extruded Aluminum Hex Tube<\/a><\/li>\r\n<li><a href=\"https:\/\/sinoextrud.com\/product\/aluminum-extrusion-brackets\/\" target=\"_blank\">Aluminum Extrusion Brackets<\/a><\/li>\r\n<li><a href=\"https:\/\/sinoextrud.com\/product\/custom-aluminum-tongue-and-groove-extrusion\/\" target=\"_blank\">Custom Aluminum Tongue And Groove Extrusion<\/a><\/li>\r\n<li><a href=\"https:\/\/sinoextrud.com\/product\/aluminum-extrusion-connectors-for-window-door-aluminum\/\" target=\"_blank\">Aluminum Extrusion Connectors For Window Door Aluminum<\/a><\/li>\r\n<li><a href=\"https:\/\/sinoextrud.com\/product\/wooden-grain-40mm-aluminum-extrusion-profiles\/\" target=\"_blank\">Wooden Grain 40mm Aluminum Extrusion Profiles<\/a><\/li>\r\n<li><a href=\"https:\/\/sinoextrud.com\/product\/powder-coating-golden-10mm-aluminum-extrusion\/\" target=\"_blank\">Powder Coating Golden 10mm Aluminum Extrusion<\/a><\/li>\r\n<li><a href=\"https:\/\/sinoextrud.com\/product\/curved-extruded-aluminum-6063-alloy-anodizing\/\" target=\"_blank\">Curved Extruded Aluminum 6063 Alloy Anodizing<\/a><\/li>\r\n<li><a href=\"https:\/\/sinoextrud.com\/product\/aluminium-extrud-6061-6082-7075-aluminum-alloy-profiles\/\" target=\"_blank\">Aluminum Extrusion 2024 7001 7003 Aluminum Profile<\/a><\/li>\r\n<li><a href=\"https:\/\/sinoextrud.com\/product\/aluminum-heat-sink\/\" target=\"_blank\">Aluminum Heat Sink<\/a><\/li>"},"feature_list":[]},"_links":{"self":[{"href":"https:\/\/sinoextrud.com\/fi\/wp-json\/wp\/v2\/product\/7374","targetHints":{"allow":["GET"]}}],"collection":[{"href":"https:\/\/sinoextrud.com\/fi\/wp-json\/wp\/v2\/product"}],"about":[{"href":"https:\/\/sinoextrud.com\/fi\/wp-json\/wp\/v2\/types\/product"}],"wp:featuredmedia":[{"embeddable":true,"href":"https:\/\/sinoextrud.com\/fi\/wp-json\/wp\/v2\/media\/7373"}],"wp:attachment":[{"href":"https:\/\/sinoextrud.com\/fi\/wp-json\/wp\/v2\/media?parent=7374"}],"wp:term":[{"taxonomy":"category","embeddable":true,"href":"https:\/\/sinoextrud.com\/fi\/wp-json\/wp\/v2\/categories?post=7374"}],"curies":[{"name":"wp","href":"https:\/\/api.w.org\/{rel}","templated":true}]}}