{"id":7366,"date":"2025-06-07T06:09:08","date_gmt":"2025-06-07T06:09:08","guid":{"rendered":"https:\/\/sinoextrud.com\/product\/bulk-extruded-aluminum\/"},"modified":"2025-06-24T06:12:38","modified_gmt":"2025-06-24T06:12:38","slug":"irtotavarana-suulakepuristettua-alumiinia","status":"publish","type":"product","link":"https:\/\/sinoextrud.com\/fi\/product\/bulk-extruded-aluminum\/","title":{"rendered":"Bulk suulakepuristettua alumiinia"},"content":{"rendered":"<h2>Tuotteiden tiedot<\/h2>\n<table class=\"custom-table\">\n<tbody>\n<tr>\n<td> Nimi<\/td>\n<td> Suulakepuristettua alumiinia<\/td>\n<\/tr>\n<tr>\n<td> Merkki<\/td>\n<td> Sinoextrud\/Sinoextrud<\/td>\n<\/tr>\n<tr>\n<td> Luokka<\/td>\n<td> Alumiiniprofiilit<\/td>\n<\/tr>\n<tr>\n<td> Tyyppi<\/td>\n<td> Saatavana on raskas tai kevyt tyyppi<\/td>\n<\/tr>\n<tr>\n<td> Materiaali<\/td>\n<td> 6061 on laajalti k\u00e4ytetty. 6063, 6463, 6005, 6082 on my\u00f6s saatavilla.<\/td>\n<\/tr>\n<tr>\n<td> Temper<\/td>\n<td> T5-T8<\/td>\n<\/tr>\n<tr>\n<td> Pituus<\/td>\n<td> 1-9m tai r\u00e4\u00e4t\u00e4l\u00f6inti<\/td>\n<\/tr>\n<tr>\n<td> Koko (mm)<\/td>\n<td> Piirustuksen mukaan<\/td>\n<\/tr>\n<tr>\n<td> Muoto<\/td>\n<td> Mukauttaminen<\/td>\n<\/tr>\n<tr>\n<td> Pintak\u00e4sittely<\/td>\n<td> Myllyvalmis, anodisoitu, hiekkapuhallus, elektroforeesi, tehopinnoitus jne.<\/td>\n<\/tr>\n<tr>\n<td> V\u00e4ri<\/td>\n<td> Hopea, musta, valkoinen, punainen, keltainen, samppanja tai r\u00e4\u00e4t\u00e4l\u00f6ity v\u00e4ri.<\/td>\n<\/tr>\n<tr>\n<td> Standardi<\/td>\n<td> ASTM, GB, DIN<\/td>\n<\/tr>\n<tr>\n<td> Osoitteesta<\/td>\n<td> Guangdong, Kiina<\/td>\n<\/tr>\n<tr>\n<td> Hakemus<\/td>\n<td> Teollisuus, rakentaminen, arkkitehtuuri, sisustus<\/td>\n<\/tr>\n<\/tbody>\n<\/table>\n<h2>Tuotantopohjamme<\/h2>\n<h3>Tehtaan panoraama<\/h3>\n<p><img decoding=\"async\" src=\"\/wp-content\/uploads\/factory-01.webp\"\/><\/p>\n<h3>Alumiini Bar Manufacturing Workshop<\/h3>\n<p><img decoding=\"async\" src=\"\/wp-content\/uploads\/factory-02.webp\"\/><\/p>\n<p><img decoding=\"async\" src=\"\/wp-content\/uploads\/factory-03.webp\"\/><\/p>\n<h3>Muotin varastointi Varasto<\/h3>\n<p><img decoding=\"async\" src=\"\/wp-content\/uploads\/factory-04.webp\"\/><\/p>\n<h3>43 alumiinin ekstruusiolinjat (500-5500 tonnia)<\/h3>\n<p><img decoding=\"async\" src=\"\/wp-content\/uploads\/factory-05.webp\"\/><\/p>\n<p><img decoding=\"async\" src=\"\/wp-content\/uploads\/factory-06.webp\"\/><\/p>\n<p><img decoding=\"async\" src=\"\/wp-content\/uploads\/factory-07.webp\"\/><\/p>\n<h3>Jauhemaalaus ty\u00f6paja<\/h3>\n<p><img decoding=\"async\" src=\"\/wp-content\/uploads\/factory-09.webp\"\/><\/p>\n<h3>Anodisointi ty\u00f6paja<\/h3>\n<p><img decoding=\"async\" src=\"\/wp-content\/uploads\/factory-10.webp\"\/><\/p>\n<h3>Syv\u00e4k\u00e4sittelyn ty\u00f6paja<\/h3>\n<p><img decoding=\"async\" src=\"\/wp-content\/uploads\/factory-11.webp\"\/><\/p>\n<h3>CNC-tarkkuuskoneistus ty\u00f6paja<\/h3>\n<p><img decoding=\"async\" src=\"\/wp-content\/uploads\/factory-11.5.webp\"\/><\/p>\n<h3>Valmiiden tuotteiden ja vientivarasto<\/h3>\n<p><img decoding=\"async\" src=\"\/wp-content\/uploads\/factory-12.webp\"\/><\/p>\n<p><img decoding=\"async\" src=\"\/wp-content\/uploads\/factory-13.webp\"\/><\/p>\n<p><img decoding=\"async\" src=\"\/wp-content\/uploads\/factory-14.webp\"\/><\/p>\n<h2>FAQ<\/h2>\n<p><p><b>1.Mik\u00e4 on irtotavarana suulakepuristettua alumiinia?<\/b><\/p>\n<p>Massapuristettu alumiini tarkoittaa suuria m\u00e4\u00e4ri\u00e4 alumiiniprofiileja, jotka on valmistettu suulakepuristamalla teollisuuden, kaupan tai rakentamisen k\u00e4ytt\u00f6\u00f6n.<br \/>\n<\/p><br \/>\n<br \/>\n<p><b>2.Why valita irtotavarana suulakepuristettua alumiinia valmistukseen?<\/b><\/p>\n<p>Se tarjoaa kustannustehokkuutta, tasaista laatua ja r\u00e4\u00e4t\u00e4l\u00f6intimahdollisuuksia, joten se sopii erinomaisesti skaalautuviin tuotanto- ja infrastruktuuriprojekteihin.<br \/>\n<\/p><br \/>\n<br \/>\n<p><b>3.Mit\u00e4 alumiiniseoksia on saatavilla irtotavarana puristamiseen?<\/b><\/p>\n<p>Yleisi\u00e4 seoksia ovat 6061, 6063 ja 6082, jotka on valittu lujuuden, korroosionkest\u00e4vyyden ja ty\u00f6stett\u00e4vyyden perusteella.<br \/>\n<\/p><br \/>\n<br \/>\n<p><b>4.Can irtotavarana suulakepuristettua alumiinia voidaan r\u00e4\u00e4t\u00e4l\u00f6id\u00e4?<\/b><\/p>\n<p>Kyll\u00e4, profiilit voidaan r\u00e4\u00e4t\u00e4l\u00f6id\u00e4 muodoltaan, kooltaan, sein\u00e4m\u00e4n paksuudeltaan ja pintak\u00e4sittelylt\u00e4\u00e4n OEM-vaatimusten mukaisiksi.<br \/>\n<\/p><br \/>\n<br \/>\n<p><b>5.Mitk\u00e4 ovat tyypillisi\u00e4 sovelluksia irtotavarana valmistetuille alumiiniprofiileille?<\/b><\/p>\n<p>Niit\u00e4 k\u00e4ytet\u00e4\u00e4n laajalti autoteollisuudessa, ilmailu- ja avaruusteollisuudessa, rakentamisessa, aurinkoenergiassa, elektroniikassa ja huonekalujen valmistuksessa.<br \/>\n<\/p><br \/>\n<br \/>\n<p><b>6.Onko irtotavarana suulakepuristettu alumiini sopiva ulkok\u00e4ytt\u00f6\u00f6n?<\/b><\/p>\n<p>Alumiinin luonnollinen oksidikerros ja ylim\u00e4\u00e4r\u00e4iset pintak\u00e4sittelyt, kuten anodisointi tai jauhemaalaus, parantavat sen s\u00e4\u00e4nkest\u00e4vyytt\u00e4.<br \/>\n<\/p><br \/>\n<br \/>\n<p><b>7.Do toimittajat tarjoavat OEM-palveluja irtotavarana suulakepuristettua alumiinia?<\/b><\/p>\n<p>Kyll\u00e4, useimmat toimittajat tarjoavat OEM\/ODM-palveluja, mukaan lukien ty\u00f6kalut, valmistus, viimeistely ja pakkaaminen r\u00e4\u00e4t\u00e4l\u00f6ityj\u00e4 ja merkkiratkaisuja varten.<br \/>\n<\/p><br \/><\/p>","protected":false},"featured_media":7365,"template":"","categories":[67],"class_list":["post-7366","product","type-product","status-publish","has-post-thumbnail","hentry","category-architectural-aluminium-profile"],"meta_box":{"hilight_text_group":{"product_hilight_text":"<li>Cost-effective solution for large-scale industrial and construction needs<\/li>\r\r\n<li>Available in various shapes, sizes, and aluminum alloys<\/li>\r\r\n<li>High strength-to-weight ratio ideal for structural applications<\/li>\r\r\n<li>Corrosion-resistant material suitable for indoor and outdoor environments<\/li>\r\r\n<li>Customizable extrusions to meet specific OEM project requirements<\/li>\r\r\n<li>Reliable bulk supply with consistent quality and fast lead times<\/li>","product_chanpin_blog":"<ul>\r\r\n<li><a href=\"https:\/\/sinoextrud.com\/t-slot-v-slot-differences\/\" target=\"_blank\">t slot vs v slot<\/a><\/li>\r\r\n<li><a href=\"https:\/\/sinoextrud.com\/what-is-4040-aluminium-extrud\/\" target=\"_blank\">4040 aluminium extrusion<\/a><\/li>\r\r\n<li><a href=\"https:\/\/sinoextrud.com\/what-is-4040-aluminium-extrud\/\" target=\"_blank\">aluminum extrusions for industrial racks<\/a><\/li>\r\r\n<li><a href=\"https:\/\/sinoextrud.com\/powder-coating-aluminium-process\/\" target=\"_blank\">powder coating aluminium<\/a><\/li>\r\r\n<li><a href=\"https:\/\/sinoextrud.com\/what-is-an-aluminium-strip-ceiling\/\" target=\"_blank\">aluminium strip ceiling<\/a><\/li>\r\r\n<li><a href=\"https:\/\/sinoextrud.com\/what-is-a-heat-sink\/\" target=\"_blank\">what is a heat sink<\/a><\/li>\r\r\n<\/ul>","product_chanpin_chanpin":"<li><a href=\"https:\/\/sinoextrud.com\/product\/aluminum-louver-blades\/\" target=\"_blank\">Aluminum Louver Blades<\/a><\/li>\r\n<li><a href=\"https:\/\/sinoextrud.com\/product\/fabricated-aluminium-extrusions-electrophoresis-champagne\/\" target=\"_blank\">Fabricated Aluminium Extrusions Electrophoresis Champagne<\/a><\/li>\r\n<li><a href=\"https:\/\/sinoextrud.com\/product\/aluminum-extruded-profile-f-channel\/\" target=\"_blank\">Aluminum Extruded Profile F Channel<\/a><\/li>\r\n<li><a href=\"https:\/\/sinoextrud.com\/product\/cnc-machining-aluminum-hat-channel-extrusions\/\" target=\"_blank\">CNC Machining Aluminum Hat Channel Extrusions<\/a><\/li>\r\n<li><a href=\"https:\/\/sinoextrud.com\/product\/bulk-extruded-aluminum\/\" target=\"_blank\">Bulk Extruded Aluminum<\/a><\/li>\r\n<li><a href=\"https:\/\/sinoextrud.com\/product\/sliding-door-extrusions\/\" target=\"_blank\">Sliding Door Extrusions<\/a><\/li>\r\n<li><a href=\"https:\/\/sinoextrud.com\/product\/extruded-aluminum-hex-tube\/\" target=\"_blank\">Extruded Aluminum Hex Tube<\/a><\/li>\r\n<li><a href=\"https:\/\/sinoextrud.com\/product\/aluminum-extrusion-brackets\/\" target=\"_blank\">Aluminum Extrusion Brackets<\/a><\/li>\r\n<li><a href=\"https:\/\/sinoextrud.com\/product\/custom-aluminum-tongue-and-groove-extrusion\/\" target=\"_blank\">Custom Aluminum Tongue And Groove Extrusion<\/a><\/li>\r\n<li><a href=\"https:\/\/sinoextrud.com\/product\/aluminium-frame-extrusion-profile-picture-frame-profile-for-interior-decoration-supplied-by-china-manufacturer\/\" target=\"_blank\">Aluminium Frame Extrusion Profile Picture Frame Profile for Interior Decoration Supplied By China Manufacturer<\/a><\/li>\r\n<li><a href=\"https:\/\/sinoextrud.com\/product\/the-world-most-popular-6000-series-aluminum-extrusion-profile-louver-shutter-for-adjustable-waterproof-louver-windows\/\" target=\"_blank\">The World Most Popular 6000 Series aluminum extrusion Profile louver shutter For Adjustable Waterproof Louver Windows<\/a><\/li>"},"feature_list":[]},"_links":{"self":[{"href":"https:\/\/sinoextrud.com\/fi\/wp-json\/wp\/v2\/product\/7366","targetHints":{"allow":["GET"]}}],"collection":[{"href":"https:\/\/sinoextrud.com\/fi\/wp-json\/wp\/v2\/product"}],"about":[{"href":"https:\/\/sinoextrud.com\/fi\/wp-json\/wp\/v2\/types\/product"}],"wp:featuredmedia":[{"embeddable":true,"href":"https:\/\/sinoextrud.com\/fi\/wp-json\/wp\/v2\/media\/7365"}],"wp:attachment":[{"href":"https:\/\/sinoextrud.com\/fi\/wp-json\/wp\/v2\/media?parent=7366"}],"wp:term":[{"taxonomy":"category","embeddable":true,"href":"https:\/\/sinoextrud.com\/fi\/wp-json\/wp\/v2\/categories?post=7366"}],"curies":[{"name":"wp","href":"https:\/\/api.w.org\/{rel}","templated":true}]}}