{"id":7362,"date":"2025-06-07T06:06:30","date_gmt":"2025-06-07T06:06:30","guid":{"rendered":"https:\/\/sinoextrud.com\/product\/aluminum-extruded-profile-f-channel\/"},"modified":"2025-06-24T06:12:38","modified_gmt":"2025-06-24T06:12:38","slug":"alumiinista-suulakepuristettu-profiili-f-kanava","status":"publish","type":"product","link":"https:\/\/sinoextrud.com\/fi\/product\/aluminum-extruded-profile-f-channel\/","title":{"rendered":"Alumiini suulakepuristettu profiili F-kanava"},"content":{"rendered":"<h2>Tuotteiden tiedot<\/h2>\n<table class=\"custom-table\">\n<tbody>\n<tr>\n<td> Kohde<\/td>\n<td> Alumiini suulakepuristettu profiili F-kanava<\/td>\n<\/tr>\n<tr>\n<td> Temper<\/td>\n<td> T3-T8<\/td>\n<\/tr>\n<tr>\n<td> Prosessin kulku<\/td>\n<td> Muotin kehitt\u00e4minen-Alumiinip\u00f6lkkyjen l\u00e4mmitt\u00e4minen yl\u00f6sp\u00e4in-muovaus raaka-alumiinilla - anodisoitu jauhepinnoitettu<\/td>\n<\/tr>\n<tr>\n<td> Sertifiointi<\/td>\n<td> CE, ISO, SGS, TUV<\/td>\n<\/tr>\n<tr>\n<td> Hakemus<\/td>\n<td> Rakentaminen, teollisuus<\/td>\n<\/tr>\n<tr>\n<td> Muoto<\/td>\n<td> Kolmion muotoinen<\/td>\n<\/tr>\n<tr>\n<td> Pintak\u00e4sittely<\/td>\n<td> Mylly viimeistelty, anodisoitu, tehopinnoite, hiekkapuhallus, elektroforeesi, harjattu, kiillotus jne.<\/td>\n<\/tr>\n<tr>\n<td> V\u00e4ri<\/td>\n<td> Perustuu asiakkaiden vaatimuksiin<\/td>\n<\/tr>\n<tr>\n<td> Syv\u00e4prosessointi<\/td>\n<td> Leikkaus, poraus, ty\u00f6st\u00f6, l\u00e4vistys, taivutus, napauttaminen jne.<\/td>\n<\/tr>\n<tr>\n<td> Takuu<\/td>\n<td> ISO: 9001, SONCAP , BV-sertifikaatti, TUV, SGS tai asiakkaiden sertifikaatti saatavilla<\/td>\n<\/tr>\n<tr>\n<td> MOQ<\/td>\n<td> 200 kg kutakin profiilia kohti<\/td>\n<\/tr>\n<tr>\n<td> Toimitusaika<\/td>\n<td> Muotin kehitt\u00e4minen ja n\u00e4ytteen muotoilu kest\u00e4\u00e4 12-15 p\u00e4iv\u00e4\u00e4, ja tuotannon kesto on 15-25 p\u00e4iv\u00e4\u00e4 ostajan talletuksen vastaanottamisen j\u00e4lkeen.<\/td>\n<\/tr>\n<tr>\n<td> Ilmainen n\u00e4yte<\/td>\n<td> 1-3 p\u00e4iv\u00e4\u00e4 voidaan l\u00e4hett\u00e4\u00e4<\/td>\n<\/tr>\n<\/tbody>\n<\/table>\n<h2>Tuotantopohjamme<\/h2>\n<h3>Tehtaan panoraama<\/h3>\n<p><img decoding=\"async\" src=\"\/wp-content\/uploads\/factory-01.webp\"\/><\/p>\n<h3>Alumiini Bar Manufacturing Workshop<\/h3>\n<p><img decoding=\"async\" src=\"\/wp-content\/uploads\/factory-02.webp\"\/><\/p>\n<p><img decoding=\"async\" src=\"\/wp-content\/uploads\/factory-03.webp\"\/><\/p>\n<h3>Muotin varastointi Varasto<\/h3>\n<p><img decoding=\"async\" src=\"\/wp-content\/uploads\/factory-04.webp\"\/><\/p>\n<h3>43 alumiinin ekstruusiolinjat (500-5500 tonnia)<\/h3>\n<p><img decoding=\"async\" src=\"\/wp-content\/uploads\/factory-05.webp\"\/><\/p>\n<p><img decoding=\"async\" src=\"\/wp-content\/uploads\/factory-06.webp\"\/><\/p>\n<p><img decoding=\"async\" src=\"\/wp-content\/uploads\/factory-07.webp\"\/><\/p>\n<h3>Jauhemaalaus ty\u00f6paja<\/h3>\n<p><img decoding=\"async\" src=\"\/wp-content\/uploads\/factory-09.webp\"\/><\/p>\n<h3>Anodisointi ty\u00f6paja<\/h3>\n<p><img decoding=\"async\" src=\"\/wp-content\/uploads\/factory-10.webp\"\/><\/p>\n<h3>Syv\u00e4k\u00e4sittelyn ty\u00f6paja<\/h3>\n<p><img decoding=\"async\" src=\"\/wp-content\/uploads\/factory-11.webp\"\/><\/p>\n<h3>CNC-tarkkuuskoneistus ty\u00f6paja<\/h3>\n<p><img decoding=\"async\" src=\"\/wp-content\/uploads\/factory-11.5.webp\"\/><\/p>\n<h3>Valmiiden tuotteiden ja vientivarasto<\/h3>\n<p><img decoding=\"async\" src=\"\/wp-content\/uploads\/factory-12.webp\"\/><\/p>\n<p><img decoding=\"async\" src=\"\/wp-content\/uploads\/factory-13.webp\"\/><\/p>\n<p><img decoding=\"async\" src=\"\/wp-content\/uploads\/factory-14.webp\"\/><\/p>\n<h2>FAQ<\/h2>\n<p><p><b>1.Mik\u00e4 on alumiininen suulakepuristettu profiili F-kanava?<\/b><\/p>\n<p>Se on alumiinipuristekappale, jonka poikkileikkaus on F-muotoinen ja jota k\u00e4ytet\u00e4\u00e4n kehyst\u00e4miseen, leikkaamiseen tai paneelien ja kalusteiden tukemiseen.<br \/>\n<\/p><br \/>\n<br \/>\n<p><b>2.Miksi valita alumiininen F-kanavaprofiili?<\/b><\/p>\n<p>Alumiiniset F-kanavat ovat kevyit\u00e4, korroosionkest\u00e4vi\u00e4 ja helppoja asentaa, ja ne tarjoavat lujuutta ja siistin visuaalisen viimeistelyn.<br \/>\n<\/p><br \/>\n<br \/>\n<p><b>3.Mitk\u00e4 ovat F-kanavan alumiiniprofiilien yleiset sovellukset?<\/b><\/p>\n<p>Niit\u00e4 k\u00e4ytet\u00e4\u00e4n laajalti kaapistoissa, sis\u00e4tilojen v\u00e4liseiniss\u00e4, sein\u00e4verhouksissa, opastej\u00e4rjestelmiss\u00e4 sek\u00e4 ikkunoiden ja ovien kehysten yksityiskohdissa.<br \/>\n<\/p><br \/>\n<br \/>\n<p><b>4.Voidaanko F-kanavaprofiileja mukauttaa?<\/b><\/p>\n<p>Kyll\u00e4, ne voidaan r\u00e4\u00e4t\u00e4l\u00f6id\u00e4 leveyden, paksuuden, viimeistelyn, metalliseoksen ja pituusleikkauksen osalta OEM- tai projektikohtaisiin tarpeisiin.<br \/>\n<\/p><br \/>\n<br \/>\n<p><b>5.Soveltuvatko alumiiniset F-kanavat ulkok\u00e4ytt\u00f6\u00f6n?<\/b><\/p>\n<p>Ne kest\u00e4v\u00e4t korroosiota ja s\u00e4ilytt\u00e4v\u00e4t ulkon\u00e4k\u00f6ns\u00e4 ulkoymp\u00e4rist\u00f6ss\u00e4, varsinkin kun ne on anodisoitu tai pulverimaalattu.<br \/>\n<\/p><br \/>\n<br \/>\n<p><b>6.Mit\u00e4 pintak\u00e4sittelyj\u00e4 on saatavana alumiinisille F-kanavaprofiileille?<\/b><\/p>\n<p>Suosittuja pintak\u00e4sittelyj\u00e4 ovat anodisointi, jauhemaalaus, hiekkapuhallus sek\u00e4 harjatut tai kiillotetut pinnat esteettisiin ja toiminnallisiin tarkoituksiin.<br \/>\n<\/p><br \/>\n<br \/>\n<p><b>7.Onko alumiinisten F-kanavien asennus helppoa?<\/b><\/p>\n<p>Kyll\u00e4, ne on suunniteltu niin, ett\u00e4 ne on helppo asentaa liimalla, ruuveilla tai klipseill\u00e4, joten ne ovat ihanteellisia nopeisiin ja siisteihin asennuksiin.<br \/>\n<\/p><br \/><\/p>","protected":false},"featured_media":7361,"template":"","categories":[67],"class_list":["post-7362","product","type-product","status-publish","has-post-thumbnail","hentry","category-architectural-aluminium-profile"],"meta_box":{"hilight_text_group":{"product_hilight_text":"<li>Durable F-shaped aluminum profile ideal for edge framing and panel support<\/li>\r\r\n<li>Lightweight and corrosion-resistant for indoor and outdoor use<\/li>\r\r\n<li>Easy to install with clean lines for modern architectural finishes<\/li>\r\r\n<li>Precision extrusion ensures dimensional accuracy and tight fit<\/li>\r\r\n<li>Available in custom lengths, finishes, and alloy grades<\/li>\r\r\n<li>Suitable for cabinets, partitions, signage, and construction detailing<\/li>","product_chanpin_blog":"<ul>\r\r\n<li><a href=\"https:\/\/sinoextrud.com\/t-slot-v-slot-differences\/\" target=\"_blank\">t slot vs v slot<\/a><\/li>\r\r\n<li><a href=\"https:\/\/sinoextrud.com\/what-is-4040-aluminium-extrud\/\" target=\"_blank\">4040 aluminium extrusion<\/a><\/li>\r\r\n<li><a href=\"https:\/\/sinoextrud.com\/what-is-4040-aluminium-extrud\/\" target=\"_blank\">aluminum extrusions for industrial racks<\/a><\/li>\r\r\n<li><a href=\"https:\/\/sinoextrud.com\/powder-coating-aluminium-process\/\" target=\"_blank\">powder coating aluminium<\/a><\/li>\r\r\n<li><a href=\"https:\/\/sinoextrud.com\/what-is-an-aluminium-strip-ceiling\/\" target=\"_blank\">aluminium strip ceiling<\/a><\/li>\r\r\n<li><a href=\"https:\/\/sinoextrud.com\/what-is-a-heat-sink\/\" target=\"_blank\">what is a heat sink<\/a><\/li>\r\r\n<\/ul>","product_chanpin_chanpin":"<li><a href=\"https:\/\/sinoextrud.com\/product\/aluminum-decorative-timber-batten-3d-aluminum-profiles-timber-ceilings-u-shaped-baffle-ceiling\/\" target=\"_blank\">Aluminum Decorative Timber Batten 3D Aluminum Profiles Timber Ceilings U-shaped Baffle Ceiling<\/a><\/li>\r\n<li><a href=\"https:\/\/sinoextrud.com\/product\/aluminum-alloy-profile\/\" target=\"_blank\">Aluminum Alloy Profile<\/a><\/li>\r\n<li><a href=\"https:\/\/sinoextrud.com\/product\/aluminum-louver-blades\/\" target=\"_blank\">Aluminum Louver Blades<\/a><\/li>\r\n<li><a href=\"https:\/\/sinoextrud.com\/product\/fabricated-aluminium-extrusions-electrophoresis-champagne\/\" target=\"_blank\">Fabricated Aluminium Extrusions Electrophoresis Champagne<\/a><\/li>\r\n<li><a href=\"https:\/\/sinoextrud.com\/product\/aluminum-extruded-profile-f-channel\/\" target=\"_blank\">Aluminum Extruded Profile F Channel<\/a><\/li>\r\n<li><a href=\"https:\/\/sinoextrud.com\/product\/cnc-machining-aluminum-hat-channel-extrusions\/\" target=\"_blank\">CNC Machining Aluminum Hat Channel Extrusions<\/a><\/li>\r\n<li><a href=\"https:\/\/sinoextrud.com\/product\/bulk-extruded-aluminum\/\" target=\"_blank\">Bulk Extruded Aluminum<\/a><\/li>\r\n<li><a href=\"https:\/\/sinoextrud.com\/product\/sliding-door-extrusions\/\" target=\"_blank\">Sliding Door Extrusions<\/a><\/li>\r\n<li><a href=\"https:\/\/sinoextrud.com\/product\/extruded-aluminum-hex-tube\/\" target=\"_blank\">Extruded Aluminum Hex Tube<\/a><\/li>\r\n<li><a href=\"https:\/\/sinoextrud.com\/product\/anodized-and-powder-coated-t-slotted-aluminum-extrusion\/\" target=\"_blank\">Anodized and Powder Coated T-Slotted Aluminum Extrusion<\/a><\/li>\r\n<li><a href=\"https:\/\/sinoextrud.com\/product\/modular-aluminium-extrusions\/\" target=\"_blank\">Modular Aluminium Extrusions<\/a><\/li>"},"feature_list":[]},"_links":{"self":[{"href":"https:\/\/sinoextrud.com\/fi\/wp-json\/wp\/v2\/product\/7362","targetHints":{"allow":["GET"]}}],"collection":[{"href":"https:\/\/sinoextrud.com\/fi\/wp-json\/wp\/v2\/product"}],"about":[{"href":"https:\/\/sinoextrud.com\/fi\/wp-json\/wp\/v2\/types\/product"}],"wp:featuredmedia":[{"embeddable":true,"href":"https:\/\/sinoextrud.com\/fi\/wp-json\/wp\/v2\/media\/7361"}],"wp:attachment":[{"href":"https:\/\/sinoextrud.com\/fi\/wp-json\/wp\/v2\/media?parent=7362"}],"wp:term":[{"taxonomy":"category","embeddable":true,"href":"https:\/\/sinoextrud.com\/fi\/wp-json\/wp\/v2\/categories?post=7362"}],"curies":[{"name":"wp","href":"https:\/\/api.w.org\/{rel}","templated":true}]}}