{"id":7358,"date":"2025-06-07T06:01:05","date_gmt":"2025-06-07T06:01:05","guid":{"rendered":"https:\/\/sinoextrud.com\/product\/aluminum-louver-blades\/"},"modified":"2025-06-24T06:12:37","modified_gmt":"2025-06-24T06:12:37","slug":"alumiiniset-saleikot","status":"publish","type":"product","link":"https:\/\/sinoextrud.com\/fi\/product\/aluminum-louver-blades\/","title":{"rendered":"Alumiini Louverin ter\u00e4t"},"content":{"rendered":"<h2>Tuotteiden tiedot<\/h2>\n<table class=\"custom-table\">\n<tr>\n<td class=\"label\">Tuotteen nimi:<\/td>\n<td>Alumiini Louverin ter\u00e4t<\/td>\n<\/tr>\n<tr>\n<td class=\"label\">Yritystyyppi:<\/td>\n<td>Valmistaja<\/td>\n<\/tr>\n<tr>\n<td class=\"label\">Seos:<\/td>\n<td>6063\/6061 (erikoisseokset voidaan valmistaa tarpeidesi mukaan.)<\/td>\n<\/tr>\n<tr>\n<td class=\"label\">Temperamentti:<\/td>\n<td>T5\/T6\/T4<\/td>\n<\/tr>\n<tr>\n<td class=\"label\">Standardi:<\/td>\n<td>Kiina GB korkean tarkkuuden standardi.<\/td>\n<\/tr>\n<tr>\n<td class=\"label\">Paksuus:<\/td>\n<td>Vaatimustesi perusteella.<\/td>\n<\/tr>\n<tr>\n<td class=\"label\">Pituus:<\/td>\n<td>1m-9m, tai r\u00e4\u00e4t\u00e4l\u00f6it\u00e4viss\u00e4<\/td>\n<\/tr>\n<tr>\n<td class=\"label\">MOQ:<\/td>\n<td>Normaalisti 1 tonni. Yleens\u00e4 10~12 tonnia 1*20GP:lle ja 20~23 tonnia 1*40HQ:lle.<\/td>\n<\/tr>\n<tr>\n<td class=\"label\">Pintak\u00e4sittely:<\/td>\n<td>Mylly viimeistely, anodisointi, jauhemaalaus, puunjyv\u00e4, kiillotus, harjaus, elektroforeesi, hiekkapuhallus, ect.<\/td>\n<\/tr>\n<tr>\n<td class=\"label\">Color We Can Do:<\/td>\n<td>Hopea, musta, valkoinen, pronssi, samppanja, vihre\u00e4, harmaa, kullankeltainen, nikkeli tai r\u00e4\u00e4t\u00e4l\u00f6ity.<\/td>\n<\/tr>\n<tr>\n<td class=\"label\">Kalvon paksuus:<\/td>\n<td>Anodisoitu: R\u00e4\u00e4t\u00e4l\u00f6ity. Normaali paksuus: \u22658 um.<\/td>\n<\/tr>\n<tr>\n<td class=\"label\">Jauhemaalaus:<\/td>\n<td>R\u00e4\u00e4t\u00e4l\u00f6ity. Normaali paksuus: 40-120 um.<\/td>\n<\/tr>\n<tr>\n<td class=\"label\">Elektroforeesi Complex Film:<\/td>\n<td>Normaali paksuus: 16 um.<\/td>\n<\/tr>\n<tr>\n<td class=\"label\">Puuv\u00e4ri:<\/td>\n<td>R\u00e4\u00e4t\u00e4l\u00f6ity. Normaali paksuus: 60-120 um.<\/td>\n<\/tr>\n<tr>\n<td class=\"label\">Puujyv\u00e4 Materiaali:<\/td>\n<td>a). Maahantuotu italialainen MENPHIS-siirtopainopaperi.<br \/>\nb). Korkealaatuinen Kiinan siirtopainopaperin tuotemerkki.<br \/>\nc). Eri hinnat.<\/td>\n<\/tr>\n<tr>\n<td class=\"label\">Kemiallinen koostumus ja suorituskyky:<\/td>\n<td>T\u00e4yt\u00e4nt\u00f6\u00f6npano ja t\u00e4ytt\u00e4v\u00e4t Kiinan GB korkean tarkkuuden tason.<\/td>\n<\/tr>\n<tr>\n<td class=\"label\">Koneistus:<\/td>\n<td>Leikkaus, l\u00e4vistys, poraus, taivutus, hitsaus, mylly, CNC jne.<\/td>\n<\/tr>\n<tr>\n<td class=\"label\">Pakkaus:<\/td>\n<td>Muovikalvo ja voimapaperi. Kunkin profiilin suojauskalvo on tarvittaessa my\u00f6s ok.<\/td>\n<\/tr>\n<tr>\n<td class=\"label\">Toimitussatama:<\/td>\n<td>Guangzhou, Foshan, Shenzhen<\/td>\n<\/tr>\n<tr>\n<td class=\"label\">OEM:<\/td>\n<td>Saatavilla.<\/td>\n<\/tr>\n<\/table>\n<h2>Tuotantopohjamme<\/h2>\n<h3>Tehtaan panoraama<\/h3>\n<p><img decoding=\"async\" src=\"\/wp-content\/uploads\/factory-01.webp\"\/><\/p>\n<h3>Alumiini Bar Manufacturing Workshop<\/h3>\n<p><img decoding=\"async\" src=\"\/wp-content\/uploads\/factory-02.webp\"\/><\/p>\n<p><img decoding=\"async\" src=\"\/wp-content\/uploads\/factory-03.webp\"\/><\/p>\n<h3>Muotin varastointi Varasto<\/h3>\n<p><img decoding=\"async\" src=\"\/wp-content\/uploads\/factory-04.webp\"\/><\/p>\n<h3>43 alumiinin ekstruusiolinjat (500-5500 tonnia)<\/h3>\n<p><img decoding=\"async\" src=\"\/wp-content\/uploads\/factory-05.webp\"\/><\/p>\n<p><img decoding=\"async\" src=\"\/wp-content\/uploads\/factory-06.webp\"\/><\/p>\n<p><img decoding=\"async\" src=\"\/wp-content\/uploads\/factory-07.webp\"\/><\/p>\n<h3>Jauhemaalaus ty\u00f6paja<\/h3>\n<p><img decoding=\"async\" src=\"\/wp-content\/uploads\/factory-09.webp\"\/><\/p>\n<h3>Anodisointi ty\u00f6paja<\/h3>\n<p><img decoding=\"async\" src=\"\/wp-content\/uploads\/factory-10.webp\"\/><\/p>\n<h3>Syv\u00e4k\u00e4sittelyn ty\u00f6paja<\/h3>\n<p><img decoding=\"async\" src=\"\/wp-content\/uploads\/factory-11.webp\"\/><\/p>\n<h3>CNC-tarkkuuskoneistus ty\u00f6paja<\/h3>\n<p><img decoding=\"async\" src=\"\/wp-content\/uploads\/factory-11.5.webp\"\/><\/p>\n<h3>Valmiiden tuotteiden ja vientivarasto<\/h3>\n<p><img decoding=\"async\" src=\"\/wp-content\/uploads\/factory-12.webp\"\/><\/p>\n<p><img decoding=\"async\" src=\"\/wp-content\/uploads\/factory-13.webp\"\/><\/p>\n<p><img decoding=\"async\" src=\"\/wp-content\/uploads\/factory-14.webp\"\/><\/p>\n<h2>FAQ<\/h2>\n<p><p><b>1.What ovat alumiini Louver Ter\u00e4t?<\/b><\/p>\n<p>Alumiiniset s\u00e4lekaihtimet ovat suulakepuristettuja profiileja, jotka on suunniteltu ohjaamaan valoa, ilmavirtaa ja yksityisyytt\u00e4 arkkitehtonisissa ja teollisissa sovelluksissa.<br \/>\n<\/p><br \/>\n<br \/>\n<p><b>2.Miksi valita alumiini s\u00e4leikk\u00f6ihin?<\/b><\/p>\n<p>Alumiini on kevytt\u00e4, korroosionkest\u00e4v\u00e4\u00e4 ja kest\u00e4v\u00e4\u00e4, joten se soveltuu erinomaisesti pitk\u00e4aikaiseen k\u00e4ytt\u00f6\u00f6n ulko- ja sis\u00e4tilojen s\u00e4leikk\u00f6j\u00e4rjestelmiss\u00e4.<br \/>\n<\/p><br \/>\n<br \/>\n<p><b>3.Can alumiini s\u00e4leikk\u00f6 ter\u00e4t voidaan r\u00e4\u00e4t\u00e4l\u00f6id\u00e4?<\/b><\/p>\n<p>Kyll\u00e4, niit\u00e4 on saatavana eri muotoisina, pituisina, kulmikkaina ja viimeisteltyin\u00e4 erityisten suunnittelu- tai ilmanvaihtovaatimusten mukaisesti.<br \/>\n<\/p><br \/>\n<br \/>\n<p><b>4.What ovat yleisi\u00e4 sovelluksia alumiini lamellien ter\u00e4t?<\/b><\/p>\n<p>Niit\u00e4 k\u00e4ytet\u00e4\u00e4n rakennusten julkisivuissa, aurinkosuojissa, mekaanisissa suojissa, ilmanvaihtos\u00e4leik\u00f6iss\u00e4 ja yksityisyyspaneeleissa.<br \/>\n<\/p><br \/>\n<br \/>\n<p><b>5.Do alumiini s\u00e4leikkunat tarjoavat s\u00e4\u00e4nkest\u00e4vyytt\u00e4?<\/b><\/p>\n<p>Anodisoitu tai pulverimaalattu pinta suojaa niit\u00e4 UV-s\u00e4teilylt\u00e4, kosteudelta ja l\u00e4mp\u00f6tilan muutoksilta.<br \/>\n<\/p><br \/>\n<br \/>\n<p><b>6.Ovatko n\u00e4m\u00e4 ter\u00e4t yhteensopivia moottoroitujen tai s\u00e4\u00e4dett\u00e4vien j\u00e4rjestelmien kanssa?<\/b><\/p>\n<p>Kyll\u00e4, alumiiniset s\u00e4lekaihtimet voidaan integroida sek\u00e4 kiinteisiin ett\u00e4 s\u00e4\u00e4dett\u00e4viin s\u00e4leikk\u00f6j\u00e4rjestelmiin, mukaan lukien moottoroidut vaihtoehdot.<br \/>\n<\/p><br \/>\n<br \/>\n<p><b>7.Mit\u00e4 pintak\u00e4sittelyj\u00e4 on saatavana alumiinisiin s\u00e4leikk\u00f6ihin?<\/b><\/p>\n<p>Suosittuja viimeistelyj\u00e4 ovat anodisointi, jauhemaalaus, puupinnoite ja PVDF-pinnoite, jotka takaavat kest\u00e4vyyden ja esteettisyyden.<br \/>\n<\/p><br \/><\/p>","protected":false},"featured_media":7357,"template":"","categories":[67],"class_list":["post-7358","product","type-product","status-publish","has-post-thumbnail","hentry","category-architectural-aluminium-profile"],"meta_box":{"hilight_text_group":{"product_hilight_text":"<li>Made from high-strength aluminum for long-lasting durability<\/li>\r\r\n<li>Lightweight design allows for easy handling and installation<\/li>\r\r\n<li>Corrosion-resistant surface ideal for outdoor and humid environments<\/li>\r\r\n<li>Customizable in shape, size, angle, and finish to match project needs<\/li>\r\r\n<li>Provides effective ventilation, shading, and privacy<\/li>\r\r\n<li>Suitable for architectural fa?ades, HVAC systems, and sunshade applications<\/li>","product_chanpin_blog":"<ul>\r\r\n<li><a href=\"https:\/\/sinoextrud.com\/t-slot-v-slot-differences\/\" target=\"_blank\">t slot vs v slot<\/a><\/li>\r\r\n<li><a href=\"https:\/\/sinoextrud.com\/what-is-4040-aluminium-extrud\/\" target=\"_blank\">4040 aluminium extrusion<\/a><\/li>\r\r\n<li><a href=\"https:\/\/sinoextrud.com\/what-is-4040-aluminium-extrud\/\" target=\"_blank\">aluminum extrusions for industrial racks<\/a><\/li>\r\r\n<li><a href=\"https:\/\/sinoextrud.com\/powder-coating-aluminium-process\/\" target=\"_blank\">powder coating aluminium<\/a><\/li>\r\r\n<li><a href=\"https:\/\/sinoextrud.com\/what-is-an-aluminium-strip-ceiling\/\" target=\"_blank\">aluminium strip ceiling<\/a><\/li>\r\r\n<li><a href=\"https:\/\/sinoextrud.com\/what-is-a-heat-sink\/\" target=\"_blank\">what is a heat sink<\/a><\/li>\r\r\n<\/ul>","product_chanpin_chanpin":"<li><a href=\"https:\/\/sinoextrud.com\/product\/aluminum-profiles-partition\/\" target=\"_blank\">Aluminum Profiles Partition<\/a><\/li>\r\n<li><a href=\"https:\/\/sinoextrud.com\/product\/aluminum-handle-profile\/\" target=\"_blank\">Aluminum Handle Profile<\/a><\/li>\r\n<li><a href=\"https:\/\/sinoextrud.com\/product\/aluminum-decorative-timber-batten-3d-aluminum-profiles-timber-ceilings-u-shaped-baffle-ceiling\/\" target=\"_blank\">Aluminum Decorative Timber Batten 3D Aluminum Profiles Timber Ceilings U-shaped Baffle Ceiling<\/a><\/li>\r\n<li><a href=\"https:\/\/sinoextrud.com\/product\/aluminum-alloy-profile\/\" target=\"_blank\">Aluminum Alloy Profile<\/a><\/li>\r\n<li><a href=\"https:\/\/sinoextrud.com\/product\/aluminum-louver-blades\/\" target=\"_blank\">Aluminum Louver Blades<\/a><\/li>\r\n<li><a href=\"https:\/\/sinoextrud.com\/product\/fabricated-aluminium-extrusions-electrophoresis-champagne\/\" target=\"_blank\">Fabricated Aluminium Extrusions Electrophoresis Champagne<\/a><\/li>\r\n<li><a href=\"https:\/\/sinoextrud.com\/product\/aluminum-extruded-profile-f-channel\/\" target=\"_blank\">Aluminum Extruded Profile F Channel<\/a><\/li>\r\n<li><a href=\"https:\/\/sinoextrud.com\/product\/cnc-machining-aluminum-hat-channel-extrusions\/\" target=\"_blank\">CNC Machining Aluminum Hat Channel Extrusions<\/a><\/li>\r\n<li><a href=\"https:\/\/sinoextrud.com\/product\/bulk-extruded-aluminum\/\" target=\"_blank\">Bulk Extruded Aluminum<\/a><\/li>\r\n<li><a href=\"https:\/\/sinoextrud.com\/product\/round-aluminum-extrusion-tubular-cnc-bending\/\" target=\"_blank\">Round Aluminum Extrusion Tubular Cnc Bending<\/a><\/li>\r\n<li><a href=\"https:\/\/sinoextrud.com\/product\/2024-2014-alloy-aluminum-profiles\/\" target=\"_blank\">2024 2014 Alloy Aluminum Profiles<\/a><\/li>"},"feature_list":[]},"_links":{"self":[{"href":"https:\/\/sinoextrud.com\/fi\/wp-json\/wp\/v2\/product\/7358","targetHints":{"allow":["GET"]}}],"collection":[{"href":"https:\/\/sinoextrud.com\/fi\/wp-json\/wp\/v2\/product"}],"about":[{"href":"https:\/\/sinoextrud.com\/fi\/wp-json\/wp\/v2\/types\/product"}],"wp:featuredmedia":[{"embeddable":true,"href":"https:\/\/sinoextrud.com\/fi\/wp-json\/wp\/v2\/media\/7357"}],"wp:attachment":[{"href":"https:\/\/sinoextrud.com\/fi\/wp-json\/wp\/v2\/media?parent=7358"}],"wp:term":[{"taxonomy":"category","embeddable":true,"href":"https:\/\/sinoextrud.com\/fi\/wp-json\/wp\/v2\/categories?post=7358"}],"curies":[{"name":"wp","href":"https:\/\/api.w.org\/{rel}","templated":true}]}}