{"id":7350,"date":"2025-06-07T03:39:22","date_gmt":"2025-06-07T03:39:22","guid":{"rendered":"https:\/\/sinoextrud.com\/product\/aluminum-profiles-partition\/"},"modified":"2025-06-24T06:12:36","modified_gmt":"2025-06-24T06:12:36","slug":"alumiiniprofiilit-valiseina","status":"publish","type":"product","link":"https:\/\/sinoextrud.com\/fi\/product\/aluminum-profiles-partition\/","title":{"rendered":"Alumiini profiilit v\u00e4lisein\u00e4"},"content":{"rendered":"<h2>Tuotteiden tiedot<\/h2>\n<table class=\"custom-table\">\n<tr>\n<td class=\"label\">Luokka :<\/td>\n<td>6063<\/td>\n<\/tr>\n<tr>\n<td class=\"label\">Temperamentti :<\/td>\n<td>T5<\/td>\n<\/tr>\n<tr>\n<td class=\"label\">Jauheen paksuus :<\/td>\n<td>40~78\u03bcm<\/td>\n<\/tr>\n<tr>\n<td class=\"label\">Vetolujuus :<\/td>\n<td>\u2265 230Mpa<\/td>\n<\/tr>\n<tr>\n<td class=\"label\">My\u00f6t\u00f6lujuus :<\/td>\n<td>\u2265 210Mpa<\/td>\n<\/tr>\n<tr>\n<td class=\"label\">Kovuus :<\/td>\n<td>\u2265 11HW<\/td>\n<\/tr>\n<tr>\n<td class=\"label\">Tuotos :<\/td>\n<td>15000t\/kk<\/td>\n<\/tr>\n<tr>\n<td class=\"label\">MOQ :<\/td>\n<td>200KG\/kpl<\/td>\n<\/tr>\n<tr>\n<td class=\"label\">Pakkausmateriaali:<\/td>\n<td>PE+PVC tai PE+EPE<\/td>\n<\/tr>\n<tr>\n<td class=\"label\">Maksuehdot :<\/td>\n<td>T\/T, L\/C<\/td>\n<\/tr>\n<tr>\n<td class=\"label\">Toimitusaika :<\/td>\n<td>20 ~ 25 p\u00e4iv\u00e4\u00e4 talletuksen vastaanottamisen j\u00e4lkeen<\/td>\n<\/tr>\n<tr>\n<td class=\"label\">Lastauspaino :<\/td>\n<td>10t~12t\/20'GP, 20t~24t\/40'GP<\/td>\n<\/tr>\n<tr>\n<td class=\"label\">Lastausportti :<\/td>\n<td>Foshan, Guangzhou, Shenzhen<\/td>\n<\/tr>\n<tr>\n<td class=\"label\">OEM &amp; ODM :<\/td>\n<td>Hyv\u00e4ksytt\u00e4v\u00e4. Ilmaiseksi tarjotut n\u00e4ytteet<\/td>\n<\/tr>\n<tr>\n<td class=\"label\">Vientipituus :<\/td>\n<td>S\u00e4\u00e4nn\u00f6llinen 3~6m tai leikataan tiettyyn kokoon vaatimuksen mukaan.<\/td>\n<\/tr>\n<tr>\n<td class=\"label\">Pintak\u00e4sittelyt:<\/td>\n<td>Mylly, jauhemaalaus, anodisoitu, elektroforeesi, puun rakeinen<\/td>\n<\/tr>\n<tr>\n<td class=\"label\">V\u00e4ri :<\/td>\n<td>Hopea, samppanja, pronssi, kulta, musta, valkoinen tai vaatimusten mukaan.<\/td>\n<\/tr>\n<tr>\n<td class=\"label\">Sovellus :<\/td>\n<td>Ikkuna ja ovi, v\u00e4lisein\u00e4, arkkitehtuuri, teollisuus jne.<\/td>\n<\/tr>\n<tr>\n<td class=\"label\">Hot Sell Market :<\/td>\n<td>Kaikkialla maailmassa<\/td>\n<\/tr>\n<tr>\n<td class=\"label\">Sertifiointi:<\/td>\n<td>GB5237-2008 , ISO9001:2008 , CQM ,CE<\/td>\n<\/tr>\n<\/table>\n<h2>Tuotantopohjamme<\/h2>\n<h3>Tehtaan panoraama<\/h3>\n<p><img decoding=\"async\" src=\"\/wp-content\/uploads\/factory-01.webp\"\/><\/p>\n<h3>Alumiini Bar Manufacturing Workshop<\/h3>\n<p><img decoding=\"async\" src=\"\/wp-content\/uploads\/factory-02.webp\"\/><\/p>\n<\/p>\n<p><img decoding=\"async\" src=\"\/wp-content\/uploads\/factory-03.webp\"\/><\/p>\n<h3>Muotin varastointi Varasto<\/h3>\n<p><img decoding=\"async\" src=\"\/wp-content\/uploads\/factory-04.webp\"\/><\/p>\n<h3>43 alumiinin ekstruusiolinjat (500-5500 tonnia)<\/h3>\n<p><img decoding=\"async\" src=\"\/wp-content\/uploads\/factory-05.webp\"\/><\/p>\n<p><img decoding=\"async\" src=\"\/wp-content\/uploads\/factory-06.webp\"\/><\/p>\n<p><img decoding=\"async\" src=\"\/wp-content\/uploads\/factory-07.webp\"\/><\/p>\n<h3>Jauhemaalaus ty\u00f6paja<\/h3>\n<p><img decoding=\"async\" src=\"\/wp-content\/uploads\/factory-09.webp\"\/><\/p>\n<h3>Anodisointi ty\u00f6paja<\/h3>\n<p><img decoding=\"async\" src=\"\/wp-content\/uploads\/factory-10.webp\"\/><\/p>\n<h3>Syv\u00e4k\u00e4sittelyn ty\u00f6paja<\/h3>\n<p><img decoding=\"async\" src=\"\/wp-content\/uploads\/factory-11.webp\"\/><\/p>\n<h3>CNC-tarkkuuskoneistus ty\u00f6paja<\/h3>\n<p><img decoding=\"async\" src=\"\/wp-content\/uploads\/factory-11.5.webp\"\/><\/p>\n<h3>Valmiiden tuotteiden ja vientivarasto<\/h3>\n<p><img decoding=\"async\" src=\"\/wp-content\/uploads\/factory-12.webp\"\/><\/p>\n<p><img decoding=\"async\" src=\"\/wp-content\/uploads\/factory-13.webp\"\/><\/p>\n<p><img decoding=\"async\" src=\"\/wp-content\/uploads\/factory-14.webp\"\/><\/p>\n<h2>FAQ<\/h2>\n<p><b>1.What ovat alumiiniprofiilit v\u00e4lisein\u00e4\u00e4n?<\/b><\/p>\n<p>Alumiiniprofiilit ovat rakenneosia, joita k\u00e4ytet\u00e4\u00e4n modulaaristen sein\u00e4j\u00e4rjestelmien luomiseen toimistoissa, myym\u00e4l\u00e4tiloissa ja julkisissa rakennuksissa.\n<\/p>\n<p><\/p>\n<p><b>2.Miksi k\u00e4ytt\u00e4\u00e4 alumiiniprofiileja v\u00e4lisein\u00e4j\u00e4rjestelmiss\u00e4?<\/b><\/p>\n<p>Alumiini on kevytt\u00e4, korroosionkest\u00e4v\u00e4\u00e4 ja tarjoaa tyylikk\u00e4\u00e4n modernin ilmeen, joten se sopii erinomaisesti kest\u00e4viin ja tyylikk\u00e4isiin v\u00e4liseiniin.\n<\/p>\n<p><\/p>\n<p><b>3.Ovatko alumiiniset v\u00e4lisein\u00e4profiilit muokattavissa?<\/b><\/p>\n<p>Kyll\u00e4, ne voidaan r\u00e4\u00e4t\u00e4l\u00f6id\u00e4 kooltaan, poikkileikkaukseltaan, v\u00e4rilt\u00e4\u00e4n ja viimeistelylt\u00e4\u00e4n erilaisiin sisustus- ja toiminnallisiin vaatimuksiin sopiviksi.\n<\/p>\n<p><\/p>\n<p><b>4.Mink\u00e4 tyyppiset paneelit sopivat yhteen alumiinisten v\u00e4lisein\u00e4profiilien kanssa?<\/b><\/p>\n<p>Alumiiniset v\u00e4lisein\u00e4j\u00e4rjestelm\u00e4t ovat yhteensopivia lasin, puun, PVC:n, akryylin ja komposiittipaneelien kanssa.\n<\/p>\n<p><\/p>\n<p><b>5.Onko alumiinisten v\u00e4lisein\u00e4profiilien asennus helppoa?<\/b><\/p>\n<p>Ehdottomasti, ne on suunniteltu nopeaan kokoonpanoon perusty\u00f6kaluilla ja v\u00e4h\u00e4isell\u00e4 ty\u00f6m\u00e4\u00e4r\u00e4ll\u00e4.\n<\/p>\n<p><\/p>\n<p><b>6.Soveltuvatko n\u00e4m\u00e4 profiilit kaupallisiin toimistoymp\u00e4rist\u00f6ihin?<\/b><\/p>\n<p>Kyll\u00e4, niit\u00e4 k\u00e4ytet\u00e4\u00e4n laajalti toimistoissa, n\u00e4yttelytiloissa, pankeissa ja coworking-tiloissa niiden ammattimaisen ulkon\u00e4\u00f6n ja joustavuuden vuoksi.\n<\/p>\n<p><\/p>\n<p><b>7.Mit\u00e4 pintak\u00e4sittelyj\u00e4 alumiinisiin v\u00e4lisein\u00e4profiileihin on saatavana?<\/b><\/p>\n<p>Yleisi\u00e4 pintak\u00e4sittelyj\u00e4 ovat anodisoitu, jauhemaalattu, harjattu ja puunjyv\u00e4, jotka takaavat kest\u00e4vyyden ja visuaalisen miellytt\u00e4vyyden.\n<\/p>\n<p><\/p>","protected":false},"featured_media":7349,"template":"","categories":[67],"class_list":["post-7350","product","type-product","status-publish","has-post-thumbnail","hentry","category-architectural-aluminium-profile"],"meta_box":{"hilight_text_group":{"product_hilight_text":"<li>Durable aluminum construction ensures long-lasting partition support<\/li>\r\r\n<li>Lightweight material allows for easy handling and installation<\/li>\r\r\n<li>Corrosion-resistant surface suitable for indoor office and commercial use<\/li>\r\r\n<li>Modern and minimal design enhances space aesthetics<\/li>\r\r\n<li>Customizable in shape, color, and finish to match interior styles<\/li>\r\r\n<li>Compatible with glass, wood, and panel inserts for flexible configurations<\/li>","product_chanpin_blog":"<ul>\r\r\n<li><a href=\"https:\/\/sinoextrud.com\/t-slot-v-slot-differences\/\" target=\"_blank\">t slot vs v slot<\/a><\/li>\r\r\n<li><a href=\"https:\/\/sinoextrud.com\/what-is-4040-aluminium-extrud\/\" target=\"_blank\">4040 aluminium extrusion<\/a><\/li>\r\r\n<li><a href=\"https:\/\/sinoextrud.com\/what-is-4040-aluminium-extrud\/\" target=\"_blank\">aluminum extrusions for industrial racks<\/a><\/li>\r\r\n<li><a href=\"https:\/\/sinoextrud.com\/powder-coating-aluminium-process\/\" target=\"_blank\">powder coating aluminium<\/a><\/li>\r\r\n<li><a href=\"https:\/\/sinoextrud.com\/what-is-an-aluminium-strip-ceiling\/\" target=\"_blank\">aluminium strip ceiling<\/a><\/li>\r\r\n<li><a href=\"https:\/\/sinoextrud.com\/what-is-a-heat-sink\/\" target=\"_blank\">what is a heat sink<\/a><\/li>\r\r\n<\/ul>","product_chanpin_chanpin":"<li><a href=\"https:\/\/sinoextrud.com\/product\/aluminum-profile-for-office-partition-catalog\/\" target=\"_blank\">Aluminum Profile For Office Partition Catalog<\/a><\/li>\r\n<li><a href=\"https:\/\/sinoextrud.com\/product\/modular-aluminium-extrusions\/\" target=\"_blank\">Modular Aluminium Extrusions<\/a><\/li>\r\n<li><a href=\"https:\/\/sinoextrud.com\/product\/aluminum-corner-extrusion-profiles\/\" target=\"_blank\">Aluminum Corner Extrusion Profiles<\/a><\/li>\r\n<li><a href=\"https:\/\/sinoextrud.com\/product\/aluminum-profile-for-windows-and-door-aluminum-curtain-wall-profile-extrusion\/\" target=\"_blank\">Aluminum Profile for Windows and Door Aluminum Curtain Wall Profile Extrusion<\/a><\/li>\r\n<li><a href=\"https:\/\/sinoextrud.com\/product\/aluminum-profiles-partition\/\" target=\"_blank\">Aluminum Profiles Partition<\/a><\/li>\r\n<li><a href=\"https:\/\/sinoextrud.com\/product\/aluminum-handle-profile\/\" target=\"_blank\">Aluminum Handle Profile<\/a><\/li>\r\n<li><a href=\"https:\/\/sinoextrud.com\/product\/aluminum-decorative-timber-batten-3d-aluminum-profiles-timber-ceilings-u-shaped-baffle-ceiling\/\" target=\"_blank\">Aluminum Decorative Timber Batten 3D Aluminum Profiles Timber Ceilings U-shaped Baffle Ceiling<\/a><\/li>\r\n<li><a href=\"https:\/\/sinoextrud.com\/product\/aluminum-alloy-profile\/\" target=\"_blank\">Aluminum Alloy Profile<\/a><\/li>\r\n<li><a href=\"https:\/\/sinoextrud.com\/product\/aluminum-louver-blades\/\" target=\"_blank\">Aluminum Louver Blades<\/a><\/li>\r\n<li><a href=\"https:\/\/sinoextrud.com\/product\/aluminum-extrusion-box\/\" target=\"_blank\">aluminum extrusion box<\/a><\/li>\r\n<li><a href=\"https:\/\/sinoextrud.com\/product\/extrusion-aluminum-pipe-anodized-sandblasted-black\/\" target=\"_blank\">Extrusion Aluminum Pipe Anodized Sandblasted Black<\/a><\/li>"},"feature_list":[]},"_links":{"self":[{"href":"https:\/\/sinoextrud.com\/fi\/wp-json\/wp\/v2\/product\/7350","targetHints":{"allow":["GET"]}}],"collection":[{"href":"https:\/\/sinoextrud.com\/fi\/wp-json\/wp\/v2\/product"}],"about":[{"href":"https:\/\/sinoextrud.com\/fi\/wp-json\/wp\/v2\/types\/product"}],"wp:featuredmedia":[{"embeddable":true,"href":"https:\/\/sinoextrud.com\/fi\/wp-json\/wp\/v2\/media\/7349"}],"wp:attachment":[{"href":"https:\/\/sinoextrud.com\/fi\/wp-json\/wp\/v2\/media?parent=7350"}],"wp:term":[{"taxonomy":"category","embeddable":true,"href":"https:\/\/sinoextrud.com\/fi\/wp-json\/wp\/v2\/categories?post=7350"}],"curies":[{"name":"wp","href":"https:\/\/api.w.org\/{rel}","templated":true}]}}