{"id":7348,"date":"2025-06-07T03:37:34","date_gmt":"2025-06-07T03:37:34","guid":{"rendered":"https:\/\/sinoextrud.com\/product\/aluminum-profile-for-windows-and-door-aluminum-curtain-wall-profile-extrusion\/"},"modified":"2025-06-24T06:12:36","modified_gmt":"2025-06-24T06:12:36","slug":"alumiiniprofiili-ikkunoiden-ja-ovien-alumiini-verhoseina-profiilin-puristamiseen","status":"publish","type":"product","link":"https:\/\/sinoextrud.com\/fi\/product\/aluminum-profile-for-windows-and-door-aluminum-curtain-wall-profile-extrusion\/","title":{"rendered":"Alumiiniprofiili ikkunat ja ovi Alumiini verho sein\u00e4 Profile Extrusion"},"content":{"rendered":"<h2>Tuotteiden tiedot<\/h2>\n<table class=\"custom-table\">\n<tr>\n<td class=\"label\">Kohde:<\/td>\n<td>Alumiiniprofiili ikkunat ja ovi Alumiini verho sein\u00e4 Profile Extrusion<\/td>\n<\/tr>\n<tr>\n<td class=\"label\">Materiaali:<\/td>\n<td>100% alumiiniprofiiliseos: 6063-T5, 6061-T6, 6463-T5, 7075-T6, 6082, 5052, 2024, 7005, 6013, 7020 jne.<\/td>\n<\/tr>\n<tr>\n<td class=\"label\">Merkki :<\/td>\n<td>Sinoextrud-alumiini\/Sinoextrud-alumiiniprofiilit <\/td>\n<\/tr>\n<tr>\n<td class=\"label\">Koko:<\/td>\n<td>1m-9m tai r\u00e4\u00e4t\u00e4l\u00f6ity koko<\/td>\n<\/tr>\n<tr>\n<td class=\"label\">Hakemus<\/td>\n<td>Huonekalut, ikkunat ja ovet, sisustus, teollisuus, rakentaminen jne.<\/td>\n<\/tr>\n<tr>\n<td class=\"label\">V\u00e4rit:<\/td>\n<td>Anodisoitu, puukuvio, jauhemaalaus, anodisoitu kiillotettu ja harjattu, elektroforeesi, flurocarbon jauhemaalattu jne.<\/td>\n<\/tr>\n<tr>\n<td class=\"label\">MOQ:<\/td>\n<td>200 kg kutakin profiilia kohti<\/td>\n<\/tr>\n<tr>\n<td class=\"label\">OEM-palvelu<\/td>\n<td>asiakkaan suunnittelemien piirustusten tai n\u00e4ytteiden perusteella<\/td>\n<\/tr>\n<tr>\n<td class=\"label\">Sertifiointi saatavilla<\/td>\n<td>ISO: 9001, SONCAP , BV-sertifikaatti tai asiakkaiden sertifikaatti saatavilla<\/td>\n<\/tr>\n<tr>\n<td class=\"label\">Pakkaustiedot<\/td>\n<td>(1) Sis\u00e4ll\u00e4: pakattu muovisella suojakalvolla kunkin profiilin suojaamiseksi.<br \/>\n(2) Ulkopuoli: pakattu vedenpit\u00e4v\u00e4\u00e4n voimapaperiin<\/td>\n<\/tr>\n<tr>\n<td class=\"label\">Toimitusaika:<\/td>\n<td>(1) Die Kehitt\u00e4minen ja n\u00e4ytteenotto: 12-18 p\u00e4iv\u00e4\u00e4.<br \/>\n(2) Tuotannon kesto: 25-30 p\u00e4iv\u00e4\u00e4 sen j\u00e4lkeen, kun ostaja on vahvistanut n\u00e4ytteen.<\/td>\n<\/tr>\n<tr>\n<td class=\"label\">Maksuehdot:<\/td>\n<td>T \/ T, 30% ennakkomaksu, kun taas saldo on maksettava ennen toimitusta.<\/td>\n<\/tr>\n<tr>\n<td class=\"label\">Selvitysehto:<\/td>\n<td>Loppumaksu perustuu lopulliseen todelliseen fyysiseen punnitukseen.<\/td>\n<\/tr>\n<tr>\n<td class=\"label\">Tuotantokapasiteetti:<\/td>\n<td>15 000+ s\u00e4vy\u00e4 kuukaudessa.<\/td>\n<\/tr>\n<tr>\n<td class=\"label\">Tuotantotakuu<\/td>\n<td>Pinnan v\u00e4ri kest\u00e4\u00e4 10 ~ 20 vuotta sis\u00e4k\u00e4yt\u00f6ss\u00e4.<\/td>\n<\/tr>\n<tr>\n<td class=\"label\">Satama:<\/td>\n<td>FOB Shenzhen, Guangzhou, Foshan.<\/td>\n<\/tr>\n<\/table>\n<h2>Tuotantopohjamme<\/h2>\n<h3>Tehtaan panoraama<\/h3>\n<p><img decoding=\"async\" src=\"\/wp-content\/uploads\/factory-01.webp\"\/><\/p>\n<h3>Alumiini Bar Manufacturing Workshop<\/h3>\n<p><img decoding=\"async\" src=\"\/wp-content\/uploads\/factory-02.webp\"\/><\/p>\n<\/p>\n<p><img decoding=\"async\" src=\"\/wp-content\/uploads\/factory-03.webp\"\/><\/p>\n<h3>Muotin varastointi Varasto<\/h3>\n<p><img decoding=\"async\" src=\"\/wp-content\/uploads\/factory-04.webp\"\/><\/p>\n<h3>43 Alumiini ekstruusiolinjat (500\u00e2 5500 tonnia)<\/h3>\n<p><img decoding=\"async\" src=\"\/wp-content\/uploads\/factory-05.webp\"\/><\/p>\n<p><img decoding=\"async\" src=\"\/wp-content\/uploads\/factory-06.webp\"\/><\/p>\n<p><img decoding=\"async\" src=\"\/wp-content\/uploads\/factory-07.webp\"\/><\/p>\n<h3>Jauhemaalaus ty\u00f6paja<\/h3>\n<p><img decoding=\"async\" src=\"\/wp-content\/uploads\/factory-09.webp\"\/><\/p>\n<h3>Anodisointi ty\u00f6paja<\/h3>\n<p><img decoding=\"async\" src=\"\/wp-content\/uploads\/factory-10.webp\"\/><\/p>\n<h3>Syv\u00e4k\u00e4sittelyn ty\u00f6paja<\/h3>\n<p><img decoding=\"async\" src=\"\/wp-content\/uploads\/factory-11.webp\"\/><\/p>\n<h3>CNC-tarkkuuskoneistus ty\u00f6paja<\/h3>\n<p><img decoding=\"async\" src=\"\/wp-content\/uploads\/factory-11.5.webp\"\/><\/p>\n<h3>Valmiiden tuotteiden ja vientivarasto<\/h3>\n<p><img decoding=\"async\" src=\"\/wp-content\/uploads\/factory-12.webp\"\/><\/p>\n<p><img decoding=\"async\" src=\"\/wp-content\/uploads\/factory-13.webp\"\/><\/p>\n<p><img decoding=\"async\" src=\"\/wp-content\/uploads\/factory-14.webp\"\/><\/p>\n<h2>FAQ<\/h2>\n<p><b>1.Mik\u00e4 on ikkunoiden, ovien ja verhoseinien alumiiniprofiili?<\/b><\/p>\n<p>Se on suulakepuristettu alumiiniprofiili, joka on suunniteltu erityisesti ikkunoiden, ovien ja verhosein\u00e4j\u00e4rjestelmien lasin kehyst\u00e4miseen ja tukemiseen.\n<\/p>\n<p><\/p>\n<p><b>2.Miksi k\u00e4ytt\u00e4\u00e4 alumiiniprofiileja ovissa ja verhoseiniss\u00e4?<\/b><\/p>\n<p>Alumiini tarjoaa suuren lujuuden, korroosionkest\u00e4vyyden ja suunnittelun joustavuuden, joten se sopii erinomaisesti nykyaikaisiin ja energiatehokkaisiin arkkitehtonisiin j\u00e4rjestelmiin.\n<\/p>\n<p><\/p>\n<p><b>3.Soveltuvatko n\u00e4m\u00e4 alumiiniprofiilit suuriin lasiverhoseiniin?<\/b><\/p>\n<p>Kyll\u00e4, ne on suunniteltu k\u00e4sittelem\u00e4\u00e4n suuria j\u00e4nnev\u00e4lej\u00e4 ja raskaita lasituksia s\u00e4ilytt\u00e4en samalla rakenteellisen eheyden ja visuaalisen ilmeen.\n<\/p>\n<p><\/p>\n<p><b>4.Voiko alumiiniprofiileja r\u00e4\u00e4t\u00e4l\u00f6id\u00e4 tiettyj\u00e4 projekteja varten?<\/b><\/p>\n<p>Saatavilla on ehdottomasti r\u00e4\u00e4t\u00e4l\u00f6ityj\u00e4 suulakepuristuspalveluja, jotka vastaavat ainutlaatuisia mittoja, muotoja, viimeistelyj\u00e4 ja suorituskykyvaatimuksia.\n<\/p>\n<p><\/p>\n<p><b>5.Mit\u00e4 pintak\u00e4sittelyj\u00e4 alumiinisille verhosein\u00e4profiileille tarjotaan?<\/b><\/p>\n<p>Yleisi\u00e4 pintak\u00e4sittelyj\u00e4 ovat anodisointi, jauhemaalaus, PVDF-pinnoite ja puunsuikaleet, jotka parantavat esteettisyytt\u00e4 ja s\u00e4\u00e4nkest\u00e4vyytt\u00e4.\n<\/p>\n<p><\/p>\n<p><b>6.Tukevatko alumiiniprofiilit l\u00e4mp\u00f6eristyst\u00e4 rakennusj\u00e4rjestelmiss\u00e4?<\/b><\/p>\n<p>Kyll\u00e4, monet profiilit voidaan varustaa l\u00e4mp\u00f6katkoilla ja eristetyll\u00e4 lasilla energiatehokkuuden parantamiseksi ja l\u00e4mm\u00f6nsiirron v\u00e4hent\u00e4miseksi.\n<\/p>\n<p><\/p>\n<p><b>7.Onko alumiiniprofiilien suulakepuristamiseen saatavana suoraa hinnoittelua tehtaalla?<\/b><\/p>\n<p>Kyll\u00e4, useimmat valmistajat tarjoavat kilpailukykyisi\u00e4 tehdashintoja suurille tilauksille ja OEM-kumppanuuksille.\n<\/p>\n<p><\/p>","protected":false},"featured_media":7347,"template":"","categories":[67],"class_list":["post-7348","product","type-product","status-publish","has-post-thumbnail","hentry","category-architectural-aluminium-profile"],"meta_box":{"hilight_text_group":{"product_hilight_text":"<li>High-strength aluminum profiles ensure structural integrity for windows, doors, and curtain walls<\/li>\r\r\n<li>Lightweight material simplifies transportation and installation<\/li>\r\r\n<li>Excellent thermal and sound insulation with compatible glazing systems<\/li>\r\r\n<li>Corrosion-resistant finishes like anodizing and powder coating available<\/li>\r\r\n<li>Custom extrusion profiles for OEM and architectural project requirements<\/li>\r\r\n<li>Precision manufacturing guarantees consistent quality and tight tolerances<\/li>","product_chanpin_blog":"<ul>\r\r\n<li><a href=\"https:\/\/sinoextrud.com\/t-slot-v-slot-differences\/\" target=\"_blank\">t slot vs v slot<\/a><\/li>\r\r\n<li><a href=\"https:\/\/sinoextrud.com\/what-is-4040-aluminium-extrud\/\" target=\"_blank\">4040 aluminium extrusion<\/a><\/li>\r\r\n<li><a href=\"https:\/\/sinoextrud.com\/what-is-4040-aluminium-extrud\/\" target=\"_blank\">aluminum extrusions for industrial racks<\/a><\/li>\r\r\n<li><a href=\"https:\/\/sinoextrud.com\/powder-coating-aluminium-process\/\" target=\"_blank\">powder coating aluminium<\/a><\/li>\r\r\n<li><a href=\"https:\/\/sinoextrud.com\/what-is-an-aluminium-strip-ceiling\/\" target=\"_blank\">aluminium strip ceiling<\/a><\/li>\r\r\n<li><a href=\"https:\/\/sinoextrud.com\/what-is-a-heat-sink\/\" target=\"_blank\">what is a heat sink<\/a><\/li>\r\r\n<\/ul>","product_chanpin_chanpin":"<li><a href=\"https:\/\/sinoextrud.com\/product\/aluminum-railing\/\" target=\"_blank\">Aluminum Railing<\/a><\/li>\r\n<li><a href=\"https:\/\/sinoextrud.com\/product\/aluminum-profile-for-office-partition-catalog\/\" target=\"_blank\">Aluminum Profile For Office Partition Catalog<\/a><\/li>\r\n<li><a href=\"https:\/\/sinoextrud.com\/product\/modular-aluminium-extrusions\/\" target=\"_blank\">Modular Aluminium Extrusions<\/a><\/li>\r\n<li><a href=\"https:\/\/sinoextrud.com\/product\/aluminum-corner-extrusion-profiles\/\" target=\"_blank\">Aluminum Corner Extrusion Profiles<\/a><\/li>\r\n<li><a href=\"https:\/\/sinoextrud.com\/product\/aluminum-profile-for-windows-and-door-aluminum-curtain-wall-profile-extrusion\/\" target=\"_blank\">Aluminum Profile for Windows and Door Aluminum Curtain Wall Profile Extrusion<\/a><\/li>\r\n<li><a href=\"https:\/\/sinoextrud.com\/product\/aluminum-profiles-partition\/\" target=\"_blank\">Aluminum Profiles Partition<\/a><\/li>\r\n<li><a href=\"https:\/\/sinoextrud.com\/product\/aluminum-handle-profile\/\" target=\"_blank\">Aluminum Handle Profile<\/a><\/li>\r\n<li><a href=\"https:\/\/sinoextrud.com\/product\/aluminum-decorative-timber-batten-3d-aluminum-profiles-timber-ceilings-u-shaped-baffle-ceiling\/\" target=\"_blank\">Aluminum Decorative Timber Batten 3D Aluminum Profiles Timber Ceilings U-shaped Baffle Ceiling<\/a><\/li>\r\n<li><a href=\"https:\/\/sinoextrud.com\/product\/aluminum-alloy-profile\/\" target=\"_blank\">Aluminum Alloy Profile<\/a><\/li>\r\n<li><a href=\"https:\/\/sinoextrud.com\/product\/aluminum-channel-for-plexiglass\/\" target=\"_blank\">Aluminum Channel For Plexiglass<\/a><\/li>\r\n<li><a href=\"https:\/\/sinoextrud.com\/product\/aluminum-extrusion-profile-suppliers-for-good-kitchen-cabinet-manufacturers-cabinet-extrusion-pricing-construction-aluminium\/\" target=\"_blank\">aluminum extrusion profile suppliers for Good Kitchen cabinet manufacturers Cabinet extrusion pricing construction aluminium<\/a><\/li>"},"feature_list":[]},"_links":{"self":[{"href":"https:\/\/sinoextrud.com\/fi\/wp-json\/wp\/v2\/product\/7348","targetHints":{"allow":["GET"]}}],"collection":[{"href":"https:\/\/sinoextrud.com\/fi\/wp-json\/wp\/v2\/product"}],"about":[{"href":"https:\/\/sinoextrud.com\/fi\/wp-json\/wp\/v2\/types\/product"}],"wp:featuredmedia":[{"embeddable":true,"href":"https:\/\/sinoextrud.com\/fi\/wp-json\/wp\/v2\/media\/7347"}],"wp:attachment":[{"href":"https:\/\/sinoextrud.com\/fi\/wp-json\/wp\/v2\/media?parent=7348"}],"wp:term":[{"taxonomy":"category","embeddable":true,"href":"https:\/\/sinoextrud.com\/fi\/wp-json\/wp\/v2\/categories?post=7348"}],"curies":[{"name":"wp","href":"https:\/\/api.w.org\/{rel}","templated":true}]}}