{"id":7336,"date":"2025-06-07T03:27:43","date_gmt":"2025-06-07T03:27:43","guid":{"rendered":"https:\/\/sinoextrud.com\/product\/customized-extruded-aluminum-enclosure-profile\/"},"modified":"2025-06-24T06:12:34","modified_gmt":"2025-06-24T06:12:34","slug":"raataloity-suulakepuristettu-alumiini-koteloprofiili","status":"publish","type":"product","link":"https:\/\/sinoextrud.com\/fi\/product\/customized-extruded-aluminum-enclosure-profile\/","title":{"rendered":"R\u00e4\u00e4t\u00e4l\u00f6ity suulakepuristettu alumiini kotelo Profile"},"content":{"rendered":"<h2>Tuotteiden tiedot<\/h2>\n<table class=\"custom-table\">\n<tr>\n<td class=\"label\">Tuotteen tyyppi<\/td>\n<td>R\u00e4\u00e4t\u00e4l\u00f6ity suulakepuristettu alumiini kotelo Profile<\/td>\n<\/tr>\n<tr>\n<td class=\"label\">Materiaali<\/td>\n<td>Loppukaneetti: Valmistettu 1000-sarjan alumiinista.<br \/>\nKotelon runko: Rakennettu 6000-sarjan alumiinista. Muiden erikoismateriaalien osalta ota yhteytt\u00e4 Sinoextrudiin.<\/td>\n<\/tr>\n<tr>\n<td class=\"label\">Muodot<\/td>\n<td>Saatavana suorakulmiona, py\u00f6re\u00e4n\u00e4, neli\u00f6n\u00e4, kolmiona ja muina r\u00e4\u00e4t\u00e4l\u00f6ityin\u00e4 muotoina.<\/td>\n<\/tr>\n<tr>\n<td class=\"label\">Paksuus<\/td>\n<td>Vaihtelee v\u00e4lill\u00e4 0,4-50 mm. Saatavana on my\u00f6s mukautettuja paksuuksia.<\/td>\n<\/tr>\n<tr>\n<td class=\"label\">V\u00e4ri<\/td>\n<td>V\u00e4rit voidaan r\u00e4\u00e4t\u00e4l\u00f6id\u00e4 vaatimusten mukaan.<\/td>\n<\/tr>\n<tr>\n<td class=\"label\">Leikatut pituudet<\/td>\n<td>Leikataan pituuksiin asiakkaan tarpeiden mukaan.<\/td>\n<\/tr>\n<tr>\n<td class=\"label\">Hakemus<\/td>\n<td>Soveltuu videopalvelimiin, sovittimiin, optisiin l\u00e4hetinvastaanottimiin, reitittimiin, ohjaimiin, autojen kuoriin, CPS\/CPR-kuoriin, h\u00e4irint\u00e4laitteiden kuoriin, invertterikuoriin, prosessoripatterikuoriin, tehokuoreen, s\u00e4hk\u00f6iseen viestint\u00e4\u00e4n, tehoviestint\u00e4\u00e4n, l\u00e4\u00e4kinn\u00e4llisiin laitteisiin, ohjainlaatikoihin ja muihin.<\/td>\n<\/tr>\n<tr>\n<td class=\"label\">Todistus<\/td>\n<td>CE\/SGS\/ISO\/Rohs<\/td>\n<\/tr>\n<tr>\n<td class=\"label\">Palvelu<\/td>\n<td>Tarjoa ilmaisia n\u00e4ytteit\u00e4 ja ilmaisia suunnittelupalveluja.<br \/>\nOEM\/ODM-palvelujen tarjoaminen.<br \/>\nHyv\u00e4ksyt\u00e4\u00e4n r\u00e4\u00e4t\u00e4l\u00f6ityj\u00e4 pyynt\u00f6j\u00e4.<br \/>\nTarjoa ehdotuksia uusista suunnitteluratkaisuista.<\/td>\n<\/tr>\n<tr>\n<td class=\"label\">Pintak\u00e4sittely<\/td>\n<td>Vaihtoehtoina ovat anodisointi, myllyk\u00e4sittely, galvanointi, kiillotus, hiekkapuhallus, jauhemaalaus, harjaus, maalaus, PVDF jne.<\/td>\n<\/tr>\n<tr>\n<td class=\"label\">Syv\u00e4 prosessi<\/td>\n<td>Pystyy CNC-ty\u00f6st\u00f6\u00f6n, poraukseen, jyrsint\u00e4\u00e4n, leikkaukseen, leimaukseen, hitsaukseen, taivutukseen, kokoonpanoon ja alumiinin r\u00e4\u00e4t\u00e4l\u00f6ityyn valmistukseen.<\/td>\n<\/tr>\n<tr>\n<td class=\"label\">Pakkaus<\/td>\n<td>K\u00e4ytet\u00e4\u00e4n tavanomaisia vientipakkauksia tai ennakkoneuvottelujen mukaisesti.<\/td>\n<\/tr>\n<tr>\n<td class=\"label\">Ilmaisia n\u00e4ytteit\u00e4<\/td>\n<td>Kyll\u00e4, ilmaisia n\u00e4ytteit\u00e4 voidaan toimittaa.<\/td>\n<\/tr>\n<tr>\n<td class=\"label\">Toimitusaika<\/td>\n<td>Tyypillisesti 15 - 20 p\u00e4iv\u00e4\u00e4 n\u00e4ytteen vahvistuksen ja k\u00e4sirahan vastaanottamisen j\u00e4lkeen. Toimitusajasta voidaan my\u00f6s neuvotella.<\/td>\n<\/tr>\n<tr>\n<td class=\"label\">Satama<\/td>\n<td>Guangzhoun\/Shenzhenin satama<\/td>\n<\/tr>\n<\/table>\n<h2>Tuotantopohjamme<\/h2>\n<h3>Tehtaan panoraama<\/h3>\n<p><img decoding=\"async\" src=\"\/wp-content\/uploads\/factory-01.webp\"\/><\/p>\n<h3>Alumiini Bar Manufacturing Workshop<\/h3>\n<p><img decoding=\"async\" src=\"\/wp-content\/uploads\/factory-02.webp\"\/><\/p>\n<\/p>\n<p><img decoding=\"async\" src=\"\/wp-content\/uploads\/factory-03.webp\"\/><\/p>\n<h3>Muotin varastointi Varasto<\/h3>\n<p><img decoding=\"async\" src=\"\/wp-content\/uploads\/factory-04.webp\"\/><\/p>\n<h3>43 alumiinin ekstruusiolinjat (500-5500 tonnia)<\/h3>\n<p><img decoding=\"async\" src=\"\/wp-content\/uploads\/factory-05.webp\"\/><\/p>\n<p><img decoding=\"async\" src=\"\/wp-content\/uploads\/factory-06.webp\"\/><\/p>\n<p><img decoding=\"async\" src=\"\/wp-content\/uploads\/factory-07.webp\"\/><\/p>\n<h3>Jauhemaalaus ty\u00f6paja<\/h3>\n<p><img decoding=\"async\" src=\"\/wp-content\/uploads\/factory-09.webp\"\/><\/p>\n<h3>Anodisointi ty\u00f6paja<\/h3>\n<p><img decoding=\"async\" src=\"\/wp-content\/uploads\/factory-10.webp\"\/><\/p>\n<h3>Syv\u00e4k\u00e4sittelyn ty\u00f6paja<\/h3>\n<p><img decoding=\"async\" src=\"\/wp-content\/uploads\/factory-11.webp\"\/><\/p>\n<h3>CNC-tarkkuuskoneistus ty\u00f6paja<\/h3>\n<p><img decoding=\"async\" src=\"\/wp-content\/uploads\/factory-11.5.webp\"\/><\/p>\n<h3>Valmiiden tuotteiden ja vientivarasto<\/h3>\n<p><img decoding=\"async\" src=\"\/wp-content\/uploads\/factory-12.webp\"\/><\/p>\n<p><img decoding=\"async\" src=\"\/wp-content\/uploads\/factory-13.webp\"\/><\/p>\n<p><img decoding=\"async\" src=\"\/wp-content\/uploads\/factory-14.webp\"\/><\/p>\n<h2>FAQ<\/h2>\n<p><b>1.Mik\u00e4 on r\u00e4\u00e4t\u00e4l\u00f6ity suulakepuristettu alumiinikoteloprofiili?<\/b><\/p>\n<p>Se on r\u00e4\u00e4t\u00e4l\u00f6ity alumiiniprofiili, jota k\u00e4ytet\u00e4\u00e4n elektroniikan, instrumenttien tai teollisuuslaitteiden suojakoteloiden luomiseen.\n<\/p>\n<p><\/p>\n<p><b>2.Miksi k\u00e4ytt\u00e4\u00e4 suulakepuristettua alumiinia koteloihin?<\/b><\/p>\n<p>Suulakepuristettu alumiini tarjoaa lujuutta, kevytt\u00e4 painoa, korroosionkest\u00e4vyytt\u00e4 ja l\u00e4mm\u00f6njohtavuutta, joten se on ihanteellinen kotelosovelluksiin.\n<\/p>\n<p><\/p>\n<p><b>3.Voidaanko koteloprofiileja r\u00e4\u00e4t\u00e4l\u00f6id\u00e4 tiettyj\u00e4 tuotteita varten?<\/b><\/p>\n<p>Kyll\u00e4, ne voidaan r\u00e4\u00e4t\u00e4l\u00f6id\u00e4 muotoilun, koon, sein\u00e4m\u00e4n paksuuden ja pintak\u00e4sittelyn osalta erityisten suunnittelu- ja toiminnallisten tarpeiden mukaan.\n<\/p>\n<p><\/p>\n<p><b>4.Soveltuvatko alumiinikotelot ulkok\u00e4ytt\u00f6\u00f6n?<\/b><\/p>\n<p>Kyll\u00e4, oikealla pintak\u00e4sittelyll\u00e4, kuten anodisoinnilla tai jauhemaalilla, ne tarjoavat erinomaisen s\u00e4\u00e4n- ja korroosionkest\u00e4vyyden.\n<\/p>\n<p><\/p>\n<p><b>5.Mitk\u00e4 teollisuudenalat k\u00e4ytt\u00e4v\u00e4t r\u00e4\u00e4t\u00e4l\u00f6ityj\u00e4 alumiinikoteloprofiileja?<\/b><\/p>\n<p>Niit\u00e4 k\u00e4ytet\u00e4\u00e4n laajalti elektroniikka-, tietoliikenne-, automaatio-, instrumentointi- ja uusiutuvan energian aloilla.\n<\/p>\n<p><\/p>\n<p><b>6.Mit\u00e4 pintak\u00e4sittelyj\u00e4 alumiinikoteloprofiileihin on saatavana?<\/b><\/p>\n<p>Yleisi\u00e4 viimeistelyj\u00e4 ovat anodisointi, jauhemaalaus, hiekkapuhallus ja harjaus kest\u00e4vyyden ja ulkon\u00e4\u00f6n parantamiseksi.\n<\/p>\n<p><\/p>\n<p><b>7.Tarjoavatko alumiiniset koteloprofiilit hyv\u00e4n l\u00e4mm\u00f6nsiirron?<\/b><\/p>\n<p>Alumiinin korkea l\u00e4mm\u00f6njohtavuus auttaa haihduttamaan tehokkaasti l\u00e4mp\u00f6\u00e4 koteloitujen elektronisten komponenttien alueelta.\n<\/p>\n<p><\/p>","protected":false},"featured_media":7335,"template":"","categories":[67],"class_list":["post-7336","product","type-product","status-publish","has-post-thumbnail","hentry","category-architectural-aluminium-profile"],"meta_box":{"hilight_text_group":{"product_hilight_text":"<li>Custom extruded aluminum profiles designed for enclosure and housing applications<\/li>\r\r\n<li>High-precision machining ensures perfect fit and seamless assembly<\/li>\r\r\n<li>Excellent heat dissipation for electronic and industrial components<\/li>\r\r\n<li>Lightweight, corrosion-resistant material suitable for indoor and outdoor use<\/li>\r\r\n<li>OEM services available for custom dimensions, finishes, and designs<\/li>\r\r\n<li>Ideal for electronics, control boxes, instrument cases, and power supplies<\/li>","product_chanpin_blog":"<ul>\r\r\n<li><a href=\"https:\/\/sinoextrud.com\/t-slot-v-slot-differences\/\" target=\"_blank\">t slot vs v slot<\/a><\/li>\r\r\n<li><a href=\"https:\/\/sinoextrud.com\/what-is-4040-aluminium-extrud\/\" target=\"_blank\">4040 aluminium extrusion<\/a><\/li>\r\r\n<li><a href=\"https:\/\/sinoextrud.com\/what-is-4040-aluminium-extrud\/\" target=\"_blank\">aluminum extrusions for industrial racks<\/a><\/li>\r\r\n<li><a href=\"https:\/\/sinoextrud.com\/powder-coating-aluminium-process\/\" target=\"_blank\">powder coating aluminium<\/a><\/li>\r\r\n<li><a href=\"https:\/\/sinoextrud.com\/what-is-an-aluminium-strip-ceiling\/\" target=\"_blank\">aluminium strip ceiling<\/a><\/li>\r\r\n<li><a href=\"https:\/\/sinoextrud.com\/what-is-a-heat-sink\/\" target=\"_blank\">what is a heat sink<\/a><\/li>\r\r\n<\/ul>","product_chanpin_chanpin":"<li><a href=\"https:\/\/sinoextrud.com\/product\/anodized-and-powder-coated-t-slotted-aluminum-extrusion\/\" target=\"_blank\">Anodized and Powder Coated T-Slotted Aluminum Extrusion<\/a><\/li>\r\n<li><a href=\"https:\/\/sinoextrud.com\/product\/aluminum-extrusion-profile-suppliers-for-good-kitchen-cabinet-manufacturers-cabinet-extrusion-pricing-construction-aluminium\/\" target=\"_blank\">aluminum extrusion profile suppliers for Good Kitchen cabinet manufacturers Cabinet extrusion pricing construction aluminium<\/a><\/li>\r\n<li><a href=\"https:\/\/sinoextrud.com\/product\/china-industrial-extruded-aluminium-heatsink-profile\/\" target=\"_blank\">China Industrial Extruded Aluminium Heatsink Profile<\/a><\/li>\r\n<li><a href=\"https:\/\/sinoextrud.com\/product\/aluminium-window-frame-profiles\/\" target=\"_blank\">Aluminium Window Frame Profiles<\/a><\/li>\r\n<li><a href=\"https:\/\/sinoextrud.com\/product\/customized-extruded-aluminum-enclosure-profile\/\" target=\"_blank\">Customized Extruded Aluminum Enclosure Profile<\/a><\/li>\r\n<li><a href=\"https:\/\/sinoextrud.com\/product\/aluminum-alloy-wall-decoration-edge-trim-strip\/\" target=\"_blank\">Aluminum Alloy Wall Decoration Edge Trim Strip<\/a><\/li>\r\n<li><a href=\"https:\/\/sinoextrud.com\/product\/aluminum-railing\/\" target=\"_blank\">Aluminum Railing<\/a><\/li>\r\n<li><a href=\"https:\/\/sinoextrud.com\/product\/aluminum-profile-for-office-partition-catalog\/\" target=\"_blank\">Aluminum Profile For Office Partition Catalog<\/a><\/li>\r\n<li><a href=\"https:\/\/sinoextrud.com\/product\/modular-aluminium-extrusions\/\" target=\"_blank\">Modular Aluminium Extrusions<\/a><\/li>\r\n<li><a href=\"https:\/\/sinoextrud.com\/product\/architectural-aluminium-profiles\/\" target=\"_blank\">Architectural Aluminium Profiles<\/a><\/li>\r\n<li><a href=\"https:\/\/sinoextrud.com\/product\/aluminium-windows-with-mosquito-net-profile-catalog-uses-best-factory-price-per-pound\/\" target=\"_blank\">aluminium windows with mosquito net profile catalog uses best Factory Price per pound<\/a><\/li>"},"feature_list":[]},"_links":{"self":[{"href":"https:\/\/sinoextrud.com\/fi\/wp-json\/wp\/v2\/product\/7336","targetHints":{"allow":["GET"]}}],"collection":[{"href":"https:\/\/sinoextrud.com\/fi\/wp-json\/wp\/v2\/product"}],"about":[{"href":"https:\/\/sinoextrud.com\/fi\/wp-json\/wp\/v2\/types\/product"}],"wp:featuredmedia":[{"embeddable":true,"href":"https:\/\/sinoextrud.com\/fi\/wp-json\/wp\/v2\/media\/7335"}],"wp:attachment":[{"href":"https:\/\/sinoextrud.com\/fi\/wp-json\/wp\/v2\/media?parent=7336"}],"wp:term":[{"taxonomy":"category","embeddable":true,"href":"https:\/\/sinoextrud.com\/fi\/wp-json\/wp\/v2\/categories?post=7336"}],"curies":[{"name":"wp","href":"https:\/\/api.w.org\/{rel}","templated":true}]}}