{"id":7322,"date":"2025-06-07T03:12:42","date_gmt":"2025-06-07T03:12:42","guid":{"rendered":"https:\/\/sinoextrud.com\/product\/square-aluminum-tubing-with-anodized-mill-finish-polishing-treatment\/"},"modified":"2025-06-24T06:12:31","modified_gmt":"2025-06-24T06:12:31","slug":"nelion-alumiiniputki-anodisoitu-mylly-viimeistely-kiillotus-hoito","status":"publish","type":"product","link":"https:\/\/sinoextrud.com\/fi\/product\/square-aluminum-tubing-with-anodized-mill-finish-polishing-treatment\/","title":{"rendered":"Square alumiini putket anodisoitu Mill viimeistely kiillotus hoito"},"content":{"rendered":"<h2>Tuotteiden tiedot<\/h2>\n<table class=\"custom-table\">\n<tr>\n<td class=\"label\">1. Kohde<\/td>\n<td>Square alumiini putket anodisoitu Mill viimeistely kiillotus hoito<\/td>\n<\/tr>\n<tr>\n<td class=\"label\">1.1 Muoto:<\/td>\n<td>r\u00e4\u00e4t\u00e4l\u00f6ity<\/td>\n<\/tr>\n<tr>\n<td class=\"label\">1.2 Palkkaluokka:<\/td>\n<td>6000-sarja<\/td>\n<\/tr>\n<tr>\n<td class=\"label\">1.3 L\u00e4mp\u00f6tila:<\/td>\n<td>T3-T8<\/td>\n<\/tr>\n<tr>\n<td class=\"label\">1.4 Materiaali:<\/td>\n<td>6063-T5, 6061-T6, 6463-T5, 7075-T6, 6082<\/td>\n<\/tr>\n<tr>\n<td class=\"label\">1.5 Legnth:<\/td>\n<td>1~9 metri\u00e4 (standaror tarpeen mukaan)<\/td>\n<\/tr>\n<tr>\n<td class=\"label\">2. Tuotantolinjat<\/td>\n<td>1) 5 sulatus- ja valulinjaa<br \/>\n2) 43 suulakepuristustuotantolinjaa (500 tonnista 5500 tonniin ja t\u00e4ytt\u00e4\u00e4 eri asiakkaiden vaatimukset)<br \/>\n3) 6 anodisointi- ja elektroforeesituotantolinjaa<br \/>\n4) 2 jauhemaalin tuotantolinjaa<br \/>\n5) 4 puujyvien tuotantolinjaa<br \/>\n6) 2 l\u00e4mp\u00f6eristys rikkoutuneen sillan tuotantolinjat<br \/>\n7) 2 langoitettua piirto- ja kiillotuslinjaa<\/td>\n<\/tr>\n<tr>\n<td class=\"label\">3. Luonteenomaiset palvelut<\/td>\n<td>1). OEM-palvelu.<br \/>\n2). Suunnittelu asiakkaiden vaatimusten mukaisesti.<br \/>\n3). Useamman vuoden ty\u00f6kokemus tutkimuksesta, valmistuksesta<br \/>\n4). Nykyaikainen syv\u00e4k\u00e4sittelykeskuksemme voi tarjota koneistusta, kuten leikkausta, l\u00e4vistyst\u00e4, porausta jne.<\/td>\n<\/tr>\n<tr>\n<td class=\"label\">4. Laadunvalvonta<\/td>\n<td>K\u00e4yt\u00e4mme tiukinta laadunvalvontaj\u00e4rjestelm\u00e4\u00e4, havaitseminen on materiaalista, tuotantoprosessista,<br \/>\nLopputuotteeseen ja varmistaa tuotteen laadun ja j\u00e4ljitett\u00e4vyyden.<\/td>\n<\/tr>\n<tr>\n<td class=\"label\">5. Prosessi<\/td>\n<td>Muottien suunnittelu\u2192Muottien valmistus\u2192Sulatus ja seostaminen\u2192QC\u2192Extruusointi\u2192Leikkaus\u2192L\u00e4mp\u00f6k\u00e4sittely\u2192<br \/>\nQC\u2192Pintak\u00e4sittely\u2192QC\u2192Hitsaus\u2192Pakkaus\u2192QC\u2192Kuljetus\u2192Myynnin j\u00e4lkeinen palvelu<\/td>\n<\/tr>\n<tr>\n<td class=\"label\">6. Standardi<\/td>\n<td>GB5237-2008 vastaa standardia EN12020-1.2(2001).<\/td>\n<\/tr>\n<tr>\n<td class=\"label\">7. Maksu<\/td>\n<td>T \/ T: 30% talletus, saldo maksetaan ennen tai j\u00e4lkeen l\u00e4hetyksen.<\/td>\n<\/tr>\n<tr>\n<td class=\"label\">8. Pakkaustiedot:<\/td>\n<td>Sis\u00e4ll\u00e4: Pakattu muovikalvolla jokaisen kappaleen suojaamiseksi<br \/>\nUlkona: K\u00e4\u00e4ri niput vedenpit\u00e4v\u00e4ll\u00e4 askartelupaperilla tai EPE-kalvolla. R\u00e4\u00e4t\u00e4l\u00f6ity pyynt\u00f6 saatavilla<\/td>\n<\/tr>\n<tr>\n<td class=\"label\">9. L\u00e4pimenoaika<\/td>\n<td>Die Kehitt\u00e4minen ja n\u00e4ytteen testaus: 10-18 p\u00e4iv\u00e4\u00e4.<br \/>\nMassatuotanto: 20-25 p\u00e4iv\u00e4\u00e4.<\/td>\n<\/tr>\n<\/table>\n<h2>Tuotantopohjamme<\/h2>\n<h3>Tehtaan panoraama<\/h3>\n<p><img decoding=\"async\" src=\"\/wp-content\/uploads\/factory-01.webp\"\/><\/p>\n<h3>Alumiini Bar Manufacturing Workshop<\/h3>\n<p><img decoding=\"async\" src=\"\/wp-content\/uploads\/factory-02.webp\"\/><\/p>\n<\/p>\n<p><img decoding=\"async\" src=\"\/wp-content\/uploads\/factory-03.webp\"\/><\/p>\n<h3>Muotin varastointi Varasto<\/h3>\n<p><img decoding=\"async\" src=\"\/wp-content\/uploads\/factory-04.webp\"\/><\/p>\n<h3>43 alumiinin ekstruusiolinjat (500-5500 tonnia)<\/h3>\n<p><img decoding=\"async\" src=\"\/wp-content\/uploads\/factory-05.webp\"\/><\/p>\n<p><img decoding=\"async\" src=\"\/wp-content\/uploads\/factory-06.webp\"\/><\/p>\n<p><img decoding=\"async\" src=\"\/wp-content\/uploads\/factory-07.webp\"\/><\/p>\n<h3>Jauhemaalaus ty\u00f6paja<\/h3>\n<p><img decoding=\"async\" src=\"\/wp-content\/uploads\/factory-09.webp\"\/><\/p>\n<h3>Anodisointi ty\u00f6paja<\/h3>\n<p><img decoding=\"async\" src=\"\/wp-content\/uploads\/factory-10.webp\"\/><\/p>\n<h3>Syv\u00e4k\u00e4sittelyn ty\u00f6paja<\/h3>\n<p><img decoding=\"async\" src=\"\/wp-content\/uploads\/factory-11.webp\"\/><\/p>\n<h3>CNC-tarkkuuskoneistus ty\u00f6paja<\/h3>\n<p><img decoding=\"async\" src=\"\/wp-content\/uploads\/factory-11.5.webp\"\/><\/p>\n<h3>Valmiiden tuotteiden ja vientivarasto<\/h3>\n<p><img decoding=\"async\" src=\"\/wp-content\/uploads\/factory-12.webp\"\/><\/p>\n<p><img decoding=\"async\" src=\"\/wp-content\/uploads\/factory-13.webp\"\/><\/p>\n<p><img decoding=\"async\" src=\"\/wp-content\/uploads\/factory-14.webp\"\/><\/p>\n<h2>FAQ<\/h2>\n<p><b>1.Mik\u00e4 on neli\u00f6n alumiiniputki, jossa on anodisoitu Mill Finish -kiillotusk\u00e4sittely?<\/b><\/p>\n<p>Se on neli\u00f6nmuotoinen alumiiniputki, jota on parannettu anodisoidulla ja kiillotetulla pinnoitteella kest\u00e4vyyden, korroosionkest\u00e4vyyden ja esteettisyyden lis\u00e4\u00e4miseksi.\n<\/p>\n<p><\/p>\n<p><b>2.Miksi valita anodisoitu neli\u00f6n alumiiniputki?<\/b><\/p>\n<p>Anodisointi lis\u00e4\u00e4 korroosionkest\u00e4vyytt\u00e4, pinnan kovuutta ja antaa siistin, koristeellisen ulkon\u00e4\u00f6n sek\u00e4 sis\u00e4- ett\u00e4 ulkok\u00e4ytt\u00f6\u00f6n.\n<\/p>\n<p><\/p>\n<p><b>3.Mik\u00e4 on alumiiniputkien viimeistely?<\/b><\/p>\n<p>Jyrsint\u00e4k\u00e4sittely on suulakepuristamisen j\u00e4lkeinen raaka pintakunto, joka tarjoaa luonnollisen alumiinin ulkon\u00e4\u00f6n, jota voidaan k\u00e4sitell\u00e4 tai p\u00e4\u00e4llyst\u00e4\u00e4 edelleen.\n<\/p>\n<p><\/p>\n<p><b>4.Mitk\u00e4 ovat alumiiniputkien kiillottamisen edut?<\/b><\/p>\n<p>Kiillotus antaa putkelle sile\u00e4n, heijastavan pinnan, joka parantaa sen ulkon\u00e4k\u00f6\u00e4 ja helpottaa puhdistamista.\n<\/p>\n<p><\/p>\n<p><b>5.Miss\u00e4 neli\u00f6n alumiiniputkea k\u00e4ytet\u00e4\u00e4n yleisesti?<\/b><\/p>\n<p>Sit\u00e4 k\u00e4ytet\u00e4\u00e4n laajalti rakentamisessa, huonekaluissa, kehysj\u00e4rjestelmiss\u00e4, opasteissa ja arkkitehtonisessa koristeluun.\n<\/p>\n<p><\/p>\n<p><b>6.Onko t\u00e4m\u00e4 alumiiniputki helppo k\u00e4sitell\u00e4?<\/b><\/p>\n<p>Kyll\u00e4, se on kevyt, helppo leikata ja hitsata, joten se sopii erinomaisesti tee-se-itse- ja ammattimaisiin valmistusprojekteihin.\n<\/p>\n<p><\/p>\n<p><b>7.Voinko pyyt\u00e4\u00e4 mukautettuja pituuksia tai viimeistelyj\u00e4?<\/b><\/p>\n<p>Ehdottomasti valmistajat tarjoavat r\u00e4\u00e4t\u00e4l\u00f6inti\u00e4 mittojen, anodisointiv\u00e4rien ja kiillotustasojen osalta projektin tarpeiden mukaan.\n<\/p>\n<p><\/p>\n<p><b>8.Is neli\u00f6n alumiiniputki ymp\u00e4rist\u00f6yst\u00e4v\u00e4llinen?<\/b><\/p>\n<p>Kyll\u00e4, alumiini on 100% kierr\u00e4tett\u00e4v\u00e4\u00e4, joten se on kest\u00e4v\u00e4 materiaalivalinta eri teollisuudenaloille.\n<\/p>\n<p><\/p>","protected":false},"featured_media":7321,"template":"","categories":[67],"class_list":["post-7322","product","type-product","status-publish","has-post-thumbnail","hentry","category-architectural-aluminium-profile"],"meta_box":{"hilight_text_group":{"product_hilight_text":"<li>Durable square aluminum tubing with enhanced anodized and polished surface<\/li>\r\r\n<li>Lightweight yet structurally strong for versatile applications<\/li>\r\r\n<li>Corrosion-resistant finish ideal for indoor and outdoor use<\/li>\r\r\n<li>Available in mill finish, anodized, and polished treatments<\/li>\r\r\n<li>Easy to cut, weld, and assemble for custom projects<\/li>\r\r\n<li>Suitable for architectural, industrial, and decorative purposes<\/li>\r\r\n<li>Environmentally friendly and 100% recyclable material<\/li>","product_chanpin_blog":"<ul>\r\r\n<li><a href=\"https:\/\/sinoextrud.com\/t-slot-v-slot-differences\/\" target=\"_blank\">t slot vs v slot<\/a><\/li>\r\r\n<li><a href=\"https:\/\/sinoextrud.com\/what-is-4040-aluminium-extrud\/\" target=\"_blank\">4040 aluminium extrusion<\/a><\/li>\r\r\n<li><a href=\"https:\/\/sinoextrud.com\/what-is-4040-aluminium-extrud\/\" target=\"_blank\">aluminum extrusions for industrial racks<\/a><\/li>\r\r\n<li><a href=\"https:\/\/sinoextrud.com\/powder-coating-aluminium-process\/\" target=\"_blank\">powder coating aluminium<\/a><\/li>\r\r\n<li><a href=\"https:\/\/sinoextrud.com\/what-is-an-aluminium-strip-ceiling\/\" target=\"_blank\">aluminium strip ceiling<\/a><\/li>\r\r\n<li><a href=\"https:\/\/sinoextrud.com\/what-is-a-heat-sink\/\" target=\"_blank\">what is a heat sink<\/a><\/li>\r\r\n<\/ul>","product_chanpin_chanpin":"<li><a href=\"https:\/\/sinoextrud.com\/product\/aluminium-profile-quarter-round-bar\/\" target=\"_blank\">Aluminium Profile Quarter Round Bar<\/a><\/li>\r\n<li><a href=\"https:\/\/sinoextrud.com\/product\/china-aluminum-angle-bar-alloy-profile\/\" target=\"_blank\">China Aluminum Angle Bar Alloy Profile<\/a><\/li>\r\n<li><a href=\"https:\/\/sinoextrud.com\/product\/aluminium-profile-structure\/\" target=\"_blank\">Aluminium Profile Structure<\/a><\/li>\r\n<li><a href=\"https:\/\/sinoextrud.com\/product\/cabinet-aluminum-profile\/\" target=\"_blank\">Cabinet Aluminum Profile<\/a><\/li>\r\n<li><a href=\"https:\/\/sinoextrud.com\/product\/square-aluminum-tubing-with-anodized-mill-finish-polishing-treatment\/\" target=\"_blank\">Square Aluminum Tubing With Anodized Mill Finish Polishing Treatment<\/a><\/li>\r\n<li><a href=\"https:\/\/sinoextrud.com\/product\/roller-blind-aluminium-profiles\/\" target=\"_blank\">Roller blind aluminium profiles<\/a><\/li>\r\n<li><a href=\"https:\/\/sinoextrud.com\/product\/outdoor-aluminium-sun-shutters-louvres-system\/\" target=\"_blank\">Outdoor aluminium sun shutters( louvres) system<\/a><\/li>\r\n<li><a href=\"https:\/\/sinoextrud.com\/product\/anodized-and-powder-coated-t-slotted-aluminum-extrusion\/\" target=\"_blank\">Anodized and Powder Coated T-Slotted Aluminum Extrusion<\/a><\/li>\r\n<li><a href=\"https:\/\/sinoextrud.com\/product\/aluminum-extrusion-profile-suppliers-for-good-kitchen-cabinet-manufacturers-cabinet-extrusion-pricing-construction-aluminium\/\" target=\"_blank\">aluminum extrusion profile suppliers for Good Kitchen cabinet manufacturers Cabinet extrusion pricing construction aluminium<\/a><\/li>\r\n<li><a href=\"https:\/\/sinoextrud.com\/product\/color-polishing-aluminium-for-sliding-door\/\" target=\"_blank\">Color Polishing Aluminium For Sliding Door<\/a><\/li>\r\n<li><a href=\"https:\/\/sinoextrud.com\/product\/6000-series-extrusion-of-aluminum-alloy-profile-for-furniture\/\" target=\"_blank\">6000 Series Extrusion Of Aluminum Alloy Profile for Furniture<\/a><\/li>"},"feature_list":[]},"_links":{"self":[{"href":"https:\/\/sinoextrud.com\/fi\/wp-json\/wp\/v2\/product\/7322","targetHints":{"allow":["GET"]}}],"collection":[{"href":"https:\/\/sinoextrud.com\/fi\/wp-json\/wp\/v2\/product"}],"about":[{"href":"https:\/\/sinoextrud.com\/fi\/wp-json\/wp\/v2\/types\/product"}],"wp:featuredmedia":[{"embeddable":true,"href":"https:\/\/sinoextrud.com\/fi\/wp-json\/wp\/v2\/media\/7321"}],"wp:attachment":[{"href":"https:\/\/sinoextrud.com\/fi\/wp-json\/wp\/v2\/media?parent=7322"}],"wp:term":[{"taxonomy":"category","embeddable":true,"href":"https:\/\/sinoextrud.com\/fi\/wp-json\/wp\/v2\/categories?post=7322"}],"curies":[{"name":"wp","href":"https:\/\/api.w.org\/{rel}","templated":true}]}}