{"id":7308,"date":"2025-06-07T02:47:48","date_gmt":"2025-06-07T02:47:48","guid":{"rendered":"https:\/\/sinoextrud.com\/product\/aluminium-profile-for-wardrobe-sliding-door-frame\/"},"modified":"2025-06-24T06:12:29","modified_gmt":"2025-06-24T06:12:29","slug":"alumiiniprofiili-vaatekaapin-liukuovikehykseen","status":"publish","type":"product","link":"https:\/\/sinoextrud.com\/fi\/product\/aluminium-profile-for-wardrobe-sliding-door-frame\/","title":{"rendered":"Alumiiniprofiili vaatekaapin liukuovikehykseen"},"content":{"rendered":"<h2>Tuotteiden tiedot<\/h2>\n<table class=\"custom-table\">\n<tbody>\n<tr>\n<td> Kohde:<\/td>\n<td> Alumiiniprofiili vaatekaapin liukuovikehykseen<\/td>\n<\/tr>\n<tr>\n<td> Sovellus:<\/td>\n<td> vaatekaapin liukuovikehys<\/td>\n<\/tr>\n<tr>\n<td> Luokka:<\/td>\n<td> 6000-sarja<\/td>\n<\/tr>\n<tr>\n<td> Tekniikka:<\/td>\n<td> Puristetut<\/td>\n<\/tr>\n<tr>\n<td> Temperamentti:<\/td>\n<td> T3 - T8<\/td>\n<\/tr>\n<tr>\n<td> Koko:<\/td>\n<td> R\u00e4\u00e4t\u00e4l\u00f6ity<\/td>\n<\/tr>\n<tr>\n<td> Laadunvalvonta:<\/td>\n<td> 100% Tarkastus ennen l\u00e4hetyst\u00e4<\/td>\n<\/tr>\n<tr>\n<td> Tehtaan sijainti:<\/td>\n<td> Foshan, Kiina<\/td>\n<\/tr>\n<tr>\n<td> Tekniset tiedot:<\/td>\n<td> RoHS<\/td>\n<\/tr>\n<tr>\n<td> Tyyppi:<\/td>\n<td> Alumiiniprofiilit<\/td>\n<\/tr>\n<tr>\n<td> Seos:<\/td>\n<td> Metalliseos<\/td>\n<\/tr>\n<tr>\n<td> Sertifiointi:<\/td>\n<td> GB\/T<\/td>\n<\/tr>\n<tr>\n<td> Palvelu:<\/td>\n<td> OEM\/ODM<\/td>\n<\/tr>\n<tr>\n<td> Toimitusaika:<\/td>\n<td> 7-25 ty\u00f6p\u00e4iv\u00e4\u00e4 (m\u00e4\u00e4r\u00e4n mukaan)<\/td>\n<\/tr>\n<tr>\n<td> Pakkaus yksityiskohdat:<\/td>\n<td> Vakiovientipakkaus<\/td>\n<\/tr>\n<tr>\n<td> Tavaramerkki:<\/td>\n<td> Sinoextrud (Sinoextrud) \/ OEM<\/td>\n<\/tr>\n<\/tbody>\n<\/table>\n<h2>Tuotantopohjamme<\/h2>\n<h3>Tehtaan panoraama<\/h3>\n<p><img decoding=\"async\" src=\"\/wp-content\/uploads\/factory-01.webp\"\/><\/p>\n<h3>Alumiini Bar Manufacturing Workshop<\/h3>\n<p><img decoding=\"async\" src=\"\/wp-content\/uploads\/factory-02.webp\"\/><\/p>\n<p><img decoding=\"async\" src=\"\/wp-content\/uploads\/factory-03.webp\"\/><\/p>\n<h3>Muotin varastointi Varasto<\/h3>\n<p><img decoding=\"async\" src=\"\/wp-content\/uploads\/factory-04.webp\"\/><\/p>\n<h3>43 Alumiini ekstruusiolinjat (500\u00e2 5500 tonnia)<\/h3>\n<p><img decoding=\"async\" src=\"\/wp-content\/uploads\/factory-05.webp\"\/><\/p>\n<p><img decoding=\"async\" src=\"\/wp-content\/uploads\/factory-06.webp\"\/><\/p>\n<p><img decoding=\"async\" src=\"\/wp-content\/uploads\/factory-07.webp\"\/><\/p>\n<h3>Jauhemaalaus ty\u00f6paja<\/h3>\n<p><img decoding=\"async\" src=\"\/wp-content\/uploads\/factory-09.webp\"\/><\/p>\n<h3>Anodisointi ty\u00f6paja<\/h3>\n<p><img decoding=\"async\" src=\"\/wp-content\/uploads\/factory-10.webp\"\/><\/p>\n<h3>Syv\u00e4k\u00e4sittelyn ty\u00f6paja<\/h3>\n<p><img decoding=\"async\" src=\"\/wp-content\/uploads\/factory-11.webp\"\/><\/p>\n<h3>CNC-tarkkuuskoneistus ty\u00f6paja<\/h3>\n<p><img decoding=\"async\" src=\"\/wp-content\/uploads\/factory-11.5.webp\"\/><\/p>\n<h3>Valmiiden tuotteiden ja vientivarasto<\/h3>\n<p><img decoding=\"async\" src=\"\/wp-content\/uploads\/factory-12.webp\"\/><\/p>\n<p><img decoding=\"async\" src=\"\/wp-content\/uploads\/factory-13.webp\"\/><\/p>\n<p><img decoding=\"async\" src=\"\/wp-content\/uploads\/factory-14.webp\"\/><\/p>\n<h2>FAQ<\/h2>\n<p><p><b>1.Mik\u00e4 on alumiiniprofiili vaatekaapin liukuovikehykseen?<\/b><\/p>\n<p>Se on erityisesti suunniteltu alumiiniprofiili, jota k\u00e4ytet\u00e4\u00e4n vaatekaapin liukuovien rakenteellisena kehyksen\u00e4 ja joka tarjoaa lujuutta ja tyylik\u00e4st\u00e4 ulkon\u00e4k\u00f6\u00e4.<br \/>\n<\/p><br \/>\n<br \/>\n<p><b>2.Miksi k\u00e4ytt\u00e4\u00e4 alumiiniprofiileja vaatekaapin liukuovissa?<\/b><\/p>\n<p>Alumiiniprofiilit ovat kevyit\u00e4, kest\u00e4vi\u00e4 ja korroosionkest\u00e4vi\u00e4, joten ne sopivat erinomaisesti sileisiin ja pitk\u00e4ik\u00e4isiin vaatekaapin ovij\u00e4rjestelmiin.<br \/>\n<\/p><br \/>\n<br \/>\n<p><b>3.Voiko alumiinisia vaatekaapin oviprofiileja r\u00e4\u00e4t\u00e4l\u00f6id\u00e4?<\/b><\/p>\n<p>Kyll\u00e4, niit\u00e4 voidaan r\u00e4\u00e4t\u00e4l\u00f6id\u00e4 pituuden, paksuuden, pintak\u00e4sittelyn ja v\u00e4rin suhteen, jotta ne sopivat erilaisiin vaatekaappimalleihin ja mieltymyksiin.<br \/>\n<\/p><br \/>\n<br \/>\n<p><b>4.Ovatko alumiiniset liukuovikarmit yhteensopivia eri paneelien kanssa?<\/b><\/p>\n<p>Ehdottomasti n\u00e4m\u00e4 profiilit tukevat erilaisia levytyyppej\u00e4, kuten puuta, lasia, akryyli\u00e4 ja peilej\u00e4.<br \/>\n<\/p><br \/>\n<br \/>\n<p><b>5.Parantavatko alumiiniset vaatekaappiprofiilit liukutehoa?<\/b><\/p>\n<p>Kyll\u00e4, alumiiniprofiilien tarkka suunnittelu takaa vakaan ja pehme\u00e4n liukumisen, mik\u00e4 parantaa k\u00e4ytt\u00f6kokemusta.<br \/>\n<\/p><br \/>\n<br \/>\n<p><b>6.Kest\u00e4\u00e4k\u00f6 alumiiniprofiilien pinta pitk\u00e4aikaista k\u00e4ytt\u00f6\u00e4?<\/b><\/p>\n<p>Alumiiniprofiilit s\u00e4ilytt\u00e4v\u00e4t ulkon\u00e4k\u00f6ns\u00e4 ja kest\u00e4v\u00e4t kulutusta ajan my\u00f6t\u00e4, kun ne on anodisoitu tai jauhemaalattu.<br \/>\n<\/p><br \/>\n<br \/>\n<p><b>7.Ovatko alumiiniset vaatekaapin ovenkarmit helppoja asentaa?<\/b><\/p>\n<p>Kyll\u00e4, n\u00e4m\u00e4 profiilit on suunniteltu helposti koottaviksi, ja ne voidaan asentaa tehokkaasti tavallisilla laitteilla ja ty\u00f6kaluilla.<br \/>\n<\/p><br \/><\/p>","protected":false},"featured_media":7307,"template":"","categories":[67],"class_list":["post-7308","product","type-product","status-publish","has-post-thumbnail","hentry","category-architectural-aluminium-profile"],"meta_box":{"hilight_text_group":{"product_hilight_text":"<li>High-quality aluminum ensures lightweight yet strong door framing<\/li>\r\r\n<li>Sleek profile design enhances the modern look of wardrobes<\/li>\r\r\n<li>Corrosion-resistant finish ensures long-term durability<\/li>\r\r\n<li>Compatible with various panel materials like glass, wood, or mirror<\/li>\r\r\n<li>Smooth sliding performance with precision engineering<\/li>\r\r\n<li>Customizable sizes and finishes to match different interior styles<\/li>","product_chanpin_blog":"<ul>\r\r\n<li><a href=\"https:\/\/sinoextrud.com\/t-slot-v-slot-differences\/\" target=\"_blank\">t slot vs v slot<\/a><\/li>\r\r\n<li><a href=\"https:\/\/sinoextrud.com\/what-is-4040-aluminium-extrud\/\" target=\"_blank\">4040 aluminium extrusion<\/a><\/li>\r\r\n<li><a href=\"https:\/\/sinoextrud.com\/what-is-4040-aluminium-extrud\/\" target=\"_blank\">aluminum extrusions for industrial racks<\/a><\/li>\r\r\n<li><a href=\"https:\/\/sinoextrud.com\/powder-coating-aluminium-process\/\" target=\"_blank\">powder coating aluminium<\/a><\/li>\r\r\n<li><a href=\"https:\/\/sinoextrud.com\/what-is-an-aluminium-strip-ceiling\/\" target=\"_blank\">aluminium strip ceiling<\/a><\/li>\r\r\n<li><a href=\"https:\/\/sinoextrud.com\/what-is-a-heat-sink\/\" target=\"_blank\">what is a heat sink<\/a><\/li>\r\r\n<\/ul>","product_chanpin_chanpin":"<li><a href=\"https:\/\/sinoextrud.com\/product\/aluminum-price-per-pound\/\" target=\"_blank\">Aluminum Price Per Pound<\/a><\/li>\r\n<li><a href=\"https:\/\/sinoextrud.com\/product\/aluminum-profile-extrusion-of-heatsink-sections-for-sale\/\" target=\"_blank\">Aluminum Profile Extrusion Of Heatsink Sections For Sale<\/a><\/li>\r\n<li><a href=\"https:\/\/sinoextrud.com\/product\/customized-ome-aluminium-profile-extruded-with-the-anodized-black-champage-silver-white-and-blasted-treatment\/\" target=\"_blank\">Customized OME Aluminium Profile Extruded With The Anodized Black Champage Silver White And Blasted Treatment<\/a><\/li>\r\n<li><a href=\"https:\/\/sinoextrud.com\/product\/aluminum-profile-windows-and-door-powder-coated-sliding-way\/\" target=\"_blank\">aluminum profile windows and door powder coated sliding way<\/a><\/li>\r\n<li><a href=\"https:\/\/sinoextrud.com\/product\/aluminium-profile-for-wardrobe-sliding-door-frame\/\" target=\"_blank\">Aluminium Profile For Wardrobe Sliding Door Frame<\/a><\/li>\r\n<li><a href=\"https:\/\/sinoextrud.com\/product\/aluminium-profile-frame-for-fly-screen\/\" target=\"_blank\">Aluminium Profile Frame For Fly Screen<\/a><\/li>\r\n<li><a href=\"https:\/\/sinoextrud.com\/product\/aluminum-profile-for-tent\/\" target=\"_blank\">Aluminum profile for tent<\/a><\/li>\r\n<li><a href=\"https:\/\/sinoextrud.com\/product\/aluminium-profile-quarter-round-bar\/\" target=\"_blank\">Aluminium Profile Quarter Round Bar<\/a><\/li>\r\n<li><a href=\"https:\/\/sinoextrud.com\/product\/china-aluminum-angle-bar-alloy-profile\/\" target=\"_blank\">China Aluminum Angle Bar Alloy Profile<\/a><\/li>\r\n<li><a href=\"https:\/\/sinoextrud.com\/product\/6063-slotted-aluminum-bar-extrusion-profiles\/\" target=\"_blank\">6063 Slotted Aluminum Bar Extrusion Profiles<\/a><\/li>\r\n<li><a href=\"https:\/\/sinoextrud.com\/product\/aluminum-extrusion-standards\/\" target=\"_blank\">Aluminum Extrusion Standards<\/a><\/li>"},"feature_list":[]},"_links":{"self":[{"href":"https:\/\/sinoextrud.com\/fi\/wp-json\/wp\/v2\/product\/7308","targetHints":{"allow":["GET"]}}],"collection":[{"href":"https:\/\/sinoextrud.com\/fi\/wp-json\/wp\/v2\/product"}],"about":[{"href":"https:\/\/sinoextrud.com\/fi\/wp-json\/wp\/v2\/types\/product"}],"wp:featuredmedia":[{"embeddable":true,"href":"https:\/\/sinoextrud.com\/fi\/wp-json\/wp\/v2\/media\/7307"}],"wp:attachment":[{"href":"https:\/\/sinoextrud.com\/fi\/wp-json\/wp\/v2\/media?parent=7308"}],"wp:term":[{"taxonomy":"category","embeddable":true,"href":"https:\/\/sinoextrud.com\/fi\/wp-json\/wp\/v2\/categories?post=7308"}],"curies":[{"name":"wp","href":"https:\/\/api.w.org\/{rel}","templated":true}]}}