{"id":7306,"date":"2025-06-07T02:43:45","date_gmt":"2025-06-07T02:43:45","guid":{"rendered":"https:\/\/sinoextrud.com\/product\/aluminum-profile-windows-and-door-powder-coated-sliding-way\/"},"modified":"2025-06-24T06:12:29","modified_gmt":"2025-06-24T06:12:29","slug":"alumiiniprofiili-ikkunat-ja-ovi-jauhemaalattu-liukuva-tapa","status":"publish","type":"product","link":"https:\/\/sinoextrud.com\/fi\/product\/aluminum-profile-windows-and-door-powder-coated-sliding-way\/","title":{"rendered":"alumiiniprofiili ikkunat ja ovi jauhemaalattu liukuva tapa"},"content":{"rendered":"<h2>Tuotteiden tiedot<\/h2>\n<table class=\"custom-table\">\n<tbody>\n<tr>\n<td> 1. Materiaali<\/td>\n<td> Alumiiniseos; 6063, 6061, 6082, 6005, T5, T6,<\/td>\n<\/tr>\n<tr>\n<td> 2. Leikkausmuodot<\/td>\n<td> I, U, T, C, Z, L, H, neli\u00f6, py\u00f6re\u00e4, litte\u00e4, ontto, t-ura ja muut monimutkaiset muodot mukautetun suunnittelun mukaan.<\/td>\n<\/tr>\n<tr>\n<td> 3. Pintak\u00e4sittely<\/td>\n<td> Mylly \/ anodisoitu (hapetus) \/ Hiekkapuhallus \/ jauhemaalaus \/ elektroforeesi \/ puujyv\u00e4t<\/td>\n<\/tr>\n<tr>\n<td> 4. Hakemus<\/td>\n<td> 1) - Ikkunoiden ja ovien karmeihin<\/td>\n<\/tr>\n<tr>\n<td> 3) - rakennuksen verhosein\u00e4t<\/td>\n<\/tr>\n<tr>\n<td> 4) - Aurinkopaneelien kehykset, aurinkopaneelien kiinnitys- \/ kattokannattimet.<\/td>\n<\/tr>\n<tr>\n<td> 5) - teollisuuden kokoonpanolinjojen laitteille.<\/td>\n<\/tr>\n<tr>\n<td> 6) - j\u00e4\u00e4hdytyslevyjen osalta<\/td>\n<\/tr>\n<tr>\n<td> 7) - LED-valaistus<\/td>\n<\/tr>\n<tr>\n<td> 8) - muut mukautetun suunnittelun koon ja ulottuvuuden mukaan<\/td>\n<\/tr>\n<tr>\n<td> 5. Tuotantolinjat<\/td>\n<td> 1) 5 sulatus- ja valulinjaa<\/td>\n<\/tr>\n<tr>\n<td> 2) 25 suulakepuristavaa tuotantolinjaa (500 tonnista 3000 tonniin ja t\u00e4ytt\u00e4\u00e4 eri asiakkaiden vaatimukset)<\/td>\n<\/tr>\n<tr>\n<td> 3) 6 anodisointi- ja elektroforeesituotantolinjaa<\/td>\n<\/tr>\n<tr>\n<td> 4) 2 jauhemaalin tuotantolinjaa<\/td>\n<\/tr>\n<tr>\n<td> 5) 4 puujyvien tuotantolinjaa<\/td>\n<\/tr>\n<tr>\n<td> 6) 2 l\u00e4mp\u00f6eristys rikkoutuneen sillan tuotantolinjat<\/td>\n<\/tr>\n<tr>\n<td> 7) 2 langoitettua piirto- ja kiillotuslinjaa<\/td>\n<\/tr>\n<tr>\n<td> 6. Luonteenomaiset palvelut<\/td>\n<td> 1). OEM-palvelu.<\/td>\n<\/tr>\n<tr>\n<td> 2). Suunnittelu asiakkaiden vaatimusten mukaisesti.<\/td>\n<\/tr>\n<tr>\n<td> 3). Useamman vuoden ty\u00f6kokemus tutkimuksesta, valmistuksesta<\/td>\n<\/tr>\n<tr>\n<td> 4). Nykyaikainen syv\u00e4k\u00e4sittelykeskuksemme voi tarjota koneistusta, kuten leikkausta, l\u00e4vistyst\u00e4, porausta jne.<\/td>\n<\/tr>\n<tr>\n<td> 7. Laadunvalvonta<\/td>\n<td> K\u00e4yt\u00e4mme tiukinta laadunvalvontaj\u00e4rjestelm\u00e4\u00e4, havaitseminen on materiaalista, tuotantoprosessista,<\/td>\n<\/tr>\n<tr>\n<td> Lopputuotteeseen ja varmistaa tuotteen laadun ja j\u00e4ljitett\u00e4vyyden.<\/td>\n<\/tr>\n<tr>\n<td> 8. Prosessi<\/td>\n<td> Muottien suunnittelu\u2192Muottien valmistus\u2192Sulatus ja seostaminen\u2192QC\u2192Extruusointi\u2192Leikkaus\u2192L\u00e4mp\u00f6k\u00e4sittely\u2192<\/td>\n<\/tr>\n<tr>\n<td> QC\u2192Pintak\u00e4sittely\u2192QC\u2192Hitsaus\u2192Pakkaus\u2192QC\u2192Kuljetus\u2192Myynnin j\u00e4lkeinen palvelu<\/td>\n<\/tr>\n<tr>\n<td> 9. Standardi<\/td>\n<td> GB5237-2008 vastaa standardia EN12020-1.2(2001).<\/td>\n<\/tr>\n<tr>\n<td> 10. Maksu<\/td>\n<td> T \/ T: 30% talletus, saldo maksetaan ennen tai j\u00e4lkeen l\u00e4hetyksen.<\/td>\n<\/tr>\n<tr>\n<td> 11. Pakkaustiedot:<\/td>\n<td> Sis\u00e4ll\u00e4: Pakattu muovikalvolla jokaisen kappaleen suojaamiseksi<\/td>\n<\/tr>\n<tr>\n<td> Ulkona: K\u00e4\u00e4ri niput vedenpit\u00e4v\u00e4ll\u00e4 askartelupaperilla tai EPE-kalvolla. R\u00e4\u00e4t\u00e4l\u00f6ity pyynt\u00f6 saatavilla<\/td>\n<\/tr>\n<tr>\n<td> 12. Muut<\/td>\n<td> alumiininen ikkunaprofiili<\/td>\n<\/tr>\n<tr>\n<td> jauhemaalattu alumiininen liukuovi<\/td>\n<\/tr>\n<\/tbody>\n<\/table>\n<h2>Tuotantopohjamme<\/h2>\n<h3>Tehtaan panoraama<\/h3>\n<p><img decoding=\"async\" src=\"\/wp-content\/uploads\/factory-01.webp\"\/><\/p>\n<h3>Alumiini Bar Manufacturing Workshop<\/h3>\n<p><img decoding=\"async\" src=\"\/wp-content\/uploads\/factory-02.webp\"\/><\/p>\n<p><img decoding=\"async\" src=\"\/wp-content\/uploads\/factory-03.webp\"\/><\/p>\n<h3>Muotin varastointi Varasto<\/h3>\n<p><img decoding=\"async\" src=\"\/wp-content\/uploads\/factory-04.webp\"\/><\/p>\n<h3>43 alumiinin ekstruusiolinjat (500-5500 tonnia)<\/h3>\n<p><img decoding=\"async\" src=\"\/wp-content\/uploads\/factory-05.webp\"\/><\/p>\n<p><img decoding=\"async\" src=\"\/wp-content\/uploads\/factory-06.webp\"\/><\/p>\n<p><img decoding=\"async\" src=\"\/wp-content\/uploads\/factory-07.webp\"\/><\/p>\n<h3>Jauhemaalaus ty\u00f6paja<\/h3>\n<p><img decoding=\"async\" src=\"\/wp-content\/uploads\/factory-09.webp\"\/><\/p>\n<h3>Anodisointi ty\u00f6paja<\/h3>\n<p><img decoding=\"async\" src=\"\/wp-content\/uploads\/factory-10.webp\"\/><\/p>\n<h3>Syv\u00e4k\u00e4sittelyn ty\u00f6paja<\/h3>\n<p><img decoding=\"async\" src=\"\/wp-content\/uploads\/factory-11.webp\"\/><\/p>\n<h3>CNC-tarkkuuskoneistus ty\u00f6paja<\/h3>\n<p><img decoding=\"async\" src=\"\/wp-content\/uploads\/factory-11.5.webp\"\/><\/p>\n<h3>Valmiiden tuotteiden ja vientivarasto<\/h3>\n<p><img decoding=\"async\" src=\"\/wp-content\/uploads\/factory-12.webp\"\/><\/p>\n<p><img decoding=\"async\" src=\"\/wp-content\/uploads\/factory-13.webp\"\/><\/p>\n<p><img decoding=\"async\" src=\"\/wp-content\/uploads\/factory-14.webp\"\/><\/p>\n<h2>FAQ<\/h2>\n<p><p><b>1.Mik\u00e4 on alumiiniprofiili ikkunoiden ja ovien jauhemaalattu liukuva tapa?<\/b><\/p>\n<p>Se on suulakepuristettu alumiinirunko, jossa on pulverimaalattu viimeistely, ja se on suunniteltu sileisiin ja kest\u00e4viin liukuikkuna- ja ovisovelluksiin.<br \/>\n<\/p><br \/>\n<br \/>\n<p><b>2.Miksi valita jauhemaalatut alumiiniprofiilit liukuikkunoihin ja -oviin?<\/b><\/p>\n<p>Jauhemaalaus tarjoaa ylivoimaisen kest\u00e4vyyden, s\u00e4\u00e4nkest\u00e4vyyden ja v\u00e4rin s\u00e4ilymisen verrattuna tavalliseen maalattuun pintak\u00e4sittelyyn.<br \/>\n<\/p><br \/>\n<br \/>\n<p><b>3.Ovatko n\u00e4m\u00e4 profiilit korroosionkest\u00e4vi\u00e4?<\/b><\/p>\n<p>Kyll\u00e4, jauhemaalattu alumiini kest\u00e4\u00e4 hyvin ruostetta ja korroosiota, joten se sopii erinomaisesti rannikko- ja kosteisiin ymp\u00e4rist\u00f6ihin.<br \/>\n<\/p><br \/>\n<br \/>\n<p><b>4.Can alumiini liukuva profiilit voidaan r\u00e4\u00e4t\u00e4l\u00f6id\u00e4?<\/b><\/p>\n<p>Niiden kokoa, paksuutta, v\u00e4ri\u00e4 ja muotoa voidaan r\u00e4\u00e4t\u00e4l\u00f6id\u00e4 projektin erityistarpeiden mukaan.<br \/>\n<\/p><br \/>\n<br \/>\n<p><b>5.Soveltuuko t\u00e4m\u00e4 j\u00e4rjestelm\u00e4 asuin- ja liikek\u00e4ytt\u00f6\u00f6n?<\/b><\/p>\n<p>Kyll\u00e4, sit\u00e4 k\u00e4ytet\u00e4\u00e4n laajalti sek\u00e4 asuinrakennuksissa ett\u00e4 liikerakennuksissa liukuovissa ja -ikkunoissa.<br \/>\n<\/p><br \/>\n<br \/>\n<p><b>6.Vaatiiko jauhemaalattu alumiiniprofiili huoltoa?<\/b><\/p>\n<p>V\u00e4h\u00e4inen - vain rutiinipuhdistus miedolla saippualla ja vedell\u00e4 ulkon\u00e4\u00f6n ja toiminnan yll\u00e4pit\u00e4miseksi.<br \/>\n<\/p><br \/>\n<br \/>\n<p><b>7.Ovatko alumiiniset liukuprofiilit helppoja asentaa?<\/b><\/p>\n<p>Kyll\u00e4, ne ovat kevyit\u00e4 ja suunniteltu niin, ett\u00e4 ne voidaan helposti integroida ikkuna- ja ovij\u00e4rjestelmiin.<br \/>\n<\/p><br \/>\n<br \/>\n<p><b>8.Is jauhemaalattu alumiini ymp\u00e4rist\u00f6yst\u00e4v\u00e4llinen?<\/b><\/p>\n<p>Kyll\u00e4, alumiini on kierr\u00e4tett\u00e4v\u00e4\u00e4, ja jauhemaalausprosessi on liuotinvapaa ja ymp\u00e4rist\u00f6yst\u00e4v\u00e4llinen.<br \/>\n<\/p><br \/><\/p>","protected":false},"featured_media":7305,"template":"","categories":[67],"class_list":["post-7306","product","type-product","status-publish","has-post-thumbnail","hentry","category-architectural-aluminium-profile"],"meta_box":{"hilight_text_group":{"product_hilight_text":"<li>Durable powder-coated aluminum profiles ensure long-lasting performance<\/li>\r\r\n<li>Designed specifically for smooth sliding window and door systems<\/li>\r\r\n<li>Corrosion-resistant finish suitable for harsh climates<\/li>\r\r\n<li>Lightweight structure allows easy installation and operation<\/li>\r\r\n<li>Available in various colors to match architectural aesthetics<\/li>\r\r\n<li>Customizable dimensions and profiles for residential or commercial use<\/li>\r\r\n<li>Low maintenance with excellent weather and UV resistance<\/li>","product_chanpin_blog":"<ul>\r\r\n<li><a href=\"https:\/\/sinoextrud.com\/t-slot-v-slot-differences\/\" target=\"_blank\">t slot vs v slot<\/a><\/li>\r\r\n<li><a href=\"https:\/\/sinoextrud.com\/what-is-4040-aluminium-extrud\/\" target=\"_blank\">4040 aluminium extrusion<\/a><\/li>\r\r\n<li><a href=\"https:\/\/sinoextrud.com\/what-is-4040-aluminium-extrud\/\" target=\"_blank\">aluminum extrusions for industrial racks<\/a><\/li>\r\r\n<li><a href=\"https:\/\/sinoextrud.com\/powder-coating-aluminium-process\/\" target=\"_blank\">powder coating aluminium<\/a><\/li>\r\r\n<li><a href=\"https:\/\/sinoextrud.com\/what-is-an-aluminium-strip-ceiling\/\" target=\"_blank\">aluminium strip ceiling<\/a><\/li>\r\r\n<li><a href=\"https:\/\/sinoextrud.com\/what-is-a-heat-sink\/\" target=\"_blank\">what is a heat sink<\/a><\/li>\r\r\n<\/ul>","product_chanpin_chanpin":"<li><a href=\"https:\/\/sinoextrud.com\/product\/aluminium-glass-fitting-channel\/\" target=\"_blank\">Aluminium Glass Fitting Channel<\/a><\/li>\r\n<li><a href=\"https:\/\/sinoextrud.com\/product\/aluminum-price-per-pound\/\" target=\"_blank\">Aluminum Price Per Pound<\/a><\/li>\r\n<li><a href=\"https:\/\/sinoextrud.com\/product\/aluminum-profile-extrusion-of-heatsink-sections-for-sale\/\" target=\"_blank\">Aluminum Profile Extrusion Of Heatsink Sections For Sale<\/a><\/li>\r\n<li><a href=\"https:\/\/sinoextrud.com\/product\/customized-ome-aluminium-profile-extruded-with-the-anodized-black-champage-silver-white-and-blasted-treatment\/\" target=\"_blank\">Customized OME Aluminium Profile Extruded With The Anodized Black Champage Silver White And Blasted Treatment<\/a><\/li>\r\n<li><a href=\"https:\/\/sinoextrud.com\/product\/aluminum-profile-windows-and-door-powder-coated-sliding-way\/\" target=\"_blank\">aluminum profile windows and door powder coated sliding way<\/a><\/li>\r\n<li><a href=\"https:\/\/sinoextrud.com\/product\/aluminium-profile-for-wardrobe-sliding-door-frame\/\" target=\"_blank\">Aluminium Profile For Wardrobe Sliding Door Frame<\/a><\/li>\r\n<li><a href=\"https:\/\/sinoextrud.com\/product\/aluminium-profile-frame-for-fly-screen\/\" target=\"_blank\">Aluminium Profile Frame For Fly Screen<\/a><\/li>\r\n<li><a href=\"https:\/\/sinoextrud.com\/product\/aluminum-profile-for-tent\/\" target=\"_blank\">Aluminum profile for tent<\/a><\/li>\r\n<li><a href=\"https:\/\/sinoextrud.com\/product\/aluminium-profile-quarter-round-bar\/\" target=\"_blank\">Aluminium Profile Quarter Round Bar<\/a><\/li>\r\n<li><a href=\"https:\/\/sinoextrud.com\/product\/extruded-aluminum-sliding-channel\/\" target=\"_blank\">Extruded Aluminum Sliding Channel<\/a><\/li>\r\n<li><a href=\"https:\/\/sinoextrud.com\/product\/clip-type-screen-ceiling-system\/\" target=\"_blank\">Clip Type Screen Ceiling System<\/a><\/li>"},"feature_list":[]},"_links":{"self":[{"href":"https:\/\/sinoextrud.com\/fi\/wp-json\/wp\/v2\/product\/7306","targetHints":{"allow":["GET"]}}],"collection":[{"href":"https:\/\/sinoextrud.com\/fi\/wp-json\/wp\/v2\/product"}],"about":[{"href":"https:\/\/sinoextrud.com\/fi\/wp-json\/wp\/v2\/types\/product"}],"wp:featuredmedia":[{"embeddable":true,"href":"https:\/\/sinoextrud.com\/fi\/wp-json\/wp\/v2\/media\/7305"}],"wp:attachment":[{"href":"https:\/\/sinoextrud.com\/fi\/wp-json\/wp\/v2\/media?parent=7306"}],"wp:term":[{"taxonomy":"category","embeddable":true,"href":"https:\/\/sinoextrud.com\/fi\/wp-json\/wp\/v2\/categories?post=7306"}],"curies":[{"name":"wp","href":"https:\/\/api.w.org\/{rel}","templated":true}]}}