{"id":7290,"date":"2025-06-06T04:08:19","date_gmt":"2025-06-06T04:08:19","guid":{"rendered":"https:\/\/sinoextrud.com\/product\/powder-coating-aluminium-roller-shutter-profile\/"},"modified":"2025-06-24T06:12:26","modified_gmt":"2025-06-24T06:12:26","slug":"jauhemaalattu-alumiininen-rullaverhousprofiili","status":"publish","type":"product","link":"https:\/\/sinoextrud.com\/fi\/product\/powder-coating-aluminium-roller-shutter-profile\/","title":{"rendered":"Jauhepinnoite Alumiini Roller shutter Profile"},"content":{"rendered":"<h2>Tuotteiden tiedot<\/h2>\n<table class=\"custom-table\">\n<tr>\n<td class=\"label\">Alumiini tyyppi<\/td>\n<td>R\u00e4\u00e4t\u00e4l\u00f6ity alumiini Roller Shutter Profile \/ jauhepinnoite alumiini Roller Shutter Profile<\/td>\n<\/tr>\n<tr>\n<td class=\"label\">Luokka<\/td>\n<td>6063 TAI 6061<\/td>\n<\/tr>\n<tr>\n<td class=\"label\">Temper<\/td>\n<td>T5<\/td>\n<\/tr>\n<tr>\n<td class=\"label\">Pintak\u00e4sittely<\/td>\n<td>1- Valmis mylly<br \/>\n2-jauhemaalaus: pronssi, musta, valkoinen jne.<br \/>\n3-Anodisoitu: hopea, pronssi, kultainen, samppanja jne.<br \/>\n4-Elektroforeettinen hapetus: hopea, pronssi, kultainen, samppanja jne.<br \/>\n* Mukautettu v\u00e4ris\u00e4vy tarjotaan<\/td>\n<\/tr>\n<tr>\n<td class=\"label\">Ominaisuus<\/td>\n<td>1 korkea kirkkaus ja kovuus<br \/>\n2 vahva p\u00e4\u00e4llystetty tartunta<br \/>\n3 naarmuuntumisenesto, sileys<br \/>\n4 korkea s\u00e4\u00e4nkest\u00e4vyys, korkea korroosionkest\u00e4vyys, hyv\u00e4 kulutuskest\u00e4vyys<\/td>\n<\/tr>\n<tr>\n<td class=\"label\">Vakiopakkaus<\/td>\n<td>1- PE-suojakalvo jokaiselle kpl:lle, PE-kutistekalvo jokaiselle nipulle<br \/>\n2- R\u00e4\u00e4t\u00e4l\u00f6ity pakkausvaatimus<\/td>\n<\/tr>\n<tr>\n<td class=\"label\">Sertifiointi<\/td>\n<td>1- ISO9001<br \/>\n2- SGS<br \/>\n3- TUV<br \/>\n4 - Muut asiakkaiden tarvitsemat todistukset.<\/td>\n<\/tr>\n<tr>\n<td class=\"label\">MOQ<\/td>\n<td>1 TON Oen Item.<br \/>\nMuussa tapauksessa on lis\u00e4tt\u00e4v\u00e4 lis\u00e4maksu (45 USD) pienest\u00e4 m\u00e4\u00e4r\u00e4st\u00e4.<\/td>\n<\/tr>\n<tr>\n<td class=\"label\">Tuotteen etu<\/td>\n<td>1. Paljon pintak\u00e4sittelyj\u00e4 valintasi mukaan, esimerkiksi hapetus, elektroforeesi ja jauhemaalaus jne.<br \/>\n2. Tiukka valvonta pinnan viimeistelyyn, hyvin v\u00e4h\u00e4n naarmuja.<br \/>\n3. Tarkka muotti sek\u00e4 tarkka koko.<br \/>\n4. Standardiseoksen koostumus<br \/>\n5. Profiilien molemmat p\u00e4\u00e4t ovat hyvin sileit\u00e4 ja ilman pursetta.<\/td>\n<\/tr>\n<\/table>\n<h2>Tuotantopohjamme<\/h2>\n<h3>Tehtaan panoraama<\/h3>\n<p><img decoding=\"async\" src=\"\/wp-content\/uploads\/factory-01.webp\"\/><\/p>\n<h3>Alumiini Bar Manufacturing Workshop<\/h3>\n<p><img decoding=\"async\" src=\"\/wp-content\/uploads\/factory-02.webp\"\/><\/p>\n<p><img decoding=\"async\" src=\"\/wp-content\/uploads\/factory-03.webp\"\/><\/p>\n<h3>Muotin varastointi Varasto<\/h3>\n<p><img decoding=\"async\" src=\"\/wp-content\/uploads\/factory-04.webp\"\/><\/p>\n<h3>43 alumiinin ekstruusiolinjat (500-5500 tonnia)<\/h3>\n<p><img decoding=\"async\" src=\"\/wp-content\/uploads\/factory-05.webp\"\/><\/p>\n<p><img decoding=\"async\" src=\"\/wp-content\/uploads\/factory-06.webp\"\/><\/p>\n<p><img decoding=\"async\" src=\"\/wp-content\/uploads\/factory-07.webp\"\/><\/p>\n<h3>Jauhemaalaus ty\u00f6paja<\/h3>\n<p><img decoding=\"async\" src=\"\/wp-content\/uploads\/factory-09.webp\"\/><\/p>\n<h3>Anodisointi ty\u00f6paja<\/h3>\n<p><img decoding=\"async\" src=\"\/wp-content\/uploads\/factory-10.webp\"\/><\/p>\n<h3>Syv\u00e4k\u00e4sittelyn ty\u00f6paja<\/h3>\n<p><img decoding=\"async\" src=\"\/wp-content\/uploads\/factory-11.webp\"\/><\/p>\n<h3>CNC-tarkkuuskoneistus ty\u00f6paja<\/h3>\n<p><img decoding=\"async\" src=\"\/wp-content\/uploads\/factory-11.5.webp\"\/><\/p>\n<h3>Valmiiden tuotteiden ja vientivarasto<\/h3>\n<p><img decoding=\"async\" src=\"\/wp-content\/uploads\/factory-12.webp\"\/><\/p>\n<p><img decoding=\"async\" src=\"\/wp-content\/uploads\/factory-13.webp\"\/><\/p>\n<p><img decoding=\"async\" src=\"\/wp-content\/uploads\/factory-14.webp\"\/><\/p>\n<h2>FAQ<\/h2>\n<p><p><b>1.Mik\u00e4 on jauhemaalaus alumiinirullaverhousprofiili?<\/b><\/p>\n<p>Se on suulakepuristettu alumiiniprofiili, joka on p\u00e4\u00e4llystetty kest\u00e4v\u00e4ll\u00e4 jauhemaalauksella ja joka on suunniteltu erityisesti k\u00e4ytett\u00e4v\u00e4ksi rullaverhoj\u00e4rjestelmiss\u00e4.<br \/>\n<\/p><br \/>\n<br \/>\n<p><b>2.Miksi valita jauhemaalattu alumiini rullaluukkuja varten?<\/b><\/p>\n<p>Jauhemaalaus parantaa s\u00e4\u00e4nkest\u00e4vyytt\u00e4, est\u00e4\u00e4 ruostumista ja antaa pitk\u00e4kestoisen v\u00e4rin s\u00e4ilymisen, mik\u00e4 on ihanteellinen ulkok\u00e4ytt\u00f6\u00f6n.<br \/>\n<\/p><br \/>\n<br \/>\n<p><b>3.Onko jauhemaalattu pinta naarmuuntumaton?<\/b><\/p>\n<p>Kyll\u00e4, jauhemaalaus muodostaa sitke\u00e4n suojakerroksen, joka kest\u00e4\u00e4 naarmuja, lohkeamia ja haalistumista.<br \/>\n<\/p><br \/>\n<br \/>\n<p><b>4.Voiko n\u00e4it\u00e4 profiileja r\u00e4\u00e4t\u00e4l\u00f6id\u00e4 kooltaan ja v\u00e4rilt\u00e4\u00e4n?<\/b><\/p>\n<p>Niit\u00e4 on saatavilla eri mitoissa, muodoissa ja RAL-v\u00e4reiss\u00e4 projektin erityistarpeiden mukaan.<br \/>\n<\/p><br \/>\n<br \/>\n<p><b>5.Soveltuvatko jauhemaalatut alumiiniprofiilit rannikkoalueille tai kosteille alueille?<\/b><\/p>\n<p>Kyll\u00e4, pinnoite kest\u00e4\u00e4 erinomaisesti suolaa, kosteutta ja ankaria s\u00e4\u00e4olosuhteita.<br \/>\n<\/p><br \/>\n<br \/>\n<p><b>6.Vaatiiko jauhemaalattu rullaverhousprofiili huoltoa?<\/b><\/p>\n<p>Kunnossapitoa tarvitaan vain v\u00e4h\u00e4n - satunnainen puhdistus miedolla saippualla ja vedell\u00e4 riitt\u00e4\u00e4.<br \/>\n<\/p><br \/>\n<br \/>\n<p><b>7.Mitk\u00e4 ovat n\u00e4iden profiilien yleiset sovellukset?<\/b><\/p>\n<p>Niit\u00e4 k\u00e4ytet\u00e4\u00e4n asuintaloissa, kaupallisissa myym\u00e4l\u00e4tiloissa, varastoissa ja teollisuuslaitoksissa turvallisuuteen ja varjostukseen.<br \/>\n<\/p><br \/>\n<br \/>\n<p><b>8.Is jauhemaalaus ymp\u00e4rist\u00f6yst\u00e4v\u00e4llinen?<\/b><\/p>\n<p>Kyll\u00e4, jauhemaalaus on liuotinvapaa, tuottaa vain v\u00e4h\u00e4n j\u00e4tett\u00e4 ja sit\u00e4 pidet\u00e4\u00e4n ymp\u00e4rist\u00f6yst\u00e4v\u00e4llisen\u00e4 viimeistelyprosessina.<br \/>\n<\/p><br \/><\/p>","protected":false},"featured_media":7289,"template":"","categories":[67],"class_list":["post-7290","product","type-product","status-publish","has-post-thumbnail","hentry","category-architectural-aluminium-profile"],"meta_box":{"hilight_text_group":{"product_hilight_text":"<li>Powder-coated surface provides excellent corrosion and UV resistance<\/li>\r\r\n<li>Durable aluminum structure ensures long-lasting performance<\/li>\r\r\n<li>Lightweight profile allows for smooth roller shutter operation<\/li>\r\r\n<li>Available in a wide range of colors and finishes for aesthetic flexibility<\/li>\r\r\n<li>Low maintenance and easy to clean surface treatment<\/li>\r\r\n<li>Customizable dimensions for residential, commercial, and industrial use<\/li>\r\r\n<li>Enhances security, insulation, and privacy in modern buildings<\/li>","product_chanpin_blog":"<ul>\r\r\n<li><a href=\"https:\/\/sinoextrud.com\/t-slot-v-slot-differences\/\" target=\"_blank\">t slot vs v slot<\/a><\/li>\r\r\n<li><a href=\"https:\/\/sinoextrud.com\/what-is-4040-aluminium-extrud\/\" target=\"_blank\">4040 aluminium extrusion<\/a><\/li>\r\r\n<li><a href=\"https:\/\/sinoextrud.com\/what-is-4040-aluminium-extrud\/\" target=\"_blank\">aluminum extrusions for industrial racks<\/a><\/li>\r\r\n<li><a href=\"https:\/\/sinoextrud.com\/powder-coating-aluminium-process\/\" target=\"_blank\">powder coating aluminium<\/a><\/li>\r\r\n<li><a href=\"https:\/\/sinoextrud.com\/what-is-an-aluminium-strip-ceiling\/\" target=\"_blank\">aluminium strip ceiling<\/a><\/li>\r\r\n<li><a href=\"https:\/\/sinoextrud.com\/what-is-a-heat-sink\/\" target=\"_blank\">what is a heat sink<\/a><\/li>\r\r\n<\/ul>","product_chanpin_chanpin":"<li><a href=\"https:\/\/sinoextrud.com\/product\/aluminium-extrusion-sections\/\" target=\"_blank\">Aluminium Extrusion Sections<\/a><\/li>\r\n<li><a href=\"https:\/\/sinoextrud.com\/product\/types-of-aluminum-profiles\/\" target=\"_blank\">Types Of Aluminum Profiles<\/a><\/li>\r\n<li><a href=\"https:\/\/sinoextrud.com\/product\/aluminium-fabrication\/\" target=\"_blank\">Aluminium Fabrication<\/a><\/li>\r\n<li><a href=\"https:\/\/sinoextrud.com\/product\/aluminium-profile-for-window\/\" target=\"_blank\">Aluminium Profile For Window<\/a><\/li>\r\n<li><a href=\"https:\/\/sinoextrud.com\/product\/powder-coating-aluminium-roller-shutter-profile\/\" target=\"_blank\">Powder Coating Aluminium Roller shutter Profile<\/a><\/li>\r\n<li><a href=\"https:\/\/sinoextrud.com\/product\/aluminium-furniture\/\" target=\"_blank\">Aluminium Furniture<\/a><\/li>\r\n<li><a href=\"https:\/\/sinoextrud.com\/product\/aluminium-glass-fitting-channel\/\" target=\"_blank\">Aluminium Glass Fitting Channel<\/a><\/li>\r\n<li><a href=\"https:\/\/sinoextrud.com\/product\/aluminum-price-per-pound\/\" target=\"_blank\">Aluminum Price Per Pound<\/a><\/li>\r\n<li><a href=\"https:\/\/sinoextrud.com\/product\/aluminum-profile-extrusion-of-heatsink-sections-for-sale\/\" target=\"_blank\">Aluminum Profile Extrusion Of Heatsink Sections For Sale<\/a><\/li>\r\n<li><a href=\"https:\/\/sinoextrud.com\/product\/aluminum-pipe-handrail\/\" target=\"_blank\">Aluminum Pipe Handrail<\/a><\/li>\r\n<li><a href=\"https:\/\/sinoextrud.com\/product\/aluminum-extrusion-heat-profiles-sink\/\" target=\"_blank\">Aluminum Extrusion Heat Profiles Sink<\/a><\/li>"},"feature_list":[]},"_links":{"self":[{"href":"https:\/\/sinoextrud.com\/fi\/wp-json\/wp\/v2\/product\/7290","targetHints":{"allow":["GET"]}}],"collection":[{"href":"https:\/\/sinoextrud.com\/fi\/wp-json\/wp\/v2\/product"}],"about":[{"href":"https:\/\/sinoextrud.com\/fi\/wp-json\/wp\/v2\/types\/product"}],"wp:featuredmedia":[{"embeddable":true,"href":"https:\/\/sinoextrud.com\/fi\/wp-json\/wp\/v2\/media\/7289"}],"wp:attachment":[{"href":"https:\/\/sinoextrud.com\/fi\/wp-json\/wp\/v2\/media?parent=7290"}],"wp:term":[{"taxonomy":"category","embeddable":true,"href":"https:\/\/sinoextrud.com\/fi\/wp-json\/wp\/v2\/categories?post=7290"}],"curies":[{"name":"wp","href":"https:\/\/api.w.org\/{rel}","templated":true}]}}