{"id":7278,"date":"2025-06-06T03:55:09","date_gmt":"2025-06-06T03:55:09","guid":{"rendered":"https:\/\/sinoextrud.com\/product\/aluminium-extrusion-machining\/"},"modified":"2025-06-24T06:12:25","modified_gmt":"2025-06-24T06:12:25","slug":"alumiinin-suulakepuristustyosto","status":"publish","type":"product","link":"https:\/\/sinoextrud.com\/fi\/product\/aluminium-extrusion-machining\/","title":{"rendered":"Alumiinin suulakepuristusty\u00f6st\u00f6"},"content":{"rendered":"<h2>Tuotteiden tiedot<\/h2>\n<table class=\"custom-table\">\n<tbody>\n<tr>\n<td> Nimi<\/td>\n<td> Alumiinin suulakepuristusty\u00f6st\u00f6<\/td>\n<\/tr>\n<tr>\n<td> Merkki<\/td>\n<td> Sinoextrud\/<\/td>\n<\/tr>\n<tr>\n<td> Luokka<\/td>\n<td> Alumiini suulakepuristus<\/td>\n<\/tr>\n<tr>\n<td> Materiaali<\/td>\n<td> 6061 on laajalti k\u00e4ytetty. 6063, 6463, 6005, 6082 on my\u00f6s saatavilla.<\/td>\n<\/tr>\n<tr>\n<td> Tyyppi<\/td>\n<td> Saatavana on raskas tai kevyt tyyppi<\/td>\n<\/tr>\n<tr>\n<td> Temper<\/td>\n<td> T5-T8<\/td>\n<\/tr>\n<tr>\n<td> Pituus<\/td>\n<td> Kuten per pyynt\u00f6si perustuu meid\u00e4n syv\u00e4koneistus<\/td>\n<\/tr>\n<tr>\n<td> Koko (mm)<\/td>\n<td> Eri koko on saatavana, asiakkaan piirustus on saatavana<\/td>\n<\/tr>\n<tr>\n<td> Muoto<\/td>\n<td> Piirustuksen mukaan<\/td>\n<\/tr>\n<tr>\n<td> Pintak\u00e4sittely<\/td>\n<td> Tehopinnoitus; Myllyss\u00e4 viimeistelty, anodisoitu, hiekkapuhallus, elektroforeesi on my\u00f6s saatavana.<\/td>\n<\/tr>\n<tr>\n<td> V\u00e4ri<\/td>\n<td> Voimme muokata v\u00e4rej\u00e4 asiakkaiden n\u00e4ytteiden perusteella<\/td>\n<\/tr>\n<tr>\n<td> Takuu<\/td>\n<td> BV , TUV , ISO<\/td>\n<\/tr>\n<tr>\n<td> Standardi<\/td>\n<td> Keskitaso ja korkea laatu<\/td>\n<\/tr>\n<tr>\n<td> MOQ<\/td>\n<td> 200KGS kutakin kohdetta kohti<\/td>\n<\/tr>\n<tr>\n<td> Osoitteesta<\/td>\n<td> Guangdong, Kiina<\/td>\n<\/tr>\n<tr>\n<td> Hakemus<\/td>\n<td> Teollisuus, rakentaminen, koristelu<\/td>\n<\/tr>\n<\/tbody>\n<\/table>\n<h2>Tuotantopohjamme<\/h2>\n<h3>Tehtaan panoraama<\/h3>\n<p><img decoding=\"async\" src=\"\/wp-content\/uploads\/factory-01.webp\"\/><\/p>\n<h3>Alumiini Bar Manufacturing Workshop<\/h3>\n<p><img decoding=\"async\" src=\"\/wp-content\/uploads\/factory-02.webp\"\/><\/p>\n<p><img decoding=\"async\" src=\"\/wp-content\/uploads\/factory-03.webp\"\/><\/p>\n<h3>Muotin varastointi Varasto<\/h3>\n<p><img decoding=\"async\" src=\"\/wp-content\/uploads\/factory-04.webp\"\/><\/p>\n<h3>43 alumiinin ekstruusiolinjat (500-5500 tonnia)<\/h3>\n<p><img decoding=\"async\" src=\"\/wp-content\/uploads\/factory-05.webp\"\/><\/p>\n<p><img decoding=\"async\" src=\"\/wp-content\/uploads\/factory-06.webp\"\/><\/p>\n<p><img decoding=\"async\" src=\"\/wp-content\/uploads\/factory-07.webp\"\/><\/p>\n<h3>Jauhemaalaus ty\u00f6paja<\/h3>\n<p><img decoding=\"async\" src=\"\/wp-content\/uploads\/factory-09.webp\"\/><\/p>\n<h3>Anodisointi ty\u00f6paja<\/h3>\n<p><img decoding=\"async\" src=\"\/wp-content\/uploads\/factory-10.webp\"\/><\/p>\n<h3>Syv\u00e4k\u00e4sittelyn ty\u00f6paja<\/h3>\n<p><img decoding=\"async\" src=\"\/wp-content\/uploads\/factory-11.webp\"\/><\/p>\n<h3>CNC-tarkkuuskoneistus ty\u00f6paja<\/h3>\n<p><img decoding=\"async\" src=\"\/wp-content\/uploads\/factory-11.5.webp\"\/><\/p>\n<h3>Valmiiden tuotteiden ja vientivarasto<\/h3>\n<p><img decoding=\"async\" src=\"\/wp-content\/uploads\/factory-12.webp\"\/><\/p>\n<p><img decoding=\"async\" src=\"\/wp-content\/uploads\/factory-13.webp\"\/><\/p>\n<p><img decoding=\"async\" src=\"\/wp-content\/uploads\/factory-14.webp\"\/><\/p>\n<h2>FAQ<\/h2>\n<p><p><b>1.Mik\u00e4 on alumiinin ekstruusiok\u00e4sittely?<\/b><\/p>\n<p>Alumiiniprofiilien muokkaus on prosessi, jossa alumiiniprofiileja r\u00e4\u00e4t\u00e4l\u00f6id\u00e4\u00e4n CNC-jyrsim\u00e4ll\u00e4, poraamalla, kierteitt\u00e4m\u00e4ll\u00e4 ja leikkaamalla tiettyj\u00e4 sovelluksia varten.<br \/>\n<\/p><br \/>\n<br \/>\n<p><b>2.Mitk\u00e4 ovat alumiiniprofiilien ty\u00f6st\u00f6n edut?<\/b><\/p>\n<p>Se mahdollistaa tarkan valmistuksen, v\u00e4hent\u00e4\u00e4 manuaalista ty\u00f6t\u00e4, paremman istuvuuden kokoonpanon aikana ja nopeuttaa tuotantoaikoja.<br \/>\n<\/p><br \/>\n<br \/>\n<p><b>3.Voitko tarjota mukautettuja koneistuspalveluja?<\/b><\/p>\n<p>Kyll\u00e4, tarjoamme t\u00e4ydellisen asiakaskohtaisen ty\u00f6st\u00f6n, mukaan lukien rei\u00e4t, urat, kierteet, viisteet ja pituusleikkaukset.<br \/>\n<\/p><br \/>\n<br \/>\n<p><b>4.Mitk\u00e4 teollisuudenalat k\u00e4ytt\u00e4v\u00e4t ty\u00f6stettyj\u00e4 alumiinipursotteita?<\/b><\/p>\n<p>Elektroniikan, rakentamisen, autoteollisuuden, ilmailu- ja avaruusteollisuuden sek\u00e4 huonekaluteollisuuden kaltaisilla aloilla k\u00e4ytet\u00e4\u00e4n usein koneistettuja puristettuja profiileja.<br \/>\n<\/p><br \/>\n<br \/>\n<p><b>5.Onko tiukka toleranssi saavutettavissa alumiinin puristekoneistuksessa?<\/b><\/p>\n<p>Kyll\u00e4, CNC-koneissamme on korkeat tarkkuustoleranssit, jotka soveltuvat tekniseen ja teolliseen k\u00e4ytt\u00f6\u00f6n.<br \/>\n<\/p><br \/>\n<br \/>\n<p><b>6.Tarjoatteko viimeistelypalveluja koneistuksen j\u00e4lkeen?<\/b><\/p>\n<p>Kyll\u00e4, tarjoamme anodisointia, jauhemaalausta, kiillotusta ja harjausta sek\u00e4 toiminnallisuuden ett\u00e4 esteettisyyden vuoksi.<br \/>\n<\/p><br \/>\n<br \/>\n<p><b>7.Miten koneistus v\u00e4hent\u00e4\u00e4 tuotantokustannuksia?<\/b><\/p>\n<p>Esikoneistetut komponentit s\u00e4\u00e4st\u00e4v\u00e4t kokoonpanoaikaa, v\u00e4hent\u00e4v\u00e4t ty\u00f6voimaa ja poistavat j\u00e4lkik\u00e4sittelyn tarpeen asiakkaan puolella.<br \/>\n<\/p><br \/>\n<br \/>\n<p><b>8.Are pieni er\u00e4 tilauksia hyv\u00e4ksyt\u00e4\u00e4n mukautetun alumiinin koneistus?<\/b><\/p>\n<p>Kyll\u00e4, tuemme sek\u00e4 pieni\u00e4 ett\u00e4 suuria tilauksia, mukaan lukien prototyyppi- ja OEM-palvelut.<br \/>\n<\/p><br \/><\/p>","protected":false},"featured_media":7277,"template":"","categories":[67],"class_list":["post-7278","product","type-product","status-publish","has-post-thumbnail","hentry","category-architectural-aluminium-profile"],"meta_box":{"hilight_text_group":{"product_hilight_text":"<li>Precision CNC machining ensures high dimensional accuracy for aluminum extrusions<\/li>\r\r\n<li>Custom fabrication including drilling, tapping, cutting, and milling available<\/li>\r\r\n<li>Improves assembly efficiency by delivering ready-to-install components<\/li>\r\r\n<li>Supports complex geometries and tight tolerances for industrial applications<\/li>\r\r\n<li>Reduces labor cost and production time for end users<\/li>\r\r\n<li>Suitable for a wide range of industries including aerospace, automotive, and electronics<\/li>\r\r\n<li>Compatible with various surface finishes such as anodizing or powder coating<\/li>","product_chanpin_blog":"<ul>\r\r\n<li><a href=\"https:\/\/sinoextrud.com\/t-slot-v-slot-differences\/\" target=\"_blank\">t slot vs v slot<\/a><\/li>\r\r\n<li><a href=\"https:\/\/sinoextrud.com\/what-is-4040-aluminium-extrud\/\" target=\"_blank\">4040 aluminium extrusion<\/a><\/li>\r\r\n<li><a href=\"https:\/\/sinoextrud.com\/what-is-4040-aluminium-extrud\/\" target=\"_blank\">aluminum extrusions for industrial racks<\/a><\/li>\r\r\n<li><a href=\"https:\/\/sinoextrud.com\/powder-coating-aluminium-process\/\" target=\"_blank\">powder coating aluminium<\/a><\/li>\r\r\n<li><a href=\"https:\/\/sinoextrud.com\/what-is-an-aluminium-strip-ceiling\/\" target=\"_blank\">aluminium strip ceiling<\/a><\/li>\r\r\n<li><a href=\"https:\/\/sinoextrud.com\/what-is-a-heat-sink\/\" target=\"_blank\">what is a heat sink<\/a><\/li>\r\r\n<\/ul>","product_chanpin_chanpin":"<li><a href=\"https:\/\/sinoextrud.com\/product\/aluminium-extrusion-curtain-wall-profile-with-powder-coated-surface-manufacturer-direct-selling\/\" target=\"_blank\">Aluminium Extrusion Curtain Wall Profile With Powder Coated Surface Manufacturer Direct Selling<\/a><\/li>\r\n<li><a href=\"https:\/\/sinoextrud.com\/product\/customized-aluminium-heavy-duty-door-hinge\/\" target=\"_blank\">Customized Aluminium Heavy Duty Door Hinge<\/a><\/li>\r\n<li><a href=\"https:\/\/sinoextrud.com\/product\/extruded-aluminium-curtain-walls\/\" target=\"_blank\">Extruded Aluminium Curtain Walls<\/a><\/li>\r\n<li><a href=\"https:\/\/sinoextrud.com\/product\/aluminium-extrusion-handles-for-closet\/\" target=\"_blank\">Aluminium Extrusion Handles for Closet<\/a><\/li>\r\n<li><a href=\"https:\/\/sinoextrud.com\/product\/aluminium-extrusion-machining\/\" target=\"_blank\">Aluminium Extrusion Machining<\/a><\/li>\r\n<li><a href=\"https:\/\/sinoextrud.com\/product\/aluminum-price-per-ton\/\" target=\"_blank\">Aluminum Price Per Ton<\/a><\/li>\r\n<li><a href=\"https:\/\/sinoextrud.com\/product\/aluminium-extrusion-sections\/\" target=\"_blank\">Aluminium Extrusion Sections<\/a><\/li>\r\n<li><a href=\"https:\/\/sinoextrud.com\/product\/types-of-aluminum-profiles\/\" target=\"_blank\">Types Of Aluminum Profiles<\/a><\/li>\r\n<li><a href=\"https:\/\/sinoextrud.com\/product\/aluminium-fabrication\/\" target=\"_blank\">Aluminium Fabrication<\/a><\/li>\r\n<li><a href=\"https:\/\/sinoextrud.com\/product\/china-aluminum-factory-wholesale-residential-aluminum-fence\/\" target=\"_blank\">China Aluminum Factory Wholesale Residential Aluminum Fence<\/a><\/li>\r\n<li><a href=\"https:\/\/sinoextrud.com\/product\/aluminum-profile-for-kitchen-cabinet-accesory-manufacture-price\/\" target=\"_blank\">Aluminum Profile For Kitchen Cabinet Accesory Manufacture Price<\/a><\/li>"},"feature_list":[]},"_links":{"self":[{"href":"https:\/\/sinoextrud.com\/fi\/wp-json\/wp\/v2\/product\/7278","targetHints":{"allow":["GET"]}}],"collection":[{"href":"https:\/\/sinoextrud.com\/fi\/wp-json\/wp\/v2\/product"}],"about":[{"href":"https:\/\/sinoextrud.com\/fi\/wp-json\/wp\/v2\/types\/product"}],"wp:featuredmedia":[{"embeddable":true,"href":"https:\/\/sinoextrud.com\/fi\/wp-json\/wp\/v2\/media\/7277"}],"wp:attachment":[{"href":"https:\/\/sinoextrud.com\/fi\/wp-json\/wp\/v2\/media?parent=7278"}],"wp:term":[{"taxonomy":"category","embeddable":true,"href":"https:\/\/sinoextrud.com\/fi\/wp-json\/wp\/v2\/categories?post=7278"}],"curies":[{"name":"wp","href":"https:\/\/api.w.org\/{rel}","templated":true}]}}