{"id":7274,"date":"2025-06-06T03:48:30","date_gmt":"2025-06-06T03:48:30","guid":{"rendered":"https:\/\/sinoextrud.com\/product\/extruded-aluminium-curtain-walls\/"},"modified":"2025-06-24T06:12:24","modified_gmt":"2025-06-24T06:12:24","slug":"suulakepuristetut-alumiiniset-verhoseinat","status":"publish","type":"product","link":"https:\/\/sinoextrud.com\/fi\/product\/extruded-aluminium-curtain-walls\/","title":{"rendered":"Suulakepuristetut alumiiniset verhosein\u00e4t"},"content":{"rendered":"<h2>Tuotteiden tiedot<\/h2>\n<table class=\"custom-table\">\n<tr>\n<td class=\"label\">\nMateriaali:<\/td>\n<td> Alumiiniseos<\/td>\n<\/tr>\n<tr>\n<td class=\"label\">Kehys Verho Wall Kind:<\/td>\n<td> Piilotettu kehys<\/td>\n<\/tr>\n<tr>\n<td class=\"label\">Kerrosten lukum\u00e4\u00e4r\u00e4:<\/td>\n<td> Single<\/td>\n<\/tr>\n<tr>\n<td class=\"label\">Muoto:<\/td>\n<td> Vakiotaso<\/td>\n<\/tr>\n<tr>\n<td class=\"label\">Erityinen toiminto:<\/td>\n<td> Valos\u00e4hk\u00f6inen verhosein\u00e4<\/td>\n<\/tr>\n<tr>\n<td class=\"label\">Alkuper\u00e4:<\/td>\n<td> Kiina<\/td>\n<\/tr>\n<tr>\n<td class=\"label\">Tyyppi:<\/td>\n<td> Markiisi Verho Wall<\/td>\n<\/tr>\n<tr>\n<td class=\"label\">Rakentamisen tukeminen:<\/td>\n<td> Kehyksen tyyppi<\/td>\n<\/tr>\n<tr>\n<td class=\"label\">Metallinen verhosein\u00e4 Kind:<\/td>\n<td> Alumiinipaneeli verho Wall<\/td>\n<\/tr>\n<tr>\n<td class=\"label\">K\u00e4ytt\u00f6:<\/td>\n<td> Ulkosein\u00e4<\/td>\n<\/tr>\n<tr>\n<td class=\"label\">RoHS Materiaali:<\/td>\n<td> jopa 390mm halkaisija<\/td>\n<\/tr>\n<tr>\n<td class=\"label\">Tekniset tiedot:<\/td>\n<td> CE, ISO, JIS, KVALICOAT, ISO9001<\/td>\n<\/tr>\n<tr>\n<td class=\"label\">HS-koodi:<\/td>\n<td> 76042990<\/td>\n<\/tr>\n<\/table>\n<h2>Tuotantopohjamme<\/h2>\n<h3>Tehtaan panoraama<\/h3>\n<p><img decoding=\"async\" src=\"\/wp-content\/uploads\/factory-01.webp\"\/><\/p>\n<h3>Alumiini Bar Manufacturing Workshop<\/h3>\n<p><img decoding=\"async\" src=\"\/wp-content\/uploads\/factory-02.webp\"\/><\/p>\n<\/p>\n<p><img decoding=\"async\" src=\"\/wp-content\/uploads\/factory-03.webp\"\/><\/p>\n<h3>Muotin varastointi Varasto<\/h3>\n<p><img decoding=\"async\" src=\"\/wp-content\/uploads\/factory-04.webp\"\/><\/p>\n<h3>43 Alumiini ekstruusiolinjat (500\u00e2 5500 tonnia)<\/h3>\n<p><img decoding=\"async\" src=\"\/wp-content\/uploads\/factory-05.webp\"\/><\/p>\n<p><img decoding=\"async\" src=\"\/wp-content\/uploads\/factory-06.webp\"\/><\/p>\n<p><img decoding=\"async\" src=\"\/wp-content\/uploads\/factory-07.webp\"\/><\/p>\n<h3>Jauhemaalaus ty\u00f6paja<\/h3>\n<p><img decoding=\"async\" src=\"\/wp-content\/uploads\/factory-09.webp\"\/><\/p>\n<h3>Anodisointi ty\u00f6paja<\/h3>\n<p><img decoding=\"async\" src=\"\/wp-content\/uploads\/factory-10.webp\"\/><\/p>\n<h3>Syv\u00e4k\u00e4sittelyn ty\u00f6paja<\/h3>\n<p><img decoding=\"async\" src=\"\/wp-content\/uploads\/factory-11.webp\"\/><\/p>\n<h3>CNC-tarkkuuskoneistus ty\u00f6paja<\/h3>\n<p><img decoding=\"async\" src=\"\/wp-content\/uploads\/factory-11.5.webp\"\/><\/p>\n<h3>Valmiiden tuotteiden ja vientivarasto<\/h3>\n<p><img decoding=\"async\" src=\"\/wp-content\/uploads\/factory-12.webp\"\/><\/p>\n<p><img decoding=\"async\" src=\"\/wp-content\/uploads\/factory-13.webp\"\/><\/p>\n<p><img decoding=\"async\" src=\"\/wp-content\/uploads\/factory-14.webp\"\/><\/p>\n<h2>FAQ<\/h2>\n<p><b>1.Mit\u00e4 ovat suulakepuristetut alumiiniset verhosein\u00e4t?<\/b><\/p>\n<p>Suulakepuristetut alumiiniverhosein\u00e4t ovat kevyit\u00e4, ei-kantavia julkisivuj\u00e4rjestelmi\u00e4, jotka on valmistettu alumiiniprofiileista ja lasipaneeleista nykyaikaisiin rakennuksiin.\n<\/p>\n<p><\/p>\n<p><b>2.Miksi valita suulakepuristettua alumiinia verhoseiniin?<\/b><\/p>\n<p>Suulakepuristettu alumiini tarjoaa suuren lujuuden, korroosionkest\u00e4vyyden ja suunnittelun joustavuuden, mink\u00e4 vuoksi se on ihanteellinen verhosein\u00e4j\u00e4rjestelmiin.\n<\/p>\n<p><\/p>\n<p><b>3.Ovatko alumiiniset verhosein\u00e4t energiatehokkaita?<\/b><\/p>\n<p>Kyll\u00e4, monissa j\u00e4rjestelmiss\u00e4 on l\u00e4mp\u00f6katkoja ja eristetty\u00e4 lasia, jotka parantavat energiatehokkuutta ja v\u00e4hent\u00e4v\u00e4t LVI-kustannuksia.\n<\/p>\n<p><\/p>\n<p><b>4.Voiko alumiinisia verhoseini\u00e4 r\u00e4\u00e4t\u00e4l\u00f6id\u00e4?<\/b><\/p>\n<p>Profiilien muoto, koko ja viimeistely voidaan ehdottomasti r\u00e4\u00e4t\u00e4l\u00f6id\u00e4 arkkitehtuurin ja suorituskyvyn tarpeiden mukaan.\n<\/p>\n<p><\/p>\n<p><b>5.Onko alumiinisten verhoseinien asennusprosessi helppo?<\/b><\/p>\n<p>Kyll\u00e4, alumiinin keveys helpottaa k\u00e4sittely\u00e4, nostamista ja asennusta paikan p\u00e4\u00e4ll\u00e4.\n<\/p>\n<p><\/p>\n<p><b>6.Mitk\u00e4 ovat alumiinisten verhoseinien tyypilliset k\u00e4ytt\u00f6kohteet?<\/b><\/p>\n<p>Niit\u00e4 k\u00e4ytet\u00e4\u00e4n laajalti liikerakennuksissa, toimistotorneissa, lentoasemilla ja julkisissa infrastruktuureissa ulkolasitusj\u00e4rjestelmiss\u00e4.\n<\/p>\n<p><\/p>\n<p><b>7.Ovatko n\u00e4m\u00e4 verhosein\u00e4t s\u00e4\u00e4nkest\u00e4vi\u00e4?<\/b><\/p>\n<p>Kyll\u00e4, ne on suunniteltu kest\u00e4m\u00e4\u00e4n tuulta, sadetta, UV-s\u00e4teily\u00e4 ja l\u00e4mp\u00f6laajenemista, mik\u00e4 takaa kest\u00e4vyyden kaikissa ilmastoissa.\n<\/p>\n<p><\/p>\n<p><b>8.Onko suulakepuristettu alumiini ymp\u00e4rist\u00f6yst\u00e4v\u00e4llinen?<\/b><\/p>\n<p>Kyll\u00e4, alumiini on 100%-kierr\u00e4tett\u00e4v\u00e4\u00e4 ja edist\u00e4\u00e4 kest\u00e4v\u00e4\u00e4, vihre\u00e4\u00e4 rakentamista koskevia sertifikaatteja, kuten LEED.\n<\/p>\n<p><\/p>","protected":false},"featured_media":7273,"template":"","categories":[67],"class_list":["post-7274","product","type-product","status-publish","has-post-thumbnail","hentry","category-architectural-aluminium-profile"],"meta_box":{"hilight_text_group":{"product_hilight_text":"<li>High-strength extruded aluminium ensures reliable structural performance<\/li>\r\r\n<li>Lightweight design reduces building load and eases installation<\/li>\r\r\n<li>Excellent corrosion resistance for long-lasting exterior applications<\/li>\r\r\n<li>Modern and sleek appearance enhances architectural aesthetics<\/li>\r\r\n<li>Supports large glass panels with minimal framing obstruction<\/li>\r\r\n<li>Customizable profiles and finishes to suit project requirements<\/li>\r\r\n<li>Energy-efficient options available with thermal break technology<\/li>","product_chanpin_blog":"<ul>\r\r\n<li><a href=\"https:\/\/sinoextrud.com\/t-slot-v-slot-differences\/\" target=\"_blank\">t slot vs v slot<\/a><\/li>\r\r\n<li><a href=\"https:\/\/sinoextrud.com\/what-is-4040-aluminium-extrud\/\" target=\"_blank\">4040 aluminium extrusion<\/a><\/li>\r\r\n<li><a href=\"https:\/\/sinoextrud.com\/what-is-4040-aluminium-extrud\/\" target=\"_blank\">aluminum extrusions for industrial racks<\/a><\/li>\r\r\n<li><a href=\"https:\/\/sinoextrud.com\/powder-coating-aluminium-process\/\" target=\"_blank\">powder coating aluminium<\/a><\/li>\r\r\n<li><a href=\"https:\/\/sinoextrud.com\/what-is-an-aluminium-strip-ceiling\/\" target=\"_blank\">aluminium strip ceiling<\/a><\/li>\r\r\n<li><a href=\"https:\/\/sinoextrud.com\/what-is-a-heat-sink\/\" target=\"_blank\">what is a heat sink<\/a><\/li>\r\r\n<\/ul>","product_chanpin_chanpin":"<li><a href=\"https:\/\/sinoextrud.com\/product\/aluminium-extrusion-c-beam\/\" target=\"_blank\">Aluminium Extrusion C Beam<\/a><\/li>\r\n<li><a href=\"https:\/\/sinoextrud.com\/product\/extruded-aluminum-tubing-for-stair-rail\/\" target=\"_blank\">Extruded Aluminum Tubing For Stair Rail<\/a><\/li>\r\n<li><a href=\"https:\/\/sinoextrud.com\/product\/aluminium-extrusion-curtain-wall-profile-with-powder-coated-surface-manufacturer-direct-selling\/\" target=\"_blank\">Aluminium Extrusion Curtain Wall Profile With Powder Coated Surface Manufacturer Direct Selling<\/a><\/li>\r\n<li><a href=\"https:\/\/sinoextrud.com\/product\/customized-aluminium-heavy-duty-door-hinge\/\" target=\"_blank\">Customized Aluminium Heavy Duty Door Hinge<\/a><\/li>\r\n<li><a href=\"https:\/\/sinoextrud.com\/product\/extruded-aluminium-curtain-walls\/\" target=\"_blank\">Extruded Aluminium Curtain Walls<\/a><\/li>\r\n<li><a href=\"https:\/\/sinoextrud.com\/product\/aluminium-extrusion-handles-for-closet\/\" target=\"_blank\">Aluminium Extrusion Handles for Closet<\/a><\/li>\r\n<li><a href=\"https:\/\/sinoextrud.com\/product\/aluminium-extrusion-machining\/\" target=\"_blank\">Aluminium Extrusion Machining<\/a><\/li>\r\n<li><a href=\"https:\/\/sinoextrud.com\/product\/aluminum-price-per-ton\/\" target=\"_blank\">Aluminum Price Per Ton<\/a><\/li>\r\n<li><a href=\"https:\/\/sinoextrud.com\/product\/aluminium-extrusion-sections\/\" target=\"_blank\">Aluminium Extrusion Sections<\/a><\/li>\r\n<li><a href=\"https:\/\/sinoextrud.com\/product\/aluminium-cnc-factory-punching-extrusion-profile-tubing-sizes-oem\/\" target=\"_blank\">aluminium cnc factory punching extrusion profile tubing sizes OEM<\/a><\/li>\r\n<li><a href=\"https:\/\/sinoextrud.com\/product\/aluminium-t-bar-extrusions\/\" target=\"_blank\">Aluminium T Bar Extrusions<\/a><\/li>"},"feature_list":[]},"_links":{"self":[{"href":"https:\/\/sinoextrud.com\/fi\/wp-json\/wp\/v2\/product\/7274","targetHints":{"allow":["GET"]}}],"collection":[{"href":"https:\/\/sinoextrud.com\/fi\/wp-json\/wp\/v2\/product"}],"about":[{"href":"https:\/\/sinoextrud.com\/fi\/wp-json\/wp\/v2\/types\/product"}],"wp:featuredmedia":[{"embeddable":true,"href":"https:\/\/sinoextrud.com\/fi\/wp-json\/wp\/v2\/media\/7273"}],"wp:attachment":[{"href":"https:\/\/sinoextrud.com\/fi\/wp-json\/wp\/v2\/media?parent=7274"}],"wp:term":[{"taxonomy":"category","embeddable":true,"href":"https:\/\/sinoextrud.com\/fi\/wp-json\/wp\/v2\/categories?post=7274"}],"curies":[{"name":"wp","href":"https:\/\/api.w.org\/{rel}","templated":true}]}}