{"id":7266,"date":"2025-06-06T03:37:26","date_gmt":"2025-06-06T03:37:26","guid":{"rendered":"https:\/\/sinoextrud.com\/product\/aluminium-extrusion-c-beam\/"},"modified":"2025-06-24T06:12:24","modified_gmt":"2025-06-24T06:12:24","slug":"alumiinipursotus-c-palkki","status":"publish","type":"product","link":"https:\/\/sinoextrud.com\/fi\/product\/aluminium-extrusion-c-beam\/","title":{"rendered":"Alumiiniprofiili C-palkki"},"content":{"rendered":"<h2>Tuotteiden tiedot<\/h2>\n<table class=\"custom-table\">\n<tbody>\n<tr>\n<td> Nimi<\/td>\n<td> Alumiinipursotus c-palkki<\/td>\n<\/tr>\n<tr>\n<td> Merkki<\/td>\n<td> Sinoextrud\/Sinoextrud<\/td>\n<\/tr>\n<tr>\n<td> Luokka<\/td>\n<td> Alumiini suulakepuristus<\/td>\n<\/tr>\n<tr>\n<td> Materiaali<\/td>\n<td> 6063 on laajalti k\u00e4ytetty. 6061, 6463, 6005, 6082 on my\u00f6s saatavilla.<\/td>\n<\/tr>\n<tr>\n<td> Temper<\/td>\n<td> T5-T8<\/td>\n<\/tr>\n<tr>\n<td> Pituus<\/td>\n<td> Piirustuksen mukaisesti<\/td>\n<\/tr>\n<tr>\n<td> Koko (mm)<\/td>\n<td> R\u00e4\u00e4t\u00e4l\u00f6ity<\/td>\n<\/tr>\n<tr>\n<td> Muoto<\/td>\n<td> Mukauttaminen<\/td>\n<\/tr>\n<tr>\n<td> Pintak\u00e4sittely<\/td>\n<td> Tehopinnoitus; Myllyss\u00e4 viimeistelty, anodisoitu, hiekkapuhallus, elektroforeesi on my\u00f6s saatavana.<\/td>\n<\/tr>\n<tr>\n<td> V\u00e4ri<\/td>\n<td> Hopea, musta, kulta, Champange, pronssi, punainen. sininen ja voimme r\u00e4\u00e4t\u00e4l\u00f6id\u00e4 v\u00e4rej\u00e4 asiakkaiden n\u00e4ytteiden perusteella.<\/td>\n<\/tr>\n<tr>\n<td> Takuu<\/td>\n<td> BV , TUV , ISO<\/td>\n<\/tr>\n<tr>\n<td> Standardi<\/td>\n<td> Keskitaso ja korkea laatu<\/td>\n<\/tr>\n<tr>\n<td> MOQ<\/td>\n<td> 200KGS kutakin kohdetta kohti<\/td>\n<\/tr>\n<tr>\n<td> Osoitteesta<\/td>\n<td> Guangdong, Kiina<\/td>\n<\/tr>\n<tr>\n<td> Hakemus<\/td>\n<td> Teollisuus, rakentaminen<\/td>\n<\/tr>\n<tr>\n<td> Syv\u00e4prosessointi<\/td>\n<td> Leikkaus, poraus, ty\u00f6st\u00f6, l\u00e4vistys, taivutus, napauttaminen jne.<\/td>\n<\/tr>\n<tr>\n<td> Paketti<\/td>\n<td> Sis\u00e4ll\u00e4 suojakalvo, kutistemuovi tai PE-vaahtomuovi. Ulkopuolella laatikko, kartonki tai puukehys tai r\u00e4\u00e4t\u00e4l\u00f6inti.<\/td>\n<\/tr>\n<tr>\n<td> Toimitusaika<\/td>\n<td> Muotin kehitt\u00e4minen ja n\u00e4ytteen muotoilu on 12-18 p\u00e4iv\u00e4\u00e4, sitten tuotannon kesto on 25-30 p\u00e4iv\u00e4\u00e4 ostajan talletuksen vastaanottamisen j\u00e4lkeen.<\/td>\n<\/tr>\n<tr>\n<td> Tuotteen kapasiteetti<\/td>\n<td> 3000 tonnia \/ kuukausi<\/td>\n<\/tr>\n<\/tbody>\n<\/table>\n<h2>Tuotantopohjamme<\/h2>\n<h3>Tehtaan panoraama<\/h3>\n<p><img decoding=\"async\" src=\"\/wp-content\/uploads\/factory-01.webp\"\/><\/p>\n<h3>Alumiini Bar Manufacturing Workshop<\/h3>\n<p><img decoding=\"async\" src=\"\/wp-content\/uploads\/factory-02.webp\"\/><\/p>\n<p><img decoding=\"async\" src=\"\/wp-content\/uploads\/factory-03.webp\"\/><\/p>\n<h3>Muotin varastointi Varasto<\/h3>\n<p><img decoding=\"async\" src=\"\/wp-content\/uploads\/factory-04.webp\"\/><\/p>\n<h3>43 Alumiini ekstruusiolinjat (500\u00e2 5500 tonnia)<\/h3>\n<p><img decoding=\"async\" src=\"\/wp-content\/uploads\/factory-05.webp\"\/><\/p>\n<p><img decoding=\"async\" src=\"\/wp-content\/uploads\/factory-06.webp\"\/><\/p>\n<p><img decoding=\"async\" src=\"\/wp-content\/uploads\/factory-07.webp\"\/><\/p>\n<h3>Jauhemaalaus ty\u00f6paja<\/h3>\n<p><img decoding=\"async\" src=\"\/wp-content\/uploads\/factory-09.webp\"\/><\/p>\n<h3>Anodisointi ty\u00f6paja<\/h3>\n<p><img decoding=\"async\" src=\"\/wp-content\/uploads\/factory-10.webp\"\/><\/p>\n<h3>Syv\u00e4k\u00e4sittelyn ty\u00f6paja<\/h3>\n<p><img decoding=\"async\" src=\"\/wp-content\/uploads\/factory-11.webp\"\/><\/p>\n<h3>CNC-tarkkuuskoneistus ty\u00f6paja<\/h3>\n<p><img decoding=\"async\" src=\"\/wp-content\/uploads\/factory-11.5.webp\"\/><\/p>\n<h3>Valmiiden tuotteiden ja vientivarasto<\/h3>\n<p><img decoding=\"async\" src=\"\/wp-content\/uploads\/factory-12.webp\"\/><\/p>\n<p><img decoding=\"async\" src=\"\/wp-content\/uploads\/factory-13.webp\"\/><\/p>\n<p><img decoding=\"async\" src=\"\/wp-content\/uploads\/factory-14.webp\"\/><\/p>\n<h2>FAQ<\/h2>\n<p><p><b>1.Mik\u00e4 on alumiinipuristettu C-palkki?<\/b><\/p>\n<p>Alumiiniprofiilipalkki on C-muotoinen alumiiniprofiili, jota k\u00e4ytet\u00e4\u00e4n rakenteelliseen tukemiseen, kehyst\u00e4miseen ja liukusovelluksiin eri teollisuudenaloilla.<br \/>\n<\/p><br \/>\n<br \/>\n<p><b>2.Mitk\u00e4 ovat C-palkin alumiiniprofiilien k\u00e4yt\u00f6n edut?<\/b><\/p>\n<p>Ne tarjoavat korkean lujuus-painosuhteen, korroosionkest\u00e4vyyden ja monipuolisen integroitavuuden muihin runkoj\u00e4rjestelmiin.<br \/>\n<\/p><br \/>\n<br \/>\n<p><b>3.Voiko alumiiniset C-palkit r\u00e4\u00e4t\u00e4l\u00f6id\u00e4?<\/b><\/p>\n<p>Kyll\u00e4, valmistajat tarjoavat r\u00e4\u00e4t\u00e4l\u00f6ityj\u00e4 pituuksia, porauksia, metalliseoslaatuja ja pintak\u00e4sittelyj\u00e4, kuten anodisointia tai jauhemaalausta.<br \/>\n<\/p><br \/>\n<br \/>\n<p><b>4.Mitk\u00e4 teollisuudenalat k\u00e4ytt\u00e4v\u00e4t alumiinisia C-palkkiprofiileja?<\/b><\/p>\n<p>Yleisi\u00e4 k\u00e4ytt\u00f6kohteita ovat automaatioj\u00e4rjestelm\u00e4t, konekotelot, aurinkopaneelien kehykset ja teollisuushyllyt.<br \/>\n<\/p><br \/>\n<br \/>\n<p><b>5.Ovatko alumiiniset C-palkit korroosionkest\u00e4vi\u00e4?<\/b><\/p>\n<p>Kyll\u00e4, alumiinilla on luonnollinen korroosionkest\u00e4vyys, ja anodisoinnin kaltaiset pinnoitteet parantavat sen kest\u00e4vyytt\u00e4 ankarissa ymp\u00e4rist\u00f6iss\u00e4.<br \/>\n<\/p><br \/>\n<br \/>\n<p><b>6.Onko C-palkki yhteensopiva T-paikkaisten lis\u00e4varusteiden kanssa?<\/b><\/p>\n<p>Monet C-palkkiprofiilit on suunniteltu toimimaan T-urakomponenttien kanssa, mik\u00e4 mahdollistaa modulaarisen kokoonpanon ja j\u00e4rjestelm\u00e4n laajentamisen.<br \/>\n<\/p><br \/>\n<br \/>\n<p><b>7.Tarjoavatko toimittajat C-palkkiprofiilien OEM- tai irtotuotantoa?<\/b><\/p>\n<p>Kyll\u00e4, OEM-palvelut ja irtotavaran valmistus ovat laajalti saatavilla r\u00e4\u00e4t\u00e4l\u00f6ityihin teollisuuden alumiinisen C-palkin vaatimuksiin.<br \/>\n<\/p><br \/><\/p>","protected":false},"featured_media":7265,"template":"","categories":[67],"class_list":["post-7266","product","type-product","status-publish","has-post-thumbnail","hentry","category-architectural-aluminium-profile"],"meta_box":{"hilight_text_group":{"product_hilight_text":"<li>Strong C-shaped design offers high structural support with reduced weight<\/li>\r\r\n<li>Made from corrosion-resistant aluminum for indoor and outdoor use<\/li>\r\r\n<li>Ideal for framing, sliding systems, supports, and automation equipment<\/li>\r\r\n<li>Custom lengths, alloys, and finishes available for industrial applications<\/li>\r\r\n<li>Compatible with standard T-slot hardware for easy assembly<\/li>\r\r\n<li>Precision extrusion ensures dimensional accuracy and smooth installation<\/li>","product_chanpin_blog":"<ul>\r\r\n<li><a href=\"https:\/\/sinoextrud.com\/t-slot-v-slot-differences\/\" target=\"_blank\">t slot vs v slot<\/a><\/li>\r\r\n<li><a href=\"https:\/\/sinoextrud.com\/what-is-4040-aluminium-extrud\/\" target=\"_blank\">4040 aluminium extrusion<\/a><\/li>\r\r\n<li><a href=\"https:\/\/sinoextrud.com\/what-is-4040-aluminium-extrud\/\" target=\"_blank\">aluminum extrusions for industrial racks<\/a><\/li>\r\r\n<li><a href=\"https:\/\/sinoextrud.com\/powder-coating-aluminium-process\/\" target=\"_blank\">powder coating aluminium<\/a><\/li>\r\r\n<li><a href=\"https:\/\/sinoextrud.com\/what-is-an-aluminium-strip-ceiling\/\" target=\"_blank\">aluminium strip ceiling<\/a><\/li>\r\r\n<li><a href=\"https:\/\/sinoextrud.com\/what-is-a-heat-sink\/\" target=\"_blank\">what is a heat sink<\/a><\/li>\r\r\n<\/ul>","product_chanpin_chanpin":"<li><a href=\"https:\/\/sinoextrud.com\/product\/modular-framing-systems\/\" target=\"_blank\">Modular Framing Systems<\/a><\/li>\r\n<li><a href=\"https:\/\/sinoextrud.com\/product\/aluminium-anodizing\/\" target=\"_blank\">Aluminium Anodizing<\/a><\/li>\r\n<li><a href=\"https:\/\/sinoextrud.com\/product\/extruded-aluminum-profiles\/\" target=\"_blank\">Extruded Aluminum Profiles<\/a><\/li>\r\n<li><a href=\"https:\/\/sinoextrud.com\/product\/aluminium-system-profile\/\" target=\"_blank\">Aluminium System Profile<\/a><\/li>\r\n<li><a href=\"https:\/\/sinoextrud.com\/product\/aluminium-extrusion-c-beam\/\" target=\"_blank\">Aluminium Extrusion C Beam<\/a><\/li>\r\n<li><a href=\"https:\/\/sinoextrud.com\/product\/extruded-aluminum-tubing-for-stair-rail\/\" target=\"_blank\">Extruded Aluminum Tubing For Stair Rail<\/a><\/li>\r\n<li><a href=\"https:\/\/sinoextrud.com\/product\/aluminium-extrusion-curtain-wall-profile-with-powder-coated-surface-manufacturer-direct-selling\/\" target=\"_blank\">Aluminium Extrusion Curtain Wall Profile With Powder Coated Surface Manufacturer Direct Selling<\/a><\/li>\r\n<li><a href=\"https:\/\/sinoextrud.com\/product\/customized-aluminium-heavy-duty-door-hinge\/\" target=\"_blank\">Customized Aluminium Heavy Duty Door Hinge<\/a><\/li>\r\n<li><a href=\"https:\/\/sinoextrud.com\/product\/extruded-aluminium-curtain-walls\/\" target=\"_blank\">Extruded Aluminium Curtain Walls<\/a><\/li>\r\n<li><a href=\"https:\/\/sinoextrud.com\/product\/aluminum-extrusion-aluminium-profile-for-surface-oxidized-pipe\/\" target=\"_blank\">Aluminum Extrusion Aluminium Profile for Surface Oxidized Pipe<\/a><\/li>\r\n<li><a href=\"https:\/\/sinoextrud.com\/product\/polished-aluminum-u-channel\/\" target=\"_blank\">Polished Aluminum U Channel<\/a><\/li>"},"feature_list":[]},"_links":{"self":[{"href":"https:\/\/sinoextrud.com\/fi\/wp-json\/wp\/v2\/product\/7266","targetHints":{"allow":["GET"]}}],"collection":[{"href":"https:\/\/sinoextrud.com\/fi\/wp-json\/wp\/v2\/product"}],"about":[{"href":"https:\/\/sinoextrud.com\/fi\/wp-json\/wp\/v2\/types\/product"}],"wp:featuredmedia":[{"embeddable":true,"href":"https:\/\/sinoextrud.com\/fi\/wp-json\/wp\/v2\/media\/7265"}],"wp:attachment":[{"href":"https:\/\/sinoextrud.com\/fi\/wp-json\/wp\/v2\/media?parent=7266"}],"wp:term":[{"taxonomy":"category","embeddable":true,"href":"https:\/\/sinoextrud.com\/fi\/wp-json\/wp\/v2\/categories?post=7266"}],"curies":[{"name":"wp","href":"https:\/\/api.w.org\/{rel}","templated":true}]}}