{"id":7264,"date":"2025-06-06T03:33:12","date_gmt":"2025-06-06T03:33:12","guid":{"rendered":"https:\/\/sinoextrud.com\/product\/aluminium-system-profile\/"},"modified":"2025-06-24T06:12:23","modified_gmt":"2025-06-24T06:12:23","slug":"alumiininen-jarjestelmaprofiili","status":"publish","type":"product","link":"https:\/\/sinoextrud.com\/fi\/product\/aluminium-system-profile\/","title":{"rendered":"Alumiininen j\u00e4rjestelm\u00e4profiili"},"content":{"rendered":"<h2>Tuotteiden tiedot<\/h2>\n<table class=\"custom-table\">\n<tr>\n<td class=\"label\">\nTyyppi:<\/td>\n<td>l\u00e4mp\u00f6katko\uff0c<\/td>\n<\/tr>\n<tr>\n<td class=\"label\">Sovellus:<\/td>\n<td>Koristeet, Ovi &amp; ikkuna\uff0c<\/td>\n<\/tr>\n<tr>\n<td class=\"label\">Muoto:<\/td>\n<td> cusotmzied\uff0c<\/td>\n<\/tr>\n<tr>\n<td class=\"label\">Luokka:<\/td>\n<td>6000-sarja\uff0c<\/td>\n<\/tr>\n<tr>\n<td class=\"label\">Pintak\u00e4sittely:<\/td>\n<td> Powder Coated\uff0c<\/td>\n<\/tr>\n<tr>\n<td class=\"label\">Tekniikka:<\/td>\n<td>Puristettu\uff0c<\/td>\n<\/tr>\n<tr>\n<td class=\"label\">Seos:<\/td>\n<td>Alloy\uff0c<\/td>\n<\/tr>\n<tr>\n<td class=\"label\">Temperamentti:<\/td>\n<td>T6\uff0c<\/td>\n<\/tr>\n<tr>\n<td class=\"label\">Sertifiointi:<\/td>\n<td>ISO 9001-2008\uff0c<\/td>\n<\/tr>\n<tr>\n<td class=\"label\">Pituus:<\/td>\n<td>1-7m tai r\u00e4\u00e4t\u00e4l\u00f6ity\uff0c<\/td>\n<\/tr>\n<tr>\n<td class=\"label\">Profiilit Paksuus:<\/td>\n<td>0.85-1.1mm\uff0c<\/td>\n<\/tr>\n<tr>\n<td class=\"label\">Anodisointi Paksuus:<\/td>\n<td>&gt; =9 Um\uff0c<\/td>\n<\/tr>\n<tr>\n<td class=\"label\">Jauhemaalaus Paksuus:<\/td>\n<td>40-120 Um\uff0c<\/td>\n<\/tr>\n<tr>\n<td class=\"label\">Vetolujuus:<\/td>\n<td>&gt;= 160 MPa\uff0c<\/td>\n<\/tr>\n<tr>\n<td class=\"label\">My\u00f6t\u00f6lujuus:<\/td>\n<td>&gt;= 110 MPa\uff0c<\/td>\n<\/tr>\n<tr>\n<td class=\"label\">Alkuper\u00e4:<\/td>\n<td>Kiina\uff0c<\/td>\n<\/tr>\n<\/table>\n<h2>Tuotantopohjamme<\/h2>\n<h3>Tehtaan panoraama<\/h3>\n<p><img decoding=\"async\" src=\"\/wp-content\/uploads\/factory-01.webp\"\/><\/p>\n<h3>Alumiini Bar Manufacturing Workshop<\/h3>\n<p><img decoding=\"async\" src=\"\/wp-content\/uploads\/factory-02.webp\"\/><\/p>\n<\/p>\n<p><img decoding=\"async\" src=\"\/wp-content\/uploads\/factory-03.webp\"\/><\/p>\n<h3>Muotin varastointi Varasto<\/h3>\n<p><img decoding=\"async\" src=\"\/wp-content\/uploads\/factory-04.webp\"\/><\/p>\n<h3>43 alumiinin ekstruusiolinjat (500-5500 tonnia)<\/h3>\n<p><img decoding=\"async\" src=\"\/wp-content\/uploads\/factory-05.webp\"\/><\/p>\n<p><img decoding=\"async\" src=\"\/wp-content\/uploads\/factory-06.webp\"\/><\/p>\n<p><img decoding=\"async\" src=\"\/wp-content\/uploads\/factory-07.webp\"\/><\/p>\n<h3>Jauhemaalaus ty\u00f6paja<\/h3>\n<p><img decoding=\"async\" src=\"\/wp-content\/uploads\/factory-09.webp\"\/><\/p>\n<h3>Anodisointi ty\u00f6paja<\/h3>\n<p><img decoding=\"async\" src=\"\/wp-content\/uploads\/factory-10.webp\"\/><\/p>\n<h3>Syv\u00e4k\u00e4sittelyn ty\u00f6paja<\/h3>\n<p><img decoding=\"async\" src=\"\/wp-content\/uploads\/factory-11.webp\"\/><\/p>\n<h3>CNC-tarkkuuskoneistus ty\u00f6paja<\/h3>\n<p><img decoding=\"async\" src=\"\/wp-content\/uploads\/factory-11.5.webp\"\/><\/p>\n<h3>Valmiiden tuotteiden ja vientivarasto<\/h3>\n<p><img decoding=\"async\" src=\"\/wp-content\/uploads\/factory-12.webp\"\/><\/p>\n<p><img decoding=\"async\" src=\"\/wp-content\/uploads\/factory-13.webp\"\/><\/p>\n<p><img decoding=\"async\" src=\"\/wp-content\/uploads\/factory-14.webp\"\/><\/p>\n<h2>FAQ<\/h2>\n<p><b>1.Mik\u00e4 on alumiininen j\u00e4rjestelm\u00e4profiili?<\/b><\/p>\n<p>Alumiinij\u00e4rjestelm\u00e4profiili on modulaarinen alumiiniprofiili, jota k\u00e4ytet\u00e4\u00e4n r\u00e4\u00e4t\u00e4l\u00f6ityjen rakenteiden rakentamiseen automaatio-, teollisuus- ja arkkitehtuurij\u00e4rjestelmiss\u00e4.\n<\/p>\n<p><\/p>\n<p><b>2.Miksi k\u00e4ytt\u00e4\u00e4 alumiiniprofiileja teollisessa suunnittelussa?<\/b><\/p>\n<p>Alumiiniset j\u00e4rjestelm\u00e4profiilit ovat eritt\u00e4in lujia, kevytrakenteisia ja modulaarisesti yhteensopivia, mik\u00e4 mahdollistaa tehokkaan j\u00e4rjestelm\u00e4integraation.\n<\/p>\n<p><\/p>\n<p><b>3.Ovatko alumiiniset j\u00e4rjestelm\u00e4profiilit helppoja koota?<\/b><\/p>\n<p>Kyll\u00e4, ne on suunniteltu nopeaan kokoonpanoon tavallisilla liittimill\u00e4 ja minimaalisilla ty\u00f6kaluilla, mik\u00e4 v\u00e4hent\u00e4\u00e4 asennusaikaa ja ty\u00f6voimaa.\n<\/p>\n<p><\/p>\n<p><b>4.Can Alumiinij\u00e4rjestelm\u00e4n profiilit voidaan r\u00e4\u00e4t\u00e4l\u00f6id\u00e4?<\/b><\/p>\n<p>Ehdottomasti profiilit voidaan r\u00e4\u00e4t\u00e4l\u00f6id\u00e4 kooltaan, muodoltaan ja viimeistelylt\u00e4\u00e4n vastaamaan erityisi\u00e4 rakenteellisia tai j\u00e4rjestelm\u00e4\u00e4 koskevia vaatimuksia.\n<\/p>\n<p><\/p>\n<p><b>5.Kest\u00e4v\u00e4tk\u00f6 alumiiniset j\u00e4rjestelm\u00e4profiilit korroosiota?<\/b><\/p>\n<p>Kyll\u00e4, alumiinipinta on luonnostaan korroosionkest\u00e4v\u00e4, joten se soveltuu erilaisiin sis\u00e4- ja ulkok\u00e4ytt\u00f6\u00f6n.\n<\/p>\n<p><\/p>\n<p><b>6.Mitk\u00e4 sovellukset k\u00e4ytt\u00e4v\u00e4t alumiinij\u00e4rjestelm\u00e4n profiileja?<\/b><\/p>\n<p>Niit\u00e4 k\u00e4ytet\u00e4\u00e4n yleisesti konekehikoissa, ty\u00f6pisteiss\u00e4, kuljettimissa, n\u00e4ytt\u00f6laitteissa ja automaatioj\u00e4rjestelmiss\u00e4.\n<\/p>\n<p><\/p>\n<p><b>7.Ovatko alumiiniset j\u00e4rjestelm\u00e4profiilit kest\u00e4vi\u00e4?<\/b><\/p>\n<p>Kyll\u00e4, alumiini on t\u00e4ysin kierr\u00e4tett\u00e4v\u00e4\u00e4, joten j\u00e4rjestelm\u00e4profiilit ovat ymp\u00e4rist\u00f6yst\u00e4v\u00e4llinen vaihtoehto teollisessa suunnittelussa.\n<\/p>\n<p><\/p>\n<p><b>8.Miten alumiinij\u00e4rjestelm\u00e4n profiilit parantavat ty\u00f6nkulun tehokkuutta?<\/b><\/p>\n<p>Niiden modulaarisuus, tarkkuus ja yhteensopivuus tehostavat asennusta ja mahdollistavat joustavat s\u00e4\u00e4d\u00f6t, jotka optimoivat ty\u00f6tilan ja toiminnan.\n<\/p>\n<p><\/p>","protected":false},"featured_media":7263,"template":"","categories":[67],"class_list":["post-7264","product","type-product","status-publish","has-post-thumbnail","hentry","category-architectural-aluminium-profile"],"meta_box":{"hilight_text_group":{"product_hilight_text":"<li>Engineered for modular construction and high design flexibility<\/li>\r\r\n<li>Lightweight yet strong aluminum structure ensures reliable performance<\/li>\r\r\n<li>Corrosion-resistant surface ideal for harsh environments<\/li>\r\r\n<li>Compatible with standardized connectors and accessories<\/li>\r\r\n<li>Quick to assemble with minimal tools, saving time and labor<\/li>\r\r\n<li>Supports custom automation and industrial system integration<\/li>\r\r\n<li>Recyclable material contributes to sustainable manufacturing<\/li>","product_chanpin_blog":"<ul>\r\r\n<li><a href=\"https:\/\/sinoextrud.com\/t-slot-v-slot-differences\/\" target=\"_blank\">t slot vs v slot<\/a><\/li>\r\r\n<li><a href=\"https:\/\/sinoextrud.com\/what-is-4040-aluminium-extrud\/\" target=\"_blank\">4040 aluminium extrusion<\/a><\/li>\r\r\n<li><a href=\"https:\/\/sinoextrud.com\/what-is-4040-aluminium-extrud\/\" target=\"_blank\">aluminum extrusions for industrial racks<\/a><\/li>\r\r\n<li><a href=\"https:\/\/sinoextrud.com\/powder-coating-aluminium-process\/\" target=\"_blank\">powder coating aluminium<\/a><\/li>\r\r\n<li><a href=\"https:\/\/sinoextrud.com\/what-is-an-aluminium-strip-ceiling\/\" target=\"_blank\">aluminium strip ceiling<\/a><\/li>\r\r\n<li><a href=\"https:\/\/sinoextrud.com\/what-is-a-heat-sink\/\" target=\"_blank\">what is a heat sink<\/a><\/li>\r\r\n<\/ul>","product_chanpin_chanpin":"<li><a href=\"https:\/\/sinoextrud.com\/product\/bright-anodized-aluminum-profile\/\" target=\"_blank\">Bright Anodized Aluminum Profile<\/a><\/li>\r\n<li><a href=\"https:\/\/sinoextrud.com\/product\/modular-framing-systems\/\" target=\"_blank\">Modular Framing Systems<\/a><\/li>\r\n<li><a href=\"https:\/\/sinoextrud.com\/product\/aluminium-anodizing\/\" target=\"_blank\">Aluminium Anodizing<\/a><\/li>\r\n<li><a href=\"https:\/\/sinoextrud.com\/product\/extruded-aluminum-profiles\/\" target=\"_blank\">Extruded Aluminum Profiles<\/a><\/li>\r\n<li><a href=\"https:\/\/sinoextrud.com\/product\/aluminium-system-profile\/\" target=\"_blank\">Aluminium System Profile<\/a><\/li>\r\n<li><a href=\"https:\/\/sinoextrud.com\/product\/aluminium-extrusion-c-beam\/\" target=\"_blank\">Aluminium Extrusion C Beam<\/a><\/li>\r\n<li><a href=\"https:\/\/sinoextrud.com\/product\/extruded-aluminum-tubing-for-stair-rail\/\" target=\"_blank\">Extruded Aluminum Tubing For Stair Rail<\/a><\/li>\r\n<li><a href=\"https:\/\/sinoextrud.com\/product\/aluminium-extrusion-curtain-wall-profile-with-powder-coated-surface-manufacturer-direct-selling\/\" target=\"_blank\">Aluminium Extrusion Curtain Wall Profile With Powder Coated Surface Manufacturer Direct Selling<\/a><\/li>\r\n<li><a href=\"https:\/\/sinoextrud.com\/product\/customized-aluminium-heavy-duty-door-hinge\/\" target=\"_blank\">Customized Aluminium Heavy Duty Door Hinge<\/a><\/li>\r\n<li><a href=\"https:\/\/sinoextrud.com\/product\/shining-polishing-aluminum-profile-anodizing-silver\/\" target=\"_blank\">Shining Polishing Aluminum Profile Anodizing Silver<\/a><\/li>\r\n<li><a href=\"https:\/\/sinoextrud.com\/product\/aluminium-anodizing\/\" target=\"_blank\">Aluminium Anodizing<\/a><\/li>"},"feature_list":[]},"_links":{"self":[{"href":"https:\/\/sinoextrud.com\/fi\/wp-json\/wp\/v2\/product\/7264","targetHints":{"allow":["GET"]}}],"collection":[{"href":"https:\/\/sinoextrud.com\/fi\/wp-json\/wp\/v2\/product"}],"about":[{"href":"https:\/\/sinoextrud.com\/fi\/wp-json\/wp\/v2\/types\/product"}],"wp:featuredmedia":[{"embeddable":true,"href":"https:\/\/sinoextrud.com\/fi\/wp-json\/wp\/v2\/media\/7263"}],"wp:attachment":[{"href":"https:\/\/sinoextrud.com\/fi\/wp-json\/wp\/v2\/media?parent=7264"}],"wp:term":[{"taxonomy":"category","embeddable":true,"href":"https:\/\/sinoextrud.com\/fi\/wp-json\/wp\/v2\/categories?post=7264"}],"curies":[{"name":"wp","href":"https:\/\/api.w.org\/{rel}","templated":true}]}}