{"id":7258,"date":"2025-06-06T03:28:27","date_gmt":"2025-06-06T03:28:27","guid":{"rendered":"https:\/\/sinoextrud.com\/product\/modular-framing-systems\/"},"modified":"2025-06-24T06:12:22","modified_gmt":"2025-06-24T06:12:22","slug":"modulaariset-runkojarjestelmat","status":"publish","type":"product","link":"https:\/\/sinoextrud.com\/fi\/product\/modular-framing-systems\/","title":{"rendered":"Modulaariset runkoj\u00e4rjestelm\u00e4t"},"content":{"rendered":"<h2>Tuotteiden tiedot<\/h2>\n<table class=\"custom-table\">\n<tr>\n<td class=\"label\">\nMuoto:<\/td>\n<td> h - Profile\uff0c<\/td>\n<\/tr>\n<tr>\n<td class=\"label\">Temperamentti:<\/td>\n<td> T3-T8\uff0c<\/td>\n<\/tr>\n<tr>\n<td class=\"label\">Seosaine:<\/td>\n<td> 6063\uff0c<\/td>\n<\/tr>\n<tr>\n<td class=\"label\">Kiillotettu alumiini Profiili:<\/td>\n<td> Kemiallinen kiillotus Brushed\uff0c<\/td>\n<\/tr>\n<tr>\n<td class=\"label\">Koko:<\/td>\n<td> 20 * 10mm r\u00e4\u00e4t\u00e4l\u00f6ityn\u00e4\uff0c<\/td>\n<\/tr>\n<tr>\n<td class=\"label\">Keskity:<\/td>\n<td> Arkkitehtuuri, Kodinkoneet\uff0c<\/td>\n<\/tr>\n<tr>\n<td class=\"label\">Takuu:<\/td>\n<td> 15-20 vuotta Color Gurantee\uff0c<\/td>\n<\/tr>\n<tr>\n<td class=\"label\">Hornors:<\/td>\n<td> Kiina Top 10 varma laatu toimittaja\uff0c<\/td>\n<\/tr>\n<tr>\n<td class=\"label\">Alkuper\u00e4:<\/td>\n<td> Kiina, Guangdong\uff0c<\/td>\n<\/tr>\n<tr>\n<td class=\"label\">Tuotteen nimi:<\/td>\n<td> Alumiinihuonekalut\uff0c<\/td>\n<\/tr>\n<tr>\n<td class=\"label\">V\u00e4rit:<\/td>\n<td> Mik\u00e4 tahansa on saatavilla\uff0c<\/td>\n<\/tr>\n<tr>\n<td class=\"label\">Viimeistely:<\/td>\n<td> modulaariset runkoj\u00e4rjestelm\u00e4t\uff0c<\/td>\n<\/tr>\n<tr>\n<td class=\"label\">Lupauksemme:<\/td>\n<td> 100% Hyv\u00e4t tuotteet ennen toimitusta\uff0c<\/td>\n<\/tr>\n<\/table>\n<h2>Tuotantopohjamme<\/h2>\n<h3>Tehtaan panoraama<\/h3>\n<p><img decoding=\"async\" src=\"\/wp-content\/uploads\/factory-01.webp\"\/><\/p>\n<h3>Alumiini Bar Manufacturing Workshop<\/h3>\n<p><img decoding=\"async\" src=\"\/wp-content\/uploads\/factory-02.webp\"\/><\/p>\n<p><img decoding=\"async\" src=\"\/wp-content\/uploads\/factory-03.webp\"\/><\/p>\n<h3>Muotin varastointi Varasto<\/h3>\n<p><img decoding=\"async\" src=\"\/wp-content\/uploads\/factory-04.webp\"\/><\/p>\n<h3>43 alumiinin ekstruusiolinjat (500-5500 tonnia)<\/h3>\n<p><img decoding=\"async\" src=\"\/wp-content\/uploads\/factory-05.webp\"\/><\/p>\n<p><img decoding=\"async\" src=\"\/wp-content\/uploads\/factory-06.webp\"\/><\/p>\n<p><img decoding=\"async\" src=\"\/wp-content\/uploads\/factory-07.webp\"\/><\/p>\n<h3>Jauhemaalaus ty\u00f6paja<\/h3>\n<p><img decoding=\"async\" src=\"\/wp-content\/uploads\/factory-09.webp\"\/><\/p>\n<h3>Anodisointi ty\u00f6paja<\/h3>\n<p><img decoding=\"async\" src=\"\/wp-content\/uploads\/factory-10.webp\"\/><\/p>\n<h3>Syv\u00e4k\u00e4sittelyn ty\u00f6paja<\/h3>\n<p><img decoding=\"async\" src=\"\/wp-content\/uploads\/factory-11.webp\"\/><\/p>\n<h3>CNC-tarkkuuskoneistus ty\u00f6paja<\/h3>\n<p><img decoding=\"async\" src=\"\/wp-content\/uploads\/factory-11.5.webp\"\/><\/p>\n<h3>Valmiiden tuotteiden ja vientivarasto<\/h3>\n<p><img decoding=\"async\" src=\"\/wp-content\/uploads\/factory-12.webp\"\/><\/p>\n<p><img decoding=\"async\" src=\"\/wp-content\/uploads\/factory-13.webp\"\/><\/p>\n<p><img decoding=\"async\" src=\"\/wp-content\/uploads\/factory-14.webp\"\/><\/p>\n<h2>FAQ<\/h2>\n<p><p><b>1.Mitk\u00e4 ovat 6063-T5-alumiiniseoksen k\u00e4yt\u00f6n edut modulaarisissa kehysj\u00e4rjestelmiss\u00e4? <\/b><\/p>\n<p>6063-T5-alumiiniseos tarjoaa erinomaisen lujuus-painosuhteen ja erinomaisen korroosionkest\u00e4vyyden, joten se on ihanteellinen kest\u00e4viin ja kevyisiin modulaarisiin runkoj\u00e4rjestelmiin.<br \/>\n<\/p><br \/>\n<br \/>\n<p><b>2.Miten modulaarinen T-urarakenne parantaa kokoonpanoprosesseja? <\/b><\/p>\n<p>T-urarakenne mahdollistaa rakenteiden nopean ja helpon kokoamisen, muuttamisen ja purkamisen ilman hitsausta tai erikoisty\u00f6kaluja, mik\u00e4 lis\u00e4\u00e4 joustavuutta ja v\u00e4hent\u00e4\u00e4 ty\u00f6voimakustannuksia.<br \/>\n<\/p><br \/>\n<br \/>\n<p><b>3.Voidaanko modulaarisia alumiinirunkoj\u00e4rjestelmi\u00e4 r\u00e4\u00e4t\u00e4l\u00f6id\u00e4 tiettyihin sovelluksiin? <\/b><\/p>\n<p>Kyll\u00e4, modulaariset alumiinirunkoj\u00e4rjestelm\u00e4t ovat hyvin muokattavissa, ja saatavilla on erilaisia profiileja ja pituuksia erilaisten projektivaatimusten t\u00e4ytt\u00e4miseksi.<br \/>\n<\/p><br \/>\n<br \/>\n<p><b>4.Soveltuvatko n\u00e4m\u00e4 kehysj\u00e4rjestelm\u00e4t sek\u00e4 sis\u00e4- ett\u00e4 ulkok\u00e4ytt\u00f6\u00f6n? <\/b><\/p>\n<p>Lis\u00e4ksi 6063-T5-alumiinin korroosionkest\u00e4v\u00e4t ominaisuudet tekev\u00e4t n\u00e4ist\u00e4 kehysj\u00e4rjestelmist\u00e4 sopivia monenlaisiin ymp\u00e4rist\u00f6ihin, my\u00f6s sis\u00e4- ja ulkok\u00e4ytt\u00f6\u00f6n.<br \/>\n<\/p><br \/>\n<br \/>\n<p><b>5.Miten modulaariset alumiinirunkoj\u00e4rjestelm\u00e4t edist\u00e4v\u00e4t kustannuss\u00e4\u00e4st\u00f6j\u00e4? <\/b><\/p>\n<p>Koska modulaariset alumiinirunkoj\u00e4rjestelm\u00e4t v\u00e4hent\u00e4v\u00e4t erikoistuneen ty\u00f6voiman tarvetta, minimoivat huoltovaatimukset ja mahdollistavat helpon uudelleenkonfiguroinnin, ne tarjoavat huomattavia kustannuss\u00e4\u00e4st\u00f6j\u00e4 perinteisiin rakennusmenetelmiin verrattuna.<br \/>\n<\/p><br \/><\/p>","protected":false},"featured_media":7257,"template":"","categories":[67],"class_list":["post-7258","product","type-product","status-publish","has-post-thumbnail","hentry","category-architectural-aluminium-profile"],"meta_box":{"hilight_text_group":{"product_hilight_text":"<li>Constructed from high-strength 6063-T5 aluminum alloy, offering excellent corrosion resistance and durability for modular framing applications<\/li>\r\r\n<li>Modular T-slot design enables easy assembly, modification, and disassembly without the need for welding or specialized tools<\/li>\r\r\n<li>Lightweight yet robust construction facilitates rapid deployment and reduces overall structural load<\/li>\r\r\n<li>Available in various profiles and customizable lengths to meet specific project requirements<\/li>\r\r\n<li>Cost-effective solution with reduced labor and maintenance costs, enhancing overall project efficiency<\/li>","product_chanpin_blog":"<ul>\r\r\n<li><a href=\"https:\/\/sinoextrud.com\/t-slot-v-slot-differences\/\" target=\"_blank\">t slot vs v slot<\/a><\/li>\r\r\n<li><a href=\"https:\/\/sinoextrud.com\/what-is-4040-aluminium-extrud\/\" target=\"_blank\">4040 aluminium extrusion<\/a><\/li>\r\r\n<li><a href=\"https:\/\/sinoextrud.com\/what-is-4040-aluminium-extrud\/\" target=\"_blank\">aluminum extrusions for industrial racks<\/a><\/li>\r\r\n<li><a href=\"https:\/\/sinoextrud.com\/powder-coating-aluminium-process\/\" target=\"_blank\">powder coating aluminium<\/a><\/li>\r\r\n<li><a href=\"https:\/\/sinoextrud.com\/what-is-an-aluminium-strip-ceiling\/\" target=\"_blank\">aluminium strip ceiling<\/a><\/li>\r\r\n<li><a href=\"https:\/\/sinoextrud.com\/what-is-a-heat-sink\/\" target=\"_blank\">what is a heat sink<\/a><\/li>\r\r\n<\/ul>","product_chanpin_chanpin":"<li><a href=\"https:\/\/sinoextrud.com\/product\/aluminium-glass-profile\/\" target=\"_blank\">Aluminium Glass Profile<\/a><\/li>\r\n<li><a href=\"https:\/\/sinoextrud.com\/product\/customized-matt-electrophoresis-aluminum-extrusions-profile-for-building-material\/\" target=\"_blank\">Customized Matt Electrophoresis Aluminum Extrusions Profile For Building Material<\/a><\/li>\r\n<li><a href=\"https:\/\/sinoextrud.com\/product\/aluminium-profile-for-shower-room\/\" target=\"_blank\">Aluminium Profile For Shower Room<\/a><\/li>\r\n<li><a href=\"https:\/\/sinoextrud.com\/product\/bright-anodized-aluminum-profile\/\" target=\"_blank\">Bright Anodized Aluminum Profile<\/a><\/li>\r\n<li><a href=\"https:\/\/sinoextrud.com\/product\/modular-framing-systems\/\" target=\"_blank\">Modular Framing Systems<\/a><\/li>\r\n<li><a href=\"https:\/\/sinoextrud.com\/product\/aluminium-anodizing\/\" target=\"_blank\">Aluminium Anodizing<\/a><\/li>\r\n<li><a href=\"https:\/\/sinoextrud.com\/product\/extruded-aluminum-profiles\/\" target=\"_blank\">Extruded Aluminum Profiles<\/a><\/li>\r\n<li><a href=\"https:\/\/sinoextrud.com\/product\/aluminium-system-profile\/\" target=\"_blank\">Aluminium System Profile<\/a><\/li>\r\n<li><a href=\"https:\/\/sinoextrud.com\/product\/aluminium-extrusion-c-beam\/\" target=\"_blank\">Aluminium Extrusion C Beam<\/a><\/li>\r\n<li><a href=\"https:\/\/sinoextrud.com\/product\/extruded-aluminum-rectangular-tubing\/\" target=\"_blank\">Extruded Aluminum Rectangular Tubing<\/a><\/li>\r\n<li><a href=\"https:\/\/sinoextrud.com\/product\/aluminum-window-frames-mosquito-netting-suppliers\/\" target=\"_blank\">Aluminum Window Frames Mosquito Netting Suppliers<\/a><\/li>"},"feature_list":[]},"_links":{"self":[{"href":"https:\/\/sinoextrud.com\/fi\/wp-json\/wp\/v2\/product\/7258","targetHints":{"allow":["GET"]}}],"collection":[{"href":"https:\/\/sinoextrud.com\/fi\/wp-json\/wp\/v2\/product"}],"about":[{"href":"https:\/\/sinoextrud.com\/fi\/wp-json\/wp\/v2\/types\/product"}],"wp:featuredmedia":[{"embeddable":true,"href":"https:\/\/sinoextrud.com\/fi\/wp-json\/wp\/v2\/media\/7257"}],"wp:attachment":[{"href":"https:\/\/sinoextrud.com\/fi\/wp-json\/wp\/v2\/media?parent=7258"}],"wp:term":[{"taxonomy":"category","embeddable":true,"href":"https:\/\/sinoextrud.com\/fi\/wp-json\/wp\/v2\/categories?post=7258"}],"curies":[{"name":"wp","href":"https:\/\/api.w.org\/{rel}","templated":true}]}}