{"id":7256,"date":"2025-06-06T03:26:58","date_gmt":"2025-06-06T03:26:58","guid":{"rendered":"https:\/\/sinoextrud.com\/product\/bright-anodized-aluminum-profile\/"},"modified":"2025-06-24T06:12:22","modified_gmt":"2025-06-24T06:12:22","slug":"kirkas-anodisoitu-alumiiniprofiili","status":"publish","type":"product","link":"https:\/\/sinoextrud.com\/fi\/product\/bright-anodized-aluminum-profile\/","title":{"rendered":"Kirkas anodisoitu alumiiniprofiili"},"content":{"rendered":"<h2>Tuotteiden tiedot<\/h2>\n<table class=\"custom-table\">\n<tbody>\n<tr>\n<td> Tuotteen nimi<\/td>\n<td> Kirkas anodisoitu alumiiniprofiili kiillotusv\u00e4rill\u00e4 varustettuna<\/td>\n<\/tr>\n<tr>\n<td> Hakemus<\/td>\n<td> Kylpyhuone, kaide, rakentaminen jne.<\/td>\n<\/tr>\n<tr>\n<td> Metalliseos<\/td>\n<td> 6063, 6463, 6061 jne.<\/td>\n<\/tr>\n<tr>\n<td> Temper<\/td>\n<td> T5, T6<\/td>\n<\/tr>\n<tr>\n<td> Pinta<\/td>\n<td> 1. Anodisoitu\/anodisointi (paksuus: 8-25um)<br \/>\n2. Jauhemaalaus (paksuus: 60-120um)<br \/>\n3. elektroforeesin maalaus<br \/>\n4. hiekkapuhallus<br \/>\n5. Puolan<br \/>\n6. Harjattu<br \/>\n7. PVDF-pinnoite<br \/>\n8. Puuvaikutelma<\/td>\n<\/tr>\n<tr>\n<td> Suvaitsevaisuus<\/td>\n<td> GB 5237.1-2008, tai r\u00e4\u00e4t\u00e4l\u00f6ityj\u00e4.<\/td>\n<\/tr>\n<tr>\n<td> V\u00e4ri<\/td>\n<td> Siver, kulta, harmaa, samppanja, musta, satoja, asiakkaan n\u00e4ytteen\u00e4 tai vaatimuksena<\/td>\n<\/tr>\n<tr>\n<td> Paksuus<\/td>\n<td> Yli 0,7 mm, riippuu tarkasta muodosta; suosittelemme 1,2 mm ja enemm\u00e4n, tai r\u00e4\u00e4t\u00e4l\u00f6ityj\u00e4.<\/td>\n<\/tr>\n<tr>\n<td> Pituus<\/td>\n<td> suurin anodisointipituus: 21ft\/6400mm<br \/>\njauhemaalin maksimipituus: 21ft\/6400mm<\/td>\n<\/tr>\n<tr>\n<td> Profiilin muoto<\/td>\n<td> 1, asiakkaan piirustuksen tai vaatimuksen mukaan<br \/>\n2, suunnittelupalvelu saatavilla<\/td>\n<\/tr>\n<tr>\n<td> Ominaisuudet<\/td>\n<td> 1, Erinomainen vedenpit\u00e4v\u00e4, l\u00e4mm\u00f6nkest\u00e4v\u00e4<br \/>\n2, \u00e4\u00e4nieristys, tuulenkest\u00e4vyys, ilmatiiviys<br \/>\n3, korroosionesto ja kitkanesto suorituskyky<\/td>\n<\/tr>\n<\/tbody>\n<\/table>\n<h2>Tuotantopohjamme<\/h2>\n<h3>Tehtaan panoraama<\/h3>\n<p><img decoding=\"async\" src=\"\/wp-content\/uploads\/factory-01.webp\"\/><\/p>\n<h3>Alumiini Bar Manufacturing Workshop<\/h3>\n<p><img decoding=\"async\" src=\"\/wp-content\/uploads\/factory-02.webp\"\/><\/p>\n<p><img decoding=\"async\" src=\"\/wp-content\/uploads\/factory-03.webp\"\/><\/p>\n<h3>Muotin varastointi Varasto<\/h3>\n<p><img decoding=\"async\" src=\"\/wp-content\/uploads\/factory-04.webp\"\/><\/p>\n<h3>43 Alumiini ekstruusiolinjat (500\u00e2 5500 tonnia)<\/h3>\n<p><img decoding=\"async\" src=\"\/wp-content\/uploads\/factory-05.webp\"\/><\/p>\n<p><img decoding=\"async\" src=\"\/wp-content\/uploads\/factory-06.webp\"\/><\/p>\n<p><img decoding=\"async\" src=\"\/wp-content\/uploads\/factory-07.webp\"\/><\/p>\n<h3>Jauhemaalaus ty\u00f6paja<\/h3>\n<p><img decoding=\"async\" src=\"\/wp-content\/uploads\/factory-09.webp\"\/><\/p>\n<h3>Anodisointi ty\u00f6paja<\/h3>\n<p><img decoding=\"async\" src=\"\/wp-content\/uploads\/factory-10.webp\"\/><\/p>\n<h3>Syv\u00e4k\u00e4sittelyn ty\u00f6paja<\/h3>\n<p><img decoding=\"async\" src=\"\/wp-content\/uploads\/factory-11.webp\"\/><\/p>\n<h3>CNC-tarkkuuskoneistus ty\u00f6paja<\/h3>\n<p><img decoding=\"async\" src=\"\/wp-content\/uploads\/factory-11.5.webp\"\/><\/p>\n<h3>Valmiiden tuotteiden ja vientivarasto<\/h3>\n<p><img decoding=\"async\" src=\"\/wp-content\/uploads\/factory-12.webp\"\/><\/p>\n<p><img decoding=\"async\" src=\"\/wp-content\/uploads\/factory-13.webp\"\/><\/p>\n<p><img decoding=\"async\" src=\"\/wp-content\/uploads\/factory-14.webp\"\/><\/p>\n<h2>FAQ<\/h2>\n<p><p><b>1.Mik\u00e4 on kirkas anodisoitu alumiiniprofiili? <\/b><\/p>\n<p>Kirkkaaksi anodisoitu alumiiniprofiili tarkoittaa alumiiniprofiileja, joille on tehty kirkas anodisointi, jonka tuloksena on kiilt\u00e4v\u00e4, peilim\u00e4inen viimeistely, joka on ihanteellinen koristesovelluksiin.<br \/>\n<\/p><br \/>\n<br \/>\n<p><b>2.Miten kirkas anodisointi parantaa alumiiniprofiileja? <\/b><\/p>\n<p>Kirkas anodisointi kiillottaa alumiinin pinnan kemiallisesti, mik\u00e4 luo heijastavan pinnan ja lis\u00e4\u00e4 samalla suojaavan anodisoidun kerroksen, joka parantaa korroosionkest\u00e4vyytt\u00e4.<br \/>\n<\/p><br \/>\n<br \/>\n<p><b>3.Mitk\u00e4 ovat kirkkaan anodisoidun alumiiniprofiilin tyypilliset sovellukset? <\/b><\/p>\n<p>Kirkkaaksi anodisoituja alumiiniprofiileja k\u00e4ytet\u00e4\u00e4n yleisesti arkkitehtuurielementeiss\u00e4, sisustuksessa, opasteissa ja kuluttajatuotteissa, joissa halutaan tyylik\u00e4s, kiillotettu ulkon\u00e4k\u00f6.<br \/>\n<\/p><br \/>\n<br \/>\n<p><b>4.Can kirkas anodisoitu alumiini profiilit voidaan r\u00e4\u00e4t\u00e4l\u00f6id\u00e4 muodon ja koon suhteen? <\/b><\/p>\n<p>Kyll\u00e4, kirkkaaksi anodisoidut alumiiniprofiilit voidaan r\u00e4\u00e4t\u00e4l\u00f6id\u00e4 tiettyihin muotoihin, kokoihin ja pituuksiin erilaisten projektivaatimusten t\u00e4ytt\u00e4miseksi.<br \/>\n<\/p><br \/>\n<br \/>\n<p><b>5.Soveltuvatko kirkkaat anodisoidut alumiiniprofiilit ulkok\u00e4ytt\u00f6\u00f6n? <\/b><\/p>\n<p>Anodisoitu kerros antaa erinomaisen suojan s\u00e4\u00e4nkest\u00e4vyytt\u00e4 vastaan, joten n\u00e4m\u00e4 profiilit soveltuvat erinomaisesti sek\u00e4 sis\u00e4- ett\u00e4 ulkok\u00e4ytt\u00f6\u00f6n.<br \/>\n<\/p><br \/><\/p>","protected":false},"featured_media":7255,"template":"","categories":[67],"class_list":["post-7256","product","type-product","status-publish","has-post-thumbnail","hentry","category-architectural-aluminium-profile"],"meta_box":{"hilight_text_group":{"product_hilight_text":"<li>High-gloss mirror finish achieved through bright dip anodizing, enhancing aesthetic appeal for architectural and decorative applications<\/li>\r\r\n<li>Manufactured from premium 6063-T5 aluminum alloy, offering excellent corrosion resistance and durability<\/li>\r\r\n<li>Lightweight yet robust construction facilitates easy handling and installation, reducing labor costs and time<\/li>\r\r\n<li>Available in various profiles and customizable lengths to meet specific project requirements<\/li>\r\r\n<li>Eco-friendly anodizing process provides a non-toxic, UV-resistant, and maintenance-free surface<\/li>","product_chanpin_blog":"<ul>\r\r\n<li><a href=\"https:\/\/sinoextrud.com\/t-slot-v-slot-differences\/\" target=\"_blank\">t slot vs v slot<\/a><\/li>\r\r\n<li><a href=\"https:\/\/sinoextrud.com\/what-is-4040-aluminium-extrud\/\" target=\"_blank\">4040 aluminium extrusion<\/a><\/li>\r\r\n<li><a href=\"https:\/\/sinoextrud.com\/what-is-4040-aluminium-extrud\/\" target=\"_blank\">aluminum extrusions for industrial racks<\/a><\/li>\r\r\n<li><a href=\"https:\/\/sinoextrud.com\/powder-coating-aluminium-process\/\" target=\"_blank\">powder coating aluminium<\/a><\/li>\r\r\n<li><a href=\"https:\/\/sinoextrud.com\/what-is-an-aluminium-strip-ceiling\/\" target=\"_blank\">aluminium strip ceiling<\/a><\/li>\r\r\n<li><a href=\"https:\/\/sinoextrud.com\/what-is-a-heat-sink\/\" target=\"_blank\">what is a heat sink<\/a><\/li>\r\r\n<\/ul>","product_chanpin_chanpin":"<li><a href=\"https:\/\/sinoextrud.com\/product\/6463-electroplated-finish-shower-enclosure-aluminum-profile\/\" target=\"_blank\">6463 Electroplated Finish Shower Enclosure Aluminum Profile<\/a><\/li>\r\n<li><a href=\"https:\/\/sinoextrud.com\/product\/aluminium-glass-profile\/\" target=\"_blank\">Aluminium Glass Profile<\/a><\/li>\r\n<li><a href=\"https:\/\/sinoextrud.com\/product\/customized-matt-electrophoresis-aluminum-extrusions-profile-for-building-material\/\" target=\"_blank\">Customized Matt Electrophoresis Aluminum Extrusions Profile For Building Material<\/a><\/li>\r\n<li><a href=\"https:\/\/sinoextrud.com\/product\/aluminium-profile-for-shower-room\/\" target=\"_blank\">Aluminium Profile For Shower Room<\/a><\/li>\r\n<li><a href=\"https:\/\/sinoextrud.com\/product\/bright-anodized-aluminum-profile\/\" target=\"_blank\">Bright Anodized Aluminum Profile<\/a><\/li>\r\n<li><a href=\"https:\/\/sinoextrud.com\/product\/modular-framing-systems\/\" target=\"_blank\">Modular Framing Systems<\/a><\/li>\r\n<li><a href=\"https:\/\/sinoextrud.com\/product\/aluminium-anodizing\/\" target=\"_blank\">Aluminium Anodizing<\/a><\/li>\r\n<li><a href=\"https:\/\/sinoextrud.com\/product\/extruded-aluminum-profiles\/\" target=\"_blank\">Extruded Aluminum Profiles<\/a><\/li>\r\n<li><a href=\"https:\/\/sinoextrud.com\/product\/aluminium-system-profile\/\" target=\"_blank\">Aluminium System Profile<\/a><\/li>\r\n<li><a href=\"https:\/\/sinoextrud.com\/product\/aluminum-extrusion-alloys\/\" target=\"_blank\">Aluminum Extrusion Alloys<\/a><\/li>\r\n<li><a href=\"https:\/\/sinoextrud.com\/product\/building-materials-aluminium-profile-curtain-rod\/\" target=\"_blank\">Building Materials Aluminium Profile Curtain Rod<\/a><\/li>"},"feature_list":[]},"_links":{"self":[{"href":"https:\/\/sinoextrud.com\/fi\/wp-json\/wp\/v2\/product\/7256","targetHints":{"allow":["GET"]}}],"collection":[{"href":"https:\/\/sinoextrud.com\/fi\/wp-json\/wp\/v2\/product"}],"about":[{"href":"https:\/\/sinoextrud.com\/fi\/wp-json\/wp\/v2\/types\/product"}],"wp:featuredmedia":[{"embeddable":true,"href":"https:\/\/sinoextrud.com\/fi\/wp-json\/wp\/v2\/media\/7255"}],"wp:attachment":[{"href":"https:\/\/sinoextrud.com\/fi\/wp-json\/wp\/v2\/media?parent=7256"}],"wp:term":[{"taxonomy":"category","embeddable":true,"href":"https:\/\/sinoextrud.com\/fi\/wp-json\/wp\/v2\/categories?post=7256"}],"curies":[{"name":"wp","href":"https:\/\/api.w.org\/{rel}","templated":true}]}}