{"id":7254,"date":"2025-06-06T03:22:54","date_gmt":"2025-06-06T03:22:54","guid":{"rendered":"https:\/\/sinoextrud.com\/product\/aluminium-profile-for-shower-room\/"},"modified":"2025-06-24T06:12:21","modified_gmt":"2025-06-24T06:12:21","slug":"alumiiniprofiili-suihkuhuoneeseen","status":"publish","type":"product","link":"https:\/\/sinoextrud.com\/fi\/product\/aluminium-profile-for-shower-room\/","title":{"rendered":"Alumiiniprofiili suihkuhuoneeseen"},"content":{"rendered":"<h2>Tuotteiden tiedot<\/h2>\n<table class=\"custom-table\">\n<tbody>\n<tr>\n<td> Tuotteen nimi<\/td>\n<td> Alumiiniprofiili suihkuhuoneeseen<\/td>\n<\/tr>\n<tr>\n<td> Materiaali<\/td>\n<td> Alumiiniseos 6063,6061,6005,6463,6005A,6060,6101,6082,6351<\/td>\n<\/tr>\n<tr>\n<td> Temper<\/td>\n<td> T4,T5, T6,T66,T52<\/td>\n<\/tr>\n<tr>\n<td> Pinta<\/td>\n<td> Anodisointi, elektroforeesi, jauhemaalaus, PVDF-pinnoite, puunjyv\u00e4maalaus, harjattu<\/td>\n<\/tr>\n<tr>\n<td> V\u00e4ri<\/td>\n<td> Hopea valkoinen, pronssi, kulta, musta, samppanja, r\u00e4\u00e4t\u00e4l\u00f6ityj\u00e4<\/td>\n<\/tr>\n<tr>\n<td> Sein\u00e4m\u00e4n paksuus<\/td>\n<td> &gt;0.8mm, 1.0, 1.2, 2.0, 4.0....<\/td>\n<\/tr>\n<tr>\n<td> Muoto<\/td>\n<td> Neli\u00f6, py\u00f6re\u00e4, litte\u00e4, soikea, ep\u00e4s\u00e4\u00e4nn\u00f6llinen...<\/td>\n<\/tr>\n<tr>\n<td> Pituus<\/td>\n<td> Normaali = 5.8m, 5.9m, 6m, 3m-7m on r\u00e4\u00e4t\u00e4l\u00f6ity koko<\/td>\n<\/tr>\n<tr>\n<td> MOQ<\/td>\n<td> 200 kg<\/td>\n<\/tr>\n<tr>\n<td> OEM-palvelu Tuotanto<\/td>\n<td> Asiakkaiden piirustukset \/ n\u00e4ytteet tai tarjottu suunnittelupalvelu<\/td>\n<\/tr>\n<tr>\n<td> Takuu<\/td>\n<td> Pinnan v\u00e4ri voi olla vakaa 10-20 vuotta sis\u00e4k\u00e4yt\u00f6ss\u00e4<\/td>\n<\/tr>\n<tr>\n<td> Valmistus<\/td>\n<td> Jyrsint\u00e4, poraus, leikkaus, CNC,Ikkunoiden ja ovien kehykset<\/td>\n<\/tr>\n<tr>\n<td> Edut Ominaisuudet<\/td>\n<td> 1.Air todiste, vedenpit\u00e4v\u00e4, l\u00e4mm\u00f6neristys, l\u00e4mp\u00f6eristys, Anti-aging, Resist vaikutukset<br \/>\n2.Environmentally yst\u00e4v\u00e4llinen<br \/>\n3.Corrosion resistant, shinging<br \/>\n4.Moderni ulkon\u00e4k\u00f6<\/td>\n<\/tr>\n<tr>\n<td> Testausstandardi<\/td>\n<td> GB,JIS,AAMA,BS,EN,AS\/NZS,AA<\/td>\n<\/tr>\n<\/tbody>\n<\/table>\n<h2>Tuotantopohjamme<\/h2>\n<h3>Tehtaan panoraama<\/h3>\n<p><img decoding=\"async\" src=\"\/wp-content\/uploads\/factory-01.webp\"\/><\/p>\n<h3>Alumiini Bar Manufacturing Workshop<\/h3>\n<p><img decoding=\"async\" src=\"\/wp-content\/uploads\/factory-02.webp\"\/><\/p>\n<\/p>\n<p><img decoding=\"async\" src=\"\/wp-content\/uploads\/factory-03.webp\"\/><\/p>\n<h3>Muotin varastointi Varasto<\/h3>\n<p><img decoding=\"async\" src=\"\/wp-content\/uploads\/factory-04.webp\"\/><\/p>\n<h3>43 alumiinin ekstruusiolinjat (500-5500 tonnia)<\/h3>\n<p><img decoding=\"async\" src=\"\/wp-content\/uploads\/factory-05.webp\"\/><\/p>\n<p><img decoding=\"async\" src=\"\/wp-content\/uploads\/factory-06.webp\"\/><\/p>\n<p><img decoding=\"async\" src=\"\/wp-content\/uploads\/factory-07.webp\"\/><\/p>\n<h3>Jauhemaalaus ty\u00f6paja<\/h3>\n<p><img decoding=\"async\" src=\"\/wp-content\/uploads\/factory-09.webp\"\/><\/p>\n<h3>Anodisointi ty\u00f6paja<\/h3>\n<p><img decoding=\"async\" src=\"\/wp-content\/uploads\/factory-10.webp\"\/><\/p>\n<h3>Syv\u00e4k\u00e4sittelyn ty\u00f6paja<\/h3>\n<p><img decoding=\"async\" src=\"\/wp-content\/uploads\/factory-11.webp\"\/><\/p>\n<h3>CNC-tarkkuuskoneistus ty\u00f6paja<\/h3>\n<p><img decoding=\"async\" src=\"\/wp-content\/uploads\/factory-11.5.webp\"\/><\/p>\n<h3>Valmiiden tuotteiden ja vientivarasto<\/h3>\n<p><img decoding=\"async\" src=\"\/wp-content\/uploads\/factory-12.webp\"\/><\/p>\n<p><img decoding=\"async\" src=\"\/wp-content\/uploads\/factory-13.webp\"\/><\/p>\n<p><img decoding=\"async\" src=\"\/wp-content\/uploads\/factory-14.webp\"\/><\/p>\n<h2>FAQ<\/h2>\n<p><b>1.Mitk\u00e4 ovat 6063-T5-alumiiniprofiilien k\u00e4yt\u00f6n edut suihkutiloissa? <\/b><\/p>\n<p>6063-T5-alumiiniprofiilit tarjoavat erinomaisen korroosionkest\u00e4vyyden, kevyen lujuuden ja helpon valmistettavuuden, joten ne sopivat erinomaisesti suihkuhuonesovelluksiin.\n<\/p>\n<p><\/p>\n<p><b>2.Voidaanko alumiiniprofiileja r\u00e4\u00e4t\u00e4l\u00f6id\u00e4 tiettyj\u00e4 suihkuhuonemalleja varten? <\/b><\/p>\n<p>Kyll\u00e4, alumiiniprofiilit voidaan r\u00e4\u00e4t\u00e4l\u00f6id\u00e4 muodoltaan, kooltaan ja viimeistelylt\u00e4\u00e4n vastaamaan yksil\u00f6llisi\u00e4 suihkuhuoneen suunnitteluvaatimuksia.\n<\/p>\n<p><\/p>\n<p><b>3.Soveltuvatko n\u00e4m\u00e4 alumiiniprofiilit kosteisiin ymp\u00e4rist\u00f6ihin, kuten kylpyhuoneisiin? <\/b><\/p>\n<p>6063-T5-alumiinin korroosionkest\u00e4v\u00e4t ominaisuudet tekev\u00e4t n\u00e4ist\u00e4 profiileista ihanteellisia korkean kosteuden ymp\u00e4rist\u00f6ihin, kuten kylpyhuoneisiin.\n<\/p>\n<p><\/p>\n<p><b>4.Mink\u00e4laisia pintak\u00e4sittelyj\u00e4 on saatavilla suihkutiloissa k\u00e4ytett\u00e4ville alumiiniprofiileille? <\/b><\/p>\n<p>Suihkutilojen alumiiniprofiileja on saatavana erilaisina pintak\u00e4sittelyin\u00e4, kuten anodisoituina, jauhemaalattuina ja hiottuina, jotta ne sopivat erilaisiin esteettisiin mieltymyksiin.\n<\/p>\n<p><\/p>\n<p><b>5.Miten alumiiniprofiilit parantavat suihkuhuoneen asennusten kest\u00e4vyytt\u00e4? <\/b><\/p>\n<p>Alumiiniprofiilit antavat rakenteellista tukea ja suojaavat korroosiolta, mik\u00e4 parantaa suihkuhuoneen asennusten pitk\u00e4ik\u00e4isyytt\u00e4 ja kest\u00e4vyytt\u00e4.\n<\/p>\n<p><\/p>","protected":false},"featured_media":7253,"template":"","categories":[67],"class_list":["post-7254","product","type-product","status-publish","has-post-thumbnail","hentry","category-architectural-aluminium-profile"],"meta_box":{"hilight_text_group":{"product_hilight_text":"<li>Manufactured from high-quality 6063-T5 aluminum alloy, ensuring excellent corrosion resistance and durability for shower room applications<\/li>\r\r\n<li>Lightweight design facilitates easy handling and installation, reducing labor costs and time<\/li>\r\r\n<li>Available in various finishes, including anodized and powder-coated options, to match diverse aesthetic requirements<\/li>\r\r\n<li>Customizable profiles to accommodate different glass thicknesses and shower room designs<\/li>\r\r\n<li>Cost-effective manufacturing prices, starting from $0.50 per piece for bulk orders<\/li>","product_chanpin_blog":"<ul>\r\r\n<li><a href=\"https:\/\/sinoextrud.com\/t-slot-v-slot-differences\/\" target=\"_blank\">t slot vs v slot<\/a><\/li>\r\r\n<li><a href=\"https:\/\/sinoextrud.com\/what-is-4040-aluminium-extrud\/\" target=\"_blank\">4040 aluminium extrusion<\/a><\/li>\r\r\n<li><a href=\"https:\/\/sinoextrud.com\/what-is-4040-aluminium-extrud\/\" target=\"_blank\">aluminum extrusions for industrial racks<\/a><\/li>\r\r\n<li><a href=\"https:\/\/sinoextrud.com\/powder-coating-aluminium-process\/\" target=\"_blank\">powder coating aluminium<\/a><\/li>\r\r\n<li><a href=\"https:\/\/sinoextrud.com\/what-is-an-aluminium-strip-ceiling\/\" target=\"_blank\">aluminium strip ceiling<\/a><\/li>\r\r\n<li><a href=\"https:\/\/sinoextrud.com\/what-is-a-heat-sink\/\" target=\"_blank\">what is a heat sink<\/a><\/li>\r\r\n<\/ul>","product_chanpin_chanpin":"<li><a href=\"https:\/\/sinoextrud.com\/product\/cnc-machined-6063-extruded-aluminum-fasteners\/\" target=\"_blank\">CNC Machined 6063 Extruded Aluminum Fasteners<\/a><\/li>\r\n<li><a href=\"https:\/\/sinoextrud.com\/product\/6463-electroplated-finish-shower-enclosure-aluminum-profile\/\" target=\"_blank\">6463 Electroplated Finish Shower Enclosure Aluminum Profile<\/a><\/li>\r\n<li><a href=\"https:\/\/sinoextrud.com\/product\/aluminium-glass-profile\/\" target=\"_blank\">Aluminium Glass Profile<\/a><\/li>\r\n<li><a href=\"https:\/\/sinoextrud.com\/product\/customized-matt-electrophoresis-aluminum-extrusions-profile-for-building-material\/\" target=\"_blank\">Customized Matt Electrophoresis Aluminum Extrusions Profile For Building Material<\/a><\/li>\r\n<li><a href=\"https:\/\/sinoextrud.com\/product\/aluminium-profile-for-shower-room\/\" target=\"_blank\">Aluminium Profile For Shower Room<\/a><\/li>\r\n<li><a href=\"https:\/\/sinoextrud.com\/product\/bright-anodized-aluminum-profile\/\" target=\"_blank\">Bright Anodized Aluminum Profile<\/a><\/li>\r\n<li><a href=\"https:\/\/sinoextrud.com\/product\/modular-framing-systems\/\" target=\"_blank\">Modular Framing Systems<\/a><\/li>\r\n<li><a href=\"https:\/\/sinoextrud.com\/product\/aluminium-anodizing\/\" target=\"_blank\">Aluminium Anodizing<\/a><\/li>\r\n<li><a href=\"https:\/\/sinoextrud.com\/product\/extruded-aluminum-profiles\/\" target=\"_blank\">Extruded Aluminum Profiles<\/a><\/li>\r\n<li><a href=\"https:\/\/sinoextrud.com\/product\/architectural-aluminum-extrusion-profiles\/\" target=\"_blank\">Architectural Aluminum Extrusion Profiles<\/a><\/li>\r\n<li><a href=\"https:\/\/sinoextrud.com\/product\/octagon-aluminum-extrusion\/\" target=\"_blank\">Octagon Aluminum Extrusion<\/a><\/li>"},"feature_list":[]},"_links":{"self":[{"href":"https:\/\/sinoextrud.com\/fi\/wp-json\/wp\/v2\/product\/7254","targetHints":{"allow":["GET"]}}],"collection":[{"href":"https:\/\/sinoextrud.com\/fi\/wp-json\/wp\/v2\/product"}],"about":[{"href":"https:\/\/sinoextrud.com\/fi\/wp-json\/wp\/v2\/types\/product"}],"wp:featuredmedia":[{"embeddable":true,"href":"https:\/\/sinoextrud.com\/fi\/wp-json\/wp\/v2\/media\/7253"}],"wp:attachment":[{"href":"https:\/\/sinoextrud.com\/fi\/wp-json\/wp\/v2\/media?parent=7254"}],"wp:term":[{"taxonomy":"category","embeddable":true,"href":"https:\/\/sinoextrud.com\/fi\/wp-json\/wp\/v2\/categories?post=7254"}],"curies":[{"name":"wp","href":"https:\/\/api.w.org\/{rel}","templated":true}]}}