{"id":7240,"date":"2025-06-06T03:01:40","date_gmt":"2025-06-06T03:01:40","guid":{"rendered":"https:\/\/sinoextrud.com\/product\/oem-precision-cnc-machining-for-aluminum-parts\/"},"modified":"2025-06-24T06:12:19","modified_gmt":"2025-06-24T06:12:19","slug":"oem-tarkkuus-cnc-koneistus-alumiini-osat","status":"publish","type":"product","link":"https:\/\/sinoextrud.com\/fi\/product\/oem-precision-cnc-machining-for-aluminum-parts\/","title":{"rendered":"OEM Precision CNC-koneistus alumiiniosille"},"content":{"rendered":"<h2>Tuotteiden tiedot<\/h2>\n<table class=\"custom-table\">\n<tbody>\n<tr>\n<td> Kohde:<\/td>\n<td> OEM Precision CNC-koneistus alumiiniosille<\/td>\n<\/tr>\n<tr>\n<td> Materiaali:<\/td>\n<td> 100% alumiiniprofiiliseos: 6063-T5, 6061-T6, 6463-T5, 7075-T6, 6082, 5052, 2024, 7005, 6013, 7020 jne.<\/td>\n<\/tr>\n<tr>\n<td> Tuotemerkki:<\/td>\n<td> Sinoextrud-alumiini\/Sinoextrud-alumiiniprofiilit <\/td>\n<\/tr>\n<tr>\n<td> Koko:<\/td>\n<td> 1m-9m tai mukautettu koko<\/td>\n<\/tr>\n<tr>\n<td> Hakemus<\/td>\n<td> Huonekalut, ikkunat ja ovet, koristeet, teollisuus, rakentaminen jne.<\/td>\n<\/tr>\n<tr>\n<td> V\u00e4rit:<\/td>\n<td> Anodisoitu, woodgrain, jauhemaalaus, anodisoitu kiillotettu ja harjattu, elektroforeesi, flurocarbon jauhemaalattu jne.<\/td>\n<\/tr>\n<tr>\n<td> MOQ:<\/td>\n<td> 200 kg kutakin profiilia kohti<\/td>\n<\/tr>\n<tr>\n<td> OEM-palvelu<\/td>\n<td> asiakkaan suunnittelemien piirustusten tai n\u00e4ytteiden perusteella<\/td>\n<\/tr>\n<tr>\n<td> Sertifioitavissa<\/td>\n<td> ISO: 9001, SONCAP, BV-sertifikaatti tai asiakkaiden sertifikaatti Saatavana<\/td>\n<\/tr>\n<tr>\n<td> PackingDetails<\/td>\n<td> (1) Sis\u00e4ll\u00e4: pakattu muovisella suojakalvolla, joka suojaa kutakin profiilia.<br \/>\n(2) Ulkopuolella: pakattu vedenpit\u00e4v\u00e4ll\u00e4 paperilla.<\/td>\n<\/tr>\n<tr>\n<td> Toimitusaika:<\/td>\n<td> (1) DieDevelopingandSampletest: 12-18 p\u00e4iv\u00e4\u00e4.<br \/>\n (2) Tuotannon kesto: 25-30 p\u00e4iv\u00e4\u00e4 sen j\u00e4lkeen, kun ostaja on vahvistanut n\u00e4ytteen.<\/td>\n<\/tr>\n<tr>\n<td> Maksuehdot:<\/td>\n<td> T\/T, 30%downpayment, kun taas saldo on maksettava ennen toimitusta.<\/td>\n<\/tr>\n<tr>\n<td> Selvitystermi:<\/td>\n<td> Loppumaksu perustuu lopulliseen todelliseen fyysiseen punnitukseen.<\/td>\n<\/tr>\n<tr>\n<td> Tuotantokapasiteetti:<\/td>\n<td> 2400-3000 metrist\u00e4 tonnia kuukaudessa.<\/td>\n<\/tr>\n<tr>\n<td> Tuotannon takuu<\/td>\n<td> Surfacecolor kest\u00e4\u00e4 10 ~ 20 vuotta sis\u00e4k\u00e4yt\u00f6ss\u00e4.<\/td>\n<\/tr>\n<tr>\n<td> Satama:<\/td>\n<td> FOBShenzhen, Guangzhou, Foshan<\/td>\n<\/tr>\n<\/tbody>\n<\/table>\n<h2>Tuotantopohjamme<\/h2>\n<h3>Tehtaan panoraama<\/h3>\n<p><img decoding=\"async\" src=\"\/wp-content\/uploads\/factory-01.webp\"\/><\/p>\n<h3>Alumiini Bar Manufacturing Workshop<\/h3>\n<p><img decoding=\"async\" src=\"\/wp-content\/uploads\/factory-02.webp\"\/><\/p>\n<\/p>\n<p><img decoding=\"async\" src=\"\/wp-content\/uploads\/factory-03.webp\"\/><\/p>\n<h3>Muotin varastointi Varasto<\/h3>\n<p><img decoding=\"async\" src=\"\/wp-content\/uploads\/factory-04.webp\"\/><\/p>\n<h3>43 Alumiini ekstruusiolinjat (500\u00e2 5500 tonnia)<\/h3>\n<p><img decoding=\"async\" src=\"\/wp-content\/uploads\/factory-05.webp\"\/><\/p>\n<p><img decoding=\"async\" src=\"\/wp-content\/uploads\/factory-06.webp\"\/><\/p>\n<p><img decoding=\"async\" src=\"\/wp-content\/uploads\/factory-07.webp\"\/><\/p>\n<h3>Jauhemaalaus ty\u00f6paja<\/h3>\n<p><img decoding=\"async\" src=\"\/wp-content\/uploads\/factory-09.webp\"\/><\/p>\n<h3>Anodisointi ty\u00f6paja<\/h3>\n<p><img decoding=\"async\" src=\"\/wp-content\/uploads\/factory-10.webp\"\/><\/p>\n<h3>Syv\u00e4k\u00e4sittelyn ty\u00f6paja<\/h3>\n<p><img decoding=\"async\" src=\"\/wp-content\/uploads\/factory-11.webp\"\/><\/p>\n<h3>CNC-tarkkuuskoneistus ty\u00f6paja<\/h3>\n<p><img decoding=\"async\" src=\"\/wp-content\/uploads\/factory-11.5.webp\"\/><\/p>\n<h3>Valmiiden tuotteiden ja vientivarasto<\/h3>\n<p><img decoding=\"async\" src=\"\/wp-content\/uploads\/factory-12.webp\"\/><\/p>\n<p><img decoding=\"async\" src=\"\/wp-content\/uploads\/factory-13.webp\"\/><\/p>\n<p><img decoding=\"async\" src=\"\/wp-content\/uploads\/factory-14.webp\"\/><\/p>\n<h2>FAQ<\/h2>\n<p><b>1.Mit\u00e4 ovat 6063 T5 suulakepuristetut alumiiniset T-uraprofiilit? <\/b><\/p>\n<p> 6063 T5 suulakepuristetut alumiiniset T-uraprofiilit ovat 6063-T5-alumiiniseoksesta valmistettuja modulaarisia runkokomponentteja, joissa on T-muotoisia uria, jotka mahdollistavat rakenteiden monipuolisen kokoamisen ilman hitsausta.\n<\/p>\n<p><\/p>\n<p><b>2.Miksi valita 6063 T5 -alumiini T-uraprofiileihin? <\/b><\/p>\n<p> 6063 T5 -alumiini tarjoaa tasapainoisen tasapainon lujuuden, korroosionkest\u00e4vyyden ja erinomaisen pintak\u00e4sittelyn v\u00e4lill\u00e4, mik\u00e4 tekee siit\u00e4 ihanteellisen T-uraprofiileille, joita k\u00e4ytet\u00e4\u00e4n erilaisissa rakenteellisissa ja arkkitehtonisissa sovelluksissa.\n<\/p>\n<p><\/p>\n<p><b>3.What ovat yleisi\u00e4 sovelluksia 6063 T5 T-aukko alumiiniprofiilien? <\/b><\/p>\n<p> N\u00e4it\u00e4 profiileja k\u00e4ytet\u00e4\u00e4n yleisesti kehysten, koteloiden, ty\u00f6pisteiden, konesuojien ja n\u00e4ytt\u00f6yksik\u00f6iden rakentamiseen niiden modulaarisuuden ja kokoonpanon helppouden vuoksi.\n<\/p>\n<p><\/p>\n<p><b>4.Can 6063 T5 T-ura alumiiniprofiilit voidaan r\u00e4\u00e4t\u00e4l\u00f6id\u00e4? <\/b><\/p>\n<p> Kyll\u00e4, ne voidaan r\u00e4\u00e4t\u00e4l\u00f6id\u00e4 koon, aukkokokoonpanon ja viimeistelyn osalta vastaamaan erityisi\u00e4 suunnittelu- ja toiminnallisia vaatimuksia.\n<\/p>\n<p><\/p>\n<p><b>5.Soveltuvatko 6063 T5 T-ura-alumiiniprofiilit ulkok\u00e4ytt\u00f6\u00f6n? <\/b><\/p>\n<p> Niiden korroosionkest\u00e4vyys tekee niist\u00e4 ihanteellisia ulkok\u00e4ytt\u00f6\u00f6n, sill\u00e4 ne kest\u00e4v\u00e4t erilaisia s\u00e4\u00e4olosuhteita ilman, ett\u00e4 ne heikkenev\u00e4t.\n<\/p>\n<p><\/p>\n<p><b>6.Mit\u00e4 pintak\u00e4sittelyj\u00e4 on saatavana 6063 T5 T-ura-alumiiniprofiileille? <\/b><\/p>\n<p> Yleisi\u00e4 pintak\u00e4sittelyj\u00e4 ovat anodisointi ja jauhemaalaus, jotka parantavat korroosionkest\u00e4vyytt\u00e4 ja mahdollistavat erilaiset v\u00e4rivaihtoehdot suunnittelun estetiikan mukaan.\n<\/p>\n<p><\/p>\n<p><b>7.Miten kootaan rakenteita, joissa k\u00e4ytet\u00e4\u00e4n 6063 T5 T-uraisia alumiiniprofiileja? <\/b><\/p>\n<p> Asennuksessa k\u00e4ytet\u00e4\u00e4n yleens\u00e4 yhteensopivia liittimi\u00e4, kiinnikkeit\u00e4 ja lis\u00e4varusteita, jotka sopivat T-uriin, jolloin rakentaminen ja muuttaminen on helppoa ilman hitsausta.\n<\/p>\n<p><\/p>\n<p><b>8.Ovatko 6063 T5 T-ura-alumiiniprofiilit ymp\u00e4rist\u00f6yst\u00e4v\u00e4llisi\u00e4? <\/b><\/p>\n<p> Kyll\u00e4, alumiini on t\u00e4ysin kierr\u00e4tett\u00e4viss\u00e4, ja 6063 T5 T-urien alumiiniprofiilien k\u00e4ytt\u00f6 edist\u00e4\u00e4 kest\u00e4vi\u00e4 rakennusk\u00e4yt\u00e4nt\u00f6j\u00e4 v\u00e4hent\u00e4m\u00e4ll\u00e4 j\u00e4tett\u00e4 ja edist\u00e4m\u00e4ll\u00e4 materiaalin uudelleenk\u00e4ytt\u00f6\u00e4.<\/p>\n<p><\/p>","protected":false},"featured_media":7239,"template":"","categories":[67],"class_list":["post-7240","product","type-product","status-publish","has-post-thumbnail","hentry","category-architectural-aluminium-profile"],"meta_box":{"hilight_text_group":{"product_hilight_text":"<li>Manufactured from high-quality 6063-T5 aluminum alloy, offering excellent corrosion resistance and surface finish, ideal for architectural and structural applications.<\/li>\r\r\n<li>Lightweight yet strong construction facilitates easy handling and installation without compromising structural integrity.<\/li>\r\r\n<li>Available in various T-slot configurations, enabling modular assembly and flexibility in design for frameworks, enclosures, and workstations.<\/li>\r\r\n<li>Excellent anodizing properties allow for enhanced surface protection and aesthetic appeal in various finishes.<\/li>\r\r\n<li>Customizable lengths and profiles accommodate a wide range of project specifications and design requirements.<\/li>\r\r\n<li>High thermal and electrical conductivity makes them suitable for heat sinks and electrical enclosures.<\/li>\r\r\n<li>Environmentally friendly, as aluminum is 100% recyclable, supporting sustainable building practices.<\/li>","product_chanpin_blog":"<ul>\r\r\n<li><a href=\"https:\/\/sinoextrud.com\/t-slot-v-slot-differences\/\" target=\"_blank\">t slot vs v slot<\/a><\/li>\r\r\n<li><a href=\"https:\/\/sinoextrud.com\/what-is-4040-aluminium-extrud\/\" target=\"_blank\">4040 aluminium extrusion<\/a><\/li>\r\r\n<li><a href=\"https:\/\/sinoextrud.com\/what-is-4040-aluminium-extrud\/\" target=\"_blank\">aluminum extrusions for industrial racks<\/a><\/li>\r\r\n<li><a href=\"https:\/\/sinoextrud.com\/powder-coating-aluminium-process\/\" target=\"_blank\">powder coating aluminium<\/a><\/li>\r\r\n<li><a href=\"https:\/\/sinoextrud.com\/what-is-an-aluminium-strip-ceiling\/\" target=\"_blank\">aluminium strip ceiling<\/a><\/li>\r\r\n<li><a href=\"https:\/\/sinoextrud.com\/what-is-a-heat-sink\/\" target=\"_blank\">what is a heat sink<\/a><\/li>\r\r\n<\/ul>","product_chanpin_chanpin":"<li><a href=\"https:\/\/sinoextrud.com\/product\/aluminium-rail-profile\/\" target=\"_blank\">Aluminium Rail Profile<\/a><\/li>\r\n<li><a href=\"https:\/\/sinoextrud.com\/product\/industrial-aluminum-extrusions-aluminum-profile\/\" target=\"_blank\">Industrial Aluminum Extrusions Aluminum Profile<\/a><\/li>\r\n<li><a href=\"https:\/\/sinoextrud.com\/product\/aluminum-profile-for-kitchen-cabinet-accesory-manufacture-price\/\" target=\"_blank\">Aluminum Profile For Kitchen Cabinet Accesory Manufacture Price<\/a><\/li>\r\n<li><a href=\"https:\/\/sinoextrud.com\/product\/high-quality-aluminium-extrusion-profile-for-curtain-wall\/\" target=\"_blank\">High Quality Aluminium Extrusion Profile for Curtain Wall<\/a><\/li>\r\n<li><a href=\"https:\/\/sinoextrud.com\/product\/oem-precision-cnc-machining-for-aluminum-parts\/\" target=\"_blank\">OEM Precision CNC Machining For Aluminum Parts<\/a><\/li>\r\n<li><a href=\"https:\/\/sinoextrud.com\/product\/60x60-aluminium-extrusion\/\" target=\"_blank\">60\u00c3\u201460 Aluminium Extrusion<\/a><\/li>\r\n<li><a href=\"https:\/\/sinoextrud.com\/product\/extruded-aluminum-trim-shapes\/\" target=\"_blank\">Extruded Aluminum Trim Shapes<\/a><\/li>\r\n<li><a href=\"https:\/\/sinoextrud.com\/product\/cnc-machined-6063-extruded-aluminum-fasteners\/\" target=\"_blank\">CNC Machined 6063 Extruded Aluminum Fasteners<\/a><\/li>\r\n<li><a href=\"https:\/\/sinoextrud.com\/product\/6463-electroplated-finish-shower-enclosure-aluminum-profile\/\" target=\"_blank\">6463 Electroplated Finish Shower Enclosure Aluminum Profile<\/a><\/li>\r\n<li><a href=\"https:\/\/sinoextrud.com\/product\/l-shape-aluminum-angle-profile\/\" target=\"_blank\">L Shape Aluminum Angle Profile<\/a><\/li>\r\n<li><a href=\"https:\/\/sinoextrud.com\/product\/aluminum-outdoor-louvers\/\" target=\"_blank\">Aluminum Outdoor Louvers<\/a><\/li>"},"feature_list":[]},"_links":{"self":[{"href":"https:\/\/sinoextrud.com\/fi\/wp-json\/wp\/v2\/product\/7240","targetHints":{"allow":["GET"]}}],"collection":[{"href":"https:\/\/sinoextrud.com\/fi\/wp-json\/wp\/v2\/product"}],"about":[{"href":"https:\/\/sinoextrud.com\/fi\/wp-json\/wp\/v2\/types\/product"}],"wp:featuredmedia":[{"embeddable":true,"href":"https:\/\/sinoextrud.com\/fi\/wp-json\/wp\/v2\/media\/7239"}],"wp:attachment":[{"href":"https:\/\/sinoextrud.com\/fi\/wp-json\/wp\/v2\/media?parent=7240"}],"wp:term":[{"taxonomy":"category","embeddable":true,"href":"https:\/\/sinoextrud.com\/fi\/wp-json\/wp\/v2\/categories?post=7240"}],"curies":[{"name":"wp","href":"https:\/\/api.w.org\/{rel}","templated":true}]}}