{"id":7216,"date":"2025-06-06T02:24:13","date_gmt":"2025-06-06T02:24:13","guid":{"rendered":"https:\/\/sinoextrud.com\/product\/12-to-20-mm-glass-aluminum-glass-railing-price-per-foot\/"},"modified":"2025-06-24T06:12:15","modified_gmt":"2025-06-24T06:12:15","slug":"12-20-mm-lasi-alumiini-lasi-lasi-kaide-hinta-per-jalka","status":"publish","type":"product","link":"https:\/\/sinoextrud.com\/fi\/product\/12-to-20-mm-glass-aluminum-glass-railing-price-per-foot\/","title":{"rendered":"12-20 MM lasi alumiini lasi lasi kaiteet hinta per jalka"},"content":{"rendered":"<h2>Tuotteiden tiedot<\/h2>\n<table class=\"custom-table\">\n<tbody>\n<tr>\n<td> Kohde:<\/td>\n<td> 12-20 MM lasi alumiini lasi lasi kaide hinta per jalka<\/td>\n<td> Luokka:<\/td>\n<td> 6000-sarja<\/td>\n<\/tr>\n<tr>\n<td> Temperamentti:<\/td>\n<td> T5<\/td>\n<td> Alkuper\u00e4paikka:<\/td>\n<td> Foshan, Guangdong<\/td>\n<\/tr>\n<tr>\n<td> Muoto:<\/td>\n<td> R\u00e4\u00e4t\u00e4l\u00f6ity<\/td>\n<td> Seos tai ei:<\/td>\n<td> Metalliseos<\/td>\n<\/tr>\n<tr>\n<td> Materiaali:<\/td>\n<td> 6063<\/td>\n<td> Tuotemerkki:<\/td>\n<td> Sinoextrud, Sinoextrud<\/td>\n<\/tr>\n<tr>\n<td> V\u00e4ri:<\/td>\n<td> R\u00e4\u00e4t\u00e4l\u00f6ity Clolor<\/td>\n<td> Pintak\u00e4sittely:<\/td>\n<td> Anodisoitu, jauhemaalaus, harjattu, hiekkapuhallus, puunjyv\u00e4<\/td>\n<\/tr>\n<tr>\n<td> Toimitusaika:<\/td>\n<td> 25-30 p\u00e4iv\u00e4\u00e4<\/td>\n<td> MOQ:<\/td>\n<td> 200KG<\/td>\n<\/tr>\n<tr>\n<td> Maksuehto:<\/td>\n<td> 30% talletus, 70% saldo ennen toimitusta<\/td>\n<td> K\u00e4sittelypalvelu:<\/td>\n<td> Taivutus, purku, hitsaus, l\u00e4vistys, leikkaus<\/td>\n<\/tr>\n<tr>\n<td> Satama:<\/td>\n<td> Guangzhou, Shenzhen<\/td>\n<td> Takuu:<\/td>\n<td> asiakastodistus, kuten BV, Soncap, ISO<\/td>\n<\/tr>\n<tr>\n<td> Korkeus:<\/td>\n<td> 108 mm<\/td>\n<td> Leveys:<\/td>\n<td> 70 mm<\/td>\n<\/tr>\n<\/tbody>\n<\/table>\n<h2>Tuotantopohjamme<\/h2>\n<h3>Tehtaan panoraama<\/h3>\n<p><img decoding=\"async\" src=\"\/wp-content\/uploads\/factory-01.webp\"\/><\/p>\n<h3>Alumiini Bar Manufacturing Workshop<\/h3>\n<p><img decoding=\"async\" src=\"\/wp-content\/uploads\/factory-02.webp\"\/><\/p>\n<p><img decoding=\"async\" src=\"\/wp-content\/uploads\/factory-03.webp\"\/><\/p>\n<h3>Muotin varastointi Varasto<\/h3>\n<p><img decoding=\"async\" src=\"\/wp-content\/uploads\/factory-04.webp\"\/><\/p>\n<h3>43 Alumiini ekstruusiolinjat (500\u00e2 5500 tonnia)<\/h3>\n<p><img decoding=\"async\" src=\"\/wp-content\/uploads\/factory-05.webp\"\/><\/p>\n<p><img decoding=\"async\" src=\"\/wp-content\/uploads\/factory-06.webp\"\/><\/p>\n<p><img decoding=\"async\" src=\"\/wp-content\/uploads\/factory-07.webp\"\/><\/p>\n<h3>Jauhemaalaus ty\u00f6paja<\/h3>\n<p><img decoding=\"async\" src=\"\/wp-content\/uploads\/factory-09.webp\"\/><\/p>\n<h3>Anodisointi ty\u00f6paja<\/h3>\n<p><img decoding=\"async\" src=\"\/wp-content\/uploads\/factory-10.webp\"\/><\/p>\n<h3>Syv\u00e4k\u00e4sittelyn ty\u00f6paja<\/h3>\n<p><img decoding=\"async\" src=\"\/wp-content\/uploads\/factory-11.webp\"\/><\/p>\n<h3>CNC-tarkkuuskoneistus ty\u00f6paja<\/h3>\n<p><img decoding=\"async\" src=\"\/wp-content\/uploads\/factory-11.5.webp\"\/><\/p>\n<h3>Valmiiden tuotteiden ja vientivarasto<\/h3>\n<p><img decoding=\"async\" src=\"\/wp-content\/uploads\/factory-12.webp\"\/><\/p>\n<p><img decoding=\"async\" src=\"\/wp-content\/uploads\/factory-13.webp\"\/><\/p>\n<p><img decoding=\"async\" src=\"\/wp-content\/uploads\/factory-14.webp\"\/><\/p>\n<h2>FAQ<\/h2>\n<p><p><b>1.Mik\u00e4 on 12-20 MM lasi alumiini lasi lasi kaide hinta per jalka? <\/b><\/p>\n<p> Se viittaa 12-20 mm paksun lasin kanssa yhteensopivan, kaupallisissa ja asuinrakennuksissa yleisesti k\u00e4ytetyn alumiinisen lasikaidej\u00e4rjestelm\u00e4n kustannuksiin juoksevaa jalkaa kohti.<br \/>\n<\/p><br \/>\n<br \/>\n<p><b>2.Mink\u00e4 tyyppist\u00e4 lasia t\u00e4m\u00e4 kaidej\u00e4rjestelm\u00e4 tukee? <\/b><\/p>\n<p> Alumiininen lasikaide tukee 12-20 mm:n karkaistua tai laminoitua turvalasia lujuuden ja selkeyden takaamiseksi.<br \/>\n<\/p><br \/>\n<br \/>\n<p><b>3.Miksi valita alumiininen lasikaidej\u00e4rjestelm\u00e4? <\/b><\/p>\n<p> Alumiiniset lasikaidej\u00e4rjestelm\u00e4t ovat kevyit\u00e4, korroosionkest\u00e4vi\u00e4 ja tarjoavat modernin ulkon\u00e4\u00f6n v\u00e4h\u00e4isell\u00e4 huollolla.<br \/>\n<\/p><br \/>\n<br \/>\n<p><b>4.Onko hinnoittelu joustava projektin koon mukaan? <\/b><\/p>\n<p> Kyll\u00e4, 12-20 mm:n lasialumiinikaiteiden jalka- ja jalka-alan hintaa voidaan mukauttaa irtotavarana tai r\u00e4\u00e4t\u00e4l\u00f6ityjen projektien vaatimusten mukaan.<br \/>\n<\/p><br \/>\n<br \/>\n<p><b>5.Can t\u00e4m\u00e4 kaide voidaan k\u00e4ytt\u00e4\u00e4 ulkona? <\/b><\/p>\n<p> Anodisoitu tai pulverimaalattu alumiini kest\u00e4\u00e4 hyvin s\u00e4\u00e4t\u00e4 ja korroosiota, joten se sopii erinomaisesti parvekkeille, terasseille ja ulkoportaisiin.<br \/>\n<\/p><br \/>\n<br \/>\n<p><b>6.How on asennusprosessi alumiini lasi kaiteet? <\/b><\/p>\n<p> J\u00e4rjestelm\u00e4 on suunniteltu helppoon ja nopeaan asennukseen valmiiden modulaaristen komponenttien avulla.<br \/>\n<\/p><br \/>\n<br \/>\n<p><b>7.Mit\u00e4 viimeistelyj\u00e4 alumiinirunkoon on saatavana? <\/b><\/p>\n<p> Yleisi\u00e4 pintak\u00e4sittelyj\u00e4 ovat luonnon anodisoitu, mattamusta, hopea tai r\u00e4\u00e4t\u00e4l\u00f6ity jauhemaalaus arkkitehtonisten teemojen mukaan.<br \/>\n<\/p><br \/>\n<br \/>\n<p><b>8.T\u00e4ytt\u00e4\u00e4k\u00f6 t\u00e4m\u00e4 kaidej\u00e4rjestelm\u00e4 turvallisuusstandardit? <\/b><\/p>\n<p> Kyll\u00e4, kun se on asennettu asianmukaisella lasin paksuudella, se t\u00e4ytt\u00e4\u00e4 useimmat kaiteiden kansainv\u00e4liset turvallisuus- ja rakennusm\u00e4\u00e4r\u00e4ykset.<br \/>\n<\/p><br \/><\/p>","protected":false},"featured_media":7215,"template":"","categories":[67],"class_list":["post-7216","product","type-product","status-publish","has-post-thumbnail","hentry","category-architectural-aluminium-profile"],"meta_box":{"hilight_text_group":{"product_hilight_text":"<li>Compatible with 12 to 20 mm thick tempered or laminated glass panels.<\/li>\r\r\n<li>Durable aluminum structure ensures long-term outdoor and indoor use.<\/li>\r\r\n<li>Cost-effective price per foot for large-scale architectural projects.<\/li>\r\r\n<li>Corrosion-resistant anodized or powder-coated finish for low maintenance.<\/li>\r\r\n<li>Easy to install with modular components for quicker on-site assembly.<\/li>\r\r\n<li>Supports sleek, modern aesthetics with unobstructed glass views.<\/li>","product_chanpin_blog":"<ul>\r\r\n<li><a href=\"https:\/\/sinoextrud.com\/t-slot-v-slot-differences\/\" target=\"_blank\">t slot vs v slot<\/a><\/li>\r\r\n<li><a href=\"https:\/\/sinoextrud.com\/what-is-4040-aluminium-extrud\/\" target=\"_blank\">4040 aluminium extrusion<\/a><\/li>\r\r\n<li><a href=\"https:\/\/sinoextrud.com\/what-is-4040-aluminium-extrud\/\" target=\"_blank\">aluminum extrusions for industrial racks<\/a><\/li>\r\r\n<li><a href=\"https:\/\/sinoextrud.com\/powder-coating-aluminium-process\/\" target=\"_blank\">powder coating aluminium<\/a><\/li>\r\r\n<li><a href=\"https:\/\/sinoextrud.com\/what-is-an-aluminium-strip-ceiling\/\" target=\"_blank\">aluminium strip ceiling<\/a><\/li>\r\r\n<li><a href=\"https:\/\/sinoextrud.com\/what-is-a-heat-sink\/\" target=\"_blank\">what is a heat sink<\/a><\/li>\r\r\n<\/ul>","product_chanpin_chanpin":"<li><a href=\"https:\/\/sinoextrud.com\/product\/anodized-powder-coated-aluminum-extrusion-profile-for-outdoor-louver-shutter\/\" target=\"_blank\">Anodized Powder Coated Aluminum Extrusion Profile For Outdoor Louver Shutter<\/a><\/li>\r\n<li><a href=\"https:\/\/sinoextrud.com\/product\/extrusion-aluminium-tube-pipe-aluminum-polishing-style\/\" target=\"_blank\">Extrusion Aluminium Tube Pipe Aluminum Polishing Style<\/a><\/li>\r\n<li><a href=\"https:\/\/sinoextrud.com\/product\/10-series-golden-aluminum-extrusion-profiles\/\" target=\"_blank\">10 Series Golden Aluminum Extrusion Profiles<\/a><\/li>\r\n<li><a href=\"https:\/\/sinoextrud.com\/product\/10x10-aluminum-extrusion-for-decoration\/\" target=\"_blank\">10\u00d710 Aluminum Extrusion For Decoration<\/a><\/li>\r\n<li><a href=\"https:\/\/sinoextrud.com\/product\/12-to-20-mm-glass-aluminum-glass-railing-price-per-foot\/\" target=\"_blank\">12 To 20 MM Glass Aluminum Glass Railing Price Per Foot<\/a><\/li>\r\n<li><a href=\"https:\/\/sinoextrud.com\/product\/aluminum-extrusion-framing-systems\/\" target=\"_blank\">Aluminum Extrusion Framing Systems<\/a><\/li>\r\n<li><a href=\"https:\/\/sinoextrud.com\/product\/aluminium-door-frame-extrusions\/\" target=\"_blank\">Aluminium Door Frame Extrusions<\/a><\/li>\r\n<li><a href=\"https:\/\/sinoextrud.com\/product\/aluminium-fence-slats-aluminum-strips-aluminium-bean-and-aluminium-channel\/\" target=\"_blank\">Aluminium Fence Slats Aluminum Strips Aluminium Bean and Aluminium Channel<\/a><\/li>\r\n<li><a href=\"https:\/\/sinoextrud.com\/product\/aluminium-sliding-door-with-french-style-bi-folding-glass-wall-door-energy-saving-heat-insulation\/\" target=\"_blank\">Aluminium Sliding Door With French Style Bi-folding Glass Wall Door Energy Saving Heat Insulation<\/a><\/li>\r\n<li><a href=\"https:\/\/sinoextrud.com\/product\/6061-t5-l-shape-aluminum-profile-bar-customized-40x40-extruded-aluminum-angle-profile\/\" target=\"_blank\">6061-t5 L Shape Aluminum Profile Bar Customized 40\u00d740 Extruded Aluminum Angle Profile<\/a><\/li>\r\n<li><a href=\"https:\/\/sinoextrud.com\/product\/electrophoretic-wood-surface-aluminum-square-pipe\/\" target=\"_blank\">Electrophoretic wood surface-aluminum Square Pipe<\/a><\/li>"},"feature_list":[]},"_links":{"self":[{"href":"https:\/\/sinoextrud.com\/fi\/wp-json\/wp\/v2\/product\/7216","targetHints":{"allow":["GET"]}}],"collection":[{"href":"https:\/\/sinoextrud.com\/fi\/wp-json\/wp\/v2\/product"}],"about":[{"href":"https:\/\/sinoextrud.com\/fi\/wp-json\/wp\/v2\/types\/product"}],"wp:featuredmedia":[{"embeddable":true,"href":"https:\/\/sinoextrud.com\/fi\/wp-json\/wp\/v2\/media\/7215"}],"wp:attachment":[{"href":"https:\/\/sinoextrud.com\/fi\/wp-json\/wp\/v2\/media?parent=7216"}],"wp:term":[{"taxonomy":"category","embeddable":true,"href":"https:\/\/sinoextrud.com\/fi\/wp-json\/wp\/v2\/categories?post=7216"}],"curies":[{"name":"wp","href":"https:\/\/api.w.org\/{rel}","templated":true}]}}