{"id":7210,"date":"2025-06-06T01:58:03","date_gmt":"2025-06-06T01:58:03","guid":{"rendered":"https:\/\/sinoextrud.com\/product\/extrusion-aluminium-tube-pipe-aluminum-polishing-style\/"},"modified":"2025-06-24T06:12:13","modified_gmt":"2025-06-24T06:12:13","slug":"suulakepuristettu-alumiiniputki-putki-alumiini-kiillotus-tyyli","status":"publish","type":"product","link":"https:\/\/sinoextrud.com\/fi\/product\/extrusion-aluminium-tube-pipe-aluminum-polishing-style\/","title":{"rendered":"Puristamiseen alumiini putki putki alumiini kiillotus tyyli"},"content":{"rendered":"<h2>Tuotteiden tiedot<\/h2>\n<table class=\"custom-table\">\n<tr>\n<td class=\"label\">Malli NO.:<\/td>\n<td>Suulakepuristus Alumiiniputki \/ putki \/ alumiini Kiillotus Style\uff0c<\/td>\n<\/tr>\n<tr>\n<td class=\"label\">Kohde:<\/td>\n<td>Kiillotettu alumiiniputki\uff0c<\/td>\n<\/tr>\n<tr>\n<td class=\"label\">Pintak\u00e4sittely:<\/td>\n<td>Kiillotettu\uff0c<\/td>\n<\/tr>\n<tr>\n<td class=\"label\">Seos:<\/td>\n<td>Alloy\uff0c<\/td>\n<\/tr>\n<tr>\n<td class=\"label\">Ulkohalkaisija:<\/td>\n<td>Od 2.6mm - 90mm\uff0c<\/td>\n<\/tr>\n<tr>\n<td class=\"label\">Paksuus:<\/td>\n<td>0,1mm - 10mm\uff0c<\/td>\n<\/tr>\n<tr>\n<td class=\"label\">Alkuper\u00e4paikka:<\/td>\n<td>Foshan, Kiina (Manner)\uff0c<\/td>\n<\/tr>\n<tr>\n<td class=\"label\">Mallinumero:<\/td>\n<td>Tl\uff0c<\/td>\n<\/tr>\n<tr>\n<td class=\"label\">Al (Min):<\/td>\n<td>98.8%\uff0c<\/td>\n<\/tr>\n<tr>\n<td class=\"label\">Kuljetuspaketti:<\/td>\n<td>Asiakkaiden vaatimusten mukaan\uff0c<\/td>\n<\/tr>\n<tr>\n<td class=\"label\">Muoto:<\/td>\n<td>Round\uff0c<\/td>\n<\/tr>\n<tr>\n<td class=\"label\">Luokka:<\/td>\n<td>6000-sarja\uff0c<\/td>\n<\/tr>\n<tr>\n<td class=\"label\">Temperamentti:<\/td>\n<td>T3 - T8\uff0c<\/td>\n<\/tr>\n<tr>\n<td class=\"label\">Sein\u00e4m\u00e4n paksuus:<\/td>\n<td>pyynn\u00f6st\u00e4si\uff0c<\/td>\n<\/tr>\n<tr>\n<td class=\"label\">Pituus:<\/td>\n<td>1-9M\uff0c<\/td>\n<\/tr>\n<tr>\n<td class=\"label\">Tuotemerkki:<\/td>\n<td>Sinoextrud\uff0c<\/td>\n<\/tr>\n<tr>\n<td class=\"label\">Kovuus:<\/td>\n<td>Alumiiniseosputki\uff0c<\/td>\n<\/tr>\n<tr>\n<td class=\"label\">Tekniset tiedot:<\/td>\n<td>EN, ASTM, JIH ja GB\uff0c<\/td>\n<\/tr>\n<tr>\n<td class=\"label\">HS-koodi:<\/td>\n<td>76082010\uff0c<\/td>\n<\/tr>\n<\/table>\n<h2>Tuotantopohjamme<\/h2>\n<h3>Tehtaan panoraama<\/h3>\n<p><img decoding=\"async\" src=\"\/wp-content\/uploads\/factory-01.webp\"\/><\/p>\n<h3>Alumiini Bar Manufacturing Workshop<\/h3>\n<p><img decoding=\"async\" src=\"\/wp-content\/uploads\/factory-02.webp\"\/><\/p>\n<p><img decoding=\"async\" src=\"\/wp-content\/uploads\/factory-03.webp\"\/><\/p>\n<h3>Muotin varastointi Varasto<\/h3>\n<p><img decoding=\"async\" src=\"\/wp-content\/uploads\/factory-04.webp\"\/><\/p>\n<h3>43 alumiinin ekstruusiolinjat (500-5500 tonnia)<\/h3>\n<p><img decoding=\"async\" src=\"\/wp-content\/uploads\/factory-05.webp\"\/><\/p>\n<p><img decoding=\"async\" src=\"\/wp-content\/uploads\/factory-06.webp\"\/><\/p>\n<p><img decoding=\"async\" src=\"\/wp-content\/uploads\/factory-07.webp\"\/><\/p>\n<h3>Jauhemaalaus ty\u00f6paja<\/h3>\n<p><img decoding=\"async\" src=\"\/wp-content\/uploads\/factory-09.webp\"\/><\/p>\n<h3>Anodisointi ty\u00f6paja<\/h3>\n<p><img decoding=\"async\" src=\"\/wp-content\/uploads\/factory-10.webp\"\/><\/p>\n<h3>Syv\u00e4k\u00e4sittelyn ty\u00f6paja<\/h3>\n<p><img decoding=\"async\" src=\"\/wp-content\/uploads\/factory-11.webp\"\/><\/p>\n<h3>CNC-tarkkuuskoneistus ty\u00f6paja<\/h3>\n<p><img decoding=\"async\" src=\"\/wp-content\/uploads\/factory-11.5.webp\"\/><\/p>\n<h3>Valmiiden tuotteiden ja vientivarasto<\/h3>\n<p><img decoding=\"async\" src=\"\/wp-content\/uploads\/factory-12.webp\"\/><\/p>\n<p><img decoding=\"async\" src=\"\/wp-content\/uploads\/factory-13.webp\"\/><\/p>\n<p><img decoding=\"async\" src=\"\/wp-content\/uploads\/factory-14.webp\"\/><\/p>\n<h2>FAQ<\/h2>\n<p><p><b>1.What on materiaali, jota k\u00e4ytet\u00e4\u00e4n puristamiseen alumiiniputken putki?<\/b><\/p>\n<p>Tuote on valmistettu korkealaatuisesta suulakepuristetusta alumiinista, joka tarjoaa kest\u00e4vyytt\u00e4 ja rakenteellista eheytt\u00e4.<br \/>\n<\/p><br \/>\n<br \/>\n<p><b>2.Mik\u00e4 tekee alumiinin kiillotustyylist\u00e4 erityisen?<\/b><\/p>\n<p>Alumiinin kiillotustyyli antaa sile\u00e4n, kiilt\u00e4v\u00e4n pinnan, joka parantaa esteettisyytt\u00e4 ja lis\u00e4\u00e4 kulutuksen ja korroosion kest\u00e4vyytt\u00e4.<br \/>\n<\/p><br \/>\n<br \/>\n<p><b>3.Voiko alumiiniputkea k\u00e4ytt\u00e4\u00e4 ulkona?<\/b><\/p>\n<p>Kyll\u00e4, suulakepuristettu alumiiniputki on korroosionkest\u00e4v\u00e4 ja soveltuu hyvin ulkok\u00e4ytt\u00f6\u00f6n.<br \/>\n<\/p><br \/>\n<br \/>\n<p><b>4.Onko tuotetta saatavana mukautetuissa kooissa?<\/b><\/p>\n<p>Kyll\u00e4, r\u00e4\u00e4t\u00e4l\u00f6ityj\u00e4 mittoja ja viimeistelyj\u00e4 on saatavana erityisten projektivaatimusten t\u00e4ytt\u00e4miseksi.<br \/>\n<\/p><br \/>\n<br \/>\n<p><b>5.Onko suulakepuristetun alumiiniputken kanssa helppo ty\u00f6skennell\u00e4?<\/b><\/p>\n<p>Se on ehdottomasti helppo leikata, ty\u00f6st\u00e4\u00e4, hitsata ja valmistaa monenlaisiin teollisiin sovelluksiin.<br \/>\n<\/p><br \/>\n<br \/>\n<p><b>6.Mitk\u00e4 teollisuudenalat k\u00e4ytt\u00e4v\u00e4t yleisesti kiillotettuja alumiiniputkia?<\/b><\/p>\n<p>Kiillotettuja suulakepuristettuja alumiiniputkia k\u00e4ytet\u00e4\u00e4n laajalti rakennus-, auto-, huonekalu- ja koristeteollisuudessa.<br \/>\n<\/p><br \/>\n<br \/>\n<p><b>7.Vaikuttaako kiillotettu alumiini johtavuuteen?<\/b><\/p>\n<p>Ei, alumiini s\u00e4ilytt\u00e4\u00e4 erinomaisen l\u00e4mm\u00f6n- ja s\u00e4hk\u00f6njohtavuuden my\u00f6s kiillotuksen j\u00e4lkeen.<br \/>\n<\/p><br \/>\n<br \/>\n<p><b>8.Soveltuuko t\u00e4m\u00e4 tuote arkkitehtuurik\u00e4ytt\u00f6\u00f6n?<\/b><\/p>\n<p>Kyll\u00e4, sen tyylik\u00e4s viimeistely ja lujuus tekev\u00e4t siit\u00e4 ihanteellisen arkkitehtuuri- ja suunnitteluprojekteihin.<br \/>\n<\/p><br \/>\n<br \/>\n<p><b>9.Miten kiillotettua pintaa huolletaan?<\/b><\/p>\n<p>Kiillotettu alumiinipinta on v\u00e4h\u00e4n huoltoa vaativa, ja se voidaan puhdistaa helposti hankaamattomilla puhdistusaineilla.<\/p>\n<p><\/p><br \/><\/p>","protected":false},"featured_media":7209,"template":"","categories":[67],"class_list":["post-7210","product","type-product","status-publish","has-post-thumbnail","hentry","category-architectural-aluminium-profile"],"meta_box":{"hilight_text_group":{"product_hilight_text":"<li>Manufactured using high-quality extrusion aluminum for enhanced strength and precision<\/li>\r\r\n<li>Polished surface finish delivers a sleek, professional appearance<\/li>\r\r\n<li>Corrosion-resistant material suitable for both indoor and outdoor applications<\/li>\r\r\n<li>Lightweight yet durable structure ideal for industrial and architectural use<\/li>\r\r\n<li>Customizable dimensions and finishes available to meet specific project needs<\/li>\r\r\n<li>Easy to machine, weld, and fabricate for various industrial applications<\/li>\r\r\n<li>Excellent thermal and electrical conductivity properties<\/li>","product_chanpin_blog":"<ul>\r\r\n<li><a href=\"https:\/\/sinoextrud.com\/t-slot-v-slot-differences\/\" target=\"_blank\">t slot vs v slot<\/a><\/li>\r\r\n<li><a href=\"https:\/\/sinoextrud.com\/what-is-4040-aluminium-extrud\/\" target=\"_blank\">4040 aluminium extrusion<\/a><\/li>\r\r\n<li><a href=\"https:\/\/sinoextrud.com\/what-is-4040-aluminium-extrud\/\" target=\"_blank\">aluminum extrusions for industrial racks<\/a><\/li>\r\r\n<li><a href=\"https:\/\/sinoextrud.com\/powder-coating-aluminium-process\/\" target=\"_blank\">powder coating aluminium<\/a><\/li>\r\r\n<li><a href=\"https:\/\/sinoextrud.com\/what-is-an-aluminium-strip-ceiling\/\" target=\"_blank\">aluminium strip ceiling<\/a><\/li>\r\r\n<li><a href=\"https:\/\/sinoextrud.com\/what-is-a-heat-sink\/\" target=\"_blank\">what is a heat sink<\/a><\/li>\r\r\n<\/ul>","product_chanpin_chanpin":"<li><a href=\"https:\/\/sinoextrud.com\/product\/the-world-most-popular-6000-series-aluminum-extrusion-profile-louver-shutter-for-adjustable-waterproof-louver-windows\/\" target=\"_blank\">The World Most Popular 6000 Series aluminum extrusion Profile louver shutter For Adjustable Waterproof Louver Windows<\/a><\/li>\r\n<li><a href=\"https:\/\/sinoextrud.com\/product\/aluminum-extrusion-solar-panel-frame\/\" target=\"_blank\">Aluminum extrusion solar panel frame<\/a><\/li>\r\n<li><a href=\"https:\/\/sinoextrud.com\/product\/aluminum-partitioning-windows-doors-nigeria-design\/\" target=\"_blank\">Aluminum Partitioning Windows Doors Nigeria Design<\/a><\/li>\r\n<li><a href=\"https:\/\/sinoextrud.com\/product\/anodized-powder-coated-aluminum-extrusion-profile-for-outdoor-louver-shutter\/\" target=\"_blank\">Anodized Powder Coated Aluminum Extrusion Profile For Outdoor Louver Shutter<\/a><\/li>\r\n<li><a href=\"https:\/\/sinoextrud.com\/product\/extrusion-aluminium-tube-pipe-aluminum-polishing-style\/\" target=\"_blank\">Extrusion Aluminium Tube Pipe Aluminum Polishing Style<\/a><\/li>\r\n<li><a href=\"https:\/\/sinoextrud.com\/product\/10-series-golden-aluminum-extrusion-profiles\/\" target=\"_blank\">10 Series Golden Aluminum Extrusion Profiles<\/a><\/li>\r\n<li><a href=\"https:\/\/sinoextrud.com\/product\/10x10-aluminum-extrusion-for-decoration\/\" target=\"_blank\">10\u00c3\u201410 Aluminum Extrusion For Decoration<\/a><\/li>\r\n<li><a href=\"https:\/\/sinoextrud.com\/product\/12-to-20-mm-glass-aluminum-glass-railing-price-per-foot\/\" target=\"_blank\">12 To 20 MM Glass Aluminum Glass Railing Price Per Foot<\/a><\/li>\r\n<li><a href=\"https:\/\/sinoextrud.com\/product\/aluminum-extrusion-framing-systems\/\" target=\"_blank\">Aluminum Extrusion Framing Systems<\/a><\/li>\r\n<li><a href=\"https:\/\/sinoextrud.com\/product\/aluminum-handrail-systems\/\" target=\"_blank\">Aluminum Handrail Systems<\/a><\/li>\r\n<li><a href=\"https:\/\/sinoextrud.com\/product\/extruded-aluminium-retangular-tube\/\" target=\"_blank\">Extruded Aluminium Retangular Tube<\/a><\/li>"},"feature_list":[]},"_links":{"self":[{"href":"https:\/\/sinoextrud.com\/fi\/wp-json\/wp\/v2\/product\/7210","targetHints":{"allow":["GET"]}}],"collection":[{"href":"https:\/\/sinoextrud.com\/fi\/wp-json\/wp\/v2\/product"}],"about":[{"href":"https:\/\/sinoextrud.com\/fi\/wp-json\/wp\/v2\/types\/product"}],"wp:featuredmedia":[{"embeddable":true,"href":"https:\/\/sinoextrud.com\/fi\/wp-json\/wp\/v2\/media\/7209"}],"wp:attachment":[{"href":"https:\/\/sinoextrud.com\/fi\/wp-json\/wp\/v2\/media?parent=7210"}],"wp:term":[{"taxonomy":"category","embeddable":true,"href":"https:\/\/sinoextrud.com\/fi\/wp-json\/wp\/v2\/categories?post=7210"}],"curies":[{"name":"wp","href":"https:\/\/api.w.org\/{rel}","templated":true}]}}