{"id":7204,"date":"2025-06-06T01:50:12","date_gmt":"2025-06-06T01:50:12","guid":{"rendered":"https:\/\/sinoextrud.com\/product\/aluminum-extrusion-solar-panel-frame\/"},"modified":"2025-06-24T06:12:13","modified_gmt":"2025-06-24T06:12:13","slug":"alumiini-suulakepuristus-aurinkopaneeli-runko","status":"publish","type":"product","link":"https:\/\/sinoextrud.com\/fi\/product\/aluminum-extrusion-solar-panel-frame\/","title":{"rendered":"Alumiinipuristus aurinkopaneelin runko"},"content":{"rendered":"<h2>Tuotteiden tiedot<\/h2>\n<table class=\"custom-table\">\n<tr>\n<td class=\"label\">Kohde:<\/td>\n<td> Alumiinipuristettu aurinkopaneelin runko\uff0c<\/td>\n<\/tr>\n<tr>\n<td class=\"label\">Luokka:<\/td>\n<td> 6000-sarja\uff0c<\/td>\n<\/tr>\n<tr>\n<td class=\"label\">Temperamentti:<\/td>\n<td> T3 - T8\uff0c<\/td>\n<\/tr>\n<tr>\n<td class=\"label\">Pituus:<\/td>\n<td>1-9 metri\u00e4 tai r\u00e4\u00e4t\u00e4l\u00f6ityj\u00e4\uff0c<\/td>\n<\/tr>\n<tr>\n<td class=\"label\">Seos:<\/td>\n<td> Alloy\uff0c<\/td>\n<\/tr>\n<tr>\n<td class=\"label\">Koko:<\/td>\n<td> R\u00e4\u00e4t\u00e4l\u00f6ity\uff0c<\/td>\n<\/tr>\n<tr>\n<td class=\"label\">Tuotantotyyppi:<\/td>\n<td> Massatuotanto\uff0c<\/td>\n<\/tr>\n<tr>\n<td class=\"label\">Sovellus:<\/td>\n<td> Alumiininen Solor-paneelin runkoprofiili\uff0c<\/td>\n<\/tr>\n<tr>\n<td class=\"label\">Tavaramerkki:<\/td>\n<td> Sinoextrud (Sinoextrud) \/ OEM\uff0c<\/td>\n<\/tr>\n<tr>\n<td class=\"label\">Alkuper\u00e4:<\/td>\n<td> Foshan, Kiina<br \/>\n \uff0c<\/td>\n<\/tr>\n<\/table>\n<h2>Tuotantopohjamme<\/h2>\n<h3>Tehtaan panoraama<\/h3>\n<p><img decoding=\"async\" src=\"\/wp-content\/uploads\/factory-01.webp\"\/><\/p>\n<h3>Alumiini Bar Manufacturing Workshop<\/h3>\n<p><img decoding=\"async\" src=\"\/wp-content\/uploads\/factory-02.webp\"\/><\/p>\n<p><img decoding=\"async\" src=\"\/wp-content\/uploads\/factory-03.webp\"\/><\/p>\n<h3>Muotin varastointi Varasto<\/h3>\n<p><img decoding=\"async\" src=\"\/wp-content\/uploads\/factory-04.webp\"\/><\/p>\n<h3>43 alumiinin ekstruusiolinjat (500-5500 tonnia)<\/h3>\n<p><img decoding=\"async\" src=\"\/wp-content\/uploads\/factory-05.webp\"\/><\/p>\n<p><img decoding=\"async\" src=\"\/wp-content\/uploads\/factory-06.webp\"\/><\/p>\n<p><img decoding=\"async\" src=\"\/wp-content\/uploads\/factory-07.webp\"\/><\/p>\n<h3>Jauhemaalaus ty\u00f6paja<\/h3>\n<p><img decoding=\"async\" src=\"\/wp-content\/uploads\/factory-09.webp\"\/><\/p>\n<h3>Anodisointi ty\u00f6paja<\/h3>\n<p><img decoding=\"async\" src=\"\/wp-content\/uploads\/factory-10.webp\"\/><\/p>\n<h3>Syv\u00e4k\u00e4sittelyn ty\u00f6paja<\/h3>\n<p><img decoding=\"async\" src=\"\/wp-content\/uploads\/factory-11.webp\"\/><\/p>\n<h3>CNC-tarkkuuskoneistus ty\u00f6paja<\/h3>\n<p><img decoding=\"async\" src=\"\/wp-content\/uploads\/factory-11.5.webp\"\/><\/p>\n<h3>Valmiiden tuotteiden ja vientivarasto<\/h3>\n<p><img decoding=\"async\" src=\"\/wp-content\/uploads\/factory-12.webp\"\/><\/p>\n<p><img decoding=\"async\" src=\"\/wp-content\/uploads\/factory-13.webp\"\/><\/p>\n<p><img decoding=\"async\" src=\"\/wp-content\/uploads\/factory-14.webp\"\/><\/p>\n<h2>FAQ<\/h2>\n<p><p><b>1.Mik\u00e4 on alumiininen ekstruusio-aurinkopaneelin runko?<\/b><\/p>\n<p>Aurinkopaneelien alumiiniprofiilirunko on rakenteellinen alumiiniprofiili, joka on suunniteltu tukemaan ja kiinnitt\u00e4m\u00e4\u00e4n aurinkopaneelit aurinkos\u00e4hk\u00f6j\u00e4rjestelmiss\u00e4.<br \/>\n<\/p><br \/>\n<br \/>\n<p><b>2.Miksi k\u00e4ytt\u00e4\u00e4 alumiinia aurinkopaneelien kehyksiss\u00e4?<\/b><\/p>\n<p>Alumiini on kevytt\u00e4, vahvaa ja korroosionkest\u00e4v\u00e4\u00e4, joten se soveltuu erinomaisesti pitk\u00e4aikaiseen ulkok\u00e4ytt\u00f6\u00f6n aurinkoasennuksissa.<br \/>\n<\/p><br \/>\n<br \/>\n<p><b>3.Are alumiini suulakepuristettu aurinkopaneeli kehykset s\u00e4\u00e4nkest\u00e4v\u00e4?<\/b><\/p>\n<p>Kyll\u00e4, ne on suunniteltu kest\u00e4m\u00e4\u00e4n UV-altistusta, sadetta, tuulta ja muita ulko-olosuhteita ilman, ett\u00e4 ne heikkenev\u00e4t.<br \/>\n<\/p><br \/>\n<br \/>\n<p><b>4.Can alumiini aurinkopaneeli kehykset voidaan r\u00e4\u00e4t\u00e4l\u00f6id\u00e4?<\/b><\/p>\n<p>Kyll\u00e4, kehykset voidaan r\u00e4\u00e4t\u00e4l\u00f6id\u00e4 pituudeltaan, profiilin muodoltaan ja viimeistelylt\u00e4\u00e4n tiettyihin aurinkopaneelimalleihin ja j\u00e4rjestelm\u00e4n asetteluun sopiviksi.<br \/>\n<\/p><br \/>\n<br \/>\n<p><b>5.Toimivatko n\u00e4m\u00e4 kehykset kaikkien aurinkopaneelien kanssa?<\/b><\/p>\n<p>Useimmat alumiiniset aurinkopaneelikehykset ovat yhteensopivia aurinkos\u00e4hk\u00f6paneelien vakiokokojen ja kiinnitysj\u00e4rjestelmien kanssa.<br \/>\n<\/p><br \/>\n<br \/>\n<p><b>6.Ovatko alumiiniset aurinkokehykset helppo asentaa?<\/b><\/p>\n<p>Kyll\u00e4, niiden kevyt rakenne ja tarkat mitat nopeuttavat ja helpottavat asennusta ja v\u00e4hent\u00e4v\u00e4t ty\u00f6voimakustannuksia.<br \/>\n<\/p><br \/>\n<br \/>\n<p><b>7.Onko alumiini ymp\u00e4rist\u00f6yst\u00e4v\u00e4llinen materiaali aurinkokehyksi\u00e4 varten?<\/b><\/p>\n<p>Ehdottomasti, alumiini on 100% kierr\u00e4tett\u00e4v\u00e4\u00e4 ja tukee aurinkoenergiaj\u00e4rjestelmien kest\u00e4vyystavoitteita.<br \/>\n<\/p><br \/>\n<br \/>\n<p><b>8.Mitk\u00e4 ovat suulakepuristettujen kehysten k\u00e4yt\u00f6n edut ter\u00e4kseen verrattuna?<\/b><\/p>\n<p>Suulakepuristetut alumiinirungot ovat kevyempi\u00e4, korroosionkest\u00e4v\u00e4mpi\u00e4 ja helpommin k\u00e4sitelt\u00e4vi\u00e4 kuin ter\u00e4s, mik\u00e4 parantaa sek\u00e4 asennusta ett\u00e4 pitk\u00e4ik\u00e4isyytt\u00e4.<br \/>\n<\/p><br \/><\/p>","protected":false},"featured_media":7203,"template":"","categories":[67],"class_list":["post-7204","product","type-product","status-publish","has-post-thumbnail","hentry","category-architectural-aluminium-profile"],"meta_box":{"hilight_text_group":{"product_hilight_text":"<li>High-strength aluminum ensures long-lasting solar panel support<\/li>\r\r\n<li>Corrosion-resistant surface ideal for harsh outdoor environments<\/li>\r\r\n<li>Lightweight design reduces transportation and installation costs<\/li>\r\r\n<li>Precision extrusion guarantees easy panel alignment and fit<\/li>\r\r\n<li>Customizable sizes and finishes for different solar system designs<\/li>\r\r\n<li>Compatible with most photovoltaic panel types and mounting systems<\/li>\r\r\n<li>Environmentally friendly and fully recyclable material<\/li>","product_chanpin_blog":"<ul>\r\r\n<li><a href=\"https:\/\/sinoextrud.com\/t-slot-v-slot-differences\/\" target=\"_blank\">t slot vs v slot<\/a><\/li>\r\r\n<li><a href=\"https:\/\/sinoextrud.com\/what-is-4040-aluminium-extrud\/\" target=\"_blank\">4040 aluminium extrusion<\/a><\/li>\r\r\n<li><a href=\"https:\/\/sinoextrud.com\/what-is-4040-aluminium-extrud\/\" target=\"_blank\">aluminum extrusions for industrial racks<\/a><\/li>\r\r\n<li><a href=\"https:\/\/sinoextrud.com\/powder-coating-aluminium-process\/\" target=\"_blank\">powder coating aluminium<\/a><\/li>\r\r\n<li><a href=\"https:\/\/sinoextrud.com\/what-is-an-aluminium-strip-ceiling\/\" target=\"_blank\">aluminium strip ceiling<\/a><\/li>\r\r\n<li><a href=\"https:\/\/sinoextrud.com\/what-is-a-heat-sink\/\" target=\"_blank\">what is a heat sink<\/a><\/li>\r\r\n<\/ul>","product_chanpin_chanpin":"<li><a href=\"https:\/\/sinoextrud.com\/product\/powder-coating-aluminum-window-profile\/\" target=\"_blank\">Powder Coating Aluminum Window Profile<\/a><\/li>\r\n<li><a href=\"https:\/\/sinoextrud.com\/product\/aluminum-windows-and-doors-for-nigeria\/\" target=\"_blank\">Aluminum windows And Doors For Nigeria<\/a><\/li>\r\n<li><a href=\"https:\/\/sinoextrud.com\/product\/aluminum-curtain-wall-profile-extrusion-profiles-aluminum-tubing-catalog\/\" target=\"_blank\">aluminum curtain wall profile extrusion profiles aluminum tubing catalog<\/a><\/li>\r\n<li><a href=\"https:\/\/sinoextrud.com\/product\/the-world-most-popular-6000-series-aluminum-extrusion-profile-louver-shutter-for-adjustable-waterproof-louver-windows\/\" target=\"_blank\">The World Most Popular 6000 Series aluminum extrusion Profile louver shutter For Adjustable Waterproof Louver Windows<\/a><\/li>\r\n<li><a href=\"https:\/\/sinoextrud.com\/product\/aluminum-extrusion-solar-panel-frame\/\" target=\"_blank\">Aluminum extrusion solar panel frame<\/a><\/li>\r\n<li><a href=\"https:\/\/sinoextrud.com\/product\/aluminum-partitioning-windows-doors-nigeria-design\/\" target=\"_blank\">Aluminum Partitioning Windows Doors Nigeria Design<\/a><\/li>\r\n<li><a href=\"https:\/\/sinoextrud.com\/product\/anodized-powder-coated-aluminum-extrusion-profile-for-outdoor-louver-shutter\/\" target=\"_blank\">Anodized Powder Coated Aluminum Extrusion Profile For Outdoor Louver Shutter<\/a><\/li>\r\n<li><a href=\"https:\/\/sinoextrud.com\/product\/extrusion-aluminium-tube-pipe-aluminum-polishing-style\/\" target=\"_blank\">Extrusion Aluminium Tube Pipe Aluminum Polishing Style<\/a><\/li>\r\n<li><a href=\"https:\/\/sinoextrud.com\/product\/10-series-golden-aluminum-extrusion-profiles\/\" target=\"_blank\">10 Series Golden Aluminum Extrusion Profiles<\/a><\/li>\r\n<li><a href=\"https:\/\/sinoextrud.com\/product\/aluminium-extrusion-for-solar-panel-mounting-frame\/\" target=\"_blank\">Aluminium extrusion for solar panel mounting frame<\/a><\/li>\r\n<li><a href=\"https:\/\/sinoextrud.com\/product\/aluminium-fence-slats-aluminum-strips-aluminium-bean-and-aluminium-channel\/\" target=\"_blank\">Aluminium Fence Slats Aluminum Strips Aluminium Bean and Aluminium Channel<\/a><\/li>"},"feature_list":[]},"_links":{"self":[{"href":"https:\/\/sinoextrud.com\/fi\/wp-json\/wp\/v2\/product\/7204","targetHints":{"allow":["GET"]}}],"collection":[{"href":"https:\/\/sinoextrud.com\/fi\/wp-json\/wp\/v2\/product"}],"about":[{"href":"https:\/\/sinoextrud.com\/fi\/wp-json\/wp\/v2\/types\/product"}],"wp:featuredmedia":[{"embeddable":true,"href":"https:\/\/sinoextrud.com\/fi\/wp-json\/wp\/v2\/media\/7203"}],"wp:attachment":[{"href":"https:\/\/sinoextrud.com\/fi\/wp-json\/wp\/v2\/media?parent=7204"}],"wp:term":[{"taxonomy":"category","embeddable":true,"href":"https:\/\/sinoextrud.com\/fi\/wp-json\/wp\/v2\/categories?post=7204"}],"curies":[{"name":"wp","href":"https:\/\/api.w.org\/{rel}","templated":true}]}}