{"id":7048,"date":"2025-06-05T03:26:59","date_gmt":"2025-06-05T03:26:59","guid":{"rendered":"https:\/\/sinoextrud.com\/product\/aluminum-curtain-wall-profile-extrusion-profiles-aluminum-tubing-catalog\/"},"modified":"2025-06-24T06:12:12","modified_gmt":"2025-06-24T06:12:12","slug":"alumiini-verhoseinaprofiili-suulakepuristusprofiilit-alumiiniputkien-luettelo","status":"publish","type":"product","link":"https:\/\/sinoextrud.com\/fi\/product\/aluminum-curtain-wall-profile-extrusion-profiles-aluminum-tubing-catalog\/","title":{"rendered":"alumiini verhosein\u00e4profiili suulakepuristusprofiilit alumiiniputkien luettelo"},"content":{"rendered":"<h2>Tuotteiden tiedot<\/h2>\n<table class=\"custom-table\">\n<tr>\n<td class=\"label\">Malli NO.:<\/td>\n<td> alumiini verhosein\u00e4profiili suulakepuristusprofiilit alumiiniputki catalog\uff0c<\/td>\n<\/tr>\n<tr>\n<td class=\"label\">Sovellus:<\/td>\n<td> alumiininen verhosein\u00e4profiili\uff0c<\/td>\n<\/tr>\n<tr>\n<td class=\"label\">Luokka:<\/td>\n<td> 6000-sarja\uff0c<\/td>\n<\/tr>\n<tr>\n<td class=\"label\">Tekniikka:<\/td>\n<td> Puristettu\uff0c<\/td>\n<\/tr>\n<tr>\n<td class=\"label\">Temperamentti:<\/td>\n<td> T3 - T8\uff0c<\/td>\n<\/tr>\n<tr>\n<td class=\"label\">Koot:<\/td>\n<td> R\u00e4\u00e4t\u00e4l\u00f6ity\uff0c<\/td>\n<\/tr>\n<tr>\n<td class=\"label\">Koneistuspalvelut:<\/td>\n<td> Poraus, poraus, niittaus, kokoonpano jne\uff0c<\/td>\n<\/tr>\n<tr>\n<td class=\"label\">Tekniset tiedot:<\/td>\n<td> SGS, Rohs, ISO\uff0c<\/td>\n<\/tr>\n<tr>\n<td class=\"label\">HS-koodi:<\/td>\n<td> 76042990\uff0c<\/td>\n<\/tr>\n<tr>\n<td class=\"label\">Tyyppi:<\/td>\n<td> Alumiiniprofiilit\uff0c<\/td>\n<\/tr>\n<tr>\n<td class=\"label\">Muoto:<\/td>\n<td> alumiiniputket\uff0c<\/td>\n<\/tr>\n<tr>\n<td class=\"label\">Pintak\u00e4sittely:<\/td>\n<td> Anodisoitu, jauhemaalattu jne.<\/td>\n<\/tr>\n<tr>\n<td class=\"label\">Seos:<\/td>\n<td> Alloy\uff0c<\/td>\n<\/tr>\n<tr>\n<td class=\"label\">Sertifiointi:<\/td>\n<td> ISO, RoHS\uff0c<\/td>\n<\/tr>\n<tr>\n<td class=\"label\">Pituus:<\/td>\n<td> 1-9m tai r\u00e4\u00e4t\u00e4l\u00f6ityj\u00e4\uff0c<\/td>\n<\/tr>\n<tr>\n<td class=\"label\">V\u00e4rit:<\/td>\n<td> Valmistettu kuten toimitettu V\u00e4rinumero\uff0c<\/td>\n<\/tr>\n<tr>\n<td class=\"label\">Alkuper\u00e4:<\/td>\n<td> Foshan, Guangdong\uff0c<\/td>\n<\/tr>\n<\/table>\n<h2>Tuotantopohjamme<\/h2>\n<h3>Tehtaan panoraama<\/h3>\n<p><img decoding=\"async\" src=\"\/wp-content\/uploads\/factory-01.webp\"\/><\/p>\n<h3>Alumiini Bar Manufacturing Workshop<\/h3>\n<p><img decoding=\"async\" src=\"\/wp-content\/uploads\/factory-02.webp\"\/><\/p>\n<\/p>\n<p><img decoding=\"async\" src=\"\/wp-content\/uploads\/factory-03.webp\"\/><\/p>\n<h3>Muotin varastointi Varasto<\/h3>\n<p><img decoding=\"async\" src=\"\/wp-content\/uploads\/factory-04.webp\"\/><\/p>\n<h3>43 alumiinin ekstruusiolinjat (500-5500 tonnia)<\/h3>\n<p><img decoding=\"async\" src=\"\/wp-content\/uploads\/factory-05.webp\"\/><\/p>\n<p><img decoding=\"async\" src=\"\/wp-content\/uploads\/factory-06.webp\"\/><\/p>\n<p><img decoding=\"async\" src=\"\/wp-content\/uploads\/factory-07.webp\"\/><\/p>\n<h3>Jauhemaalaus ty\u00f6paja<\/h3>\n<p><img decoding=\"async\" src=\"\/wp-content\/uploads\/factory-09.webp\"\/><\/p>\n<h3>Anodisointi ty\u00f6paja<\/h3>\n<p><img decoding=\"async\" src=\"\/wp-content\/uploads\/factory-10.webp\"\/><\/p>\n<h3>Syv\u00e4k\u00e4sittelyn ty\u00f6paja<\/h3>\n<p><img decoding=\"async\" src=\"\/wp-content\/uploads\/factory-11.webp\"\/><\/p>\n<h3>CNC-tarkkuuskoneistus ty\u00f6paja<\/h3>\n<p><img decoding=\"async\" src=\"\/wp-content\/uploads\/factory-11.5.webp\"\/><\/p>\n<h3>Valmiiden tuotteiden ja vientivarasto<\/h3>\n<p><img decoding=\"async\" src=\"\/wp-content\/uploads\/factory-12.webp\"\/><\/p>\n<p><img decoding=\"async\" src=\"\/wp-content\/uploads\/factory-13.webp\"\/><\/p>\n<p><img decoding=\"async\" src=\"\/wp-content\/uploads\/factory-14.webp\"\/><\/p>\n<h2>FAQ<\/h2>\n<p><b>1.Mik\u00e4 on alumiininen verhosein\u00e4profiili?<\/b><\/p>\n<p>Alumiininen verhosein\u00e4profiili on kevyt rakenneosa, jota k\u00e4ytet\u00e4\u00e4n nykyaikaisissa rakennusten julkisivuissa tukemaan lasipaneeleita ja parantamaan energiatehokkuutta.\n<\/p>\n<p><\/p>\n<p><b>2.Mitk\u00e4 ovat alumiiniprofiilien edut?<\/b><\/p>\n<p>Alumiiniprofiilit tarjoavat korkean lujuuden, kevyen rakenteen ja muokattavat muodot, jotka sopivat erinomaisesti arkkitehtonisiin ja teollisiin sovelluksiin.\n<\/p>\n<p><\/p>\n<p><b>3.Can alumiiniputki voidaan r\u00e4\u00e4t\u00e4l\u00f6id\u00e4 luettelossasi?<\/b><\/p>\n<p>Kyll\u00e4, alumiiniputkiluettelossamme on r\u00e4\u00e4t\u00e4l\u00f6it\u00e4viss\u00e4 olevia vaihtoehtoja, jotka t\u00e4ytt\u00e4v\u00e4t projektin erityiset vaatimukset koon, muodon ja pintak\u00e4sittelyn osalta.\n<\/p>\n<p><\/p>\n<p><b>4.Mit\u00e4 pintak\u00e4sittelyj\u00e4 alumiinisiin verhosein\u00e4profiileihin on saatavana?<\/b><\/p>\n<p>Tarjoamme anodisointia, jauhemaalausta ja elektroforeesipinnoitusta ulkon\u00e4\u00f6n ja korroosionkest\u00e4vyyden parantamiseksi.\n<\/p>\n<p><\/p>\n<p><b>5.Kuinka kest\u00e4vi\u00e4 alumiiniprofiilit ovat?<\/b><\/p>\n<p>Alumiiniprofiilimme valmistetaan lujatekoisista seoksista, ja ne k\u00e4yv\u00e4t l\u00e4pi tiukan laadunvalvonnan pitk\u00e4aikaisen kest\u00e4vyyden varmistamiseksi.\n<\/p>\n<p><\/p>\n<p><b>6.Tarjoatteko teknist\u00e4 tukea alumiiniprofiilien asennukseen?<\/b><\/p>\n<p>Kyll\u00e4, tarjoamme teknist\u00e4 tukea ja CAD-piirustuksia, jotka auttavat asennuksessa ja varmistavat alumiiniprofiilien oikean k\u00e4yt\u00f6n.\n<\/p>\n<p><\/p>\n<p><b>7.Ovatko alumiiniprofiilisi ymp\u00e4rist\u00f6yst\u00e4v\u00e4llisi\u00e4?<\/b><\/p>\n<p>Kyll\u00e4, alumiini on kierr\u00e4tett\u00e4v\u00e4\u00e4 materiaalia, ja tuotantoprosessissamme asetetaan etusijalle kest\u00e4v\u00e4 kehitys ja ymp\u00e4rist\u00f6yst\u00e4v\u00e4lliset k\u00e4yt\u00e4nn\u00f6t.\n<\/p>\n<p><\/p>\n<p><b>8.Mitk\u00e4 teollisuudenalat k\u00e4ytt\u00e4v\u00e4t yleisesti alumiiniputkia luettelostasi?<\/b><\/p>\n<p>Alumiiniputkia k\u00e4ytet\u00e4\u00e4n laajalti rakennus-, kuljetus-, ilmailu- ja avaruus- sek\u00e4 arkkitehtuurisovelluksissa sen lujuuden ja monipuolisuuden ansiosta.\n<\/p>\n<p><\/p>","protected":false},"featured_media":7047,"template":"","categories":[67],"class_list":["post-7048","product","type-product","status-publish","has-post-thumbnail","hentry","category-architectural-aluminium-profile"],"meta_box":{"hilight_text_group":{"product_hilight_text":"<li>High-strength aluminum alloy for superior durability and structural integrity<\/li>\r\r\n<li>Custom extrusion profiles tailored to architectural curtain wall systems<\/li>\r\r\n<li>Precision manufacturing ensures consistent dimensions and seamless installation<\/li>\r\r\n<li>Corrosion-resistant finish ideal for long-term outdoor use<\/li>\r\r\n<li>Wide range of standard and custom tubing options available<\/li>\r\r\n<li>Supports anodizing, powder coating, and other surface treatments<\/li>\r\r\n<li>Lightweight design reduces transportation and installation costs<\/li>\r\r\n<li>Strict quality control for excellent performance and longevity<\/li>","product_chanpin_blog":"<ul>\r\r\n<li><a href=\"https:\/\/sinoextrud.com\/t-slot-v-slot-differences\/\" target=\"_blank\">t slot vs v slot<\/a><\/li>\r\r\n<li><a href=\"https:\/\/sinoextrud.com\/what-is-4040-aluminium-extrud\/\" target=\"_blank\">4040 aluminium extrusion<\/a><\/li>\r\r\n<li><a href=\"https:\/\/sinoextrud.com\/what-is-4040-aluminium-extrud\/\" target=\"_blank\">aluminum extrusions for industrial racks<\/a><\/li>\r\r\n<li><a href=\"https:\/\/sinoextrud.com\/powder-coating-aluminium-process\/\" target=\"_blank\">powder coating aluminium<\/a><\/li>\r\r\n<li><a href=\"https:\/\/sinoextrud.com\/what-is-an-aluminium-strip-ceiling\/\" target=\"_blank\">aluminium strip ceiling<\/a><\/li>\r\r\n<li><a href=\"https:\/\/sinoextrud.com\/what-is-a-heat-sink\/\" target=\"_blank\">what is a heat sink<\/a><\/li>\r\r\n<\/ul>","product_chanpin_chanpin":"<li><a href=\"https:\/\/sinoextrud.com\/product\/h-section-aluminium-extrusion-foshan-factory\/\" target=\"_blank\">H Section Aluminium Extrusion Foshan Factory<\/a><\/li>\r\n<li><a href=\"https:\/\/sinoextrud.com\/product\/6061-extruded-aluminum\/\" target=\"_blank\">6061 Extruded Aluminum<\/a><\/li>\r\n<li><a href=\"https:\/\/sinoextrud.com\/product\/powder-coating-aluminum-window-profile\/\" target=\"_blank\">Powder Coating Aluminum Window Profile<\/a><\/li>\r\n<li><a href=\"https:\/\/sinoextrud.com\/product\/aluminum-windows-and-doors-for-nigeria\/\" target=\"_blank\">Aluminum windows And Doors For Nigeria<\/a><\/li>\r\n<li><a href=\"https:\/\/sinoextrud.com\/product\/aluminum-curtain-wall-profile-extrusion-profiles-aluminum-tubing-catalog\/\" target=\"_blank\">aluminum curtain wall profile extrusion profiles aluminum tubing catalog<\/a><\/li>\r\n<li><a href=\"https:\/\/sinoextrud.com\/product\/the-world-most-popular-6000-series-aluminum-extrusion-profile-louver-shutter-for-adjustable-waterproof-louver-windows\/\" target=\"_blank\">The World Most Popular 6000 Series aluminum extrusion Profile louver shutter For Adjustable Waterproof Louver Windows<\/a><\/li>\r\n<li><a href=\"https:\/\/sinoextrud.com\/product\/aluminum-extrusion-solar-panel-frame\/\" target=\"_blank\">Aluminum extrusion solar panel frame<\/a><\/li>\r\n<li><a href=\"https:\/\/sinoextrud.com\/product\/aluminum-partitioning-windows-doors-nigeria-design\/\" target=\"_blank\">Aluminum Partitioning Windows Doors Nigeria Design<\/a><\/li>\r\n<li><a href=\"https:\/\/sinoextrud.com\/product\/anodized-powder-coated-aluminum-extrusion-profile-for-outdoor-louver-shutter\/\" target=\"_blank\">Anodized Powder Coated Aluminum Extrusion Profile For Outdoor Louver Shutter<\/a><\/li>\r\n<li><a href=\"https:\/\/sinoextrud.com\/product\/aluminum-window-extrusion-profiles\/\" target=\"_blank\">Aluminum Window Extrusion Profiles<\/a><\/li>\r\n<li><a href=\"https:\/\/sinoextrud.com\/product\/powder-coated-aluminium-extrusion\/\" target=\"_blank\">Powder Coated Aluminium Extrusion<\/a><\/li>"},"feature_list":[]},"_links":{"self":[{"href":"https:\/\/sinoextrud.com\/fi\/wp-json\/wp\/v2\/product\/7048","targetHints":{"allow":["GET"]}}],"collection":[{"href":"https:\/\/sinoextrud.com\/fi\/wp-json\/wp\/v2\/product"}],"about":[{"href":"https:\/\/sinoextrud.com\/fi\/wp-json\/wp\/v2\/types\/product"}],"wp:featuredmedia":[{"embeddable":true,"href":"https:\/\/sinoextrud.com\/fi\/wp-json\/wp\/v2\/media\/7047"}],"wp:attachment":[{"href":"https:\/\/sinoextrud.com\/fi\/wp-json\/wp\/v2\/media?parent=7048"}],"wp:term":[{"taxonomy":"category","embeddable":true,"href":"https:\/\/sinoextrud.com\/fi\/wp-json\/wp\/v2\/categories?post=7048"}],"curies":[{"name":"wp","href":"https:\/\/api.w.org\/{rel}","templated":true}]}}