{"id":7046,"date":"2025-06-05T03:23:36","date_gmt":"2025-06-05T03:23:36","guid":{"rendered":"https:\/\/sinoextrud.com\/product\/aluminum-windows-and-doors-for-nigeria\/"},"modified":"2025-06-24T06:12:12","modified_gmt":"2025-06-24T06:12:12","slug":"alumiini-ikkunat-ja-ovet-nigeriassa","status":"publish","type":"product","link":"https:\/\/sinoextrud.com\/fi\/product\/aluminum-windows-and-doors-for-nigeria\/","title":{"rendered":"Alumiini ikkunat ja ovet Nigeria"},"content":{"rendered":"<h2>Tuotteiden tiedot<\/h2>\n<table class=\"custom-table\">\n<tr>\n<td class=\"label\">Kohde:<\/td>\n<td> Alumiiniset CNC-porausosat\uff0c<\/td>\n<\/tr>\n<tr>\n<td class=\"label\">Temperamentti:<\/td>\n<td> T3-T8\uff0c<\/td>\n<\/tr>\n<tr>\n<td class=\"label\">Materiaali:<\/td>\n<td> 6063-T5, 6063-T6, 6061-T5, 6061-T6, 6463-T5\uff0c<\/td>\n<\/tr>\n<tr>\n<td class=\"label\">Seos:<\/td>\n<td> Alloy\uff0c<\/td>\n<\/tr>\n<tr>\n<td class=\"label\">Luokka:<\/td>\n<td> 6000 series\uff0c<\/td>\n<\/tr>\n<tr>\n<td class=\"label\">Koko:<\/td>\n<td> Custom\uff0c<\/td>\n<\/tr>\n<tr>\n<td class=\"label\">Pituus:<\/td>\n<td> 1-9 metri\u00e4, tai r\u00e4\u00e4t\u00e4l\u00f6ityj\u00e4\uff0c<\/td>\n<\/tr>\n<tr>\n<td class=\"label\">Kuukausittainen tuotanto:<\/td>\n<td> 15,000+ tonnia\uff0c<\/td>\n<\/tr>\n<tr>\n<td class=\"label\">Tyyppi:<\/td>\n<td> Alumiini suulakepuristus CNC-profiilit \uff0c<\/td>\n<\/tr>\n<tr>\n<td class=\"label\">Tekniset tiedot:<\/td>\n<td> ISO9001, ISO14001\uff0c<\/td>\n<\/tr>\n<tr>\n<td class=\"label\">Laadunvalvonta:<\/td>\n<td> 100% Tarkastus ennen l\u00e4hetyst\u00e4\uff0c<\/td>\n<\/tr>\n<tr>\n<td class=\"label\">Suvaitsevaisuus:<\/td>\n<td> +\/-0.1mm\uff0c<\/td>\n<\/tr>\n<tr>\n<td class=\"label\">Takuu:<\/td>\n<td> Pinnan v\u00e4ri voi olla vakaa 10-20 vuotta Indoor\uff0c<\/td>\n<\/tr>\n<tr>\n<td class=\"label\">Palvelu:<\/td>\n<td> OEM\/ODM\uff0c<\/td>\n<\/tr>\n<tr>\n<td class=\"label\">Alkuper\u00e4:<\/td>\n<td> Foshan, Kiina\uff0c<\/td>\n<\/tr>\n<tr>\n<td class=\"label\">Tavaramerkki:<\/td>\n<td> Sinoextrud (Sinoextrud) \/ OEM\uff0c<\/td>\n<\/tr>\n<\/table>\n<h2>Tuotantopohjamme<\/h2>\n<h3>Tehtaan panoraama<\/h3>\n<p><img decoding=\"async\" src=\"\/wp-content\/uploads\/factory-01.webp\"\/><\/p>\n<h3>Alumiini Bar Manufacturing Workshop<\/h3>\n<p><img decoding=\"async\" src=\"\/wp-content\/uploads\/factory-02.webp\"\/><\/p>\n<p><img decoding=\"async\" src=\"\/wp-content\/uploads\/factory-03.webp\"\/><\/p>\n<h3>Muotin varastointi Varasto<\/h3>\n<p><img decoding=\"async\" src=\"\/wp-content\/uploads\/factory-04.webp\"\/><\/p>\n<h3>43 alumiinin ekstruusiolinjat (500-5500 tonnia)<\/h3>\n<p><img decoding=\"async\" src=\"\/wp-content\/uploads\/factory-05.webp\"\/><\/p>\n<p><img decoding=\"async\" src=\"\/wp-content\/uploads\/factory-06.webp\"\/><\/p>\n<p><img decoding=\"async\" src=\"\/wp-content\/uploads\/factory-07.webp\"\/><\/p>\n<h3>Jauhemaalaus ty\u00f6paja<\/h3>\n<p><img decoding=\"async\" src=\"\/wp-content\/uploads\/factory-09.webp\"\/><\/p>\n<h3>Anodisointi ty\u00f6paja<\/h3>\n<p><img decoding=\"async\" src=\"\/wp-content\/uploads\/factory-10.webp\"\/><\/p>\n<h3>Syv\u00e4k\u00e4sittelyn ty\u00f6paja<\/h3>\n<p><img decoding=\"async\" src=\"\/wp-content\/uploads\/factory-11.webp\"\/><\/p>\n<h3>CNC-tarkkuuskoneistus ty\u00f6paja<\/h3>\n<p><img decoding=\"async\" src=\"\/wp-content\/uploads\/factory-11.5.webp\"\/><\/p>\n<h3>Valmiiden tuotteiden ja vientivarasto<\/h3>\n<p><img decoding=\"async\" src=\"\/wp-content\/uploads\/factory-12.webp\"\/><\/p>\n<p><img decoding=\"async\" src=\"\/wp-content\/uploads\/factory-13.webp\"\/><\/p>\n<p><img decoding=\"async\" src=\"\/wp-content\/uploads\/factory-14.webp\"\/><\/p>\n<h2>FAQ<\/h2>\n<p><p><b>1.What ovat alumiini ikkunat ja ovet Nigeria?<\/b><\/p>\n<p>Ne ovat erityisesti suunniteltu alumiinirunko j\u00e4rjestelm\u00e4t r\u00e4\u00e4t\u00e4l\u00f6ity vastaamaan ilmasto-, arkkitehtoninen, ja toiminnallisia tarpeita rakennusten Nigeriassa.<br \/>\n<\/p><br \/>\n<br \/>\n<p><b>2.Miksi valita alumiini ikkunat ja ovet Nigeriassa?<\/b><\/p>\n<p>Alumiini on korroosionkest\u00e4v\u00e4, kest\u00e4v\u00e4, ja ihanteellinen kosteisiin ja sateisiin s\u00e4\u00e4olosuhteisiin yleist\u00e4 Nigeriassa.<br \/>\n<\/p><br \/>\n<br \/>\n<p><b>3.Soveltuvatko alumiiniovet ja -ikkunat sek\u00e4 koteihin ett\u00e4 toimistoihin?<\/b><\/p>\n<p>Kyll\u00e4, niit\u00e4 k\u00e4ytet\u00e4\u00e4n laajalti asuin-, liike- ja laitosrakennuksissa niiden tyylikk\u00e4\u00e4n ulkon\u00e4\u00f6n ja kest\u00e4vyyden ansiosta.<br \/>\n<\/p><br \/>\n<br \/>\n<p><b>4.Vaatiiko alumiinirunko paljon huoltoa?<\/b><\/p>\n<p>Ei, ne ovat v\u00e4h\u00e4n huoltoa vaativia ja tarvitsevat vain satunnaista puhdistusta s\u00e4ilytt\u00e4\u00e4kseen ulkon\u00e4k\u00f6ns\u00e4.<br \/>\n<\/p><br \/>\n<br \/>\n<p><b>5.Voinko saada alumiinisille oville ja ikkunoille mukautettuja v\u00e4rej\u00e4 ja tyylej\u00e4?<\/b><\/p>\n<p>Saatavilla on laaja valikoima pulverimaalattuja v\u00e4rej\u00e4 ja muotoilumuunnoksia, jotka sopivat rakennuksesi estetiikkaan.<br \/>\n<\/p><br \/>\n<br \/>\n<p><b>6.Ovatko alumiiniikkunat energiatehokkaita kuumassa ilmastossa?<\/b><\/p>\n<p>Kyll\u00e4, l\u00e4mp\u00f6eristetyt alumiiniprofiilit auttavat v\u00e4hent\u00e4m\u00e4\u00e4n l\u00e4mm\u00f6n siirtymist\u00e4, mik\u00e4 parantaa sis\u00e4ilman mukavuutta ja energians\u00e4\u00e4st\u00f6\u00e4.<br \/>\n<\/p><br \/>\n<br \/>\n<p><b>7.Kest\u00e4v\u00e4tk\u00f6 alumiiniset ikkunat ja ovet ruostetta ja korroosiota?<\/b><\/p>\n<p>Kyll\u00e4, materiaali on luonnostaan ruostumatonta, ja sit\u00e4 on usein parannettu anodisoidulla tai pulverimaalatuilla pinnoitteilla, jotka lis\u00e4\u00e4v\u00e4t kest\u00e4vyytt\u00e4.<br \/>\n<\/p><br \/>\n<br \/>\n<p><b>8.Onko alumiini parempi vaihtoehto kuin puu tai ter\u00e4s Nigeriassa?<\/b><\/p>\n<p>Kyll\u00e4, alumiini on kevyemp\u00e4\u00e4, pitk\u00e4ik\u00e4isemp\u00e4\u00e4 ja ilmastoon paremmin soveltuvaa, joten se on k\u00e4yt\u00e4nn\u00f6llisempi ja kustannustehokkaampi ratkaisu.<br \/>\n<\/p><br \/><\/p>","protected":false},"featured_media":7045,"template":"","categories":[67],"class_list":["post-7046","product","type-product","status-publish","has-post-thumbnail","hentry","category-architectural-aluminium-profile"],"meta_box":{"hilight_text_group":{"product_hilight_text":"<li>Designed to withstand Nigeria\u00e2\u20ac\u2122s hot, humid, and rainy climate<\/li>\r\r\n<li>Corrosion-resistant aluminum ensures long-lasting performance<\/li>\r\r\n<li>Modern designs available for residential and commercial properties<\/li>\r\r\n<li>Low maintenance and easy to clean compared to wood or steel<\/li>\r\r\n<li>Lightweight material allows for smooth operation and installation<\/li>\r\r\n<li>Customizable colors, styles, and glass options<\/li>\r\r\n<li>Energy-efficient profiles available with thermal insulation options<\/li>","product_chanpin_blog":"<ul>\r\r\n<li><a href=\"https:\/\/sinoextrud.com\/t-slot-v-slot-differences\/\" target=\"_blank\">t slot vs v slot<\/a><\/li>\r\r\n<li><a href=\"https:\/\/sinoextrud.com\/what-is-4040-aluminium-extrud\/\" target=\"_blank\">4040 aluminium extrusion<\/a><\/li>\r\r\n<li><a href=\"https:\/\/sinoextrud.com\/what-is-4040-aluminium-extrud\/\" target=\"_blank\">aluminum extrusions for industrial racks<\/a><\/li>\r\r\n<li><a href=\"https:\/\/sinoextrud.com\/powder-coating-aluminium-process\/\" target=\"_blank\">powder coating aluminium<\/a><\/li>\r\r\n<li><a href=\"https:\/\/sinoextrud.com\/what-is-an-aluminium-strip-ceiling\/\" target=\"_blank\">aluminium strip ceiling<\/a><\/li>\r\r\n<li><a href=\"https:\/\/sinoextrud.com\/what-is-a-heat-sink\/\" target=\"_blank\">what is a heat sink<\/a><\/li>\r\r\n<\/ul>","product_chanpin_chanpin":"<li><a href=\"https:\/\/sinoextrud.com\/product\/l-shaped-aluminum-extrusion-6063-t5-aluminum-angle-bar-alloy-profile\/\" target=\"_blank\">L Shaped Aluminum Extrusion  6063 T5 Aluminum Angle Bar Alloy Profile<\/a><\/li>\r\n<li><a href=\"https:\/\/sinoextrud.com\/product\/h-section-aluminium-extrusion-foshan-factory\/\" target=\"_blank\">H Section Aluminium Extrusion Foshan Factory<\/a><\/li>\r\n<li><a href=\"https:\/\/sinoextrud.com\/product\/6061-extruded-aluminum\/\" target=\"_blank\">6061 Extruded Aluminum<\/a><\/li>\r\n<li><a href=\"https:\/\/sinoextrud.com\/product\/powder-coating-aluminum-window-profile\/\" target=\"_blank\">Powder Coating Aluminum Window Profile<\/a><\/li>\r\n<li><a href=\"https:\/\/sinoextrud.com\/product\/aluminum-windows-and-doors-for-nigeria\/\" target=\"_blank\">Aluminum windows And Doors For Nigeria<\/a><\/li>\r\n<li><a href=\"https:\/\/sinoextrud.com\/product\/aluminum-curtain-wall-profile-extrusion-profiles-aluminum-tubing-catalog\/\" target=\"_blank\">aluminum curtain wall profile extrusion profiles aluminum tubing catalog<\/a><\/li>\r\n<li><a href=\"https:\/\/sinoextrud.com\/product\/the-world-most-popular-6000-series-aluminum-extrusion-profile-louver-shutter-for-adjustable-waterproof-louver-windows\/\" target=\"_blank\">The World Most Popular 6000 Series aluminum extrusion Profile louver shutter For Adjustable Waterproof Louver Windows<\/a><\/li>\r\n<li><a href=\"https:\/\/sinoextrud.com\/product\/aluminum-extrusion-solar-panel-frame\/\" target=\"_blank\">Aluminum extrusion solar panel frame<\/a><\/li>\r\n<li><a href=\"https:\/\/sinoextrud.com\/product\/aluminum-partitioning-windows-doors-nigeria-design\/\" target=\"_blank\">Aluminum Partitioning Windows Doors Nigeria Design<\/a><\/li>\r\n<li><a href=\"https:\/\/sinoextrud.com\/product\/modular-aluminum-profiles-machine-hand-robot-hand-manipulator\/\" target=\"_blank\">Modular Aluminum Profiles Machine Hand Robot Hand Manipulator<\/a><\/li>\r\n<li><a href=\"https:\/\/sinoextrud.com\/product\/aluminum-extrusion-7003-7075-aluminum-profile-cnc\/\" target=\"_blank\">Aluminum Extrusion 7003 7075 Pilates Equipment Aluminum Profile CNC Precision Aluminum Profile<\/a><\/li>"},"feature_list":[]},"_links":{"self":[{"href":"https:\/\/sinoextrud.com\/fi\/wp-json\/wp\/v2\/product\/7046","targetHints":{"allow":["GET"]}}],"collection":[{"href":"https:\/\/sinoextrud.com\/fi\/wp-json\/wp\/v2\/product"}],"about":[{"href":"https:\/\/sinoextrud.com\/fi\/wp-json\/wp\/v2\/types\/product"}],"wp:featuredmedia":[{"embeddable":true,"href":"https:\/\/sinoextrud.com\/fi\/wp-json\/wp\/v2\/media\/7045"}],"wp:attachment":[{"href":"https:\/\/sinoextrud.com\/fi\/wp-json\/wp\/v2\/media?parent=7046"}],"wp:term":[{"taxonomy":"category","embeddable":true,"href":"https:\/\/sinoextrud.com\/fi\/wp-json\/wp\/v2\/categories?post=7046"}],"curies":[{"name":"wp","href":"https:\/\/api.w.org\/{rel}","templated":true}]}}