{"id":7040,"date":"2025-06-05T03:13:49","date_gmt":"2025-06-05T03:13:49","guid":{"rendered":"https:\/\/sinoextrud.com\/product\/h-section-aluminium-extrusion-foshan-factory\/"},"modified":"2025-06-24T06:12:11","modified_gmt":"2025-06-24T06:12:11","slug":"h-profiili-alumiini-suulakepuristus-foshan-tehdas","status":"publish","type":"product","link":"https:\/\/sinoextrud.com\/fi\/product\/h-section-aluminium-extrusion-foshan-factory\/","title":{"rendered":"H-profiili Alumiini suulakepuristus Foshan Factory"},"content":{"rendered":"<h2>Tuotteiden tiedot<\/h2>\n<table class=\"custom-table\">\n<tr>\n<td class=\"label\">Tuotteen nimi:<\/td>\n<td> H-profiili Alumiini ekstruusio Foshan Factory\uff0c<\/td>\n<\/tr>\n<tr>\n<td class=\"label\">Materiaali:<\/td>\n<td> Seos, 6063-T5\uff0c<\/td>\n<\/tr>\n<tr>\n<td class=\"label\">Viimeistely:<\/td>\n<td> GB Anodized Silver\uff0c<\/td>\n<\/tr>\n<tr>\n<td class=\"label\">Standardi:<\/td>\n<td> GB5237-2008<br \/>\nR\u00e4\u00e4t\u00e4l\u00f6ity suunnittelu on tervetullut.\uff0c<\/td>\n<\/tr>\n<\/table>\n<h2>Tuotantopohjamme<\/h2>\n<h3>Tehtaan panoraama<\/h3>\n<p><img decoding=\"async\" src=\"\/wp-content\/uploads\/factory-01.webp\"\/><\/p>\n<h3>Alumiini Bar Manufacturing Workshop<\/h3>\n<p><img decoding=\"async\" src=\"\/wp-content\/uploads\/factory-02.webp\"\/><\/p>\n<p><img decoding=\"async\" src=\"\/wp-content\/uploads\/factory-03.webp\"\/><\/p>\n<h3>Muotin varastointi Varasto<\/h3>\n<p><img decoding=\"async\" src=\"\/wp-content\/uploads\/factory-04.webp\"\/><\/p>\n<h3>43 alumiinin ekstruusiolinjat (500-5500 tonnia)<\/h3>\n<p><img decoding=\"async\" src=\"\/wp-content\/uploads\/factory-05.webp\"\/><\/p>\n<p><img decoding=\"async\" src=\"\/wp-content\/uploads\/factory-06.webp\"\/><\/p>\n<p><img decoding=\"async\" src=\"\/wp-content\/uploads\/factory-07.webp\"\/><\/p>\n<h3>Jauhemaalaus ty\u00f6paja<\/h3>\n<p><img decoding=\"async\" src=\"\/wp-content\/uploads\/factory-09.webp\"\/><\/p>\n<h3>Anodisointi ty\u00f6paja<\/h3>\n<p><img decoding=\"async\" src=\"\/wp-content\/uploads\/factory-10.webp\"\/><\/p>\n<h3>Syv\u00e4k\u00e4sittelyn ty\u00f6paja<\/h3>\n<p><img decoding=\"async\" src=\"\/wp-content\/uploads\/factory-11.webp\"\/><\/p>\n<h3>CNC-tarkkuuskoneistus ty\u00f6paja<\/h3>\n<p><img decoding=\"async\" src=\"\/wp-content\/uploads\/factory-11.5.webp\"\/><\/p>\n<h3>Valmiiden tuotteiden ja vientivarasto<\/h3>\n<p><img decoding=\"async\" src=\"\/wp-content\/uploads\/factory-12.webp\"\/><\/p>\n<p><img decoding=\"async\" src=\"\/wp-content\/uploads\/factory-13.webp\"\/><\/p>\n<p><img decoding=\"async\" src=\"\/wp-content\/uploads\/factory-14.webp\"\/><\/p>\n<h2>FAQ<\/h2>\n<p><p><b>1.Mik\u00e4 on H-profiilin alumiiniekstruusiota Foshanin tehtaalta?<\/b><\/p>\n<p>Se on Foshanissa valmistettu H-muotoinen poikkileikkaukseltaan eritt\u00e4in luja alumiiniprofiili, jota k\u00e4ytet\u00e4\u00e4n laajalti rakenne- ja arkkitehtuurisovelluksissa.<br \/>\n<\/p><br \/>\n<br \/>\n<p><b>2.Miksi valita Foshanin tehdas H-profiilin alumiiniprofiileille?<\/b><\/p>\n<p>Foshan tunnetaan kehittyneest\u00e4 alumiininvalmistuksesta, joka tarjoaa korkealaatuisia tuotteita, joiden toimitusvarmuus ja kilpailukykyinen hinnoittelu ovat huippuluokkaa.<br \/>\n<\/p><br \/>\n<br \/>\n<p><b>3.Mitk\u00e4 ovat H-profiilisten alumiiniprofiilien k\u00e4yt\u00f6n edut?<\/b><\/p>\n<p>Ne tarjoavat erinomaisen kantavuuden ja korroosionkest\u00e4vyyden, ja ne on helppo asentaa rakennus- ja teollisuusrakenteisiin.<br \/>\n<\/p><br \/>\n<br \/>\n<p><b>4.Can Foshan tehtaat tarjoavat OEM r\u00e4\u00e4t\u00e4l\u00f6inti\u00e4?<\/b><\/p>\n<p>Kyll\u00e4, Foshanin valmistajat tarjoavat OEM\/ODM-palveluja, mukaan lukien mukautetut mitat, viimeistelyt ja seoksen valinta.<br \/>\n<\/p><br \/>\n<br \/>\n<p><b>5.Mit\u00e4 pintak\u00e4sittelyj\u00e4 on saatavana H-profiilialumiiniprofiileille?<\/b><\/p>\n<p>Yleisi\u00e4 pintak\u00e4sittelyj\u00e4 ovat anodisointi, jauhemaalaus, PVDF ja myllypintak\u00e4sittely erilaisiin sovellustarpeisiin ja visuaalisiin mieltymyksiin.<br \/>\n<\/p><br \/>\n<br \/>\n<p><b>6.Soveltuvatko n\u00e4m\u00e4 alumiiniprofiilit ulkok\u00e4ytt\u00f6\u00f6n?<\/b><\/p>\n<p>Niiden korroosionkest\u00e4vyys ja pintak\u00e4sittely tekev\u00e4t niist\u00e4 ihanteellisia ulkotiloihin.<br \/>\n<\/p><br \/>\n<br \/>\n<p><b>7.Mitk\u00e4 teollisuudenalat k\u00e4ytt\u00e4v\u00e4t H-profiilisia alumiiniprofiileja?<\/b><\/p>\n<p>Niit\u00e4 k\u00e4ytet\u00e4\u00e4n yleisesti rakentamisessa, koneissa, aurinkokennojen kiinnitysj\u00e4rjestelmiss\u00e4, v\u00e4liseinien kehystyksess\u00e4 ja infrastruktuurihankkeissa.<br \/>\n<\/p><br \/><\/p>","protected":false},"featured_media":7039,"template":"","categories":[67],"class_list":["post-7040","product","type-product","status-publish","has-post-thumbnail","hentry","category-architectural-aluminium-profile"],"meta_box":{"hilight_text_group":{"product_hilight_text":"<li>Manufactured by experienced Foshan factory with strict quality control<\/li>\r\r\n<li>High-strength H section aluminum provides excellent structural support<\/li>\r\r\n<li>Precision extrusion ensures dimensional accuracy and smooth surface<\/li>\r\r\n<li>Corrosion-resistant finish suitable for indoor and outdoor applications<\/li>\r\r\n<li>Available in various sizes, lengths, and surface treatments<\/li>\r\r\n<li>OEM\/ODM services with competitive factory-direct pricing<\/li>","product_chanpin_blog":"<ul>\r\r\n<li><a href=\"https:\/\/sinoextrud.com\/t-slot-v-slot-differences\/\" target=\"_blank\">t slot vs v slot<\/a><\/li>\r\r\n<li><a href=\"https:\/\/sinoextrud.com\/what-is-4040-aluminium-extrud\/\" target=\"_blank\">4040 aluminium extrusion<\/a><\/li>\r\r\n<li><a href=\"https:\/\/sinoextrud.com\/what-is-4040-aluminium-extrud\/\" target=\"_blank\">aluminum extrusions for industrial racks<\/a><\/li>\r\r\n<li><a href=\"https:\/\/sinoextrud.com\/powder-coating-aluminium-process\/\" target=\"_blank\">powder coating aluminium<\/a><\/li>\r\r\n<li><a href=\"https:\/\/sinoextrud.com\/what-is-an-aluminium-strip-ceiling\/\" target=\"_blank\">aluminium strip ceiling<\/a><\/li>\r\r\n<li><a href=\"https:\/\/sinoextrud.com\/what-is-a-heat-sink\/\" target=\"_blank\">what is a heat sink<\/a><\/li>\r\r\n<\/ul>","product_chanpin_chanpin":"<li><a href=\"https:\/\/sinoextrud.com\/product\/wood-grain-aluminium-frame-composite-used\/\" target=\"_blank\">Wood Grain Aluminium Frame Composite used<\/a><\/li>\r\n<li><a href=\"https:\/\/sinoextrud.com\/product\/half-round-aluminum-extrusion\/\" target=\"_blank\">Half Round Aluminum Extrusion<\/a><\/li>\r\n<li><a href=\"https:\/\/sinoextrud.com\/product\/u-channel-aluminium-extrusion\/\" target=\"_blank\">U Channel Aluminium Extrusion<\/a><\/li>\r\n<li><a href=\"https:\/\/sinoextrud.com\/product\/l-shaped-aluminum-extrusion-6063-t5-aluminum-angle-bar-alloy-profile\/\" target=\"_blank\">L Shaped Aluminum Extrusion  6063 T5 Aluminum Angle Bar Alloy Profile<\/a><\/li>\r\n<li><a href=\"https:\/\/sinoextrud.com\/product\/h-section-aluminium-extrusion-foshan-factory\/\" target=\"_blank\">H Section Aluminium Extrusion Foshan Factory<\/a><\/li>\r\n<li><a href=\"https:\/\/sinoextrud.com\/product\/6061-extruded-aluminum\/\" target=\"_blank\">6061 Extruded Aluminum<\/a><\/li>\r\n<li><a href=\"https:\/\/sinoextrud.com\/product\/powder-coating-aluminum-window-profile\/\" target=\"_blank\">Powder Coating Aluminum Window Profile<\/a><\/li>\r\n<li><a href=\"https:\/\/sinoextrud.com\/product\/aluminum-windows-and-doors-for-nigeria\/\" target=\"_blank\">Aluminum windows And Doors For Nigeria<\/a><\/li>\r\n<li><a href=\"https:\/\/sinoextrud.com\/product\/aluminum-curtain-wall-profile-extrusion-profiles-aluminum-tubing-catalog\/\" target=\"_blank\">aluminum curtain wall profile extrusion profiles aluminum tubing catalog<\/a><\/li>\r\n<li><a href=\"https:\/\/sinoextrud.com\/product\/customized-extruded-aluminum-trailer-flooring\/\" target=\"_blank\">Customized Extruded Aluminum Trailer Flooring<\/a><\/li>\r\n<li><a href=\"https:\/\/sinoextrud.com\/product\/aluminum-decorative-timber-batten-3d-aluminum-profiles-timber-ceilings-u-shaped-baffle-ceiling\/\" target=\"_blank\">Aluminum Decorative Timber Batten 3D Aluminum Profiles Timber Ceilings U-shaped Baffle Ceiling<\/a><\/li>"},"feature_list":[]},"_links":{"self":[{"href":"https:\/\/sinoextrud.com\/fi\/wp-json\/wp\/v2\/product\/7040","targetHints":{"allow":["GET"]}}],"collection":[{"href":"https:\/\/sinoextrud.com\/fi\/wp-json\/wp\/v2\/product"}],"about":[{"href":"https:\/\/sinoextrud.com\/fi\/wp-json\/wp\/v2\/types\/product"}],"wp:featuredmedia":[{"embeddable":true,"href":"https:\/\/sinoextrud.com\/fi\/wp-json\/wp\/v2\/media\/7039"}],"wp:attachment":[{"href":"https:\/\/sinoextrud.com\/fi\/wp-json\/wp\/v2\/media?parent=7040"}],"wp:term":[{"taxonomy":"category","embeddable":true,"href":"https:\/\/sinoextrud.com\/fi\/wp-json\/wp\/v2\/categories?post=7040"}],"curies":[{"name":"wp","href":"https:\/\/api.w.org\/{rel}","templated":true}]}}