{"id":7026,"date":"2025-06-05T02:50:51","date_gmt":"2025-06-05T02:50:51","guid":{"rendered":"https:\/\/sinoextrud.com\/product\/customized-aluminum-porch-railing\/"},"modified":"2025-06-24T06:12:08","modified_gmt":"2025-06-24T06:12:08","slug":"raataloity-alumiini-kuisti-kaide","status":"publish","type":"product","link":"https:\/\/sinoextrud.com\/fi\/product\/customized-aluminum-porch-railing\/","title":{"rendered":"R\u00e4\u00e4t\u00e4l\u00f6ity alumiini kuisti kaiteet"},"content":{"rendered":"<h2>Tuotteiden tiedot<\/h2>\n<table class=\"custom-table\">\n<tr>\n<td class=\"label\">1. Materiaali:<\/td>\n<td> 6063,6061,6060,6005,6005A,etc.\uff0c<\/td>\n<\/tr>\n<tr>\n<td class=\"label\">2. Temperamentti:<\/td>\n<td> T5 tai T6\uff0c<\/td>\n<\/tr>\n<tr>\n<td class=\"label\">3. Viimeistely:<\/td>\n<td> Jyrsint\u00e4k\u00e4sittely, anodisointi, jauhemaalaus, elektroforeesi, puunsiirto tai pvdf\/hiilihappopinnoitettu, kiillotus, harjaus, hiekkapuhallus\uff0c<\/td>\n<\/tr>\n<tr>\n<td class=\"label\">4. Eri v\u00e4rej\u00e4:<\/td>\n<td> Hopea, pronssi, musta, kulta, sininen, harmaa, samppanja, kirkas, jne.\uff0c<\/td>\n<\/tr>\n<tr>\n<td class=\"label\">5. Koneistus:<\/td>\n<td> Leikkaus, l\u00e4vistys, poraus, kierteitys, jyrsint\u00e4, taivutus, hitsaus, CNC jne.\uff0c<\/td>\n<\/tr>\n<tr>\n<td class=\"label\">A) Alumiiniseostangot:<\/td>\n<td> vaihtelevat 1000-sarjasta 7000-sarjaan, normaalit materiaalit, kuten 6063, 6005, 6061, 6060, erikoismateriaalit, kuten 6082, 7005, 7075 jne.\uff0c<\/td>\n<\/tr>\n<tr>\n<td class=\"label\">B) Alumiiniprofiilit:<\/td>\n<td>\n-yleiset alumiiniprofiilit (erilaiset putket, kulmat, T- tai U-muodot jne.).<br \/>\n- Teolliset alumiiniprofiilit ( TV-kehykset, polkupy\u00f6rien ja moottoripy\u00f6rien vanteet, j\u00e4\u00e4hdytyselementtiprofiilit, huonekalut, tikkaat, ohjainkisko, vapaa-ajan materiaalit, suihkuhuone, aurinkomoduulin runko, moottorin kuori, putkiston integrointi jne.).<br \/>\n- Rakennusalan alumiiniprofiilit ( Alumiiniovet ja -ikkunat, JB8A8, JB828 ja JB828 liukuikkunat, JB50A ovi-ikkuna, verhosein\u00e4n kehys jne.) \uff0c<\/td>\n<\/tr>\n<tr>\n<td class=\"label\">7. Sertifiointi:<\/td>\n<td> ISO9001,SGS,ROHS,TUV<br \/>\n8. Vahva tekninen kehityskyky, voi tarjota korkean intensiteetin ja korkean sitkeyden alumiiniprofiileja, jotka t\u00e4ytt\u00e4v\u00e4t asiakkaiden erilaiset vaatimukset.<br \/>\n9. OEM-palvelu saatavilla, r\u00e4\u00e4t\u00e4l\u00f6ity suunnittelu saatavilla\uff0c<\/td>\n<\/tr>\n<\/table>\n<h2>Tuotantopohjamme<\/h2>\n<h3>Tehtaan panoraama<\/h3>\n<p><img decoding=\"async\" src=\"\/wp-content\/uploads\/factory-01.webp\"\/><\/p>\n<h3>Alumiini Bar Manufacturing Workshop<\/h3>\n<p><img decoding=\"async\" src=\"\/wp-content\/uploads\/factory-02.webp\"\/><\/p>\n<p><img decoding=\"async\" src=\"\/wp-content\/uploads\/factory-03.webp\"\/><\/p>\n<h3>Muotin varastointi Varasto<\/h3>\n<p><img decoding=\"async\" src=\"\/wp-content\/uploads\/factory-04.webp\"\/><\/p>\n<h3>43 alumiinin ekstruusiolinjat (500-5500 tonnia)<\/h3>\n<p><img decoding=\"async\" src=\"\/wp-content\/uploads\/factory-05.webp\"\/><\/p>\n<p><img decoding=\"async\" src=\"\/wp-content\/uploads\/factory-06.webp\"\/><\/p>\n<p><img decoding=\"async\" src=\"\/wp-content\/uploads\/factory-07.webp\"\/><\/p>\n<h3>Jauhemaalaus ty\u00f6paja<\/h3>\n<p><img decoding=\"async\" src=\"\/wp-content\/uploads\/factory-09.webp\"\/><\/p>\n<h3>Anodisointi ty\u00f6paja<\/h3>\n<p><img decoding=\"async\" src=\"\/wp-content\/uploads\/factory-10.webp\"\/><\/p>\n<h3>Syv\u00e4k\u00e4sittelyn ty\u00f6paja<\/h3>\n<p><img decoding=\"async\" src=\"\/wp-content\/uploads\/factory-11.webp\"\/><\/p>\n<h3>CNC-tarkkuuskoneistus ty\u00f6paja<\/h3>\n<p><img decoding=\"async\" src=\"\/wp-content\/uploads\/factory-11.5.webp\"\/><\/p>\n<h3>Valmiiden tuotteiden ja vientivarasto<\/h3>\n<p><img decoding=\"async\" src=\"\/wp-content\/uploads\/factory-12.webp\"\/><\/p>\n<p><img decoding=\"async\" src=\"\/wp-content\/uploads\/factory-13.webp\"\/><\/p>\n<p><img decoding=\"async\" src=\"\/wp-content\/uploads\/factory-14.webp\"\/><\/p>\n<h2>FAQ<\/h2>\n<p><p><b>1.Mik\u00e4 on r\u00e4\u00e4t\u00e4l\u00f6ity alumiini kuisti kaide?<\/b><\/p>\n<p>R\u00e4\u00e4t\u00e4l\u00f6ity alumiininen kuistin kaide on r\u00e4\u00e4t\u00e4l\u00f6ity alumiinista valmistettu ulkokaidej\u00e4rjestelm\u00e4, joka on suunniteltu kuistien ja kansien turvallisuuteen ja tyyliin.<br \/>\n<\/p><br \/>\n<br \/>\n<p><b>2.Miksi valita alumiini kuistin kaiteisiin?<\/b><\/p>\n<p>Alumiini on kevytt\u00e4, korroosionkest\u00e4v\u00e4\u00e4 ja eritt\u00e4in kest\u00e4v\u00e4\u00e4, joten se sopii erinomaisesti pitk\u00e4ik\u00e4isiin ulkokaidesovelluksiin.<br \/>\n<\/p><br \/>\n<br \/>\n<p><b>3.Can alumiini kuisti kaiteet voidaan r\u00e4\u00e4t\u00e4l\u00f6id\u00e4?<\/b><\/p>\n<p>Kyll\u00e4, ne voidaan r\u00e4\u00e4t\u00e4l\u00f6id\u00e4 v\u00e4rin, korkeuden, paneelien muotoilun ja viimeistelyn osalta, jotta ne sopivat mink\u00e4 tahansa kiinteist\u00f6n arkkitehtoniseen tyyliin.<br \/>\n<\/p><br \/>\n<br \/>\n<p><b>4.Ovatko alumiiniset kuistin kaiteet s\u00e4\u00e4nkest\u00e4vi\u00e4?<\/b><\/p>\n<p>Jauhemaalattu tai anodisoitu pinta suojaa sateelta, auringolta ja l\u00e4mp\u00f6tilan vaihteluilta.<br \/>\n<\/p><br \/>\n<br \/>\n<p><b>5.Onko alumiinikaiteiden asennus helppoa?<\/b><\/p>\n<p>Kyll\u00e4, alumiinin keveyden ansiosta sit\u00e4 on helppo k\u00e4sitell\u00e4 ja asentaa perusty\u00f6kaluilla.<br \/>\n<\/p><br \/>\n<br \/>\n<p><b>6.Vaativatko n\u00e4m\u00e4 kaiteet paljon huoltoa?<\/b><\/p>\n<p>Ei, alumiiniset kuistin kaiteet ovat v\u00e4h\u00e4n huoltoa vaativia ja vaativat vain satunnaista puhdistusta pysy\u00e4kseen uuden n\u00e4k\u00f6isin\u00e4.<br \/>\n<\/p><br \/>\n<br \/>\n<p><b>7.Are alumiini kaiteet turvallinen asuink\u00e4ytt\u00f6\u00f6n?<\/b><\/p>\n<p>Kyll\u00e4, ne t\u00e4ytt\u00e4v\u00e4t yleiset turvallisuusm\u00e4\u00e4r\u00e4ykset ja tarjoavat vahvan ja vakaan tuen terasseille, portaille ja kuisteille.<br \/>\n<\/p><br \/>\n<br \/>\n<p><b>8.Onko alumiini ymp\u00e4rist\u00f6yst\u00e4v\u00e4llinen materiaali kuistin kaiteisiin?<\/b><\/p>\n<p>Kyll\u00e4, alumiini on t\u00e4ysin kierr\u00e4tett\u00e4viss\u00e4 ja tukee kest\u00e4vi\u00e4 rakennusk\u00e4yt\u00e4nt\u00f6j\u00e4.<br \/>\n<\/p><br \/><\/p>","protected":false},"featured_media":7025,"template":"","categories":[67],"class_list":["post-7026","product","type-product","status-publish","has-post-thumbnail","hentry","category-architectural-aluminium-profile"],"meta_box":{"hilight_text_group":{"product_hilight_text":"<li>Durable aluminum construction ensures long-term outdoor performance<\/li>\r\r\n<li>Corrosion-resistant finish ideal for all-weather porch environments<\/li>\r\r\n<li>Customizable designs to match various architectural styles<\/li>\r\r\n<li>Lightweight material allows for easy installation and transport<\/li>\r\r\n<li>Low-maintenance surface requires minimal upkeep<\/li>\r\r\n<li>Available in multiple colors, sizes, and decorative options<\/li>\r\r\n<li>Meets safety standards for residential and commercial use<\/li>","product_chanpin_blog":"<ul>\r\r\n<li><a href=\"https:\/\/sinoextrud.com\/t-slot-v-slot-differences\/\" target=\"_blank\">t slot vs v slot<\/a><\/li>\r\r\n<li><a href=\"https:\/\/sinoextrud.com\/what-is-4040-aluminium-extrud\/\" target=\"_blank\">4040 aluminium extrusion<\/a><\/li>\r\r\n<li><a href=\"https:\/\/sinoextrud.com\/what-is-4040-aluminium-extrud\/\" target=\"_blank\">aluminum extrusions for industrial racks<\/a><\/li>\r\r\n<li><a href=\"https:\/\/sinoextrud.com\/powder-coating-aluminium-process\/\" target=\"_blank\">powder coating aluminium<\/a><\/li>\r\r\n<li><a href=\"https:\/\/sinoextrud.com\/what-is-an-aluminium-strip-ceiling\/\" target=\"_blank\">aluminium strip ceiling<\/a><\/li>\r\r\n<li><a href=\"https:\/\/sinoextrud.com\/what-is-a-heat-sink\/\" target=\"_blank\">what is a heat sink<\/a><\/li>\r\r\n<\/ul>","product_chanpin_chanpin":"<li><a href=\"https:\/\/sinoextrud.com\/product\/furniture-aluminium-profiles\/\" target=\"_blank\">Furniture Aluminium Profiles<\/a><\/li>\r\n<li><a href=\"https:\/\/sinoextrud.com\/product\/extruded-aluminum-channel-shapes-customized\/\" target=\"_blank\">Extruded Aluminum Channel Shapes Customized<\/a><\/li>\r\n<li><a href=\"https:\/\/sinoextrud.com\/product\/interlocking-aluminium-profiles\/\" target=\"_blank\">Interlocking Aluminium Profiles<\/a><\/li>\r\n<li><a href=\"https:\/\/sinoextrud.com\/product\/shining-electrophresis-and-crystal-electrophresis-aluminium-profiles\/\" target=\"_blank\">Shining Electrophresis and Crystal electrophresis aluminium profiles<\/a><\/li>\r\n<li><a href=\"https:\/\/sinoextrud.com\/product\/customized-aluminum-porch-railing\/\" target=\"_blank\">Customized Aluminum Porch Railing<\/a><\/li>\r\n<li><a href=\"https:\/\/sinoextrud.com\/product\/sell-well-window-and-door-aluminium-profile\/\" target=\"_blank\">Sell Well Window And Door Aluminium Profile<\/a><\/li>\r\n<li><a href=\"https:\/\/sinoextrud.com\/product\/color-polishing-aluminium-for-sliding-door\/\" target=\"_blank\">Color Polishing Aluminium For Sliding Door<\/a><\/li>\r\n<li><a href=\"https:\/\/sinoextrud.com\/product\/wood-grain-aluminium-frame-composite-used\/\" target=\"_blank\">Wood Grain Aluminium Frame Composite used<\/a><\/li>\r\n<li><a href=\"https:\/\/sinoextrud.com\/product\/half-round-aluminum-extrusion\/\" target=\"_blank\">Half Round Aluminum Extrusion<\/a><\/li>\r\n<li><a href=\"https:\/\/sinoextrud.com\/product\/aluminium-flat-bar\/\" target=\"_blank\">Aluminium Flat Bar<\/a><\/li>\r\n<li><a href=\"https:\/\/sinoextrud.com\/product\/cnc-aluminium-extrusion\/\" target=\"_blank\">CNC Aluminium Extrusion<\/a><\/li>"},"feature_list":[]},"_links":{"self":[{"href":"https:\/\/sinoextrud.com\/fi\/wp-json\/wp\/v2\/product\/7026","targetHints":{"allow":["GET"]}}],"collection":[{"href":"https:\/\/sinoextrud.com\/fi\/wp-json\/wp\/v2\/product"}],"about":[{"href":"https:\/\/sinoextrud.com\/fi\/wp-json\/wp\/v2\/types\/product"}],"wp:featuredmedia":[{"embeddable":true,"href":"https:\/\/sinoextrud.com\/fi\/wp-json\/wp\/v2\/media\/7025"}],"wp:attachment":[{"href":"https:\/\/sinoextrud.com\/fi\/wp-json\/wp\/v2\/media?parent=7026"}],"wp:term":[{"taxonomy":"category","embeddable":true,"href":"https:\/\/sinoextrud.com\/fi\/wp-json\/wp\/v2\/categories?post=7026"}],"curies":[{"name":"wp","href":"https:\/\/api.w.org\/{rel}","templated":true}]}}