{"id":6999,"date":"2025-06-05T01:57:47","date_gmt":"2025-06-05T01:57:47","guid":{"rendered":"https:\/\/sinoextrud.com\/product\/machined-aluminium-profiles-for-windows-and-doors\/"},"modified":"2025-06-24T06:12:04","modified_gmt":"2025-06-24T06:12:04","slug":"tyostetyt-alumiiniprofiilit-ikkunoita-ja-ovia-varten","status":"publish","type":"product","link":"https:\/\/sinoextrud.com\/fi\/product\/machined-aluminium-profiles-for-windows-and-doors\/","title":{"rendered":"Koneistetut alumiiniprofiilit ikkunoita ja ovia varten"},"content":{"rendered":"<h2>Tuotteiden tiedot<\/h2>\n<table class=\"custom-table\">\n<tr>\n<td class=\"label\">1. Tuotteen nimi:<\/td>\n<td> Koneistetut alumiiniprofiilit ikkunoita ja ovia varten\uff0c<\/td>\n<\/tr>\n<tr>\n<td class=\"label\">2. Materiaali :<\/td>\n<td> Alumiiniseos 6063-T5\uff0c<\/td>\n<\/tr>\n<tr>\n<td class=\"label\">3. Pintak\u00e4sittely:<\/td>\n<td> Kansainv\u00e4linen standardi anodisoitu, hiekkapuhallettu, punainen\uff0c<\/td>\n<\/tr>\n<tr>\n<td class=\"label\">4. Executive Standard:<\/td>\n<td> GB5237-2008\uff0c<\/td>\n<\/tr>\n<tr>\n<td class=\"label\">5. Todistukset:<\/td>\n<td> ISO9001\uff0c<\/td>\n<\/tr>\n<tr>\n<td class=\"label\">6. Malli:<\/td>\n<td> Suunnittelu mukautetun piirustuksen mukaan ja mukautettu kantaa muottimaksun\uff0c<\/td>\n<\/tr>\n<\/table>\n<h2>Tuotantopohjamme<\/h2>\n<h3>Tehtaan panoraama<\/h3>\n<p><img decoding=\"async\" src=\"\/wp-content\/uploads\/factory-01.webp\"\/><\/p>\n<h3>Alumiini Bar Manufacturing Workshop<\/h3>\n<p><img decoding=\"async\" src=\"\/wp-content\/uploads\/factory-02.webp\"\/><\/p>\n<p><img decoding=\"async\" src=\"\/wp-content\/uploads\/factory-03.webp\"\/><\/p>\n<h3>Muotin varastointi Varasto<\/h3>\n<p><img decoding=\"async\" src=\"\/wp-content\/uploads\/factory-04.webp\"\/><\/p>\n<h3>43 alumiinin ekstruusiolinjat (500-5500 tonnia)<\/h3>\n<p><img decoding=\"async\" src=\"\/wp-content\/uploads\/factory-05.webp\"\/><\/p>\n<p><img decoding=\"async\" src=\"\/wp-content\/uploads\/factory-06.webp\"\/><\/p>\n<p><img decoding=\"async\" src=\"\/wp-content\/uploads\/factory-07.webp\"\/><\/p>\n<h3>Jauhemaalaus ty\u00f6paja<\/h3>\n<p><img decoding=\"async\" src=\"\/wp-content\/uploads\/factory-09.webp\"\/><\/p>\n<h3>Anodisointi ty\u00f6paja<\/h3>\n<p><img decoding=\"async\" src=\"\/wp-content\/uploads\/factory-10.webp\"\/><\/p>\n<h3>Syv\u00e4k\u00e4sittelyn ty\u00f6paja<\/h3>\n<p><img decoding=\"async\" src=\"\/wp-content\/uploads\/factory-11.webp\"\/><\/p>\n<h3>CNC-tarkkuuskoneistus ty\u00f6paja<\/h3>\n<p><img decoding=\"async\" src=\"\/wp-content\/uploads\/factory-11.5.webp\"\/><\/p>\n<h3>Valmiiden tuotteiden ja vientivarasto<\/h3>\n<p><img decoding=\"async\" src=\"\/wp-content\/uploads\/factory-12.webp\"\/><\/p>\n<p><img decoding=\"async\" src=\"\/wp-content\/uploads\/factory-13.webp\"\/><\/p>\n<p><img decoding=\"async\" src=\"\/wp-content\/uploads\/factory-14.webp\"\/><\/p>\n<h2>FAQ<\/h2>\n<p><p><b>1.Mit\u00e4 ovat koneistetut alumiiniprofiilit ikkunoita ja ovia varten?<\/b><\/p>\n<p>Ne ovat alumiiniprofiileja, jotka on ty\u00f6stetty tarkasti, jotta ne voidaan integroida saumattomasti ikkunoiden ja ovien kehyksiin, mik\u00e4 takaa tarkkuuden ja suorituskyvyn.<br \/>\n<\/p><br \/>\n<br \/>\n<p><b>2.Miksi k\u00e4ytt\u00e4\u00e4 ty\u00f6stettyj\u00e4 alumiiniprofiileja ikkunoissa ja ovissa?<\/b><\/p>\n<p>Ne tarjoavat lujuutta, korroosionkest\u00e4vyytt\u00e4 ja t\u00e4ydellist\u00e4 istuvuutta, mik\u00e4 parantaa rakennushankkeiden kest\u00e4vyytt\u00e4 ja energiatehokkuutta.<br \/>\n<\/p><br \/>\n<br \/>\n<p><b>3.Ovatko n\u00e4m\u00e4 profiilit s\u00e4\u00e4nkest\u00e4vi\u00e4?<\/b><\/p>\n<p>Kyll\u00e4, anodisoidut tai jauhemaalatut pinnat suojaavat korroosiolta, UV-s\u00e4teilt\u00e4 ja kosteudelta, joten ne ovat ihanteellisia ulkok\u00e4ytt\u00f6\u00f6n.<br \/>\n<\/p><br \/>\n<br \/>\n<p><b>4.Voinko pyyt\u00e4\u00e4 r\u00e4\u00e4t\u00e4l\u00f6ity\u00e4 ty\u00f6st\u00f6\u00e4 erityisi\u00e4 ikkunamalleja varten?<\/b><\/p>\n<p>Kyll\u00e4, tarjoamme CNC-ty\u00f6st\u00f6\u00e4 yksil\u00f6llisten suunnitteluvaatimusten t\u00e4ytt\u00e4miseksi, mukaan lukien urat, rei\u00e4t ja liitinurat.<br \/>\n<\/p><br \/>\n<br \/>\n<p><b>5.Mink\u00e4 tyyppisi\u00e4 pintak\u00e4sittelyj\u00e4 on saatavilla?<\/b><\/p>\n<p>Yleisi\u00e4 pintak\u00e4sittelyj\u00e4 ovat anodisoitu, pulverimaalattu, harjattu ja puunrakeinen, jotta ne sopivat erilaisiin esteettisiin tarpeisiin.<br \/>\n<\/p><br \/>\n<br \/>\n<p><b>6.Soveltuvatko n\u00e4m\u00e4 profiilit l\u00e4mp\u00f6eristysj\u00e4rjestelmiin?<\/b><\/p>\n<p>Kyll\u00e4, koneistetut profiilit voidaan yhdist\u00e4\u00e4 l\u00e4mp\u00f6katkotekniikoihin ovien ja ikkunoiden eristyksen parantamiseksi.<br \/>\n<\/p><br \/>\n<br \/>\n<p><b>7.Onko asennus helppoa koneistettujen profiilien kanssa?<\/b><\/p>\n<p>Kyll\u00e4, profiilit ovat valmiiksi ty\u00f6stettyj\u00e4 nopeaa kokoonpanoa varten, mik\u00e4 lyhent\u00e4\u00e4 asennusaikaa ja varmistaa tarkan kohdistuksen.<br \/>\n<\/p><br \/>\n<br \/>\n<p><b>8.Mitk\u00e4 teollisuudenalat k\u00e4ytt\u00e4v\u00e4t ty\u00f6stettyj\u00e4 alumiiniprofiileja?<\/b><\/p>\n<p>Niit\u00e4 k\u00e4ytet\u00e4\u00e4n laajalti rakentamisessa, kiinteist\u00f6kehityksess\u00e4, elementtirakentamisessa ja arkkitehtonisissa korjauksissa.<br \/>\n<\/p><br \/><\/p>","protected":false},"featured_media":6998,"template":"","categories":[67],"class_list":["post-6999","product","type-product","status-publish","has-post-thumbnail","hentry","category-architectural-aluminium-profile"],"meta_box":{"hilight_text_group":{"product_hilight_text":"<li>Precision-machined aluminum profiles ensure accurate fit for windows and doors<\/li>\r\r\n<li>High strength-to-weight ratio improves structural integrity without adding bulk<\/li>\r\r\n<li>Corrosion-resistant finish suitable for all weather conditions<\/li>\r\r\n<li>Customizable shapes and cutouts for various architectural designs<\/li>\r\r\n<li>Ready-to-install profiles reduce labor time on-site<\/li>\r\r\n<li>Enhanced thermal and acoustic insulation performance<\/li>\r\r\n<li>Ideal for both residential and commercial construction projects<\/li>","product_chanpin_blog":"<ul>\r\r\n<li><a href=\"https:\/\/sinoextrud.com\/t-slot-v-slot-differences\/\" target=\"_blank\">t slot vs v slot<\/a><\/li>\r\r\n<li><a href=\"https:\/\/sinoextrud.com\/what-is-4040-aluminium-extrud\/\" target=\"_blank\">4040 aluminium extrusion<\/a><\/li>\r\r\n<li><a href=\"https:\/\/sinoextrud.com\/what-is-4040-aluminium-extrud\/\" target=\"_blank\">aluminum extrusions for industrial racks<\/a><\/li>\r\r\n<li><a href=\"https:\/\/sinoextrud.com\/powder-coating-aluminium-process\/\" target=\"_blank\">powder coating aluminium<\/a><\/li>\r\r\n<li><a href=\"https:\/\/sinoextrud.com\/what-is-an-aluminium-strip-ceiling\/\" target=\"_blank\">aluminium strip ceiling<\/a><\/li>\r\r\n<li><a href=\"https:\/\/sinoextrud.com\/what-is-a-heat-sink\/\" target=\"_blank\">what is a heat sink<\/a><\/li>\r\r\n<\/ul>","product_chanpin_chanpin":"<li><a href=\"https:\/\/sinoextrud.com\/product\/anodized-aluminum-profile-kitchen-cabinet-frame\/\" target=\"_blank\">Anodized Aluminum Profile Kitchen Cabinet Frame<\/a><\/li>\r\n<li><a href=\"https:\/\/sinoextrud.com\/product\/aluminum-extrusions-for-wall-panels-u-shape\/\" target=\"_blank\">Aluminum Extrusions For Wall Panels U Shape<\/a><\/li>\r\n<li><a href=\"https:\/\/sinoextrud.com\/product\/polished-sliver-aluminium-profile-like-mirror\/\" target=\"_blank\">Polished Sliver Aluminium Profile Like Mirror<\/a><\/li>\r\n<li><a href=\"https:\/\/sinoextrud.com\/product\/modular-aluminium-frame\/\" target=\"_blank\">Modular Aluminium Frame<\/a><\/li>\r\n<li><a href=\"https:\/\/sinoextrud.com\/product\/machined-aluminium-profiles-for-windows-and-doors\/\" target=\"_blank\">Machined Aluminium Profiles For Windows And Doors<\/a><\/li>\r\n<li><a href=\"https:\/\/sinoextrud.com\/product\/aluminum-trailer-door-frame-extrusions\/\" target=\"_blank\">Aluminum Trailer Door Frame Extrusions<\/a><\/li>\r\n<li><a href=\"https:\/\/sinoextrud.com\/product\/aluminium-shower-extrusions\/\" target=\"_blank\">Aluminium Shower Extrusions<\/a><\/li>\r\n<li><a href=\"https:\/\/sinoextrud.com\/product\/aluminium-profile-material\/\" target=\"_blank\">Aluminium Profile Material<\/a><\/li>\r\n<li><a href=\"https:\/\/sinoextrud.com\/product\/aluminium-frame-extrusion-profile-picture-frame-profile-for-interior-decoration\/\" target=\"_blank\">Aluminium Frame Extrusion Profile Picture Frame Profile For Interior Decoration<\/a><\/li>\r\n<li><a href=\"https:\/\/sinoextrud.com\/product\/wardrobe-cabinet-sliding-aluminum-profile\/\" target=\"_blank\">Wardrobe Cabinet Sliding Aluminum Profile<\/a><\/li>\r\n<li><a href=\"https:\/\/sinoextrud.com\/product\/20-year-warranty-6061-6063-aluminum-wood-grain-look-aluminum-extruded-square-rectangular-tube\/\" target=\"_blank\">20-Year Warranty 6061 6063 Aluminum Wood Grain Look Aluminum Extruded Square Rectangular Tube<\/a><\/li>"},"feature_list":[]},"_links":{"self":[{"href":"https:\/\/sinoextrud.com\/fi\/wp-json\/wp\/v2\/product\/6999","targetHints":{"allow":["GET"]}}],"collection":[{"href":"https:\/\/sinoextrud.com\/fi\/wp-json\/wp\/v2\/product"}],"about":[{"href":"https:\/\/sinoextrud.com\/fi\/wp-json\/wp\/v2\/types\/product"}],"wp:featuredmedia":[{"embeddable":true,"href":"https:\/\/sinoextrud.com\/fi\/wp-json\/wp\/v2\/media\/6998"}],"wp:attachment":[{"href":"https:\/\/sinoextrud.com\/fi\/wp-json\/wp\/v2\/media?parent=6999"}],"wp:term":[{"taxonomy":"category","embeddable":true,"href":"https:\/\/sinoextrud.com\/fi\/wp-json\/wp\/v2\/categories?post=6999"}],"curies":[{"name":"wp","href":"https:\/\/api.w.org\/{rel}","templated":true}]}}