{"id":6995,"date":"2025-06-05T01:52:46","date_gmt":"2025-06-05T01:52:46","guid":{"rendered":"https:\/\/sinoextrud.com\/product\/polished-sliver-aluminium-profile-like-mirror\/"},"modified":"2025-06-24T06:12:04","modified_gmt":"2025-06-24T06:12:04","slug":"kiillotettu-hopea-alumiiniprofiili-kuin-peili","status":"publish","type":"product","link":"https:\/\/sinoextrud.com\/fi\/product\/polished-sliver-aluminium-profile-like-mirror\/","title":{"rendered":"Kiillotettu hopea alumiiniprofiili kuten peili"},"content":{"rendered":"<h2>Tuotteiden tiedot<\/h2>\n<table class=\"custom-table\">\n<tr>\n<td class=\"label\">Kohde:<\/td>\n<td> Kiillotettu hopeinen alumiiniprofiili\uff0c<\/td>\n<\/tr>\n<tr>\n<td class=\"label\">Temperamentti:<\/td>\n<td> T3-T8\uff0c<\/td>\n<\/tr>\n<tr>\n<td class=\"label\">Seos:<\/td>\n<td>Alloy\uff0c<\/td>\n<\/tr>\n<tr>\n<td class=\"label\">Luokka:<\/td>\n<td> 6063-T5, 6061-T6, 6463-T5, 7075-T6, 6082\uff0c.<\/td>\n<\/tr>\n<tr>\n<td class=\"label\">Pituus:<\/td>\n<td>1-9 metri\u00e4 tai r\u00e4\u00e4t\u00e4l\u00f6ityj\u00e4\uff0c<\/td>\n<\/tr>\n<tr>\n<td class=\"label\">Koko:<\/td>\n<td> Custom\uff0c<\/td>\n<\/tr>\n<tr>\n<td class=\"label\">Suvaitsevaisuus:<\/td>\n<td> +\/-0.1m\uff0c<\/td>\n<\/tr>\n<tr>\n<td class=\"label\">Takuu:<\/td>\n<td> Pinnan v\u00e4ri voi olla vakaa 10-20 vuotta Indoor\uff0c<\/td>\n<\/tr>\n<tr>\n<td class=\"label\">Laadunvalvonta:<\/td>\n<td> 100% Tarkastus ennen l\u00e4hetyst\u00e4\uff0c<\/td>\n<\/tr>\n<tr>\n<td class=\"label\">Tekniset tiedot:<\/td>\n<td>ISO9001, ISO14001\uff0c<\/td>\n<\/tr>\n<tr>\n<td class=\"label\">Alkuper\u00e4:<\/td>\n<td>Foshan, Kiina\uff0c<\/td>\n<\/tr>\n<tr>\n<td class=\"label\">Tavaramerkki:<\/td>\n<td>Sinoextrud (Sinoextrud) \/ OEM\uff0c<\/td>\n<\/tr>\n<tr>\n<td class=\"label\">Tyyppi:<\/td>\n<td> Ikkuna- ja oviprofiili, alumiiniprofiili, alumiiniprofiili, alumiiniprofiili, kiillotettu alumiiniprofiili, alumiiniprofiili, alumiiniprofiili, alumiiniprofiili, alumiiniprofiili, alumiiniprofiili, alumiiniprofiili, alumiiniprofiili, alumiiniprofiili.<\/td>\n<\/tr>\n<\/table>\n<h2>Tuotantopohjamme<\/h2>\n<h3>Tehtaan panoraama<\/h3>\n<p><img decoding=\"async\" src=\"\/wp-content\/uploads\/factory-01.webp\"\/><\/p>\n<h3>Alumiini Bar Manufacturing Workshop<\/h3>\n<p><img decoding=\"async\" src=\"\/wp-content\/uploads\/factory-02.webp\"\/><\/p>\n<p><img decoding=\"async\" src=\"\/wp-content\/uploads\/factory-03.webp\"\/><\/p>\n<h3>Muotin varastointi Varasto<\/h3>\n<p><img decoding=\"async\" src=\"\/wp-content\/uploads\/factory-04.webp\"\/><\/p>\n<h3>43 alumiinin ekstruusiolinjat (500-5500 tonnia)<\/h3>\n<p><img decoding=\"async\" src=\"\/wp-content\/uploads\/factory-05.webp\"\/><\/p>\n<p><img decoding=\"async\" src=\"\/wp-content\/uploads\/factory-06.webp\"\/><\/p>\n<p><img decoding=\"async\" src=\"\/wp-content\/uploads\/factory-07.webp\"\/><\/p>\n<h3>Jauhemaalaus ty\u00f6paja<\/h3>\n<p><img decoding=\"async\" src=\"\/wp-content\/uploads\/factory-09.webp\"\/><\/p>\n<h3>Anodisointi ty\u00f6paja<\/h3>\n<p><img decoding=\"async\" src=\"\/wp-content\/uploads\/factory-10.webp\"\/><\/p>\n<h3>Syv\u00e4k\u00e4sittelyn ty\u00f6paja<\/h3>\n<p><img decoding=\"async\" src=\"\/wp-content\/uploads\/factory-11.webp\"\/><\/p>\n<h3>CNC-tarkkuuskoneistus ty\u00f6paja<\/h3>\n<p><img decoding=\"async\" src=\"\/wp-content\/uploads\/factory-11.5.webp\"\/><\/p>\n<h3>Valmiiden tuotteiden ja vientivarasto<\/h3>\n<p><img decoding=\"async\" src=\"\/wp-content\/uploads\/factory-12.webp\"\/><\/p>\n<p><img decoding=\"async\" src=\"\/wp-content\/uploads\/factory-13.webp\"\/><\/p>\n<p><img decoding=\"async\" src=\"\/wp-content\/uploads\/factory-14.webp\"\/><\/p>\n<h2>FAQ<\/h2>\n<p><p><b>1.Mik\u00e4 on kiillotettu hopea alumiiniprofiili kuten peili?<\/b><\/p>\n<p>Se on korkeakiiltoinen alumiiniprofiili, jossa on peilim\u00e4inen pintak\u00e4sittely ja joka on suunniteltu koriste- ja arkkitehtuurisovelluksiin.<br \/>\n<\/p><br \/>\n<br \/>\n<p><b>2.Mitk\u00e4 ovat peilim\u00e4isen alumiinipinnan edut?<\/b><\/p>\n<p>Kiillotettu pinta tarjoaa ensiluokkaisen estetiikan, erinomaisen heijastuskyvyn ja tyylikk\u00e4\u00e4n modernin ilmeen, joka sopii sis\u00e4tiloihin.<br \/>\n<\/p><br \/>\n<br \/>\n<p><b>3.Onko kiillotettu alumiiniprofiili korroosionkest\u00e4v\u00e4?<\/b><\/p>\n<p>Kyll\u00e4, siin\u00e4 on suojakerros, joka kest\u00e4\u00e4 korroosiota ja varmistaa, ett\u00e4 peilipinta pysyy ehj\u00e4n\u00e4 ajan my\u00f6t\u00e4.<br \/>\n<\/p><br \/>\n<br \/>\n<p><b>4.Voiko kiillotettu alumiiniprofiili olla r\u00e4\u00e4t\u00e4l\u00f6ity?<\/b><\/p>\n<p>Profiilista voidaan ehdottomasti tehd\u00e4 eri pituisia, muotoisia ja paksuudeltaan erilaisia, jotta se soveltuu erityisiin suunnitteluvaatimuksiin.<br \/>\n<\/p><br \/>\n<br \/>\n<p><b>5.Mitk\u00e4 ovat peilim\u00e4isten alumiiniprofiilien tyypilliset k\u00e4ytt\u00f6tarkoitukset?<\/b><\/p>\n<p>Niit\u00e4 k\u00e4ytet\u00e4\u00e4n yleisesti n\u00e4ytt\u00f6j\u00e4rjestelmiss\u00e4, huonekalujen verhoilussa, sein\u00e4paneeleissa, opasteissa ja ylellisiss\u00e4 sis\u00e4tiloissa.<br \/>\n<\/p><br \/>\n<br \/>\n<p><b>6.Onko t\u00e4m\u00e4 tuote sopiva sis\u00e4- ja ulkok\u00e4ytt\u00f6\u00f6n?<\/b><\/p>\n<p>Se on suunniteltu ensisijaisesti sis\u00e4k\u00e4ytt\u00f6\u00f6n, mutta sit\u00e4 voidaan k\u00e4ytt\u00e4\u00e4 my\u00f6s katetuissa ulkotiloissa, jos sit\u00e4 huolletaan asianmukaisesti.<br \/>\n<\/p><br \/>\n<br \/>\n<p><b>7.Miten alumiiniprofiileihin saadaan peilipinta?<\/b><\/p>\n<p>Pinta saadaan aikaan mekaanisella kiillotuksella ja kemiallisella k\u00e4sittelyll\u00e4, jolla saavutetaan kiilt\u00e4v\u00e4 ja heijastava pinta.<br \/>\n<\/p><br \/>\n<br \/>\n<p><b>8.Onko peilim\u00e4inen alumiini ymp\u00e4rist\u00f6yst\u00e4v\u00e4llinen?<\/b><\/p>\n<p>Kyll\u00e4, alumiini on kest\u00e4v\u00e4, t\u00e4ysin kierr\u00e4tett\u00e4v\u00e4 materiaali, joka tukee vihreit\u00e4 rakennusk\u00e4yt\u00e4nt\u00f6j\u00e4.<br \/>\n<\/p><br \/><\/p>","protected":false},"featured_media":6994,"template":"","categories":[67],"class_list":["post-6995","product","type-product","status-publish","has-post-thumbnail","hentry","category-architectural-aluminium-profile"],"meta_box":{"hilight_text_group":{"product_hilight_text":"<li>Mirror-like polished finish delivers premium visual appeal<\/li>\r\r\n<li>Made from high-quality aluminum for strength and durability<\/li>\r\r\n<li>Corrosion-resistant surface ensures long-term shine<\/li>\r\r\n<li>Lightweight and easy to fabricate for various applications<\/li>\r\r\n<li>Ideal for decorative, architectural, and interior design use<\/li>\r\r\n<li>Customizable dimensions and thickness to meet design needs<\/li>\r\r\n<li>Eco-friendly and fully recyclable aluminum material<\/li>","product_chanpin_blog":"<ul>\r\r\n<li><a href=\"https:\/\/sinoextrud.com\/t-slot-v-slot-differences\/\" target=\"_blank\">t slot vs v slot<\/a><\/li>\r\r\n<li><a href=\"https:\/\/sinoextrud.com\/what-is-4040-aluminium-extrud\/\" target=\"_blank\">4040 aluminium extrusion<\/a><\/li>\r\r\n<li><a href=\"https:\/\/sinoextrud.com\/what-is-4040-aluminium-extrud\/\" target=\"_blank\">aluminum extrusions for industrial racks<\/a><\/li>\r\r\n<li><a href=\"https:\/\/sinoextrud.com\/powder-coating-aluminium-process\/\" target=\"_blank\">powder coating aluminium<\/a><\/li>\r\r\n<li><a href=\"https:\/\/sinoextrud.com\/what-is-an-aluminium-strip-ceiling\/\" target=\"_blank\">aluminium strip ceiling<\/a><\/li>\r\r\n<li><a href=\"https:\/\/sinoextrud.com\/what-is-a-heat-sink\/\" target=\"_blank\">what is a heat sink<\/a><\/li>\r\r\n<\/ul>","product_chanpin_chanpin":"<li><a href=\"https:\/\/sinoextrud.com\/product\/extruded-aluminum-channel-stock\/\" target=\"_blank\">Extruded Aluminum Channel Stock<\/a><\/li>\r\n<li><a href=\"https:\/\/sinoextrud.com\/product\/aluminium-oxide\/\" target=\"_blank\">Aluminium Oxide<\/a><\/li>\r\n<li><a href=\"https:\/\/sinoextrud.com\/product\/anodized-aluminum-profile-kitchen-cabinet-frame\/\" target=\"_blank\">Anodized Aluminum Profile Kitchen Cabinet Frame<\/a><\/li>\r\n<li><a href=\"https:\/\/sinoextrud.com\/product\/aluminum-extrusions-for-wall-panels-u-shape\/\" target=\"_blank\">Aluminum Extrusions For Wall Panels U Shape<\/a><\/li>\r\n<li><a href=\"https:\/\/sinoextrud.com\/product\/polished-sliver-aluminium-profile-like-mirror\/\" target=\"_blank\">Polished Sliver Aluminium Profile Like Mirror<\/a><\/li>\r\n<li><a href=\"https:\/\/sinoextrud.com\/product\/modular-aluminium-frame\/\" target=\"_blank\">Modular Aluminium Frame<\/a><\/li>\r\n<li><a href=\"https:\/\/sinoextrud.com\/product\/machined-aluminium-profiles-for-windows-and-doors\/\" target=\"_blank\">Machined Aluminium Profiles For Windows And Doors<\/a><\/li>\r\n<li><a href=\"https:\/\/sinoextrud.com\/product\/aluminum-trailer-door-frame-extrusions\/\" target=\"_blank\">Aluminum Trailer Door Frame Extrusions<\/a><\/li>\r\n<li><a href=\"https:\/\/sinoextrud.com\/product\/aluminium-shower-extrusions\/\" target=\"_blank\">Aluminium Shower Extrusions<\/a><\/li>\r\n<li><a href=\"https:\/\/sinoextrud.com\/product\/aluminum-curtain-wall-profile-extrusion-profiles-aluminum-tubing-catalog\/\" target=\"_blank\">aluminum curtain wall profile extrusion profiles aluminum tubing catalog<\/a><\/li>\r\n<li><a href=\"https:\/\/sinoextrud.com\/product\/shaped-tile-ceiling-system\/\" target=\"_blank\">Shaped Tile Ceiling System<\/a><\/li>"},"feature_list":[]},"_links":{"self":[{"href":"https:\/\/sinoextrud.com\/fi\/wp-json\/wp\/v2\/product\/6995","targetHints":{"allow":["GET"]}}],"collection":[{"href":"https:\/\/sinoextrud.com\/fi\/wp-json\/wp\/v2\/product"}],"about":[{"href":"https:\/\/sinoextrud.com\/fi\/wp-json\/wp\/v2\/types\/product"}],"wp:featuredmedia":[{"embeddable":true,"href":"https:\/\/sinoextrud.com\/fi\/wp-json\/wp\/v2\/media\/6994"}],"wp:attachment":[{"href":"https:\/\/sinoextrud.com\/fi\/wp-json\/wp\/v2\/media?parent=6995"}],"wp:term":[{"taxonomy":"category","embeddable":true,"href":"https:\/\/sinoextrud.com\/fi\/wp-json\/wp\/v2\/categories?post=6995"}],"curies":[{"name":"wp","href":"https:\/\/api.w.org\/{rel}","templated":true}]}}