{"id":6928,"date":"2025-06-04T02:25:18","date_gmt":"2025-06-04T02:25:18","guid":{"rendered":"https:\/\/sinoextrud.com\/product\/aluminum-edge-trim-for-plywood\/"},"modified":"2025-06-24T06:12:00","modified_gmt":"2025-06-24T06:12:00","slug":"alumiininen-reunuslista-vanerille","status":"publish","type":"product","link":"https:\/\/sinoextrud.com\/fi\/product\/aluminum-edge-trim-for-plywood\/","title":{"rendered":"Alumiini Edge Trim vanerin"},"content":{"rendered":"<h2>Tuotteiden tiedot<\/h2>\n<table class=\"custom-table\">\n<tr>\n<td class=\"label\">Tuotteen nimi<\/td>\n<td>Alumiininen reunuslista vanerille\uff0c<\/td>\n<\/tr>\n<tr>\n<td class=\"label\">Ainesosa<\/td>\n<td>6063 tai 6061\uff0c<\/td>\n<\/tr>\n<tr>\n<td class=\"label\">Muoto<\/td>\n<td>R\u00e4\u00e4t\u00e4l\u00f6ityn\u00e4\uff0c<\/td>\n<\/tr>\n<tr>\n<td class=\"label\">Koko<\/td>\n<td>R\u00e4\u00e4t\u00e4l\u00f6ityn\u00e4\uff0c<\/td>\n<\/tr>\n<tr>\n<td class=\"label\">Tyypillinen Applycation<\/td>\n<td>Huonekalut, lasikehys\uff0c<\/td>\n<\/tr>\n<tr>\n<td class=\"label\">Tavaramerkki<\/td>\n<td>Sinoextrud tai OEM\uff0c<\/td>\n<\/tr>\n<tr>\n<td class=\"label\">Koko<\/td>\n<td>R\u00e4\u00e4t\u00e4l\u00f6ityn\u00e4\uff0c<\/td>\n<\/tr>\n<tr>\n<td class=\"label\">Syv\u00e4 prosessi<\/td>\n<td>CNC-jyrsint\u00e4, l\u00e4vistys, poraus, kierteitys, taivutus\uff0c<\/td>\n<\/tr>\n<tr>\n<td class=\"label\">Pintak\u00e4sittely<\/td>\n<td>Puujyv\u00e4, anodisoitu, jauhepinnoite, elektroforeesi, PVDF jne.\uff0c<\/td>\n<\/tr>\n<tr>\n<td class=\"label\">Sertifikaatit<\/td>\n<td>ISO9001, ISO4001, CQM, SGS, CE, BV, SONCAP\/GB, ISO, JIS, AS, NZS, QUALICOAT\uff0c<\/td>\n<\/tr>\n<tr>\n<td class=\"label\">Vakiopituus<\/td>\n<td>1-9M\uff0c<\/td>\n<\/tr>\n<tr>\n<td class=\"label\">Alkuper\u00e4paikka<\/td>\n<td>Guangdong,Kiina\uff0c<\/td>\n<\/tr>\n<\/table>\n<h2>Tuotantopohjamme<\/h2>\n<h3>Tehtaan panoraama<\/h3>\n<p><img decoding=\"async\" src=\"\/wp-content\/uploads\/factory-01.webp\"\/><\/p>\n<h3>Alumiini Bar Manufacturing Workshop<\/h3>\n<p><img decoding=\"async\" src=\"\/wp-content\/uploads\/factory-02.webp\"\/><\/p>\n<p><img decoding=\"async\" src=\"\/wp-content\/uploads\/factory-03.webp\"\/><\/p>\n<h3>Muotin varastointi Varasto<\/h3>\n<p><img decoding=\"async\" src=\"\/wp-content\/uploads\/factory-04.webp\"\/><\/p>\n<h3>43 alumiinin ekstruusiolinjat (500-5500 tonnia)<\/h3>\n<p><img decoding=\"async\" src=\"\/wp-content\/uploads\/factory-05.webp\"\/><\/p>\n<p><img decoding=\"async\" src=\"\/wp-content\/uploads\/factory-06.webp\"\/><\/p>\n<p><img decoding=\"async\" src=\"\/wp-content\/uploads\/factory-07.webp\"\/><\/p>\n<h3>Jauhemaalaus ty\u00f6paja<\/h3>\n<p><img decoding=\"async\" src=\"\/wp-content\/uploads\/factory-09.webp\"\/><\/p>\n<h3>Anodisointi ty\u00f6paja<\/h3>\n<p><img decoding=\"async\" src=\"\/wp-content\/uploads\/factory-10.webp\"\/><\/p>\n<h3>Syv\u00e4k\u00e4sittelyn ty\u00f6paja<\/h3>\n<p><img decoding=\"async\" src=\"\/wp-content\/uploads\/factory-11.webp\"\/><\/p>\n<h3>CNC-tarkkuuskoneistus ty\u00f6paja<\/h3>\n<p><img decoding=\"async\" src=\"\/wp-content\/uploads\/factory-11.5.webp\"\/><\/p>\n<h3>Valmiiden tuotteiden ja vientivarasto<\/h3>\n<p><img decoding=\"async\" src=\"\/wp-content\/uploads\/factory-12.webp\"\/><\/p>\n<p><img decoding=\"async\" src=\"\/wp-content\/uploads\/factory-13.webp\"\/><\/p>\n<p><img decoding=\"async\" src=\"\/wp-content\/uploads\/factory-14.webp\"\/><\/p>\n<h2>FAQ<\/h2>\n<p><p><b>1.What on alumiini Edge Trim vanerin k\u00e4ytet\u00e4\u00e4n?<\/b><\/p>\n<p>Alumiinisia vanerin reunalistoja k\u00e4ytet\u00e4\u00e4n vanerilevyjen reunojen suojaamiseen ja parantamiseen, mik\u00e4 antaa vanerilevyille sek\u00e4 kest\u00e4vyytt\u00e4 ett\u00e4 viimeistellyn ulkon\u00e4\u00f6n.<br \/>\n<\/p><br \/>\n<br \/>\n<p><b>2.Sopiiko alumiininen verhoilu kaikkien vanerin paksuuksien kanssa?<\/b><\/p>\n<p>Alumiinista vanerin reunalistaa on saatavana eri kokoja, jotka sopivat vanerin vakiopaksuuksiin ja takaavat tiukan ja turvallisen istuvuuden.<br \/>\n<\/p><br \/>\n<br \/>\n<p><b>3.Voiko vanerin alumiinista reunalistaa k\u00e4ytt\u00e4\u00e4 ulkona?<\/b><\/p>\n<p>Alumiinirakenne on korroosionkest\u00e4v\u00e4, joten se sopii erinomaisesti sek\u00e4 sis\u00e4- ett\u00e4 ulkok\u00e4ytt\u00f6\u00f6n.<br \/>\n<\/p><br \/>\n<br \/>\n<p><b>4.Miten asennan alumiinisen reunalistan vanerille?<\/b><\/p>\n<p>Alumiininen vanerin reunuslista on helppo leikata ja asentaa tavallisilla ty\u00f6kaluilla, mik\u00e4 vaatii vain v\u00e4h\u00e4n aikaa ja vaivaa.<br \/>\n<\/p><br \/>\n<br \/>\n<p><b>5.Parantaako alumiininen reunalistoitus vanerin lujuutta?<\/b><\/p>\n<p>Kyll\u00e4, se auttaa vahvistamaan vanerilevyjen reunoja, lis\u00e4\u00e4 rakenteellista kest\u00e4vyytt\u00e4 ja suojaa reunavaurioilta.<br \/>\n<\/p><br \/>\n<br \/>\n<p><b>6.Mit\u00e4 viimeistelyj\u00e4 on saatavana vanerin alumiinireunalistoihin?<\/b><\/p>\n<p>Alumiininen vanerin reunuslista on saatavana useina eri pintak\u00e4sittelyin\u00e4, mukaan lukien anodisoitu, harjattu ja pulverimaalattu vaihtoehto suunnittelun joustavuutta varten.<br \/>\n<\/p><br \/>\n<br \/>\n<p><b>7.Onko vanerin alumiininen reunuslista kosteutta kest\u00e4v\u00e4?<\/b><\/p>\n<p>Kyll\u00e4, alumiinimateriaali kest\u00e4\u00e4 erinomaisesti kosteutta, joten se soveltuu hyvin kosteisiin ymp\u00e4rist\u00f6ihin.<\/p>\n<p><\/p><br \/><\/p>","protected":false},"featured_media":6927,"template":"","categories":[67],"class_list":["post-6928","product","type-product","status-publish","has-post-thumbnail","hentry","category-architectural-aluminium-profile"],"meta_box":{"hilight_text_group":{"product_hilight_text":"<li>Durable aluminum construction ensures long-lasting edge protection<\/li>\r\r\n<li>Designed specifically to fit standard plywood thicknesses<\/li>\r\r\n<li>Provides a clean, professional finish to exposed plywood edges<\/li>\r\r\n<li>Resistant to corrosion, moisture, and impact damage<\/li>\r\r\n<li>Easy to cut and install for efficient project completion<\/li>\r\r\n<li>Enhances structural integrity and aesthetic appeal of plywood panels<\/li>\r\r\n<li>Available in various finishes to match design requirements<\/li>","product_chanpin_blog":"<ul>\r\r\n<li><a href=\"https:\/\/sinoextrud.com\/t-slot-v-slot-differences\/\" target=\"_blank\">t slot vs v slot<\/a><\/li>\r\r\n<li><a href=\"https:\/\/sinoextrud.com\/what-is-4040-aluminium-extrud\/\" target=\"_blank\">4040 aluminium extrusion<\/a><\/li>\r\r\n<li><a href=\"https:\/\/sinoextrud.com\/what-is-4040-aluminium-extrud\/\" target=\"_blank\">aluminum extrusions for industrial racks<\/a><\/li>\r\r\n<li><a href=\"https:\/\/sinoextrud.com\/powder-coating-aluminium-process\/\" target=\"_blank\">powder coating aluminium<\/a><\/li>\r\r\n<li><a href=\"https:\/\/sinoextrud.com\/what-is-an-aluminium-strip-ceiling\/\" target=\"_blank\">aluminium strip ceiling<\/a><\/li>\r\r\n<li><a href=\"https:\/\/sinoextrud.com\/what-is-a-heat-sink\/\" target=\"_blank\">what is a heat sink<\/a><\/li>\r\r\n<\/ul>","product_chanpin_chanpin":"<li><a href=\"https:\/\/sinoextrud.com\/product\/custom-precision-cnc-machining-for-aluminum-parts\/\" target=\"_blank\">Custom Precision CNC Machining for Aluminum Parts<\/a><\/li>\r\n<li><a href=\"https:\/\/sinoextrud.com\/product\/anodized-extruded-c-section-aluminium-profile\/\" target=\"_blank\">Anodized Extruded C Section Aluminium Profile<\/a><\/li>\r\n<li><a href=\"https:\/\/sinoextrud.com\/product\/matte-champagne-floor-and-stair-step-parquet-tile-carpet-trim-transition-aluminium-profile\/\" target=\"_blank\">Matte champagne floor and stair step parquet tile carpet trim transition aluminium profile<\/a><\/li>\r\n<li><a href=\"https:\/\/sinoextrud.com\/product\/wall-surface-edging-protection-skirtboard-baseboard-kicking-line-aluminium-profile\/\" target=\"_blank\">Wall surface edging protection Skirtboard Baseboard Kicking line aluminium profile<\/a><\/li>\r\n<li><a href=\"https:\/\/sinoextrud.com\/product\/aluminum-edge-trim-for-plywood\/\" target=\"_blank\">Aluminum Edge Trim For Plywood<\/a><\/li>\r\n<li><a href=\"https:\/\/sinoextrud.com\/product\/rectangular-aluminum-extrusions\/\" target=\"_blank\">Rectangular Aluminum Extrusions<\/a><\/li>\r\n<li><a href=\"https:\/\/sinoextrud.com\/product\/aluminium-extrusion-profiles-for-the-windows\/\" target=\"_blank\">Aluminium Extrusion Profiles For The Windows<\/a><\/li>\r\n<li><a href=\"https:\/\/sinoextrud.com\/product\/aluminum-extrusion-polished-square-tupe\/\" target=\"_blank\">Aluminum Extrusion Polished Square Tupe<\/a><\/li>\r\n<li><a href=\"https:\/\/sinoextrud.com\/product\/aluminum-door-jamb-extrusions\/\" target=\"_blank\">Aluminum Door Jamb Extrusions<\/a><\/li>\r\n<li><a href=\"https:\/\/sinoextrud.com\/product\/h-section-aluminium-extrusion\/\" target=\"_blank\">H Section Aluminium Extrusion<\/a><\/li>\r\n<li><a href=\"https:\/\/sinoextrud.com\/product\/aluminium-sliding-door-with-french-style-bi-folding-glass-wall-door-energy-saving-heat-insulation\/\" target=\"_blank\">Aluminium Sliding Door With French Style Bi-folding Glass Wall Door Energy Saving Heat Insulation<\/a><\/li>"},"feature_list":[]},"_links":{"self":[{"href":"https:\/\/sinoextrud.com\/fi\/wp-json\/wp\/v2\/product\/6928","targetHints":{"allow":["GET"]}}],"collection":[{"href":"https:\/\/sinoextrud.com\/fi\/wp-json\/wp\/v2\/product"}],"about":[{"href":"https:\/\/sinoextrud.com\/fi\/wp-json\/wp\/v2\/types\/product"}],"wp:featuredmedia":[{"embeddable":true,"href":"https:\/\/sinoextrud.com\/fi\/wp-json\/wp\/v2\/media\/6927"}],"wp:attachment":[{"href":"https:\/\/sinoextrud.com\/fi\/wp-json\/wp\/v2\/media?parent=6928"}],"wp:term":[{"taxonomy":"category","embeddable":true,"href":"https:\/\/sinoextrud.com\/fi\/wp-json\/wp\/v2\/categories?post=6928"}],"curies":[{"name":"wp","href":"https:\/\/api.w.org\/{rel}","templated":true}]}}