{"id":6911,"date":"2025-06-04T02:05:12","date_gmt":"2025-06-04T02:05:12","guid":{"rendered":"https:\/\/sinoextrud.com\/product\/aluminium-window-trim-profiles\/"},"modified":"2025-06-24T06:11:57","modified_gmt":"2025-06-24T06:11:57","slug":"alumiiniset-ikkunanvierusprofiilit","status":"publish","type":"product","link":"https:\/\/sinoextrud.com\/fi\/product\/aluminium-window-trim-profiles\/","title":{"rendered":"Alumiiniset ikkunanleikkausprofiilit"},"content":{"rendered":"<h2>Tuotteiden tiedot<\/h2>\n<table class=\"custom-table\">\n<tr>\n<td class=\"label\">Malli NO.:<\/td>\n<td>6063 Alumiiniset ikkunanleikkausprofiilit\uff0c<\/td>\n<\/tr>\n<tr>\n<td class=\"label\">Temperamentti:<\/td>\n<td>T3 - T8\uff0c<\/td>\n<\/tr>\n<tr>\n<td class=\"label\">Pintak\u00e4sittely:<\/td>\n<td>anodisoitu, jauhemaalattu jne. \uff0c<\/td>\n<\/tr>\n<tr>\n<td class=\"label\">Seos:<\/td>\n<td>Alloy\uff0c<\/td>\n<\/tr>\n<tr>\n<td class=\"label\">Tyyppi:<\/td>\n<td>Alumiiniprofiilit ikkunoiden koristeluun\uff0c<\/td>\n<\/tr>\n<tr>\n<td class=\"label\">Tekniikka:<\/td>\n<td>Puristettu\uff0c<\/td>\n<\/tr>\n<tr>\n<td class=\"label\">Tavaramerkki:<\/td>\n<td>OEM\uff0c<\/td>\n<\/tr>\n<tr>\n<td class=\"label\">Alkuper\u00e4:<\/td>\n<td>Guangdong Kiina\uff0c<\/td>\n<\/tr>\n<tr>\n<td class=\"label\">Muoto:<\/td>\n<td>sama kuin piirustuksessa\uff0c<\/td>\n<\/tr>\n<tr>\n<td class=\"label\">Sertifiointi:<\/td>\n<td>EN, ASTM, GB\/T\uff0c<\/td>\n<\/tr>\n<tr>\n<td class=\"label\">Koko:<\/td>\n<td>80*25 mm\uff0c<\/td>\n<\/tr>\n<tr>\n<td class=\"label\">HS-koodi:<\/td>\n<td>7604299000\uff0c<\/td>\n<\/tr>\n<tr>\n<td class=\"label\">Sein\u00e4m\u00e4n paksuus:<\/td>\n<td>1,4 mm. R\u00e4\u00e4t\u00e4l\u00f6ity saatavilla\uff0c<\/td>\n<\/tr>\n<\/table>\n<h2>Tuotantopohjamme<\/h2>\n<h3>Tehtaan panoraama<\/h3>\n<p><img decoding=\"async\" src=\"\/wp-content\/uploads\/factory-01.webp\"\/><\/p>\n<h3>Alumiini Bar Manufacturing Workshop<\/h3>\n<p><img decoding=\"async\" src=\"\/wp-content\/uploads\/factory-02.webp\"\/><\/p>\n<p><img decoding=\"async\" src=\"\/wp-content\/uploads\/factory-03.webp\"\/><\/p>\n<h3>Muotin varastointi Varasto<\/h3>\n<p><img decoding=\"async\" src=\"\/wp-content\/uploads\/factory-04.webp\"\/><\/p>\n<h3>43 alumiinin ekstruusiolinjat (500-5500 tonnia)<\/h3>\n<p><img decoding=\"async\" src=\"\/wp-content\/uploads\/factory-05.webp\"\/><\/p>\n<p><img decoding=\"async\" src=\"\/wp-content\/uploads\/factory-06.webp\"\/><\/p>\n<p><img decoding=\"async\" src=\"\/wp-content\/uploads\/factory-07.webp\"\/><\/p>\n<h3>Jauhemaalaus ty\u00f6paja<\/h3>\n<p><img decoding=\"async\" src=\"\/wp-content\/uploads\/factory-09.webp\"\/><\/p>\n<h3>Anodisointi ty\u00f6paja<\/h3>\n<p><img decoding=\"async\" src=\"\/wp-content\/uploads\/factory-10.webp\"\/><\/p>\n<h3>Syv\u00e4k\u00e4sittelyn ty\u00f6paja<\/h3>\n<p><img decoding=\"async\" src=\"\/wp-content\/uploads\/factory-11.webp\"\/><\/p>\n<h3>CNC-tarkkuuskoneistus ty\u00f6paja<\/h3>\n<p><img decoding=\"async\" src=\"\/wp-content\/uploads\/factory-11.5.webp\"\/><\/p>\n<h3>Valmiiden tuotteiden ja vientivarasto<\/h3>\n<p><img decoding=\"async\" src=\"\/wp-content\/uploads\/factory-12.webp\"\/><\/p>\n<p><img decoding=\"async\" src=\"\/wp-content\/uploads\/factory-13.webp\"\/><\/p>\n<p><img decoding=\"async\" src=\"\/wp-content\/uploads\/factory-14.webp\"\/><\/p>\n<h2>FAQ<\/h2>\n<p><p><b>1.Mit\u00e4 ovat alumiiniset ikkunanleikkausprofiilit?<\/b><\/p>\n<p>Alumiiniset ikkunanreunusprofiilit ovat suulakepuristettuja alumiinikomponentteja, jotka on suunniteltu viimeistelem\u00e4\u00e4n ikkunanpuitteiden reuna, parantamaan esteettisyytt\u00e4 ja suojaamaan s\u00e4\u00e4ilmi\u00f6ilt\u00e4.<br \/>\n<\/p><br \/>\n<br \/>\n<p><b>2.Miksi valita alumiini ikkunan reunaprofiileihin?<\/b><\/p>\n<p>Alumiini tarjoaa korkean lujuus-painosuhteen, korroosionkest\u00e4vyyden ja suunnittelun joustavuuden, joten se sopii erinomaisesti kest\u00e4viin ja tyylikk\u00e4isiin ikkunoiden koristeluihin.<br \/>\n<\/p><br \/>\n<br \/>\n<p><b>3.Mit\u00e4 pintak\u00e4sittelyj\u00e4 on saatavana alumiinisiin ikkunanreunaprofiileihin?<\/b><\/p>\n<p>Yleisi\u00e4 pintak\u00e4sittelyj\u00e4 ovat anodisoitu, pulverimaalattu ja puunsuikale, ja ne tarjoavat erilaisia v\u00e4rej\u00e4 ja kuvioita, jotka t\u00e4ydent\u00e4v\u00e4t erilaisia arkkitehtonisia malleja.<br \/>\n<\/p><br \/>\n<br \/>\n<p><b>4.Voiko alumiinisia ikkunan reunaprofiileja r\u00e4\u00e4t\u00e4l\u00f6id\u00e4?<\/b><\/p>\n<p>Kyll\u00e4, valmistajat tarjoavat r\u00e4\u00e4t\u00e4l\u00f6inti\u00e4 koon, muodon ja viimeistelyn osalta vastaamaan erityisi\u00e4 projektivaatimuksia ja suunnittelumieltymyksi\u00e4.<br \/>\n<\/p><br \/>\n<br \/>\n<p><b>5.Soveltuvatko n\u00e4m\u00e4 profiilit ulkok\u00e4ytt\u00f6\u00f6n?<\/b><\/p>\n<p>Alumiinin korroosionkest\u00e4vyys tekee n\u00e4ist\u00e4 profiileista ihanteellisia ulkok\u00e4ytt\u00f6\u00f6n, sill\u00e4 ne kest\u00e4v\u00e4t erilaisia s\u00e4\u00e4olosuhteita.<br \/>\n<\/p><br \/>\n<br \/>\n<p><b>6.Miten alumiiniset ikkunoiden koristeprofiilit edist\u00e4v\u00e4t energiatehokkuutta?<\/b><\/p>\n<p>Kun alumiiniprofiileja k\u00e4ytet\u00e4\u00e4n yhdess\u00e4 eristyslasien kanssa, ne auttavat v\u00e4hent\u00e4m\u00e4\u00e4n l\u00e4mp\u00f6siltoja ja parantavat n\u00e4in ikkunoiden yleist\u00e4 energiatehokkuutta.<br \/>\n<\/p><br \/>\n<br \/>\n<p><b>7.Onko alumiini ymp\u00e4rist\u00f6yst\u00e4v\u00e4llinen materiaali ikkunoiden verhoiluun?<\/b><\/p>\n<p>Kyll\u00e4, alumiini on t\u00e4ysin kierr\u00e4tett\u00e4viss\u00e4 ilman ominaisuuksien menetyst\u00e4, joten se on kest\u00e4v\u00e4 valinta ymp\u00e4rist\u00f6tietoisiin rakennushankkeisiin.<br \/>\n<\/p><br \/><\/p>","protected":false},"featured_media":6910,"template":"","categories":[67],"class_list":["post-6911","product","type-product","status-publish","has-post-thumbnail","hentry","category-architectural-aluminium-profile"],"meta_box":{"hilight_text_group":{"product_hilight_text":"<li>Durable and corrosion-resistant, ideal for both residential and commercial window applications.<\/li>\r\r\n<li>Lightweight construction allows for easy handling and installation, reducing labor costs.<\/li>\r\r\n<li>Available in various finishes including anodized, powder-coated, and wood grain to match diverse architectural styles.<\/li>\r\r\n<li>Customizable profiles to fit specific design requirements and window dimensions.<\/li>\r\r\n<li>Low-maintenance surfaces resist wear, fading, and weathering, ensuring long-term performance.<\/li>\r\r\n<li>Enhances energy efficiency when combined with insulated glazing systems.<\/li>\r\r\n<li>Environmentally friendly and fully recyclable, supporting sustainable building practices.<\/li>","product_chanpin_blog":"<ul>\r\r\n<li><a href=\"https:\/\/sinoextrud.com\/t-slot-v-slot-differences\/\" target=\"_blank\">t slot vs v slot<\/a><\/li>\r\r\n<li><a href=\"https:\/\/sinoextrud.com\/what-is-4040-aluminium-extrud\/\" target=\"_blank\">4040 aluminium extrusion<\/a><\/li>\r\r\n<li><a href=\"https:\/\/sinoextrud.com\/what-is-4040-aluminium-extrud\/\" target=\"_blank\">aluminum extrusions for industrial racks<\/a><\/li>\r\r\n<li><a href=\"https:\/\/sinoextrud.com\/powder-coating-aluminium-process\/\" target=\"_blank\">powder coating aluminium<\/a><\/li>\r\r\n<li><a href=\"https:\/\/sinoextrud.com\/what-is-an-aluminium-strip-ceiling\/\" target=\"_blank\">aluminium strip ceiling<\/a><\/li>\r\r\n<li><a href=\"https:\/\/sinoextrud.com\/what-is-a-heat-sink\/\" target=\"_blank\">what is a heat sink<\/a><\/li>\r\r\n<\/ul>","product_chanpin_chanpin":"<li><a href=\"https:\/\/sinoextrud.com\/product\/aluminium-c-channel-profiles\/\" target=\"_blank\">Aluminium C Channel Profiles<\/a><\/li>\r\n<li><a href=\"https:\/\/sinoextrud.com\/product\/aluminum-z-extrusion\/\" target=\"_blank\">Aluminum Z Extrusion<\/a><\/li>\r\n<li><a href=\"https:\/\/sinoextrud.com\/product\/h-shaped-aluminum-extrusion\/\" target=\"_blank\">H Shaped Aluminum Extrusion<\/a><\/li>\r\n<li><a href=\"https:\/\/sinoextrud.com\/product\/6063-6061aluminum-extrusions-for-door-frames\/\" target=\"_blank\">6063 6061Aluminum Extrusions For Door Frames<\/a><\/li>\r\n<li><a href=\"https:\/\/sinoextrud.com\/product\/aluminium-window-trim-profiles\/\" target=\"_blank\">Aluminium Window Trim Profiles<\/a><\/li>\r\n<li><a href=\"https:\/\/sinoextrud.com\/product\/aluminium-window-and-door-profiles\/\" target=\"_blank\">Aluminium Window And Door Profiles<\/a><\/li>\r\n<li><a href=\"https:\/\/sinoextrud.com\/product\/aluminum-cnc-machined-part-custom-aluminum-machining\/\" target=\"_blank\">Aluminum CNC Machined Part Custom Aluminum Machining<\/a><\/li>\r\n<li><a href=\"https:\/\/sinoextrud.com\/product\/aluminum-t-bar-extrusion\/\" target=\"_blank\">Aluminum T Bar Extrusion<\/a><\/li>\r\n<li><a href=\"https:\/\/sinoextrud.com\/product\/aluminium-profile-for-fold-rack-aluminum-alloy-clothes-drying-rack-and-aluminium-frame-clotheshorse\/\" target=\"_blank\">Aluminium profile for Fold rack Aluminum alloy Clothes drying rack and aluminium frame Clotheshorse<\/a><\/li>\r\n<li><a href=\"https:\/\/sinoextrud.com\/product\/rectangular-aluminum-extrusions\/\" target=\"_blank\">Rectangular Aluminum Extrusions<\/a><\/li>\r\n<li><a href=\"https:\/\/sinoextrud.com\/product\/aluminium-profile-for-glass-roof\/\" target=\"_blank\">Aluminium Profile For Glass Roof<\/a><\/li>"},"feature_list":[]},"_links":{"self":[{"href":"https:\/\/sinoextrud.com\/fi\/wp-json\/wp\/v2\/product\/6911","targetHints":{"allow":["GET"]}}],"collection":[{"href":"https:\/\/sinoextrud.com\/fi\/wp-json\/wp\/v2\/product"}],"about":[{"href":"https:\/\/sinoextrud.com\/fi\/wp-json\/wp\/v2\/types\/product"}],"wp:featuredmedia":[{"embeddable":true,"href":"https:\/\/sinoextrud.com\/fi\/wp-json\/wp\/v2\/media\/6910"}],"wp:attachment":[{"href":"https:\/\/sinoextrud.com\/fi\/wp-json\/wp\/v2\/media?parent=6911"}],"wp:term":[{"taxonomy":"category","embeddable":true,"href":"https:\/\/sinoextrud.com\/fi\/wp-json\/wp\/v2\/categories?post=6911"}],"curies":[{"name":"wp","href":"https:\/\/api.w.org\/{rel}","templated":true}]}}