{"id":6907,"date":"2025-06-04T01:53:13","date_gmt":"2025-06-04T01:53:13","guid":{"rendered":"https:\/\/sinoextrud.com\/product\/6063-6061aluminum-extrusions-for-door-frames\/"},"modified":"2025-06-24T06:11:57","modified_gmt":"2025-06-24T06:11:57","slug":"6063-6061alumiiniprofiilit-ovenkarmeja-varten","status":"publish","type":"product","link":"https:\/\/sinoextrud.com\/fi\/product\/6063-6061aluminum-extrusions-for-door-frames\/","title":{"rendered":"6063 6061Alumiiniprofiilit ovenkarmeille"},"content":{"rendered":"<h2>Tuotteiden tiedot<\/h2>\n<table class=\"custom-table\">\n<tr>\n<td class=\"label\">Luokka:<\/td>\n<td>6063 -t5\uff0c<\/td>\n<\/tr>\n<tr>\n<td class=\"label\">Tekniikka:<\/td>\n<td>6063 6061 Alumiini ekstruusiot ovenkarmeille\uff0c<\/td>\n<\/tr>\n<tr>\n<td class=\"label\">Temperamentti:<\/td>\n<td>T3 - T8\uff0c<\/td>\n<\/tr>\n<tr>\n<td class=\"label\">Koneistuspalvelut:<\/td>\n<td>Poraus, poraus, niittaus, kokoonpano jne\uff0c<\/td>\n<\/tr>\n<tr>\n<td class=\"label\">Tavaramerkki:<\/td>\n<td>Sinoextrud Sinoextrud Sinoextrud \uff0c<\/td>\n<\/tr>\n<tr>\n<td class=\"label\">Tyyppi:<\/td>\n<td>6063 6061 Alumiini ekstruusiot ovenkarmeille\uff0c<\/td>\n<\/tr>\n<tr>\n<td class=\"label\">Muoto:<\/td>\n<td>Made as Clients Design\uff0c<\/td>\n<\/tr>\n<tr>\n<td class=\"label\">Pintak\u00e4sittely:<\/td>\n<td>Mill Finish Anodized Brushed\uff0c<\/td>\n<\/tr>\n<tr>\n<td class=\"label\">Pituus:<\/td>\n<td>1m - 9m per pituus\uff0c<\/td>\n<\/tr>\n<tr>\n<td class=\"label\">V\u00e4rit:<\/td>\n<td>Silver Black\uff0c<\/td>\n<\/tr>\n<tr>\n<td class=\"label\">HS-koodi:<\/td>\n<td>76042990\uff0c<\/td>\n<\/tr>\n<\/table>\n<h2>Tuotantopohjamme<\/h2>\n<h3>Tehtaan panoraama<\/h3>\n<p><img decoding=\"async\" src=\"\/wp-content\/uploads\/factory-01.webp\"\/><\/p>\n<h3>Alumiini Bar Manufacturing Workshop<\/h3>\n<p><img decoding=\"async\" src=\"\/wp-content\/uploads\/factory-02.webp\"\/><\/p>\n<\/p>\n<p><img decoding=\"async\" src=\"\/wp-content\/uploads\/factory-03.webp\"\/><\/p>\n<h3>Muotin varastointi Varasto<\/h3>\n<p><img decoding=\"async\" src=\"\/wp-content\/uploads\/factory-04.webp\"\/><\/p>\n<h3>43 alumiinin ekstruusiolinjat (500-5500 tonnia)<\/h3>\n<p><img decoding=\"async\" src=\"\/wp-content\/uploads\/factory-05.webp\"\/><\/p>\n<p><img decoding=\"async\" src=\"\/wp-content\/uploads\/factory-06.webp\"\/><\/p>\n<p><img decoding=\"async\" src=\"\/wp-content\/uploads\/factory-07.webp\"\/><\/p>\n<h3>Jauhemaalaus ty\u00f6paja<\/h3>\n<p><img decoding=\"async\" src=\"\/wp-content\/uploads\/factory-09.webp\"\/><\/p>\n<h3>Anodisointi ty\u00f6paja<\/h3>\n<p><img decoding=\"async\" src=\"\/wp-content\/uploads\/factory-10.webp\"\/><\/p>\n<h3>Syv\u00e4k\u00e4sittelyn ty\u00f6paja<\/h3>\n<p><img decoding=\"async\" src=\"\/wp-content\/uploads\/factory-11.webp\"\/><\/p>\n<h3>CNC-tarkkuuskoneistus ty\u00f6paja<\/h3>\n<p><img decoding=\"async\" src=\"\/wp-content\/uploads\/factory-11.5.webp\"\/><\/p>\n<h3>Valmiiden tuotteiden ja vientivarasto<\/h3>\n<p><img decoding=\"async\" src=\"\/wp-content\/uploads\/factory-12.webp\"\/><\/p>\n<p><img decoding=\"async\" src=\"\/wp-content\/uploads\/factory-13.webp\"\/><\/p>\n<p><img decoding=\"async\" src=\"\/wp-content\/uploads\/factory-14.webp\"\/><\/p>\n<h2>FAQ<\/h2>\n<p><b>1.What on ero 6063 ja 6061 alumiiniprofiilien v\u00e4lill\u00e4 ovenkarmeille?<\/b><\/p>\n<p>6063 tarjoaa paremman pintak\u00e4sittelyn ja sopii erinomaisesti koristeellisiin ovenkarmeihin, kun taas 6061 tarjoaa suuremman lujuuden, joka soveltuu rakenteellisiin sovelluksiin.\n<\/p>\n<p><\/p>\n<p><b>2.Ovatko 6063- ja 6061-alumiiniprofiilit korroosionkest\u00e4vi\u00e4?<\/b><\/p>\n<p>Kyll\u00e4, sek\u00e4 6063- ett\u00e4 6061-alumiiniprofiilit kest\u00e4v\u00e4t erinomaisesti korroosiota, joten ne soveltuvat erinomaisesti ulkokehysten k\u00e4ytt\u00f6\u00f6n.\n<\/p>\n<p><\/p>\n<p><b>3.Can alumiini ovenkarmin puristekehykset anodisoitu tai maalattu?<\/b><\/p>\n<p>Kyll\u00e4, sek\u00e4 6063- ett\u00e4 6061-alumiiniprofiilit tukevat anodisointia ja jauhemaalausta, mik\u00e4 parantaa esteettisyytt\u00e4 ja kest\u00e4vyytt\u00e4.\n<\/p>\n<p><\/p>\n<p><b>4.Kumpi on vahvempi ovenkarmeille, 6061- vai 6063-alumiini?<\/b><\/p>\n<p>6061-alumiiniprofiileilla on suurempi vetolujuus kuin 6063-profiililla, joten ne soveltuvat paremmin kantaviin ovenkarmisovelluksiin.\n<\/p>\n<p><\/p>\n<p><b>5.Are 6063 ja 6061 alumiiniprofiilit ymp\u00e4rist\u00f6yst\u00e4v\u00e4llisi\u00e4?<\/b><\/p>\n<p>Kyll\u00e4, molemmat laatuluokat ovat t\u00e4ysin kierr\u00e4tett\u00e4vi\u00e4, joten alumiiniset ovenkarmiprofiilit ovat ymp\u00e4rist\u00f6n kannalta kest\u00e4v\u00e4 valinta.\n<\/p>\n<p><\/p>\n<p><b>6.Ovatko ovenkarmien alumiiniprofiilit vakiokokoisia?<\/b><\/p>\n<p>Kyll\u00e4, 6063- ja 6061-alumiiniprofiileja on saatavana vakio- ja r\u00e4\u00e4t\u00e4l\u00f6it\u00e4viss\u00e4 profiileissa erilaisiin ovenkarmimalleihin.\n<\/p>\n<p><\/p>\n<p><b>7.Onko alumiini sopiva kaupallisiin ja asuinrakennusten ovenkarmeihin?<\/b><\/p>\n<p>Ehdottomasti 6063- ja 6061-alumiiniprofiileja k\u00e4ytet\u00e4\u00e4n laajalti sek\u00e4 kaupallisissa ett\u00e4 asuinrakennusten ovenkarmiasennuksissa niiden lujuuden, ulkon\u00e4\u00f6n ja kulutuskest\u00e4vyyden vuoksi.\n<\/p>\n<p><\/p>\n<p><b>8.Voinko k\u00e4ytt\u00e4\u00e4 samaa alumiiniprofiilia sis\u00e4- ja ulko-ovenkarmeihin?<\/b><\/p>\n<p>Kyll\u00e4, 6063- ja 6061-alumiiniprofiilit soveltuvat korroosionkest\u00e4vyytens\u00e4 ja kest\u00e4vyytens\u00e4 ansiosta sek\u00e4 sis\u00e4- ett\u00e4 ulkotilojen ovenkarmeihin.\n<\/p>\n<p><\/p>","protected":false},"featured_media":6906,"template":"","categories":[67],"class_list":["post-6907","product","type-product","status-publish","has-post-thumbnail","hentry","category-architectural-aluminium-profile"],"meta_box":{"hilight_text_group":{"product_hilight_text":"<li>High strength and durability suitable for heavy-duty door frame applications<\/li>\r\r\n<li>Excellent corrosion resistance ideal for outdoor or humid environments<\/li>\r\r\n<li>Smooth surface finish allows for easy anodizing and powder coating<\/li>\r\r\n<li>Lightweight material reduces transportation and installation costs<\/li>\r\r\n<li>Accurate dimensional tolerance ensures easy assembly and consistency<\/li>\r\r\n<li>Available in both 6063 and 6061 grades for versatile application needs<\/li>\r\r\n<li>Eco-friendly and fully recyclable aluminum material<\/li","product_chanpin_blog":"<ul>\r\r\n<li><a href=\"https:\/\/sinoextrud.com\/t-slot-v-slot-differences\/\" target=\"_blank\">t slot vs v slot<\/a><\/li>\r\r\n<li><a href=\"https:\/\/sinoextrud.com\/what-is-4040-aluminium-extrud\/\" target=\"_blank\">4040 aluminium extrusion<\/a><\/li>\r\r\n<li><a href=\"https:\/\/sinoextrud.com\/what-is-4040-aluminium-extrud\/\" target=\"_blank\">aluminum extrusions for industrial racks<\/a><\/li>\r\r\n<li><a href=\"https:\/\/sinoextrud.com\/powder-coating-aluminium-process\/\" target=\"_blank\">powder coating aluminium<\/a><\/li>\r\r\n<li><a href=\"https:\/\/sinoextrud.com\/what-is-an-aluminium-strip-ceiling\/\" target=\"_blank\">aluminium strip ceiling<\/a><\/li>\r\r\n<li><a href=\"https:\/\/sinoextrud.com\/what-is-a-heat-sink\/\" target=\"_blank\">what is a heat sink<\/a><\/li>\r\r\n<\/ul>","product_chanpin_chanpin":"<li><a href=\"https:\/\/sinoextrud.com\/product\/anodized-extruded-u-shaped-aluminium-profile\/\" target=\"_blank\">Anodized Extruded U Shaped Aluminium Profile<\/a><\/li>\r\n<li><a href=\"https:\/\/sinoextrud.com\/product\/aluminium-c-channel-profiles\/\" target=\"_blank\">Aluminium C Channel Profiles<\/a><\/li>\r\n<li><a href=\"https:\/\/sinoextrud.com\/product\/aluminum-z-extrusion\/\" target=\"_blank\">Aluminum Z Extrusion<\/a><\/li>\r\n<li><a href=\"https:\/\/sinoextrud.com\/product\/h-shaped-aluminum-extrusion\/\" target=\"_blank\">H Shaped Aluminum Extrusion<\/a><\/li>\r\n<li><a href=\"https:\/\/sinoextrud.com\/product\/6063-6061aluminum-extrusions-for-door-frames\/\" target=\"_blank\">6063 6061Aluminum Extrusions For Door Frames<\/a><\/li>\r\n<li><a href=\"https:\/\/sinoextrud.com\/product\/aluminium-window-trim-profiles\/\" target=\"_blank\">Aluminium Window Trim Profiles<\/a><\/li>\r\n<li><a href=\"https:\/\/sinoextrud.com\/product\/aluminium-window-and-door-profiles\/\" target=\"_blank\">Aluminium Window And Door Profiles<\/a><\/li>\r\n<li><a href=\"https:\/\/sinoextrud.com\/product\/aluminum-cnc-machined-part-custom-aluminum-machining\/\" target=\"_blank\">Aluminum CNC Machined Part Custom Aluminum Machining<\/a><\/li>\r\n<li><a href=\"https:\/\/sinoextrud.com\/product\/aluminum-t-bar-extrusion\/\" target=\"_blank\">Aluminum T Bar Extrusion<\/a><\/li>\r\n<li><a href=\"https:\/\/sinoextrud.com\/product\/aluminum-extrusion-telescopic-tube-octagon-tube\/\" target=\"_blank\">Aluminum Extrusion Telescopic Tube Octagon Tube<\/a><\/li>\r\n<li><a href=\"https:\/\/sinoextrud.com\/product\/h-shaped-closed-linear-ceiling-system\/\" target=\"_blank\">H-Shaped Closed Linear Ceiling System<\/a><\/li>"},"feature_list":[]},"_links":{"self":[{"href":"https:\/\/sinoextrud.com\/fi\/wp-json\/wp\/v2\/product\/6907","targetHints":{"allow":["GET"]}}],"collection":[{"href":"https:\/\/sinoextrud.com\/fi\/wp-json\/wp\/v2\/product"}],"about":[{"href":"https:\/\/sinoextrud.com\/fi\/wp-json\/wp\/v2\/types\/product"}],"wp:featuredmedia":[{"embeddable":true,"href":"https:\/\/sinoextrud.com\/fi\/wp-json\/wp\/v2\/media\/6906"}],"wp:attachment":[{"href":"https:\/\/sinoextrud.com\/fi\/wp-json\/wp\/v2\/media?parent=6907"}],"wp:term":[{"taxonomy":"category","embeddable":true,"href":"https:\/\/sinoextrud.com\/fi\/wp-json\/wp\/v2\/categories?post=6907"}],"curies":[{"name":"wp","href":"https:\/\/api.w.org\/{rel}","templated":true}]}}