{"id":6903,"date":"2025-06-04T01:48:38","date_gmt":"2025-06-04T01:48:38","guid":{"rendered":"https:\/\/sinoextrud.com\/product\/aluminum-z-extrusion\/"},"modified":"2025-06-24T06:11:56","modified_gmt":"2025-06-24T06:11:56","slug":"alumiini-z-suulakepuristus","status":"publish","type":"product","link":"https:\/\/sinoextrud.com\/fi\/product\/aluminum-z-extrusion\/","title":{"rendered":"Alumiini Z ekstruusio"},"content":{"rendered":"<h2>Tuotteiden tiedot<\/h2>\n<table class=\"custom-table\">\n<tr>\n<td class=\"label\">Nimi:<\/td>\n<td>Alumiini Z Extrusion\uff0c<\/td>\n<\/tr>\n<tr>\n<td class=\"label\">Tuotemerkki:<\/td>\n<td>Sinoextrud\/Sinoextrud\uff0c<\/td>\n<\/tr>\n<tr>\n<td class=\"label\">Materiaali:<\/td>\n<td>6000-sarja\uff0c<\/td>\n<\/tr>\n<tr>\n<td class=\"label\">Temperamentti:<\/td>\n<td>T5-T8\uff0c<\/td>\n<\/tr>\n<tr>\n<td class=\"label\">Pituus:<\/td>\n<td>30-6000 mm tai r\u00e4\u00e4t\u00e4l\u00f6inti\uff0c<\/td>\n<\/tr>\n<tr>\n<td class=\"label\">Pintak\u00e4sittely:<\/td>\n<td>Anodisoitu kiillotettu\uff0c<\/td>\n<\/tr>\n<tr>\n<td class=\"label\">K\u00e4ytt\u00f6:<\/td>\n<td>Rakennusteollisuus\uff0c<\/td>\n<\/tr>\n<tr>\n<td class=\"label\">Sertifiointi:<\/td>\n<td>ISO9001:2008;ISO14001:2004;SGS\uff0c<\/td>\n<\/tr>\n<tr>\n<td class=\"label\">Valmistus:<\/td>\n<td>Leikkaus, jyrsint\u00e4, poraus, rei'itys jne.\uff0c<\/td>\n<\/tr>\n<tr>\n<td class=\"label\">From:<\/td>\n<td>Foshan, Guangdong, Kiina\uff0c<\/td>\n<\/tr>\n<\/table>\n<h2>Tuotantopohjamme<\/h2>\n<h3>Tehtaan panoraama<\/h3>\n<p><img decoding=\"async\" src=\"\/wp-content\/uploads\/factory-01.webp\"\/><\/p>\n<h3>Alumiini Bar Manufacturing Workshop<\/h3>\n<p><img decoding=\"async\" src=\"\/wp-content\/uploads\/factory-02.webp\"\/><\/p>\n<p><img decoding=\"async\" src=\"\/wp-content\/uploads\/factory-03.webp\"\/><\/p>\n<h3>Muotin varastointi Varasto<\/h3>\n<p><img decoding=\"async\" src=\"\/wp-content\/uploads\/factory-04.webp\"\/><\/p>\n<h3>43 alumiinin ekstruusiolinjat (500-5500 tonnia)<\/h3>\n<p><img decoding=\"async\" src=\"\/wp-content\/uploads\/factory-05.webp\"\/><\/p>\n<p><img decoding=\"async\" src=\"\/wp-content\/uploads\/factory-06.webp\"\/><\/p>\n<p><img decoding=\"async\" src=\"\/wp-content\/uploads\/factory-07.webp\"\/><\/p>\n<h3>Jauhemaalaus ty\u00f6paja<\/h3>\n<p><img decoding=\"async\" src=\"\/wp-content\/uploads\/factory-09.webp\"\/><\/p>\n<h3>Anodisointi ty\u00f6paja<\/h3>\n<p><img decoding=\"async\" src=\"\/wp-content\/uploads\/factory-10.webp\"\/><\/p>\n<h3>Syv\u00e4k\u00e4sittelyn ty\u00f6paja<\/h3>\n<p><img decoding=\"async\" src=\"\/wp-content\/uploads\/factory-11.webp\"\/><\/p>\n<h3>CNC-tarkkuuskoneistus ty\u00f6paja<\/h3>\n<p><img decoding=\"async\" src=\"\/wp-content\/uploads\/factory-11.5.webp\"\/><\/p>\n<h3>Valmiiden tuotteiden ja vientivarasto<\/h3>\n<p><img decoding=\"async\" src=\"\/wp-content\/uploads\/factory-12.webp\"\/><\/p>\n<p><img decoding=\"async\" src=\"\/wp-content\/uploads\/factory-13.webp\"\/><\/p>\n<p><img decoding=\"async\" src=\"\/wp-content\/uploads\/factory-14.webp\"\/><\/p>\n<h2>FAQ<\/h2>\n<p><p><b>1.Mik\u00e4 on alumiininen Z-pursotus?<\/b><\/p>\n<p>Alumiini Z-profiili on profiili, jossa on Z-muotoinen poikkileikkaus, jota k\u00e4ytet\u00e4\u00e4n yleisesti rakennus- ja teollisuussovelluksissa rakenteelliseen tukeen ja kehyst\u00e4miseen.<br \/>\n<\/p><br \/>\n<br \/>\n<p><b>2.Miksi valita alumiini Z-profiileihin?<\/b><\/p>\n<p>Alumiini tarjoaa korkean lujuus-painosuhteen, korroosionkest\u00e4vyyden ja helpon valmistettavuuden, joten se sopii erinomaisesti Z-profiileihin eri sovelluksissa.<br \/>\n<\/p><br \/>\n<br \/>\n<p><b>3.What ovat yleisi\u00e4 sovelluksia alumiini Z ekstruusiot?<\/b><\/p>\n<p>Niit\u00e4 k\u00e4ytet\u00e4\u00e4n laajalti rakennusten runkorakenteissa, arkkitehtonisissa verhoiluissa, suojareunoissa, ajoneuvojen alustoissa, hyllyj\u00e4rjestelmiss\u00e4 ja myym\u00e4l\u00e4kalusteissa.<br \/>\n<\/p><br \/>\n<br \/>\n<p><b>4.Can mitat alumiini Z ekstruusiot voidaan r\u00e4\u00e4t\u00e4l\u00f6id\u00e4?<\/b><\/p>\n<p>Kyll\u00e4, valmistajat tarjoavat r\u00e4\u00e4t\u00e4l\u00f6inti\u00e4 koon, paksuuden ja viimeistelyn osalta vastaamaan erityisi\u00e4 projektivaatimuksia.<br \/>\n<\/p><br \/>\n<br \/>\n<p><b>5.Miten seoksen tyyppi vaikuttaa alumiinin Z-profiilien suorituskykyyn?<\/b><\/p>\n<p>Seokset, kuten 6061, tarjoavat suuremman lujuuden, kun taas 6063 tarjoaa paremman pintak\u00e4sittelyn ja korroosionkest\u00e4vyyden, mik\u00e4 mahdollistaa valinnan sovelluksen tarpeiden mukaan.<br \/>\n<\/p><br \/>\n<br \/>\n<p><b>6.Soveltuvatko n\u00e4m\u00e4 profiilit ulkok\u00e4ytt\u00f6\u00f6n?<\/b><\/p>\n<p>Alumiinin korroosionkest\u00e4vyys tekee Z-profiileista ihanteellisia ulkorakenteisiin ja -asennuksiin.<br \/>\n<\/p><br \/>\n<br \/>\n<p><b>7.Is alumiini ymp\u00e4rist\u00f6yst\u00e4v\u00e4llinen?<\/b><\/p>\n<p>Kyll\u00e4, alumiini on t\u00e4ysin kierr\u00e4tett\u00e4viss\u00e4 ilman ominaisuuksien heikkenemist\u00e4, mik\u00e4 tekee siit\u00e4 kest\u00e4v\u00e4n valinnan erilaisiin sovelluksiin.<br \/>\n<\/p><br \/><\/p>","protected":false},"featured_media":6902,"template":"","categories":[67],"class_list":["post-6903","product","type-product","status-publish","has-post-thumbnail","hentry","category-architectural-aluminium-profile"],"meta_box":{"hilight_text_group":{"product_hilight_text":"<li>Distinct Z-shaped cross-section provides structural integrity and stability for various applications.<\/li>\r\r\n<li>Lightweight yet strong, offering an excellent strength-to-weight ratio ideal for construction and industrial uses.<\/li>\r\r\n<li>Corrosion-resistant properties make it suitable for both indoor and outdoor environments.<\/li>\r\r\n<li>Customizable dimensions and finishes to meet specific architectural and mechanical requirements.<\/li>\r\r\n<li>Versatile applications including framing, bracing, edge protection, and decorative trims.<\/li>\r\r\n<li>Low-maintenance surface that resists wear, reducing long-term upkeep costs.<\/li>\r\r\n<li>Environmentally friendly and fully recyclable, supporting sustainable construction practices.<\/li>","product_chanpin_blog":"<ul>\r\r\n<li><a href=\"https:\/\/sinoextrud.com\/t-slot-v-slot-differences\/\" target=\"_blank\">t slot vs v slot<\/a><\/li>\r\r\n<li><a href=\"https:\/\/sinoextrud.com\/what-is-4040-aluminium-extrud\/\" target=\"_blank\">4040 aluminium extrusion<\/a><\/li>\r\r\n<li><a href=\"https:\/\/sinoextrud.com\/what-is-4040-aluminium-extrud\/\" target=\"_blank\">aluminum extrusions for industrial racks<\/a><\/li>\r\r\n<li><a href=\"https:\/\/sinoextrud.com\/powder-coating-aluminium-process\/\" target=\"_blank\">powder coating aluminium<\/a><\/li>\r\r\n<li><a href=\"https:\/\/sinoextrud.com\/what-is-an-aluminium-strip-ceiling\/\" target=\"_blank\">aluminium strip ceiling<\/a><\/li>\r\r\n<li><a href=\"https:\/\/sinoextrud.com\/what-is-a-heat-sink\/\" target=\"_blank\">what is a heat sink<\/a><\/li>\r\r\n<\/ul>","product_chanpin_chanpin":"<li><a href=\"https:\/\/sinoextrud.com\/product\/commercial-glass-aluminium-railing-systems\/\" target=\"_blank\">Commercial Glass Aluminium Railing Systems<\/a><\/li>\r\n<li><a href=\"https:\/\/sinoextrud.com\/product\/custom-made-modern-wood-grain-color-kitchen-cabinet-aluminium-extrusion-profile\/\" target=\"_blank\">Custom made modern wood grain color kitchen cabinet aluminium extrusion profile<\/a><\/li>\r\n<li><a href=\"https:\/\/sinoextrud.com\/product\/anodized-extruded-u-shaped-aluminium-profile\/\" target=\"_blank\">Anodized Extruded U Shaped Aluminium Profile<\/a><\/li>\r\n<li><a href=\"https:\/\/sinoextrud.com\/product\/aluminium-c-channel-profiles\/\" target=\"_blank\">Aluminium C Channel Profiles<\/a><\/li>\r\n<li><a href=\"https:\/\/sinoextrud.com\/product\/aluminum-z-extrusion\/\" target=\"_blank\">Aluminum Z Extrusion<\/a><\/li>\r\n<li><a href=\"https:\/\/sinoextrud.com\/product\/h-shaped-aluminum-extrusion\/\" target=\"_blank\">H Shaped Aluminum Extrusion<\/a><\/li>\r\n<li><a href=\"https:\/\/sinoextrud.com\/product\/6063-6061aluminum-extrusions-for-door-frames\/\" target=\"_blank\">6063 6061Aluminum Extrusions For Door Frames<\/a><\/li>\r\n<li><a href=\"https:\/\/sinoextrud.com\/product\/aluminium-window-trim-profiles\/\" target=\"_blank\">Aluminium Window Trim Profiles<\/a><\/li>\r\n<li><a href=\"https:\/\/sinoextrud.com\/product\/aluminium-window-and-door-profiles\/\" target=\"_blank\">Aluminium Window And Door Profiles<\/a><\/li>\r\n<li><a href=\"https:\/\/sinoextrud.com\/product\/anodise-aluminum-curtain-wall-profile-with-custom-shape-alloy-6063\/\" target=\"_blank\">Anodise Aluminum Curtain Wall Profile With Custom Shape Alloy 6063<\/a><\/li>\r\n<li><a href=\"https:\/\/sinoextrud.com\/product\/aluminum-heat-sink-extrusion-profiles\/\" target=\"_blank\">Aluminum Heat Sink Extrusion Profiles<\/a><\/li>"},"feature_list":[]},"_links":{"self":[{"href":"https:\/\/sinoextrud.com\/fi\/wp-json\/wp\/v2\/product\/6903","targetHints":{"allow":["GET"]}}],"collection":[{"href":"https:\/\/sinoextrud.com\/fi\/wp-json\/wp\/v2\/product"}],"about":[{"href":"https:\/\/sinoextrud.com\/fi\/wp-json\/wp\/v2\/types\/product"}],"wp:featuredmedia":[{"embeddable":true,"href":"https:\/\/sinoextrud.com\/fi\/wp-json\/wp\/v2\/media\/6902"}],"wp:attachment":[{"href":"https:\/\/sinoextrud.com\/fi\/wp-json\/wp\/v2\/media?parent=6903"}],"wp:term":[{"taxonomy":"category","embeddable":true,"href":"https:\/\/sinoextrud.com\/fi\/wp-json\/wp\/v2\/categories?post=6903"}],"curies":[{"name":"wp","href":"https:\/\/api.w.org\/{rel}","templated":true}]}}