{"id":6874,"date":"2025-06-03T03:09:55","date_gmt":"2025-06-03T03:09:55","guid":{"rendered":"https:\/\/sinoextrud.com\/product\/aluminum-extrusion-aluminium-profile-for-surface-oxidized-pipe\/"},"modified":"2025-06-24T06:11:54","modified_gmt":"2025-06-24T06:11:54","slug":"alumiini-puristamiseen-alumiiniprofiili-pinta-hapetettu-putki","status":"publish","type":"product","link":"https:\/\/sinoextrud.com\/fi\/product\/aluminum-extrusion-aluminium-profile-for-surface-oxidized-pipe\/","title":{"rendered":"Alumiini puristamiseen Alumiini profiilin pinta hapetettu putki"},"content":{"rendered":"<h2>Tuotteiden tiedot<\/h2>\n<table class=\"custom-table\">\n<tr>\n<td class=\"label\">Tyyppi:<\/td>\n<td> Kuljetus Alumiiniprofiili, teollisuustuotteet\uff0c<\/td>\n<\/tr>\n<tr>\n<td class=\"label\">Kohde:<\/td>\n<td> Anodisoitu alumiiniputki &amp; anodisoitu alumiiniputki\uff0c<\/td>\n<\/tr>\n<tr>\n<td class=\"label\">Luokka:<\/td>\n<td> 6000-sarja\uff0c<\/td>\n<\/tr>\n<tr>\n<td class=\"label\">Seos:<\/td>\n<td> Alloy\uff0c<\/td>\n<\/tr>\n<tr>\n<td class=\"label\">Seosaine:<\/td>\n<td> 6063\uff0c<\/td>\n<\/tr>\n<tr>\n<td class=\"label\">Kiillotettu alumiini Profiili:<\/td>\n<td> Mekaaninen kiillotus\uff0c<\/td>\n<\/tr>\n<tr>\n<td class=\"label\">Jalostuslinja:<\/td>\n<td> Ekstruusio, pintak\u00e4sittely\uff0c<\/td>\n<\/tr>\n<tr>\n<td class=\"label\">Kuljetuspaketti:<\/td>\n<td> Kuitukankaat, kartongit\uff0c<\/td>\n<\/tr>\n<tr>\n<td class=\"label\">Tyyppi:<\/td>\n<td> Musta anodisoitu alumiiniputki\uff0c<\/td>\n<\/tr>\n<tr>\n<td class=\"label\">HS-koodi:<\/td>\n<td> 7604299000\uff0c<\/td>\n<\/tr>\n<tr>\n<td class=\"label\">Temperamentti:<\/td>\n<td> T3-T8\uff0c<\/td>\n<\/tr>\n<tr>\n<td class=\"label\">Pintak\u00e4sittely:<\/td>\n<td> Anodinen hapetus\uff0c<\/td>\n<\/tr>\n<tr>\n<td class=\"label\">Sertifiointi:<\/td>\n<td> ISO, GB\/T3190-2008, GB\/T6892-2006, GB\/T14846-2008\uff0c<\/td>\n<\/tr>\n<tr>\n<td class=\"label\">Toimitusaika:<\/td>\n<td> 20-25 ty\u00f6p\u00e4iv\u00e4\u00e4\uff0c<\/td>\n<\/tr>\n<tr>\n<td class=\"label\">Alkuper\u00e4:<\/td>\n<td> Foshan, Kiina\uff0c<\/td>\n<\/tr>\n<\/table>\n<h2>Tuotantopohjamme<\/h2>\n<h3>Tehtaan panoraama<\/h3>\n<p><img decoding=\"async\" src=\"\/wp-content\/uploads\/factory-01.webp\"\/><\/p>\n<h3>Alumiini Bar Manufacturing Workshop<\/h3>\n<p><img decoding=\"async\" src=\"\/wp-content\/uploads\/factory-02.webp\"\/><\/p>\n<p><img decoding=\"async\" src=\"\/wp-content\/uploads\/factory-03.webp\"\/><\/p>\n<h3>Muotin varastointi Varasto<\/h3>\n<p><img decoding=\"async\" src=\"\/wp-content\/uploads\/factory-04.webp\"\/><\/p>\n<h3>43 alumiinin ekstruusiolinjat (500-5500 tonnia)<\/h3>\n<p><img decoding=\"async\" src=\"\/wp-content\/uploads\/factory-05.webp\"\/><\/p>\n<p><img decoding=\"async\" src=\"\/wp-content\/uploads\/factory-06.webp\"\/><\/p>\n<p><img decoding=\"async\" src=\"\/wp-content\/uploads\/factory-07.webp\"\/><\/p>\n<h3>Jauhemaalaus ty\u00f6paja<\/h3>\n<p><img decoding=\"async\" src=\"\/wp-content\/uploads\/factory-09.webp\"\/><\/p>\n<h3>Anodisointi ty\u00f6paja<\/h3>\n<p><img decoding=\"async\" src=\"\/wp-content\/uploads\/factory-10.webp\"\/><\/p>\n<h3>Syv\u00e4k\u00e4sittelyn ty\u00f6paja<\/h3>\n<p><img decoding=\"async\" src=\"\/wp-content\/uploads\/factory-11.webp\"\/><\/p>\n<h3>CNC-tarkkuuskoneistus ty\u00f6paja<\/h3>\n<p><img decoding=\"async\" src=\"\/wp-content\/uploads\/factory-11.5.webp\"\/><\/p>\n<h3>Valmiiden tuotteiden ja vientivarasto<\/h3>\n<p><img decoding=\"async\" src=\"\/wp-content\/uploads\/factory-12.webp\"\/><\/p>\n<p><img decoding=\"async\" src=\"\/wp-content\/uploads\/factory-13.webp\"\/><\/p>\n<p><img decoding=\"async\" src=\"\/wp-content\/uploads\/factory-14.webp\"\/><\/p>\n<h2>FAQ<\/h2>\n<p><p><b>1.Mik\u00e4 on alumiininen puristeprofiili pintahapettuneille putkille? <\/b><\/p>\n<p> Se on alumiiniputki tai -putki, joka on valmistettu suulakepuristamalla ja k\u00e4sitelty pinnan hapettamisella (anodisoinnilla) kest\u00e4vyyden, esteettisyyden ja korroosionkest\u00e4vyyden parantamiseksi.<br \/>\n<\/p><br \/>\n<br \/>\n<p><b>2.Miksi valita anodisoidut alumiiniputket? <\/b><\/p>\n<p> Anodisointi lis\u00e4\u00e4 korroosionkest\u00e4vyytt\u00e4, antaa koristeellisen viimeistelyn, parantaa pinnan kovuutta ja parantaa kulumisen ja UV-kest\u00e4vyytt\u00e4.<br \/>\n<\/p><br \/>\n<br \/>\n<p><b>3.Mit\u00e4 seoksia k\u00e4ytet\u00e4\u00e4n yleisesti hapetettuihin alumiiniputkiin? <\/b><\/p>\n<p> 6063- ja 6061-seoksia k\u00e4ytet\u00e4\u00e4n useimmiten niiden hyv\u00e4n puristettavuuden, lujuuden ja erinomaisen anodisoitavuuden vuoksi.<br \/>\n<\/p><br \/>\n<br \/>\n<p><b>4.Mink\u00e4laisia putkien muotoja on saatavilla? <\/b><\/p>\n<p> Putkia voidaan valmistaa py\u00f6rein\u00e4, neli\u00f6in\u00e4, soikeina, kolmiomaisina tai r\u00e4\u00e4t\u00e4l\u00f6ityin\u00e4 poikkileikkauksina sovelluksen vaatimusten mukaan.<br \/>\n<\/p><br \/>\n<br \/>\n<p><b>5.Mit\u00e4 pintak\u00e4sittelyj\u00e4 voidaan k\u00e4ytt\u00e4\u00e4 hapetuksen j\u00e4lkeen? <\/b><\/p>\n<p> Anodisoidut pinnoitteet sis\u00e4lt\u00e4v\u00e4t kirkkaita, mustia, pronssisia, samppanjaisia, kultaisia ja mukautettuja v\u00e4rivaihtoehtoja sek\u00e4 harjattuja tai kiillotettuja kuvioita.<br \/>\n<\/p><br \/>\n<br \/>\n<p><b>6.Soveltuvatko n\u00e4m\u00e4 putket rakenteelliseen vai koristeelliseen k\u00e4ytt\u00f6\u00f6n? <\/b><\/p>\n<p> Kyll\u00e4, ne soveltuvat erinomaisesti sek\u00e4 rakenteellisiin (esim. kehykset, tuet) ett\u00e4 koristeellisiin (esim. huonekalut, kaiteet, listat) sovelluksiin.<br \/>\n<\/p><br \/>\n<br \/>\n<p><b>7.Voinko tilata r\u00e4\u00e4t\u00e4l\u00f6ityj\u00e4 hapetettuja alumiiniputkia? <\/b><\/p>\n<p> Ehdottomasti valmistajat tarjoavat t\u00e4ydet OEM-palvelut, mukaan lukien r\u00e4\u00e4t\u00e4l\u00f6idyt mitat, sein\u00e4m\u00e4n paksuus, v\u00e4ri ja loppukoneistus.<br \/>\n<\/p><br \/>\n<br \/>\n<p><b>8.Mist\u00e4 voin hankkia pintahapetettuja alumiiniputkia irtotavarana? <\/b><\/p>\n<p> Kiinalaiset huipputehtaat tarjoavat irtotilauksia, korkealaatuista puristamista ja anodisointia, kilpailukykyisi\u00e4 hintoja ja maailmanlaajuisia vientipalveluja.<br \/>\n<\/p><br \/><\/p>","protected":false},"featured_media":6873,"template":"","categories":[67],"class_list":["post-6874","product","type-product","status-publish","has-post-thumbnail","hentry","category-architectural-aluminium-profile"],"meta_box":{"hilight_text_group":{"product_hilight_text":"<li>High-quality aluminum extrusion profiles designed for surface oxidized pipe applications<\/li>\r\r\n<li>Made from 6063 or 6061 alloy offering excellent strength, corrosion resistance, and smooth extrusion capability<\/li>\r\r\n<li>Surface oxidation (anodizing) enhances wear resistance, electrical insulation, and decorative appearance<\/li>\r\r\n<li>Available in round, square, and custom pipe cross-sections with various anodized finishes<\/li>\r\r\n<li>OEM customization available for dimensions, wall thickness, length, and surface color<\/li>","product_chanpin_blog":"<ul>\r\r\n<li><a href=\"https:\/\/sinoextrud.com\/t-slot-v-slot-differences\/\" target=\"_blank\">t slot vs v slot<\/a><\/li>\r\r\n<li><a href=\"https:\/\/sinoextrud.com\/what-is-4040-aluminium-extrud\/\" target=\"_blank\">4040 aluminium extrusion<\/a><\/li>\r\r\n<li><a href=\"https:\/\/sinoextrud.com\/what-is-4040-aluminium-extrud\/\" target=\"_blank\">aluminum extrusions for industrial racks<\/a><\/li>\r\r\n<li><a href=\"https:\/\/sinoextrud.com\/powder-coating-aluminium-process\/\" target=\"_blank\">powder coating aluminium<\/a><\/li>\r\r\n<li><a href=\"https:\/\/sinoextrud.com\/what-is-an-aluminium-strip-ceiling\/\" target=\"_blank\">aluminium strip ceiling<\/a><\/li>\r\r\n<li><a href=\"https:\/\/sinoextrud.com\/what-is-a-heat-sink\/\" target=\"_blank\">what is a heat sink<\/a><\/li>\r\r\n<\/ul>","product_chanpin_chanpin":"<li><a href=\"https:\/\/sinoextrud.com\/product\/aluminium-frame-extrusion-profile-picture-frame-profile-for-interior-decoration-supplied-by-china-manufacturer\/\" target=\"_blank\">Aluminium Frame Extrusion Profile Picture Frame Profile for Interior Decoration Supplied By China Manufacturer<\/a><\/li>\r\n<li><a href=\"https:\/\/sinoextrud.com\/product\/aluminum-window-frame-extrusions\/\" target=\"_blank\">Aluminum Window Frame Extrusions<\/a><\/li>\r\n<li><a href=\"https:\/\/sinoextrud.com\/product\/6063-cnc-machining-aluminum-extrusion-hinge\/\" target=\"_blank\">6063 CNC Machining Aluminum Extrusion Hinge<\/a><\/li>\r\n<li><a href=\"https:\/\/sinoextrud.com\/product\/aluminium-track-extrusions\/\" target=\"_blank\">Aluminium Track Extrusions<\/a><\/li>\r\n<li><a href=\"https:\/\/sinoextrud.com\/product\/aluminum-extrusion-aluminium-profile-for-surface-oxidized-pipe\/\" target=\"_blank\">Aluminum Extrusion Aluminium Profile for Surface Oxidized Pipe<\/a><\/li>\r\n<li><a href=\"https:\/\/sinoextrud.com\/product\/h-channel-aluminum-extrusion\/\" target=\"_blank\">H Channel Aluminum Extrusion<\/a><\/li>\r\n<li><a href=\"https:\/\/sinoextrud.com\/product\/cnc-anodized-6063-curved-aluminum-extrusions\/\" target=\"_blank\">CNC Anodized 6063 Curved Aluminum Extrusions<\/a><\/li>\r\n<li><a href=\"https:\/\/sinoextrud.com\/product\/6063-multiple-size-extruded-aluminium-t-slot\/\" target=\"_blank\">6063 Multiple Size Extruded Aluminium T Slot<\/a><\/li>\r\n<li><a href=\"https:\/\/sinoextrud.com\/product\/commercial-glass-aluminium-railing-systems\/\" target=\"_blank\">Commercial Glass Aluminium Railing Systems<\/a><\/li>\r\n<li><a href=\"https:\/\/sinoextrud.com\/product\/aluminum-extrusion-polished-square-tupe\/\" target=\"_blank\">Aluminum Extrusion Polished Square Tupe<\/a><\/li>\r\n<li><a href=\"https:\/\/sinoextrud.com\/product\/design-of-anodized-aluminum-handrail-price\/\" target=\"_blank\">design of anodized aluminum handrail price<\/a><\/li>"},"feature_list":[]},"_links":{"self":[{"href":"https:\/\/sinoextrud.com\/fi\/wp-json\/wp\/v2\/product\/6874","targetHints":{"allow":["GET"]}}],"collection":[{"href":"https:\/\/sinoextrud.com\/fi\/wp-json\/wp\/v2\/product"}],"about":[{"href":"https:\/\/sinoextrud.com\/fi\/wp-json\/wp\/v2\/types\/product"}],"wp:featuredmedia":[{"embeddable":true,"href":"https:\/\/sinoextrud.com\/fi\/wp-json\/wp\/v2\/media\/6873"}],"wp:attachment":[{"href":"https:\/\/sinoextrud.com\/fi\/wp-json\/wp\/v2\/media?parent=6874"}],"wp:term":[{"taxonomy":"category","embeddable":true,"href":"https:\/\/sinoextrud.com\/fi\/wp-json\/wp\/v2\/categories?post=6874"}],"curies":[{"name":"wp","href":"https:\/\/api.w.org\/{rel}","templated":true}]}}