{"id":6868,"date":"2025-06-03T03:02:34","date_gmt":"2025-06-03T03:02:34","guid":{"rendered":"https:\/\/sinoextrud.com\/product\/aluminum-window-frame-extrusions\/"},"modified":"2025-06-24T06:11:53","modified_gmt":"2025-06-24T06:11:53","slug":"alumiiniset-ikkunankehysprofiilit","status":"publish","type":"product","link":"https:\/\/sinoextrud.com\/fi\/product\/aluminum-window-frame-extrusions\/","title":{"rendered":"Alumiiniset ikkunan kehyspuristeet"},"content":{"rendered":"<h2>Tuotteiden tiedot<\/h2>\n<table class=\"custom-table\">\n<tr>\n<td class=\"label\">Profiilit<\/td>\n<td>Alumiiniset ikkunan kehyspuristeet<br \/>\n6063-T5 korkealaatuiset l\u00e4mp\u00f6eristetyt ja l\u00e4mp\u00f6erist\u00e4m\u00e4tt\u00f6m\u00e4t alumiiniprofiilit.<br \/>\n6063-T6 korkealaatuiset verhosein\u00e4n alumiiniprofiilit\uff0c<\/td>\n<\/tr>\n<tr>\n<td class=\"label\">Lasi<\/td>\n<td>Kaksinkertaiset karkaistut lasit, joiden rako on t\u00e4ytetty ilmalla tai argokaasulla.<br \/>\nYksi karkaistu lasi<br \/>\nYksi karkaistu lasi\uff0c<\/td>\n<\/tr>\n<tr>\n<td class=\"label\">Laitteisto<\/td>\n<td>Saksan tuotemerkki<br \/>\nAustralian tuotemerkki<br \/>\nKiinan tuotemerkki<br \/>\nR\u00e4\u00e4t\u00e4l\u00f6ity tuotemerkki\uff0c<\/td>\n<\/tr>\n<tr>\n<td class=\"label\">V\u00e4ri<\/td>\n<td>Jauhemaalaus<br \/>\nAnodisoitu<br \/>\nElektroforeesi<br \/>\nPuun jyv\u00e4\uff0c<\/td>\n<\/tr>\n<tr>\n<td class=\"label\">Tyypit<\/td>\n<td>Markiisi-ikkuna Liukuikkuna Bifold-ikkuna<br \/>\nKarmi-ikkuna Kallistusikkuna Kiinte\u00e4 ikkuna Kiinte\u00e4 ikkuna<br \/>\nLiukuovi Saranaovi Taitto-ovi Bifold-ovi<br \/>\nNosto- ja liukuovi K\u00e4\u00e4nt\u00f6ovi Pako-ovi<br \/>\nAnturiovi Lasi s\u00e4leikk\u00f6 Sulkimen ikkuna\uff0c<\/td>\n<\/tr>\n<\/table>\n<h2>Tuotantopohjamme<\/h2>\n<h3>Tehtaan panoraama<\/h3>\n<p><img decoding=\"async\" src=\"\/wp-content\/uploads\/factory-01.webp\"\/><\/p>\n<h3>Alumiini Bar Manufacturing Workshop<\/h3>\n<p><img decoding=\"async\" src=\"\/wp-content\/uploads\/factory-02.webp\"\/><\/p>\n<p><img decoding=\"async\" src=\"\/wp-content\/uploads\/factory-03.webp\"\/><\/p>\n<h3>Muotin varastointi Varasto<\/h3>\n<p><img decoding=\"async\" src=\"\/wp-content\/uploads\/factory-04.webp\"\/><\/p>\n<h3>43 alumiinin ekstruusiolinjat (500-5500 tonnia)<\/h3>\n<p><img decoding=\"async\" src=\"\/wp-content\/uploads\/factory-05.webp\"\/><\/p>\n<p><img decoding=\"async\" src=\"\/wp-content\/uploads\/factory-06.webp\"\/><\/p>\n<p><img decoding=\"async\" src=\"\/wp-content\/uploads\/factory-07.webp\"\/><\/p>\n<h3>Jauhemaalaus ty\u00f6paja<\/h3>\n<p><img decoding=\"async\" src=\"\/wp-content\/uploads\/factory-09.webp\"\/><\/p>\n<h3>Anodisointi ty\u00f6paja<\/h3>\n<p><img decoding=\"async\" src=\"\/wp-content\/uploads\/factory-10.webp\"\/><\/p>\n<h3>Syv\u00e4k\u00e4sittelyn ty\u00f6paja<\/h3>\n<p><img decoding=\"async\" src=\"\/wp-content\/uploads\/factory-11.webp\"\/><\/p>\n<h3>CNC-tarkkuuskoneistus ty\u00f6paja<\/h3>\n<p><img decoding=\"async\" src=\"\/wp-content\/uploads\/factory-11.5.webp\"\/><\/p>\n<h3>Valmiiden tuotteiden ja vientivarasto<\/h3>\n<p><img decoding=\"async\" src=\"\/wp-content\/uploads\/factory-12.webp\"\/><\/p>\n<p><img decoding=\"async\" src=\"\/wp-content\/uploads\/factory-13.webp\"\/><\/p>\n<p><img decoding=\"async\" src=\"\/wp-content\/uploads\/factory-14.webp\"\/><\/p>\n<h2>FAQ<\/h2>\n<p><p><b>1.Mit\u00e4 ovat alumiiniset ikkunankehysprofiilit? <\/b><\/p>\n<p> N\u00e4m\u00e4 ovat suulakepuristettuja alumiiniprofiileja, joita k\u00e4ytet\u00e4\u00e4n ikkunankehysten rakentamiseen ja jotka tarjoavat rakenteellisen tuen ja esteettisen viimeistelyn lasitusj\u00e4rjestelmille.<br \/>\n<\/p><br \/>\n<br \/>\n<p><b>2.Miksi valita alumiini ikkunanpuitteisiin? <\/b><\/p>\n<p> Alumiini on kevytt\u00e4, vahvaa, korroosionkest\u00e4v\u00e4\u00e4 ja huoltovapaata, joten se sopii erinomaisesti kest\u00e4viin ja tyylikk\u00e4isiin ikkunaj\u00e4rjestelmiin.<br \/>\n<\/p><br \/>\n<br \/>\n<p><b>3.Mit\u00e4 metalliseosta k\u00e4ytet\u00e4\u00e4n tyypillisesti ikkunanpuitteiden puristuksissa? <\/b><\/p>\n<p> 6063-T5 on yleisin metalliseos sen erinomaisen pintak\u00e4sittelyn, lujuuden sek\u00e4 anodisointiin ja pinnoittamiseen soveltuvuuden vuoksi.<br \/>\n<\/p><br \/>\n<br \/>\n<p><b>4.Voidaanko profiileja r\u00e4\u00e4t\u00e4l\u00f6id\u00e4 eri ikkunaj\u00e4rjestelmi\u00e4 varten? <\/b><\/p>\n<p> Kyll\u00e4, valmistajat tarjoavat r\u00e4\u00e4t\u00e4l\u00f6ityj\u00e4 profiileja yksi-, kaksi- tai kolminkertaisia lasituksia varten sek\u00e4 erityisi\u00e4 kehys- ja ikkunarunkokokoonpanoja.<br \/>\n<\/p><br \/>\n<br \/>\n<p><b>5.Mit\u00e4 pintak\u00e4sittelyj\u00e4 alumiinisiin ikkunaprofiileihin on saatavana? <\/b><\/p>\n<p> Viimeistelyihin kuuluvat anodisointi (hopea, musta, pronssi), jauhemaalaus (mik\u00e4 tahansa RAL-v\u00e4ri) ja puun jyv\u00e4n siirto koristeellisuutta varten.<br \/>\n<\/p><br \/>\n<br \/>\n<p><b>6.Ovatko alumiiniset ikkunanpuitteet l\u00e4mp\u00f6tehokkaita? <\/b><\/p>\n<p> Kyll\u00e4, monissa profiileissa on saatavilla l\u00e4mp\u00f6katkotekniikka, jossa k\u00e4ytet\u00e4\u00e4n polyamidiliuskoja eristyksen ja energiatehokkuuden parantamiseksi.<br \/>\n<\/p><br \/>\n<br \/>\n<p><b>7.Miss\u00e4 n\u00e4it\u00e4 profiileja k\u00e4ytet\u00e4\u00e4n? <\/b><\/p>\n<p> Niit\u00e4 k\u00e4ytet\u00e4\u00e4n liuku-, karmi-, k\u00e4\u00e4nt\u00f6kallistus-, kiinteiss\u00e4 ja verhosein\u00e4ikkunaj\u00e4rjestelmiss\u00e4 sek\u00e4 asuin- ett\u00e4 liikerakennuksissa.<br \/>\n<\/p><br \/>\n<br \/>\n<p><b>8.Voinko hankkia alumiinisia ikkunankehysprofiileja irtotavarana Kiinasta? <\/b><\/p>\n<p> Kyll\u00e4, kiinalaiset huippuvalmistajat tarjoavat OEM-alumiiniprofiileja kilpailukykyisell\u00e4 hinnoittelulla, t\u00e4ydellisell\u00e4 r\u00e4\u00e4t\u00e4l\u00f6innill\u00e4 ja maailmanlaajuisella toimituksella.<br \/>\n<\/p><br \/><\/p>","protected":false},"featured_media":6867,"template":"","categories":[67],"class_list":["post-6868","product","type-product","status-publish","has-post-thumbnail","hentry","category-architectural-aluminium-profile"],"meta_box":{"hilight_text_group":{"product_hilight_text":"<li>Durable aluminum window frame extrusions made from high-quality 6063-T5 alloy<\/li>\r\r\n<li>Excellent corrosion resistance, thermal performance, and structural strength for long-term reliability<\/li>\r\r\n<li>Customizable in thickness, cross-sectional design, and glazing compatibility<\/li>\r\r\n<li>Available in anodized, powder-coated, and wood grain finishes to match architectural styles<\/li>\r\r\n<li>Ideal for residential, commercial, and industrial window systems with OEM support<\/li>","product_chanpin_blog":"<ul>\r\r\n<li><a href=\"https:\/\/sinoextrud.com\/t-slot-v-slot-differences\/\" target=\"_blank\">t slot vs v slot<\/a><\/li>\r\r\n<li><a href=\"https:\/\/sinoextrud.com\/what-is-4040-aluminium-extrud\/\" target=\"_blank\">4040 aluminium extrusion<\/a><\/li>\r\r\n<li><a href=\"https:\/\/sinoextrud.com\/what-is-4040-aluminium-extrud\/\" target=\"_blank\">aluminum extrusions for industrial racks<\/a><\/li>\r\r\n<li><a href=\"https:\/\/sinoextrud.com\/powder-coating-aluminium-process\/\" target=\"_blank\">powder coating aluminium<\/a><\/li>\r\r\n<li><a href=\"https:\/\/sinoextrud.com\/what-is-an-aluminium-strip-ceiling\/\" target=\"_blank\">aluminium strip ceiling<\/a><\/li>\r\r\n<li><a href=\"https:\/\/sinoextrud.com\/what-is-a-heat-sink\/\" target=\"_blank\">what is a heat sink<\/a><\/li>\r\r\n<\/ul>","product_chanpin_chanpin":"<li><a href=\"https:\/\/sinoextrud.com\/product\/aluminium-round-tube-extrusion-profile-with-anodized-powder-coating-surface-treatment-oem-customized-extruded-aluminium-tube-profile\/\" target=\"_blank\">Aluminium Round Tube Extrusion Profile With Anodized Powder Coating Surface Treatment OEM Customized  Extruded Aluminium Tube Profile<\/a><\/li>\r\n<li><a href=\"https:\/\/sinoextrud.com\/product\/anodized-aluminium-industrial-profile-aluminum-extrusion\/\" target=\"_blank\">Anodized Aluminium Industrial Profile & Aluminum Extrusion<\/a><\/li>\r\n<li><a href=\"https:\/\/sinoextrud.com\/product\/anodized-aluminium-industrial-profile-aluminum-extrusion-2\/\" target=\"_blank\">Anodized Aluminium Industrial Profile  Aluminum Extrusion<\/a><\/li>\r\n<li><a href=\"https:\/\/sinoextrud.com\/product\/aluminium-frame-extrusion-profile-picture-frame-profile-for-interior-decoration-supplied-by-china-manufacturer\/\" target=\"_blank\">Aluminium Frame Extrusion Profile Picture Frame Profile for Interior Decoration Supplied By China Manufacturer<\/a><\/li>\r\n<li><a href=\"https:\/\/sinoextrud.com\/product\/aluminum-window-frame-extrusions\/\" target=\"_blank\">Aluminum Window Frame Extrusions<\/a><\/li>\r\n<li><a href=\"https:\/\/sinoextrud.com\/product\/6063-cnc-machining-aluminum-extrusion-hinge\/\" target=\"_blank\">6063 CNC Machining Aluminum Extrusion Hinge<\/a><\/li>\r\n<li><a href=\"https:\/\/sinoextrud.com\/product\/aluminium-track-extrusions\/\" target=\"_blank\">Aluminium Track Extrusions<\/a><\/li>\r\n<li><a href=\"https:\/\/sinoextrud.com\/product\/aluminum-extrusion-aluminium-profile-for-surface-oxidized-pipe\/\" target=\"_blank\">Aluminum Extrusion Aluminium Profile for Surface Oxidized Pipe<\/a><\/li>\r\n<li><a href=\"https:\/\/sinoextrud.com\/product\/h-channel-aluminum-extrusion\/\" target=\"_blank\">H Channel Aluminum Extrusion<\/a><\/li>\r\n<li><a href=\"https:\/\/sinoextrud.com\/product\/aluminium-square-tube-extrusion-profile-with-6063-t5-alloy-anodized-extruded-aluminium-profile\/\" target=\"_blank\">Aluminium Square Tube Extrusion Profile With 6063 T5 Alloy  Anodized Extruded Aluminium Profile<\/a><\/li>\r\n<li><a href=\"https:\/\/sinoextrud.com\/product\/hospital-aluminum-profile\/\" target=\"_blank\">Hospital Aluminum Profile<\/a><\/li>"},"feature_list":[]},"_links":{"self":[{"href":"https:\/\/sinoextrud.com\/fi\/wp-json\/wp\/v2\/product\/6868","targetHints":{"allow":["GET"]}}],"collection":[{"href":"https:\/\/sinoextrud.com\/fi\/wp-json\/wp\/v2\/product"}],"about":[{"href":"https:\/\/sinoextrud.com\/fi\/wp-json\/wp\/v2\/types\/product"}],"wp:featuredmedia":[{"embeddable":true,"href":"https:\/\/sinoextrud.com\/fi\/wp-json\/wp\/v2\/media\/6867"}],"wp:attachment":[{"href":"https:\/\/sinoextrud.com\/fi\/wp-json\/wp\/v2\/media?parent=6868"}],"wp:term":[{"taxonomy":"category","embeddable":true,"href":"https:\/\/sinoextrud.com\/fi\/wp-json\/wp\/v2\/categories?post=6868"}],"curies":[{"name":"wp","href":"https:\/\/api.w.org\/{rel}","templated":true}]}}