{"id":6866,"date":"2025-06-03T03:01:09","date_gmt":"2025-06-03T03:01:09","guid":{"rendered":"https:\/\/sinoextrud.com\/product\/aluminium-frame-extrusion-profile-picture-frame-profile-for-interior-decoration-supplied-by-china-manufacturer\/"},"modified":"2025-06-24T06:11:53","modified_gmt":"2025-06-24T06:11:53","slug":"alumiinikehys-suulakepuristusprofiili-kuvakehysprofiili-sisustukseen-jonka-toimittaa-kiinalainen-valmistaja","status":"publish","type":"product","link":"https:\/\/sinoextrud.com\/fi\/product\/aluminium-frame-extrusion-profile-picture-frame-profile-for-interior-decoration-supplied-by-china-manufacturer\/","title":{"rendered":"Alumiinikehyksen ekstruusioprofiili Picture Frame Profile sisustukseen Sisustus toimittanut Kiina Valmistaja"},"content":{"rendered":"<h2>Tuotteiden tiedot<\/h2>\n<table class=\"custom-table\">\n<tr>\n<td class=\"label\">Kohde:<\/td>\n<td> Alumiinikehyksen ekstruusioprofiili kuvakehysprofiili sisustukseen\uff0c<\/td>\n<\/tr>\n<tr>\n<td class=\"label\">Temperamentti:<\/td>\n<td> T3-T8\uff0c<\/td>\n<\/tr>\n<tr>\n<td class=\"label\">Seos:<\/td>\n<td> Alloy\uff0c<\/td>\n<\/tr>\n<tr>\n<td class=\"label\">Luokka:<\/td>\n<td> 6000-sarja\uff0c<\/td>\n<\/tr>\n<tr>\n<td class=\"label\">Materiaali:<\/td>\n<td> 6063-T5, 6061-T6, 6463-T5, 7075-T6, 6082\uff0c.<\/td>\n<\/tr>\n<tr>\n<td class=\"label\">Tuote:<\/td>\n<td> Alumiiniprofiilien suulakepuristus\uff0c<\/td>\n<\/tr>\n<tr>\n<td class=\"label\">Tavaramerkki:<\/td>\n<td> Sinoextrud (Sinoextrud) \/ OEM\uff0c<\/td>\n<\/tr>\n<tr>\n<td class=\"label\">Pintak\u00e4sittely:<\/td>\n<td> R\u00e4\u00e4t\u00e4l\u00f6ity\uff0c<\/td>\n<\/tr>\n<tr>\n<td class=\"label\">Maksu:<\/td>\n<td> T \/ T 30% talletus, saldo ennen toimitusta\uff0c<\/td>\n<\/tr>\n<tr>\n<td class=\"label\">Toimitusaika:<\/td>\n<td> 25-30 p\u00e4iv\u00e4\u00e4 sen j\u00e4lkeen, kun ostaja on vahvistanut n\u00e4ytteen.<\/td>\n<\/tr>\n<tr>\n<td class=\"label\">Sertifiointi:<\/td>\n<td> CE, SONCAP, ISO, CIQ, RoHS, TUV\uff0c CE, SONCAP, ISO, CIQ, RoHS, T\u00dcV\uff0c<\/td>\n<\/tr>\n<tr>\n<td class=\"label\">Kuljetuspaketti:<\/td>\n<td> Muovinen suojakalvo ja vedenpit\u00e4v\u00e4 k\u00e4sity\u00f6paperi\uff0c<\/td>\n<\/tr>\n<tr>\n<td class=\"label\">Lastaussatama:<\/td>\n<td> Shenzhen\/ Guangzhou\/ Foshan\uff0c<\/td>\n<\/tr>\n<tr>\n<td class=\"label\">Alkuper\u00e4:<\/td>\n<td> Foshan, Kiina\uff0c<\/td>\n<\/tr>\n<\/table>\n<h2>Tuotantopohjamme<\/h2>\n<h3>Tehtaan panoraama<\/h3>\n<p><img decoding=\"async\" src=\"\/wp-content\/uploads\/factory-01.webp\"\/><\/p>\n<h3>Alumiini Bar Manufacturing Workshop<\/h3>\n<p><img decoding=\"async\" src=\"\/wp-content\/uploads\/factory-02.webp\"\/><\/p>\n<p><img decoding=\"async\" src=\"\/wp-content\/uploads\/factory-03.webp\"\/><\/p>\n<h3>Muotin varastointi Varasto<\/h3>\n<p><img decoding=\"async\" src=\"\/wp-content\/uploads\/factory-04.webp\"\/><\/p>\n<h3>43 alumiinin ekstruusiolinjat (500-5500 tonnia)<\/h3>\n<p><img decoding=\"async\" src=\"\/wp-content\/uploads\/factory-05.webp\"\/><\/p>\n<p><img decoding=\"async\" src=\"\/wp-content\/uploads\/factory-06.webp\"\/><\/p>\n<p><img decoding=\"async\" src=\"\/wp-content\/uploads\/factory-07.webp\"\/><\/p>\n<h3>Jauhemaalaus ty\u00f6paja<\/h3>\n<p><img decoding=\"async\" src=\"\/wp-content\/uploads\/factory-09.webp\"\/><\/p>\n<h3>Anodisointi ty\u00f6paja<\/h3>\n<p><img decoding=\"async\" src=\"\/wp-content\/uploads\/factory-10.webp\"\/><\/p>\n<h3>Syv\u00e4k\u00e4sittelyn ty\u00f6paja<\/h3>\n<p><img decoding=\"async\" src=\"\/wp-content\/uploads\/factory-11.webp\"\/><\/p>\n<h3>CNC-tarkkuuskoneistus ty\u00f6paja<\/h3>\n<p><img decoding=\"async\" src=\"\/wp-content\/uploads\/factory-11.5.webp\"\/><\/p>\n<h3>Valmiiden tuotteiden ja vientivarasto<\/h3>\n<p><img decoding=\"async\" src=\"\/wp-content\/uploads\/factory-12.webp\"\/><\/p>\n<p><img decoding=\"async\" src=\"\/wp-content\/uploads\/factory-13.webp\"\/><\/p>\n<p><img decoding=\"async\" src=\"\/wp-content\/uploads\/factory-14.webp\"\/><\/p>\n<h2>FAQ<\/h2>\n<p><p><b>1.Mik\u00e4 on alumiininen kuvakehysprofiili? <\/b><\/p>\n<p> Se on erityisesti muotoiltu alumiiniprofiili, joka on suunniteltu taideteosten, peilien ja koristepaneelien kehyst\u00e4miseen asuin- ja liiketilojen sis\u00e4tiloissa.<br \/>\n<\/p><br \/>\n<br \/>\n<p><b>2.Miksi k\u00e4ytt\u00e4\u00e4 alumiiniprofiileja kuvakehyksiin? <\/b><\/p>\n<p> Alumiini on kevytt\u00e4, kest\u00e4v\u00e4\u00e4 ja korroosionkest\u00e4v\u00e4\u00e4, joten se sopii erinomaisesti pitk\u00e4ik\u00e4isiin, helposti asennettaviin koristekehyksiin.<br \/>\n<\/p><br \/>\n<br \/>\n<p><b>3.Mit\u00e4 seosta k\u00e4ytet\u00e4\u00e4n alumiinirunkoprofiileissa? <\/b><\/p>\n<p> Yleisimmin k\u00e4ytet\u00e4\u00e4n 6063-T5:t\u00e4 sen erinomaisen pintak\u00e4sittelyn, muovattavuuden ja anodisointiin tai pinnoittamiseen soveltuvuuden vuoksi.<br \/>\n<\/p><br \/>\n<br \/>\n<p><b>4.Can kuvakehyksen profiilia voidaan mukauttaa? <\/b><\/p>\n<p> Kyll\u00e4, OEM-palvelut mahdollistavat koon, v\u00e4rin, muodon ja koristeellisten reunojen mukauttamisen erilaisiin taiteellisiin ja sisustuksellisiin tarpeisiin.<br \/>\n<\/p><br \/>\n<br \/>\n<p><b>5.Mit\u00e4 pintak\u00e4sittelyj\u00e4 on saatavilla? <\/b><\/p>\n<p> Suosittuja pintak\u00e4sittelyj\u00e4 ovat anodisoitu (hopea, musta, samppanja), harjattu, matta, kiilt\u00e4v\u00e4 ja pulverimaalattu eri v\u00e4reiss\u00e4.<br \/>\n<\/p><br \/>\n<br \/>\n<p><b>6.Miss\u00e4 alumiinisia kuvakehysprofiileja tyypillisesti k\u00e4ytet\u00e4\u00e4n? <\/b><\/p>\n<p> N\u00e4it\u00e4 profiileja k\u00e4ytet\u00e4\u00e4n taidegallerioissa, kodin sisustuksessa, kaupallisissa n\u00e4yt\u00f6iss\u00e4, peilien kehystyksess\u00e4 ja sis\u00e4tilojen arkkitehtonisissa korostuksissa.<br \/>\n<\/p><br \/>\n<br \/>\n<p><b>7.Ovatko alumiiniset runkoprofiilit helppoja koota? <\/b><\/p>\n<p> Kyll\u00e4, ne on suunniteltu nopeaan kokoonpanoon kulmakiinnikkeill\u00e4 tai -kiinnikkeill\u00e4, ja valinnaisia valmiiksi leikattuja ja porattuja vaihtoehtoja on saatavana.<br \/>\n<\/p><br \/>\n<br \/>\n<p><b>8.Mist\u00e4 voin hankkia alumiinisia kuvakehysprofiileja Kiinasta? <\/b><\/p>\n<p> Lukuisat kiinalaiset valmistajat ovat erikoistuneet OEM-alumiinirunkopuristuksiin ja tarjoavat kilpailukykyisi\u00e4 tehdashintoja ja maailmanlaajuisia vientipalveluja.<br \/>\n<\/p><br \/><\/p>","protected":false},"featured_media":6865,"template":"","categories":[67],"class_list":["post-6866","product","type-product","status-publish","has-post-thumbnail","hentry","category-architectural-aluminium-profile"],"meta_box":{"hilight_text_group":{"product_hilight_text":"<li>Aluminium frame extrusion profiles specifically designed for picture frames and interior decoration<\/li>\r\r\n<li>Crafted from 6063-T5 alloy for superior surface finish, corrosion resistance, and lightweight strength<\/li>\r\r\n<li>Available in a variety of anodized, brushed, and powder-coated finishes to match interior design styles<\/li>\r\r\n<li>OEM customization for frame thickness, corner shapes, decorative edges, and mounting compatibility<\/li>\r\r\n<li>Supplied by leading Chinese manufacturers offering bulk pricing, consistent quality, and fast delivery<\/li>","product_chanpin_blog":"<ul>\r\r\n<li><a href=\"https:\/\/sinoextrud.com\/t-slot-v-slot-differences\/\" target=\"_blank\">t slot vs v slot<\/a><\/li>\r\r\n<li><a href=\"https:\/\/sinoextrud.com\/what-is-4040-aluminium-extrud\/\" target=\"_blank\">4040 aluminium extrusion<\/a><\/li>\r\r\n<li><a href=\"https:\/\/sinoextrud.com\/what-is-4040-aluminium-extrud\/\" target=\"_blank\">aluminum extrusions for industrial racks<\/a><\/li>\r\r\n<li><a href=\"https:\/\/sinoextrud.com\/powder-coating-aluminium-process\/\" target=\"_blank\">powder coating aluminium<\/a><\/li>\r\r\n<li><a href=\"https:\/\/sinoextrud.com\/what-is-an-aluminium-strip-ceiling\/\" target=\"_blank\">aluminium strip ceiling<\/a><\/li>\r\r\n<li><a href=\"https:\/\/sinoextrud.com\/what-is-a-heat-sink\/\" target=\"_blank\">what is a heat sink<\/a><\/li>\r\r\n<\/ul>","product_chanpin_chanpin":"<li><a href=\"https:\/\/sinoextrud.com\/product\/industrial-customized-6063-t5-alloy-aluminium-extrusion-profile\/\" target=\"_blank\">Industrial Customized 6063-T5 Alloy Aluminium Extrusion Profile<\/a><\/li>\r\n<li><a href=\"https:\/\/sinoextrud.com\/product\/aluminium-round-tube-extrusion-profile-with-anodized-powder-coating-surface-treatment-oem-customized-extruded-aluminium-tube-profile\/\" target=\"_blank\">Aluminium Round Tube Extrusion Profile With Anodized Powder Coating Surface Treatment OEM Customized  Extruded Aluminium Tube Profile<\/a><\/li>\r\n<li><a href=\"https:\/\/sinoextrud.com\/product\/anodized-aluminium-industrial-profile-aluminum-extrusion\/\" target=\"_blank\">Anodized Aluminium Industrial Profile & Aluminum Extrusion<\/a><\/li>\r\n<li><a href=\"https:\/\/sinoextrud.com\/product\/anodized-aluminium-industrial-profile-aluminum-extrusion-2\/\" target=\"_blank\">Anodized Aluminium Industrial Profile  Aluminum Extrusion<\/a><\/li>\r\n<li><a href=\"https:\/\/sinoextrud.com\/product\/aluminium-frame-extrusion-profile-picture-frame-profile-for-interior-decoration-supplied-by-china-manufacturer\/\" target=\"_blank\">Aluminium Frame Extrusion Profile Picture Frame Profile for Interior Decoration Supplied By China Manufacturer<\/a><\/li>\r\n<li><a href=\"https:\/\/sinoextrud.com\/product\/aluminum-window-frame-extrusions\/\" target=\"_blank\">Aluminum Window Frame Extrusions<\/a><\/li>\r\n<li><a href=\"https:\/\/sinoextrud.com\/product\/6063-cnc-machining-aluminum-extrusion-hinge\/\" target=\"_blank\">6063 CNC Machining Aluminum Extrusion Hinge<\/a><\/li>\r\n<li><a href=\"https:\/\/sinoextrud.com\/product\/aluminium-track-extrusions\/\" target=\"_blank\">Aluminium Track Extrusions<\/a><\/li>\r\n<li><a href=\"https:\/\/sinoextrud.com\/product\/aluminum-extrusion-aluminium-profile-for-surface-oxidized-pipe\/\" target=\"_blank\">Aluminum Extrusion Aluminium Profile for Surface Oxidized Pipe<\/a><\/li>\r\n<li><a href=\"https:\/\/sinoextrud.com\/product\/industrial-aluminum-profiles\/\" target=\"_blank\">Industrial Aluminum Profiles<\/a><\/li>\r\n<li><a href=\"https:\/\/sinoextrud.com\/product\/extruded-aluminum-heatsink\/\" target=\"_blank\">Extruded Aluminum Heatsink<\/a><\/li>"},"feature_list":[]},"_links":{"self":[{"href":"https:\/\/sinoextrud.com\/fi\/wp-json\/wp\/v2\/product\/6866","targetHints":{"allow":["GET"]}}],"collection":[{"href":"https:\/\/sinoextrud.com\/fi\/wp-json\/wp\/v2\/product"}],"about":[{"href":"https:\/\/sinoextrud.com\/fi\/wp-json\/wp\/v2\/types\/product"}],"wp:featuredmedia":[{"embeddable":true,"href":"https:\/\/sinoextrud.com\/fi\/wp-json\/wp\/v2\/media\/6865"}],"wp:attachment":[{"href":"https:\/\/sinoextrud.com\/fi\/wp-json\/wp\/v2\/media?parent=6866"}],"wp:term":[{"taxonomy":"category","embeddable":true,"href":"https:\/\/sinoextrud.com\/fi\/wp-json\/wp\/v2\/categories?post=6866"}],"curies":[{"name":"wp","href":"https:\/\/api.w.org\/{rel}","templated":true}]}}